{"id":2451,"date":"2023-10-11T09:14:28","date_gmt":"2023-10-11T12:14:28","guid":{"rendered":"https:\/\/www.posgraduacao.unimontes.br\/profletras\/?page_id=2451"},"modified":"2026-05-07T16:10:07","modified_gmt":"2026-05-07T19:10:07","slug":"outros","status":"publish","type":"page","link":"https:\/\/www.posgraduacao.unimontes.br\/profletras\/inicio\/outros\/","title":{"rendered":"Outros"},"content":{"rendered":"<section class=\"kc-elm kc-css-110784 kc_row\"><div class=\"kc-row-container  kc-container\"><div class=\"kc-wrap-columns\"><div class=\"kc-elm kc-css-532442 kc_column kc_col-sm-12\"><div class=\"kc-col-container\"><div class=\"kc-elm kc-css-700325 kc_text_block\"><p><strong>Aula Inaugural &#8211; 2026<\/strong><\/p>\n<p>Confer\u00eancia:<\/p>\n<p><em>Letramento Racial e Mem\u00f3ria Discursiva: das vozes subjacentes \u00e0s vozes reformuladas<\/em><\/p>\n<p>Conferencista: Profa. Dra. Ana M\u00e1rcia Ruas de Aquino<\/p>\n<p>Dia 14 de maio de 2026, \u00e0s 19h no audit\u00f3rio do Pr\u00e9dio 3 &#8211; CCET.<\/p>\n<p><img loading=\"lazy\" class=\"alignnone \" src=\"http:\/\/www.posgraduacao.unimontes.br\/uploads\/sites\/14\/2026\/05\/1.jpg\" alt=\"\" width=\"298\" height=\"421\" \/><\/p>\n<\/div><\/div><\/div><\/div><\/div><\/section>\n","protected":false},"excerpt":{"rendered":"","protected":false},"author":5,"featured_media":0,"parent":19,"menu_order":0,"comment_status":"closed","ping_status":"closed","template":"","meta":[],"yoast_head":"<!-- This site is optimized with the Yoast SEO plugin v14.7 - https:\/\/yoast.com\/wordpress\/plugins\/seo\/ -->\n<title>Outros - Mestrado ProfLetras<\/title>\n<meta name=\"robots\" content=\"index, follow\" \/>\n<meta name=\"googlebot\" content=\"index, follow, max-snippet:-1, max-image-preview:large, max-video-preview:-1\" \/>\n<meta name=\"bingbot\" content=\"index, follow, max-snippet:-1, max-image-preview:large, max-video-preview:-1\" \/>\n<link rel=\"canonical\" href=\"https:\/\/www.posgraduacao.unimontes.br\/profletras\/inicio\/outros\/\" \/>\n<meta property=\"og:locale\" content=\"pt_BR\" \/>\n<meta property=\"og:type\" content=\"article\" \/>\n<meta property=\"og:title\" content=\"Outros - Mestrado ProfLetras\" \/>\n<meta property=\"og:description\" content=\"Aula Inaugural &#8211; 2026 Confer\u00eancia: Letramento Racial e Mem\u00f3ria Discursiva: das vozes subjacentes \u00e0s vozes reformuladas Conferencista: Profa. Dra. Ana M\u00e1rcia Ruas de Aquino Dia 14 de maio de 2026, \u00e0s 19h no audit\u00f3rio do Pr\u00e9dio 3 &#8211; CCET.\" \/>\n<meta property=\"og:url\" content=\"https:\/\/www.posgraduacao.unimontes.br\/profletras\/inicio\/outros\/\" \/>\n<meta property=\"og:site_name\" content=\"Mestrado ProfLetras\" \/>\n<meta property=\"article:modified_time\" content=\"2026-05-07T19:10:07+00:00\" \/>\n<meta property=\"og:image\" content=\"http:\/\/www.posgraduacao.unimontes.br\/uploads\/sites\/14\/2026\/05\/1.jpg\" \/>\n<meta name=\"twitter:card\" content=\"summary_large_image\" \/>\n<script type=\"application\/ld+json\" class=\"yoast-schema-graph\">{\"@context\":\"https:\/\/schema.org\",\"@graph\":[{\"@type\":\"WebSite\",\"@id\":\"https:\/\/www.posgraduacao.unimontes.br\/profletras\/#website\",\"url\":\"https:\/\/www.posgraduacao.unimontes.br\/profletras\/\",\"name\":\"Mestrado ProfLetras\",\"description\":\"\",\"potentialAction\":[{\"@type\":\"SearchAction\",\"target\":\"https:\/\/www.posgraduacao.unimontes.br\/profletras\/?s={search_term_string}\",\"query-input\":\"required name=search_term_string\"}],\"inLanguage\":\"pt-BR\"},{\"@type\":\"ImageObject\",\"@id\":\"https:\/\/www.posgraduacao.unimontes.br\/profletras\/inicio\/outros\/#primaryimage\",\"inLanguage\":\"pt-BR\",\"url\":\"http:\/\/www.posgraduacao.unimontes.br\/uploads\/sites\/14\/2026\/05\/1.jpg\"},{\"@type\":\"WebPage\",\"@id\":\"https:\/\/www.posgraduacao.unimontes.br\/profletras\/inicio\/outros\/#webpage\",\"url\":\"https:\/\/www.posgraduacao.unimontes.br\/profletras\/inicio\/outros\/\",\"name\":\"Outros - Mestrado ProfLetras\",\"isPartOf\":{\"@id\":\"https:\/\/www.posgraduacao.unimontes.br\/profletras\/#website\"},\"primaryImageOfPage\":{\"@id\":\"https:\/\/www.posgraduacao.unimontes.br\/profletras\/inicio\/outros\/#primaryimage\"},\"datePublished\":\"2023-10-11T12:14:28+00:00\",\"dateModified\":\"2026-05-07T19:10:07+00:00\",\"inLanguage\":\"pt-BR\",\"potentialAction\":[{\"@type\":\"ReadAction\",\"target\":[\"https:\/\/www.posgraduacao.unimontes.br\/profletras\/inicio\/outros\/\"]}]}]}<\/script>\n<!-- \/ Yoast SEO plugin. -->","_links":{"self":[{"href":"https:\/\/www.posgraduacao.unimontes.br\/profletras\/wp-json\/wp\/v2\/pages\/2451"}],"collection":[{"href":"https:\/\/www.posgraduacao.unimontes.br\/profletras\/wp-json\/wp\/v2\/pages"}],"about":[{"href":"https:\/\/www.posgraduacao.unimontes.br\/profletras\/wp-json\/wp\/v2\/types\/page"}],"author":[{"embeddable":true,"href":"https:\/\/www.posgraduacao.unimontes.br\/profletras\/wp-json\/wp\/v2\/users\/5"}],"replies":[{"embeddable":true,"href":"https:\/\/www.posgraduacao.unimontes.br\/profletras\/wp-json\/wp\/v2\/comments?post=2451"}],"version-history":[{"count":6,"href":"https:\/\/www.posgraduacao.unimontes.br\/profletras\/wp-json\/wp\/v2\/pages\/2451\/revisions"}],"predecessor-version":[{"id":2920,"href":"https:\/\/www.posgraduacao.unimontes.br\/profletras\/wp-json\/wp\/v2\/pages\/2451\/revisions\/2920"}],"up":[{"embeddable":true,"href":"https:\/\/www.posgraduacao.unimontes.br\/profletras\/wp-json\/wp\/v2\/pages\/19"}],"wp:attachment":[{"href":"https:\/\/www.posgraduacao.unimontes.br\/profletras\/wp-json\/wp\/v2\/media?parent=2451"}],"curies":[{"name":"wp","href":"https:\/\/api.w.org\/{rel}","templated":true}]}}