{"id":65,"date":"2022-10-25T15:09:54","date_gmt":"2022-10-25T18:09:54","guid":{"rendered":"https:\/\/www.posgraduacao.unimontes.br\/proef\/?page_id=65"},"modified":"2026-02-13T09:14:21","modified_gmt":"2026-02-13T12:14:21","slug":"home","status":"publish","type":"page","link":"https:\/\/www.posgraduacao.unimontes.br\/proef\/home\/","title":{"rendered":"In\u00edcio"},"content":{"rendered":"<section class=\"kc-elm kc-css-459676 kc_row\"><div class=\"kc-row-container  kc-container\"><div class=\"kc-wrap-columns\"><div class=\"kc-elm kc-css-174268 kc_col-sm-12 kc_column kc_col-sm-12\"><div class=\"kc-col-container\"><div class=\"kc-elm kc-css-804983 kc_shortcode kc_single_image\">\n\n        <img src=\"https:\/\/www.posgraduacao.unimontes.br\/proef\/wp-content\/uploads\/sites\/25\/2026\/02\/Logo_PROEF-2026.png\" class=\"\" alt=\"\" \/>    <\/div>\n<\/div><\/div><\/div><\/div><\/section><section class=\"kc-elm kc-css-8417 kc_row\"><div class=\"kc-row-container  kc-container\"><div class=\"kc-wrap-columns\"><div class=\"kc-elm kc-css-472110 kc_col-sm-12 kc_column kc_col-sm-12\"><div class=\"kc-col-container\"><div class=\"kc-elm kc-css-107062\" style=\"height: 20px; clear: both; width:100%;\"><\/div><\/div><\/div><\/div><\/div><\/section><section class=\"kc-elm kc-css-326843 kc_row\"><div class=\"kc-row-container  kc-container\"><div class=\"kc-wrap-columns\"><div class=\"kc-elm kc-css-248625 kc_col-sm-5 kc_column kc_col-sm-5\"><div class=\"kc-col-container\"><div class=\"kc-elm kc-css-598982 kc_shortcode kc_single_image\">\n\n        <img src=\"https:\/\/www.posgraduacao.unimontes.br\/proef\/wp-content\/uploads\/sites\/25\/2026\/02\/Logo_PROEF-2026__Vertical.png\" class=\"\" alt=\"\" \/>    <\/div>\n<\/div><\/div><div class=\"kc-elm kc-css-48524 kc_col-sm-7 kc_column kc_col-sm-7\"><div class=\"kc-col-container\"><div class=\"kc-elm kc-css-429920 kc_text_block\"><p><span style=\"padding: 20px;\">O Programa de Mestrado Profissional em Educa\u00e7\u00e3o F\u00edsica em Rede Nacional (ProEF), \u00e9 um curso presencial, no modelo h\u00edbrido com oferta nacional, realizado por uma rede de Institui\u00e7\u00f5es de Ensino Superior associadas no contexto do Programa de Mestrado Profissional para Professores da Educa\u00e7\u00e3o B\u00e1sica (ProEB), da CAPES ( Coordena\u00e7\u00e3o de Aperfei\u00e7oamento de Pessoal de N\u00edvel Superior). A proposta do ProEF, re\u00fane pesquisadores experientes nas especialidades requeridas na \u00e1rea de concentra\u00e7\u00e3o Educa\u00e7\u00e3o F\u00edsica escolar, claramente comprometidos com a forma\u00e7\u00e3o continuada em servi\u00e7o e em exerc\u00edcio de professores de Educa\u00e7\u00e3o F\u00edsica na Educa\u00e7\u00e3o B\u00e1sica.<\/span><\/p>\n<p><strong>Localiza\u00e7\u00e3o: Campus Universit\u00e1rio Professor Darcy Ribeiro \u2013 Avenida Rui Braga, S\/N\u00ba \u2013 Vila Mauric\u00e9ia &#8211; Montes Claros &#8212; CEP 39401-089<\/strong><\/p>\n<p><strong>Telefone: (38) 3229- 8291<\/strong><\/p>\n<p><strong>E-mail: proef@unimontes.br<\/strong><\/p>\n<\/div><\/div><\/div><\/div><\/div><\/section>\n","protected":false},"excerpt":{"rendered":"","protected":false},"author":5,"featured_media":0,"parent":0,"menu_order":0,"comment_status":"closed","ping_status":"closed","template":"","meta":[],"yoast_head":"<!-- This site is optimized with the Yoast SEO plugin v14.7 - https:\/\/yoast.com\/wordpress\/plugins\/seo\/ -->\n<title>In\u00edcio - Mestrado Profissional em Educa\u00e7\u00e3o F\u00edsica em Rede Nacional<\/title>\n<meta name=\"robots\" content=\"index, follow\" \/>\n<meta name=\"googlebot\" content=\"index, follow, max-snippet:-1, max-image-preview:large, max-video-preview:-1\" \/>\n<meta name=\"bingbot\" content=\"index, follow, max-snippet:-1, max-image-preview:large, max-video-preview:-1\" \/>\n<link rel=\"canonical\" href=\"https:\/\/www.posgraduacao.unimontes.br\/proef\/home\/\" \/>\n<meta property=\"og:locale\" content=\"pt_BR\" \/>\n<meta property=\"og:type\" content=\"article\" \/>\n<meta property=\"og:title\" content=\"In\u00edcio - Mestrado Profissional em Educa\u00e7\u00e3o F\u00edsica em Rede Nacional\" \/>\n<meta property=\"og:description\" content=\"O Programa de Mestrado Profissional em Educa\u00e7\u00e3o F\u00edsica em Rede Nacional (ProEF), \u00e9 um curso presencial, no modelo h\u00edbrido com oferta nacional, realizado por uma rede de Institui\u00e7\u00f5es de Ensino Superior associadas no contexto do Programa de Mestrado Profissional para Professores da Educa\u00e7\u00e3o B\u00e1sica (ProEB), da CAPES ( Coordena\u00e7\u00e3o de Aperfei\u00e7oamento de Pessoal de N\u00edvel [&hellip;]\" \/>\n<meta property=\"og:url\" content=\"https:\/\/www.posgraduacao.unimontes.br\/proef\/home\/\" \/>\n<meta property=\"og:site_name\" content=\"Mestrado Profissional em Educa\u00e7\u00e3o F\u00edsica em Rede Nacional\" \/>\n<meta property=\"article:modified_time\" content=\"2026-02-13T12:14:21+00:00\" \/>\n<meta property=\"og:image\" content=\"http:\/\/www.posgraduacao.unimontes.br\/proef\/wp-content\/uploads\/sites\/25\/2026\/02\/Logo_PROEF-2026.png\" \/>\n<meta name=\"twitter:card\" content=\"summary_large_image\" \/>\n<script type=\"application\/ld+json\" class=\"yoast-schema-graph\">{\"@context\":\"https:\/\/schema.org\",\"@graph\":[{\"@type\":\"WebSite\",\"@id\":\"https:\/\/www.posgraduacao.unimontes.br\/proef\/#website\",\"url\":\"https:\/\/www.posgraduacao.unimontes.br\/proef\/\",\"name\":\"Mestrado Profissional em Educa\\u00e7\\u00e3o F\\u00edsica em Rede Nacional\",\"description\":\"\",\"potentialAction\":[{\"@type\":\"SearchAction\",\"target\":\"https:\/\/www.posgraduacao.unimontes.br\/proef\/?s={search_term_string}\",\"query-input\":\"required name=search_term_string\"}],\"inLanguage\":\"pt-BR\"},{\"@type\":\"ImageObject\",\"@id\":\"https:\/\/www.posgraduacao.unimontes.br\/proef\/home\/#primaryimage\",\"inLanguage\":\"pt-BR\",\"url\":\"http:\/\/www.posgraduacao.unimontes.br\/proef\/wp-content\/uploads\/sites\/25\/2026\/02\/Logo_PROEF-2026.png\"},{\"@type\":\"WebPage\",\"@id\":\"https:\/\/www.posgraduacao.unimontes.br\/proef\/home\/#webpage\",\"url\":\"https:\/\/www.posgraduacao.unimontes.br\/proef\/home\/\",\"name\":\"In\\u00edcio - Mestrado Profissional em Educa\\u00e7\\u00e3o F\\u00edsica em Rede Nacional\",\"isPartOf\":{\"@id\":\"https:\/\/www.posgraduacao.unimontes.br\/proef\/#website\"},\"primaryImageOfPage\":{\"@id\":\"https:\/\/www.posgraduacao.unimontes.br\/proef\/home\/#primaryimage\"},\"datePublished\":\"2022-10-25T18:09:54+00:00\",\"dateModified\":\"2026-02-13T12:14:21+00:00\",\"inLanguage\":\"pt-BR\",\"potentialAction\":[{\"@type\":\"ReadAction\",\"target\":[\"https:\/\/www.posgraduacao.unimontes.br\/proef\/home\/\"]}]}]}<\/script>\n<!-- \/ Yoast SEO plugin. -->","_links":{"self":[{"href":"https:\/\/www.posgraduacao.unimontes.br\/proef\/wp-json\/wp\/v2\/pages\/65"}],"collection":[{"href":"https:\/\/www.posgraduacao.unimontes.br\/proef\/wp-json\/wp\/v2\/pages"}],"about":[{"href":"https:\/\/www.posgraduacao.unimontes.br\/proef\/wp-json\/wp\/v2\/types\/page"}],"author":[{"embeddable":true,"href":"https:\/\/www.posgraduacao.unimontes.br\/proef\/wp-json\/wp\/v2\/users\/5"}],"replies":[{"embeddable":true,"href":"https:\/\/www.posgraduacao.unimontes.br\/proef\/wp-json\/wp\/v2\/comments?post=65"}],"version-history":[{"count":69,"href":"https:\/\/www.posgraduacao.unimontes.br\/proef\/wp-json\/wp\/v2\/pages\/65\/revisions"}],"predecessor-version":[{"id":790,"href":"https:\/\/www.posgraduacao.unimontes.br\/proef\/wp-json\/wp\/v2\/pages\/65\/revisions\/790"}],"wp:attachment":[{"href":"https:\/\/www.posgraduacao.unimontes.br\/proef\/wp-json\/wp\/v2\/media?parent=65"}],"curies":[{"name":"wp","href":"https:\/\/api.w.org\/{rel}","templated":true}]}}