{"id":584,"date":"2025-04-02T11:51:22","date_gmt":"2025-04-02T14:51:22","guid":{"rendered":"https:\/\/www.posgraduacao.unimontes.br\/proef\/?page_id=584"},"modified":"2026-01-16T10:38:11","modified_gmt":"2026-01-16T13:38:11","slug":"recursos-educacionais","status":"publish","type":"page","link":"https:\/\/www.posgraduacao.unimontes.br\/proef\/produtos\/recursos-educacionais\/","title":{"rendered":"Recursos Educacionais"},"content":{"rendered":"<section class=\"kc-elm kc-css-894446 kc_row\"><div class=\"kc-row-container  kc-container\"><div class=\"kc-wrap-columns\"><div class=\"kc-elm kc-css-601072 kc_col-sm-12 kc_column kc_col-sm-12\"><div class=\"kc-col-container\"><div class=\"kc-elm kc-css-78597 kc_text_block\"><div class=\"wp-block-file\"><img class=\"alignnone size-medium\" src=\"http:\/\/www.posgraduacao.unimontes.br\/proef\/wp-content\/uploads\/sites\/25\/2026\/01\/Produto-educacional-Cris-ProEF-.pdf.pdf\" alt=\"\" \/><a href=\"https:\/\/www.posgraduacao.unimontes.br\/proef\/wp-content\/uploads\/sites\/25\/2025\/05\/J\u00e9ssica-Ebook-Maculel\u00ea-na-Educa\u00e7\u00e3o-Fisica-Turma-4_1.pdf\" target=\"_blank\" rel=\"noopener noreferrer\">J\u00e9ssica Adryane Santos Santana-Ebook Maculel\u00ea na Educa\u00e7\u00e3o Fisica-Turma-4_1<\/a><a class=\"wp-block-file__button\" href=\"https:\/\/www.posgraduacao.unimontes.br\/proef\/wp-content\/uploads\/sites\/25\/2025\/05\/J\u00e9ssica-Ebook-Maculel\u00ea-na-Educa\u00e7\u00e3o-Fisica-Turma-4_1.pdf\">Baixar<\/a><\/div>\n<p><!-- \/wp:file --><\/p>\n<p><!-- wp:file {\"id\":702,\"href\":\"https:\/\/www.posgraduacao.unimontes.br\/proef\/wp-content\/uploads\/sites\/25\/2025\/09\/Dejanny-Martins-Capoeira-na-educau00e7u00e3o-fu00edsica-Turma-4-1.pdf\"} --><\/p>\n<div class=\"wp-block-file\"><a href=\"https:\/\/www.posgraduacao.unimontes.br\/proef\/wp-content\/uploads\/sites\/25\/2025\/09\/Dejanny-Martins-Capoeira-na-educa\u00e7\u00e3o-f\u00edsica-Turma-4-1.pdf\">Dejanny Martins-Capoeira na educa\u00e7\u00e3o f\u00edsica-Turma-4-1<\/a><a class=\"wp-block-file__button\" href=\"https:\/\/www.posgraduacao.unimontes.br\/proef\/wp-content\/uploads\/sites\/25\/2025\/09\/Dejanny-Martins-Capoeira-na-educa\u00e7\u00e3o-f\u00edsica-Turma-4-1.pdf\">Baixar<\/a><\/div>\n<p><!-- \/wp:file --><\/p>\n<p><!-- wp:file {\"id\":640,\"href\":\"https:\/\/www.posgraduacao.unimontes.br\/proef\/wp-content\/uploads\/sites\/25\/2025\/05\/Gleidiene-Femandes-PodCast-O-SextoCast-em-Au00e7u00e3o-Turma-4-_1.pdf\"} --><\/p>\n<p><img class=\"alignnone size-medium\" src=\"http:\/\/www.posgraduacao.unimontes.br\/proef\/wp-content\/uploads\/sites\/25\/2025\/04\/PodCast-O-SextoCast-em-A\u00e7\u00e3o-1.pdf\" alt=\"\" \/><a href=\"http:\/\/www.posgraduacao.unimontes.br\/proef\/wp-content\/uploads\/sites\/25\/2025\/04\/PodCast-O-SextoCast-em-A\u00e7\u00e3o-1.pdf\" target=\"_blank\" rel=\"noopener noreferrer\">Gleidiene Femandes-PodCast O SextoCast em A\u00e7\u00e3o-Turma-4-_1<\/a><\/p>\n<p><!-- \/wp:file --><\/p>\n<p><!-- wp:file {\"id\":641,\"href\":\"https:\/\/www.posgraduacao.unimontes.br\/proef\/wp-content\/uploads\/sites\/25\/2025\/05\/Gleidiene-Fernandes-Guia-de-produu00e7u00e3o-de-Podcast-na-sala-de-aula-Turma-4_1.pdf\"} --><\/p>\n<div class=\"wp-block-file\"><a href=\"https:\/\/www.posgraduacao.unimontes.br\/proef\/wp-content\/uploads\/sites\/25\/2025\/05\/Gleidiene-Fernandes-Guia-de-produ\u00e7\u00e3o-de-Podcast-na-sala-de-aula-Turma-4_1.pdf\" target=\"_blank\" rel=\"noopener noreferrer\">Gleidiene Fernandes-Guia de produ\u00e7\u00e3o de Podcast na sala de aula-Turma-4_1<\/a><a class=\"wp-block-file__button\" href=\"https:\/\/www.posgraduacao.unimontes.br\/proef\/wp-content\/uploads\/sites\/25\/2025\/05\/Gleidiene-Fernandes-Guia-de-produ\u00e7\u00e3o-de-Podcast-na-sala-de-aula-Turma-4_1.pdf\">Baixar<\/a><\/div>\n<p><!-- \/wp:file --><\/p>\n<p><!-- wp:file {\"id\":642,\"href\":\"https:\/\/www.posgraduacao.unimontes.br\/proef\/wp-content\/uploads\/sites\/25\/2025\/05\/Gleidiene-Fernandes-Cartilha-baleado-em-au00e7u00e3o-Uma-trilha-de-possibilidades-Turma-4-_1.pdf\"} --><\/p>\n<div class=\"wp-block-file\"><a href=\"https:\/\/www.posgraduacao.unimontes.br\/proef\/wp-content\/uploads\/sites\/25\/2025\/05\/Gleidiene-Fernandes-Cartilha-baleado-em-a\u00e7\u00e3o-Uma-trilha-de-possibilidades-Turma-4-_1.pdf\" target=\"_blank\" rel=\"noopener noreferrer\">Gleidiene Fernandes-Cartilha baleado em a\u00e7\u00e3o Uma trilha de possibilidades-Turma-4-_1<\/a><a class=\"wp-block-file__button\" href=\"https:\/\/www.posgraduacao.unimontes.br\/proef\/wp-content\/uploads\/sites\/25\/2025\/05\/Gleidiene-Fernandes-Cartilha-baleado-em-a\u00e7\u00e3o-Uma-trilha-de-possibilidades-Turma-4-_1.pdf\">Baixar<\/a><\/div>\n<p><!-- \/wp:file --><\/p>\n<p><!-- wp:file {\"id\":699,\"href\":\"https:\/\/www.posgraduacao.unimontes.br\/proef\/wp-content\/uploads\/sites\/25\/2025\/08\/Material-Didu00e1tico-Cultura-Quilombola-_20250630_110130_0000-1.pdf\"} --><\/p>\n<div class=\"wp-block-file\"><a href=\"https:\/\/www.posgraduacao.unimontes.br\/proef\/wp-content\/uploads\/sites\/25\/2025\/08\/Material-Did\u00e1tico-Cultura-Quilombola-_20250630_110130_0000-1.pdf\" target=\"_blank\" rel=\"noopener noreferrer\">Andr\u00e9ia de F\u00e1tima &#8211; Desenvolvendo a cultura Quilombola de Gerais velho nas aulas de educa\u00e7\u00e3o f\u00edsica escolar- Turma 4-1<\/a><a class=\"wp-block-file__button\" href=\"https:\/\/www.posgraduacao.unimontes.br\/proef\/wp-content\/uploads\/sites\/25\/2025\/08\/Material-Did\u00e1tico-Cultura-Quilombola-_20250630_110130_0000-1.pdf\">Baixar<\/a><\/div>\n<div class=\"wp-block-file\"><a href=\"https:\/\/www.posgraduacao.unimontes.br\/proef\/wp-content\/uploads\/sites\/25\/2025\/09\/Paulo-Henrique-Manual-Gamifica\u00e7\u00e3o-com-Moodle-Turma-4-1.pdf\" target=\"_blank\" rel=\"noopener noreferrer\">Paulo Henrique-Manual Gamifica\u00e7\u00e3o com Moodle-Turma-4-1<\/a><a class=\"wp-block-file__button\" href=\"https:\/\/www.posgraduacao.unimontes.br\/proef\/wp-content\/uploads\/sites\/25\/2025\/09\/Paulo-Henrique-Manual-Gamifica\u00e7\u00e3o-com-Moodle-Turma-4-1.pdf\">Baixar<\/a><\/div>\n<p><!-- \/wp:file --><\/p>\n<p><!-- wp:file {\"id\":703,\"href\":\"https:\/\/www.posgraduacao.unimontes.br\/proef\/wp-content\/uploads\/sites\/25\/2025\/09\/Paulo-Henrique-Manual-Gamificau00e7u00e3o-com-Moodle-Turma-4-1.pdf\"} --><\/p>\n<div><a href=\"http:\/\/www.posgraduacao.unimontes.br\/proef\/wp-content\/uploads\/sites\/25\/2025\/05\/Paulo-Vitor-Pr%C3%A1ticas-Pedag%C3%B3gicas-do-tema-sa%C3%BAde-no-ensino-m%C3%A9dio-Turma-4_1.pdf\" target=\"_blank\" rel=\"noopener noreferrer\">Paulo Vitor -Pr\u00e1ticas Pedag\u00f3gicas do tema sa\u00fade no ensino m\u00e9dio-Turma-4_1<\/a><\/div>\n<div>\u00a0<\/div>\n<div><a href=\"http:\/\/www.posgraduacao.unimontes.br\/proef\/wp-content\/uploads\/sites\/25\/2026\/01\/Produto-educacional-Cris-ProEF-.pdf.pdf\">Cristina G. S. Silva -GUIA PR\u00c1TICO PARA PROFESSORES NO PLANEJAMENTO DE SUAS AULAS &#8211; Turma 4 1<\/a><\/div>\n<p><!-- \/wp:file --><\/p>\n<\/div><\/div><\/div><\/div><\/div><\/section>","protected":false},"excerpt":{"rendered":"","protected":false},"author":21,"featured_media":0,"parent":551,"menu_order":0,"comment_status":"closed","ping_status":"closed","template":"","meta":[],"yoast_head":"<!-- This site is optimized with the Yoast SEO plugin v14.7 - https:\/\/yoast.com\/wordpress\/plugins\/seo\/ -->\n<title>Recursos Educacionais - Mestrado Profissional em Educa\u00e7\u00e3o F\u00edsica em Rede Nacional<\/title>\n<meta name=\"robots\" content=\"index, follow\" \/>\n<meta name=\"googlebot\" content=\"index, follow, max-snippet:-1, max-image-preview:large, max-video-preview:-1\" \/>\n<meta name=\"bingbot\" content=\"index, follow, max-snippet:-1, max-image-preview:large, max-video-preview:-1\" \/>\n<link rel=\"canonical\" href=\"https:\/\/www.posgraduacao.unimontes.br\/proef\/produtos\/recursos-educacionais\/\" \/>\n<meta property=\"og:locale\" content=\"pt_BR\" \/>\n<meta property=\"og:type\" content=\"article\" \/>\n<meta property=\"og:title\" content=\"Recursos Educacionais - Mestrado Profissional em Educa\u00e7\u00e3o F\u00edsica em Rede Nacional\" \/>\n<meta property=\"og:description\" content=\"J\u00e9ssica Adryane Santos Santana-Ebook Maculel\u00ea na Educa\u00e7\u00e3o Fisica-Turma-4_1Baixar Dejanny Martins-Capoeira na educa\u00e7\u00e3o f\u00edsica-Turma-4-1Baixar Gleidiene Femandes-PodCast O SextoCast em A\u00e7\u00e3o-Turma-4-_1 Gleidiene Fernandes-Guia de produ\u00e7\u00e3o de Podcast na sala de aula-Turma-4_1Baixar Gleidiene Fernandes-Cartilha baleado em a\u00e7\u00e3o Uma trilha de possibilidades-Turma-4-_1Baixar Andr\u00e9ia de F\u00e1tima &#8211; Desenvolvendo a cultura Quilombola de Gerais velho nas aulas de educa\u00e7\u00e3o f\u00edsica escolar- [&hellip;]\" \/>\n<meta property=\"og:url\" content=\"https:\/\/www.posgraduacao.unimontes.br\/proef\/produtos\/recursos-educacionais\/\" \/>\n<meta property=\"og:site_name\" content=\"Mestrado Profissional em Educa\u00e7\u00e3o F\u00edsica em Rede Nacional\" \/>\n<meta property=\"article:modified_time\" content=\"2026-01-16T13:38:11+00:00\" \/>\n<meta property=\"og:image\" content=\"http:\/\/www.posgraduacao.unimontes.br\/proef\/wp-content\/uploads\/sites\/25\/2026\/01\/Produto-educacional-Cris-ProEF-.pdf.pdf\" \/>\n<meta name=\"twitter:card\" content=\"summary_large_image\" \/>\n<script type=\"application\/ld+json\" class=\"yoast-schema-graph\">{\"@context\":\"https:\/\/schema.org\",\"@graph\":[{\"@type\":\"WebSite\",\"@id\":\"https:\/\/www.posgraduacao.unimontes.br\/proef\/#website\",\"url\":\"https:\/\/www.posgraduacao.unimontes.br\/proef\/\",\"name\":\"Mestrado Profissional em Educa\\u00e7\\u00e3o F\\u00edsica em Rede Nacional\",\"description\":\"\",\"potentialAction\":[{\"@type\":\"SearchAction\",\"target\":\"https:\/\/www.posgraduacao.unimontes.br\/proef\/?s={search_term_string}\",\"query-input\":\"required name=search_term_string\"}],\"inLanguage\":\"pt-BR\"},{\"@type\":\"ImageObject\",\"@id\":\"https:\/\/www.posgraduacao.unimontes.br\/proef\/produtos\/recursos-educacionais\/#primaryimage\",\"inLanguage\":\"pt-BR\",\"url\":\"http:\/\/www.posgraduacao.unimontes.br\/proef\/wp-content\/uploads\/sites\/25\/2026\/01\/Produto-educacional-Cris-ProEF-.pdf.pdf\"},{\"@type\":\"WebPage\",\"@id\":\"https:\/\/www.posgraduacao.unimontes.br\/proef\/produtos\/recursos-educacionais\/#webpage\",\"url\":\"https:\/\/www.posgraduacao.unimontes.br\/proef\/produtos\/recursos-educacionais\/\",\"name\":\"Recursos Educacionais - Mestrado Profissional em Educa\\u00e7\\u00e3o F\\u00edsica em Rede Nacional\",\"isPartOf\":{\"@id\":\"https:\/\/www.posgraduacao.unimontes.br\/proef\/#website\"},\"primaryImageOfPage\":{\"@id\":\"https:\/\/www.posgraduacao.unimontes.br\/proef\/produtos\/recursos-educacionais\/#primaryimage\"},\"datePublished\":\"2025-04-02T14:51:22+00:00\",\"dateModified\":\"2026-01-16T13:38:11+00:00\",\"inLanguage\":\"pt-BR\",\"potentialAction\":[{\"@type\":\"ReadAction\",\"target\":[\"https:\/\/www.posgraduacao.unimontes.br\/proef\/produtos\/recursos-educacionais\/\"]}]}]}<\/script>\n<!-- \/ Yoast SEO plugin. -->","_links":{"self":[{"href":"https:\/\/www.posgraduacao.unimontes.br\/proef\/wp-json\/wp\/v2\/pages\/584"}],"collection":[{"href":"https:\/\/www.posgraduacao.unimontes.br\/proef\/wp-json\/wp\/v2\/pages"}],"about":[{"href":"https:\/\/www.posgraduacao.unimontes.br\/proef\/wp-json\/wp\/v2\/types\/page"}],"author":[{"embeddable":true,"href":"https:\/\/www.posgraduacao.unimontes.br\/proef\/wp-json\/wp\/v2\/users\/21"}],"replies":[{"embeddable":true,"href":"https:\/\/www.posgraduacao.unimontes.br\/proef\/wp-json\/wp\/v2\/comments?post=584"}],"version-history":[{"count":16,"href":"https:\/\/www.posgraduacao.unimontes.br\/proef\/wp-json\/wp\/v2\/pages\/584\/revisions"}],"predecessor-version":[{"id":767,"href":"https:\/\/www.posgraduacao.unimontes.br\/proef\/wp-json\/wp\/v2\/pages\/584\/revisions\/767"}],"up":[{"embeddable":true,"href":"https:\/\/www.posgraduacao.unimontes.br\/proef\/wp-json\/wp\/v2\/pages\/551"}],"wp:attachment":[{"href":"https:\/\/www.posgraduacao.unimontes.br\/proef\/wp-json\/wp\/v2\/media?parent=584"}],"curies":[{"name":"wp","href":"https:\/\/api.w.org\/{rel}","templated":true}]}}