{"id":529,"date":"2024-09-25T11:41:58","date_gmt":"2024-09-25T14:41:58","guid":{"rendered":"https:\/\/www.posgraduacao.unimontes.br\/proef\/?page_id=529"},"modified":"2025-12-18T09:40:30","modified_gmt":"2025-12-18T12:40:30","slug":"discentes","status":"publish","type":"page","link":"https:\/\/www.posgraduacao.unimontes.br\/proef\/discentes\/","title":{"rendered":"Discentes"},"content":{"rendered":"<section class=\"kc-elm kc_row\"><div class=\"kc-row-container  kc-container\"><div class=\"kc-wrap-columns\"><div class=\"kc-elm kc_column kc_col-sm-12\"><div class=\"kc-col-container\"><div class=\"kc-elm kc_text_block\"><h3>Turma 1 Unimontes \u2014 Turma 4 ProEF<\/h3>\n<p>ANDR\u00c9IA DE F\u00c1TIMA VIEIRA SILVA<br \/>CRISTINA GON\u00c7ALVES SOUSA E SILVA<br \/>DEJANNY MARTINS DE BRITO<br \/>GLEIDIENE FERNANDES SILVA<br \/>JESSICA ADRYANE SANTOS SANTANA<br \/>PAULO HENRIQUE MENDES VELOSO<br \/>PAULO VITOR ANTUNES FONSECA<\/p>\n<h3>Turma 2 Unimontes \u2014 Turma 5 ProEF<\/h3>\n<p>ALLAN SOARES CARDOSO<br \/>CARLA DE OLIVEIRA RODRIGUES<br \/>CASSIA PATRICIA VIEIRA DA SILVA<br \/>DANILO HENRIQUE LADEIA DE SOUZA<br \/>HELLEN PATR\u00cdCIA BARBOSA DE OLIVEIRA<br \/>JANE MARIA GOMES GUIMAR\u00c3ES<br \/>PATRIC GEDEON CUST\u00d3DIO JORGE<br \/>POLYANA SENRA PINTO<br \/>ROGERIO CARVALHO<br \/>SILENE NASCIMENTO DE AQUINO OLIVEIRA<br \/>V\u00cdTOR IGOR CONCEI\u00c7AO DO NASCIMENTO<\/p>\n<h3>Turma 3 Unimontes \u2014 Turma 6 ProEF<\/h3>\n<div>ADILSON NASSAU JUNIOR<\/div>\n<div>ANA PAULA DORASIO DE SOUZA<\/div>\n<div>ANDRE LUIZ SOARES MOTA<\/div>\n<div>\n<div>FERNANDO SOUZA E SILVA\u00a0<span style=\\\"font-style: inherit\\\">FILHO<\/span><\/div>\n<\/div>\n<div>\n<div>LUCIANA PEREIRA MIRANDA\u00a0<span style=\\\"font-style: inherit\\\">PACCELLI<\/span><\/div>\n<\/div>\n<div>\n<div>MARIANA APARECIDA COSTA\u00a0<span style=\\\"font-style: inherit\\\">DAMASCENO<\/span><\/div>\n<div>\n<div>MATHEUS GUILHERME DA\u00a0<span style=\\\"font-style: inherit\\\">PAIXAO DE PAULA<\/span><\/div>\n<\/div>\n<div>NA\u00d3 CARLOS BARBOSA ROCHA<\/div>\n<div>NATALIA SIEGA DA SILVA<\/div>\n<div>NAYARA FREIRE DA SILVA LOPES<\/div>\n<div>RONNYE LEITE FIGUEIREDO<\/div>\n<div>\n<div>RUAN CARLOS ALVES DA\u00a0<span style=\\\"font-style: inherit\\\">PAIXAO<\/span><\/div>\n<div><span style=\\\"font-style: inherit\\\">\u00a0<\/span><\/div>\n<div>\n<h3>Turma 4 Unimontes \u2014 Turma 7 ProEF<\/h3>\n<\/div>\n<div>\n<p><span style=\\\"font-weight: 400\\\">ANNA JULIA VIANA SANTOS<\/span><\/p>\n<p><span style=\\\"font-weight: 400\\\">CAMILA LOPES\u00a0 QUEIROZ<\/span><\/p>\n<p><span style=\\\"font-weight: 400\\\">DEYSE MARIANA MENDES CARVALHO<\/span><\/p>\n<p><span style=\\\"font-weight: 400\\\">EMERSON GONDIM PEREIRA<\/span><\/p>\n<p><span style=\\\"font-weight: 400\\\">FERNANDA PEREIRA DA SILVA<\/span><\/p>\n<p><span style=\\\"font-weight: 400\\\">JOSIANE PEREIRA DE SOUZA SANTANA<\/span><\/p>\n<p><span style=\\\"font-weight: 400\\\">LUCAS RAFAEL RUAS MOREIRA<\/span><\/p>\n<p><span style=\\\"font-weight: 400\\\">MEL SILVA NOGUEIRA<\/span><\/p>\n<p><span style=\\\"font-weight: 400\\\">MICHELLE ALINE COUTO E SILVA<\/span><\/p>\n<p><span style=\\\"font-weight: 400\\\">RENATA BALSAM\u00c3O AMARANTE<\/span><\/p>\n<p><span style=\\\"font-weight: 400\\\">WANDERSON GABRIEL SOARES DE FREITAS<\/span><\/p>\n<p><span style=\\\"font-weight: 400\\\">PAULO EM\u00cdLIO RIBEIRO PINTO<\/span><\/p>\n<\/div>\n<div>\n<div><span style=\\\"font-size: 10pt;font-family: Roboto, sans-serif;color: #000000;background-color: transparent;font-variant: normal;vertical-align: baseline\\\">\u00a0<\/span><\/div>\n<\/div>\n<div>\u00a0<\/div>\n<\/div>\n<\/div>\n<\/div><\/div><\/div><\/div><\/div><\/section>\n","protected":false},"excerpt":{"rendered":"","protected":false},"author":21,"featured_media":0,"parent":0,"menu_order":0,"comment_status":"closed","ping_status":"closed","template":"","meta":[],"yoast_head":"<!-- This site is optimized with the Yoast SEO plugin v14.7 - https:\/\/yoast.com\/wordpress\/plugins\/seo\/ -->\n<title>Discentes - Mestrado Profissional em Educa\u00e7\u00e3o F\u00edsica em Rede Nacional<\/title>\n<meta name=\"robots\" content=\"index, follow\" \/>\n<meta name=\"googlebot\" content=\"index, follow, max-snippet:-1, max-image-preview:large, max-video-preview:-1\" \/>\n<meta name=\"bingbot\" content=\"index, follow, max-snippet:-1, max-image-preview:large, max-video-preview:-1\" \/>\n<link rel=\"canonical\" href=\"https:\/\/www.posgraduacao.unimontes.br\/proef\/discentes\/\" \/>\n<meta property=\"og:locale\" content=\"pt_BR\" \/>\n<meta property=\"og:type\" content=\"article\" \/>\n<meta property=\"og:title\" content=\"Discentes - Mestrado Profissional em Educa\u00e7\u00e3o F\u00edsica em Rede Nacional\" \/>\n<meta property=\"og:description\" content=\"Turma 1 Unimontes \u2014 Turma 4 ProEF ANDR\u00c9IA DE F\u00c1TIMA VIEIRA SILVACRISTINA GON\u00c7ALVES SOUSA E SILVADEJANNY MARTINS DE BRITOGLEIDIENE FERNANDES SILVAJESSICA ADRYANE SANTOS SANTANAPAULO HENRIQUE MENDES VELOSOPAULO VITOR ANTUNES FONSECA Turma 2 Unimontes \u2014 Turma 5 ProEF ALLAN SOARES CARDOSOCARLA DE OLIVEIRA RODRIGUESCASSIA PATRICIA VIEIRA DA SILVADANILO HENRIQUE LADEIA DE SOUZAHELLEN PATR\u00cdCIA BARBOSA DE OLIVEIRAJANE [&hellip;]\" \/>\n<meta property=\"og:url\" content=\"https:\/\/www.posgraduacao.unimontes.br\/proef\/discentes\/\" \/>\n<meta property=\"og:site_name\" content=\"Mestrado Profissional em Educa\u00e7\u00e3o F\u00edsica em Rede Nacional\" \/>\n<meta property=\"article:modified_time\" content=\"2025-12-18T12:40:30+00:00\" \/>\n<meta name=\"twitter:card\" content=\"summary_large_image\" \/>\n<script type=\"application\/ld+json\" class=\"yoast-schema-graph\">{\"@context\":\"https:\/\/schema.org\",\"@graph\":[{\"@type\":\"WebSite\",\"@id\":\"https:\/\/www.posgraduacao.unimontes.br\/proef\/#website\",\"url\":\"https:\/\/www.posgraduacao.unimontes.br\/proef\/\",\"name\":\"Mestrado Profissional em Educa\\u00e7\\u00e3o F\\u00edsica em Rede Nacional\",\"description\":\"\",\"potentialAction\":[{\"@type\":\"SearchAction\",\"target\":\"https:\/\/www.posgraduacao.unimontes.br\/proef\/?s={search_term_string}\",\"query-input\":\"required name=search_term_string\"}],\"inLanguage\":\"pt-BR\"},{\"@type\":\"WebPage\",\"@id\":\"https:\/\/www.posgraduacao.unimontes.br\/proef\/discentes\/#webpage\",\"url\":\"https:\/\/www.posgraduacao.unimontes.br\/proef\/discentes\/\",\"name\":\"Discentes - Mestrado Profissional em Educa\\u00e7\\u00e3o F\\u00edsica em Rede Nacional\",\"isPartOf\":{\"@id\":\"https:\/\/www.posgraduacao.unimontes.br\/proef\/#website\"},\"datePublished\":\"2024-09-25T14:41:58+00:00\",\"dateModified\":\"2025-12-18T12:40:30+00:00\",\"inLanguage\":\"pt-BR\",\"potentialAction\":[{\"@type\":\"ReadAction\",\"target\":[\"https:\/\/www.posgraduacao.unimontes.br\/proef\/discentes\/\"]}]}]}<\/script>\n<!-- \/ Yoast SEO plugin. -->","_links":{"self":[{"href":"https:\/\/www.posgraduacao.unimontes.br\/proef\/wp-json\/wp\/v2\/pages\/529"}],"collection":[{"href":"https:\/\/www.posgraduacao.unimontes.br\/proef\/wp-json\/wp\/v2\/pages"}],"about":[{"href":"https:\/\/www.posgraduacao.unimontes.br\/proef\/wp-json\/wp\/v2\/types\/page"}],"author":[{"embeddable":true,"href":"https:\/\/www.posgraduacao.unimontes.br\/proef\/wp-json\/wp\/v2\/users\/21"}],"replies":[{"embeddable":true,"href":"https:\/\/www.posgraduacao.unimontes.br\/proef\/wp-json\/wp\/v2\/comments?post=529"}],"version-history":[{"count":5,"href":"https:\/\/www.posgraduacao.unimontes.br\/proef\/wp-json\/wp\/v2\/pages\/529\/revisions"}],"predecessor-version":[{"id":535,"href":"https:\/\/www.posgraduacao.unimontes.br\/proef\/wp-json\/wp\/v2\/pages\/529\/revisions\/535"}],"wp:attachment":[{"href":"https:\/\/www.posgraduacao.unimontes.br\/proef\/wp-json\/wp\/v2\/media?parent=529"}],"curies":[{"name":"wp","href":"https:\/\/api.w.org\/{rel}","templated":true}]}}