{"id":489,"date":"2023-12-15T18:06:35","date_gmt":"2023-12-15T21:06:35","guid":{"rendered":"https:\/\/www.posgraduacao.unimontes.br\/proef\/?page_id=489"},"modified":"2026-02-13T09:06:03","modified_gmt":"2026-02-13T12:06:03","slug":"documentos-proef","status":"publish","type":"page","link":"https:\/\/www.posgraduacao.unimontes.br\/proef\/documentos-proef\/","title":{"rendered":"Modelos de projeto e disserta\u00e7\u00e3o"},"content":{"rendered":"<section class=\"kc-elm kc-css-275212 kc_row\"><div class=\"kc-row-container  kc-container\"><div class=\"kc-wrap-columns\"><div class=\"kc-elm kc-css-12843 kc_col-sm-12 kc_column kc_col-sm-12\"><div class=\"kc-col-container\"><div class=\"kc-elm kc-css-38129 kc_text_block\"><p data-wp-editing=\"1\"><img class=\"alignnone size-medium\" src=\"http:\/\/www.posgraduacao.unimontes.br\/proef\/wp-content\/uploads\/sites\/25\/2025\/11\/Ficha-de-Solicitacao-ProEF-Unimontes.pdf\" alt=\"\" \/><img class=\"alignnone size-medium\" src=\"http:\/\/www.posgraduacao.unimontes.br\/proef\/wp-content\/uploads\/sites\/25\/2025\/11\/Ficha-de-Solicitacao-ProEF-Unimontes.docx\" alt=\"\" \/><a href=\"http:\/\/www.posgraduacao.unimontes.br\/proef\/wp-content\/uploads\/sites\/25\/2025\/11\/Modelo-de-Dissertacao.pdf\" target=\"_blank\" rel=\"noopener\">Modelo de disserta\u00e7\u00e3o PROEF Nacional<\/a><\/p>\n<p data-wp-editing=\"1\"><a href=\"http:\/\/www.posgraduacao.unimontes.br\/proef\/wp-content\/uploads\/sites\/25\/2025\/11\/Produto-Cientifico.pdf\" target=\"_blank\" rel=\"noopener\">IN 10\/2025<img class=\"alignnone size-medium\" src=\"http:\/\/www.posgraduacao.unimontes.br\/proef\/wp-content\/uploads\/sites\/25\/2026\/02\/Modelo-CLASSICO-da-dissertacao-ProEF-Unimontes-2026.docx\" alt=\"\" \/><\/a><\/p>\n<p data-wp-editing=\"1\"><a href=\"http:\/\/www.posgraduacao.unimontes.br\/proef\/wp-content\/uploads\/sites\/25\/2025\/11\/Ficha-de-Solicitacao-ProEF-Unimontes.pdf\" target=\"_blank\" rel=\"noopener\">Ficha de solicita\u00e7\u00e3o de Qualifica\u00e7\u00e3o\/Defesa<\/a><\/p>\n<p data-wp-editing=\"1\"><img class=\"alignnone size-medium\" src=\"http:\/\/www.posgraduacao.unimontes.br\/proef\/wp-content\/uploads\/sites\/25\/2026\/02\/Modelo-do-Projeto-de-Pesquisa-ProEF-Unimontes-2026.docx\" alt=\"\" \/><a href=\"http:\/\/www.posgraduacao.unimontes.br\/proef\/wp-content\/uploads\/sites\/25\/2026\/02\/Modelo-do-Projeto-de-Pesquisa-ProEF-Unimontes-2026.pdf\" target=\"_blank\" rel=\"noopener\">Modelo do Projeto de Pesquisa-ProEF Unimontes<\/a><\/p>\n<p data-wp-editing=\"1\"><a href=\"http:\/\/www.posgraduacao.unimontes.br\/proef\/wp-content\/uploads\/sites\/25\/2026\/02\/Modelo-CLASSICO-da-dissertacao-ProEF-Unimontes-2026.pdf\" target=\"_blank\" rel=\"noopener\">Modelo de disserta\u00e7\u00e3o PROEF Unimontes \u2013 Cl\u00e1ssico<\/a><\/p>\n<p data-wp-editing=\"1\"><img class=\"alignnone size-medium\" src=\"http:\/\/www.posgraduacao.unimontes.br\/proef\/wp-content\/uploads\/sites\/25\/2026\/02\/Modelo-CLASSICO-da-dissertacao-ProEF-Unimontes-2026.docx\" alt=\"\" \/><img class=\"alignnone size-medium\" src=\"http:\/\/www.posgraduacao.unimontes.br\/proef\/wp-content\/uploads\/sites\/25\/2026\/02\/Modelo-PRODUTO-da-dissertacao-ProEF-Unimontes-2026.docx\" alt=\"\" \/><a href=\"http:\/\/www.posgraduacao.unimontes.br\/proef\/wp-content\/uploads\/sites\/25\/2026\/02\/Modelo-PRODUTO-da-dissertacao-ProEF-Unimontes-2026.pdf\" target=\"_blank\" rel=\"noopener\">Modelo de Disserta\u00e7\u00e3o PROEF Unimontes &#8211; Produtos<\/a><\/p>\n<\/div><\/div><\/div><\/div><\/div><\/section>\n","protected":false},"excerpt":{"rendered":"","protected":false},"author":21,"featured_media":0,"parent":0,"menu_order":0,"comment_status":"closed","ping_status":"closed","template":"","meta":[],"yoast_head":"<!-- This site is optimized with the Yoast SEO plugin v14.7 - https:\/\/yoast.com\/wordpress\/plugins\/seo\/ -->\n<title>Modelos de projeto e disserta\u00e7\u00e3o - Mestrado Profissional em Educa\u00e7\u00e3o F\u00edsica em Rede Nacional<\/title>\n<meta name=\"robots\" content=\"index, follow\" \/>\n<meta name=\"googlebot\" content=\"index, follow, max-snippet:-1, max-image-preview:large, max-video-preview:-1\" \/>\n<meta name=\"bingbot\" content=\"index, follow, max-snippet:-1, max-image-preview:large, max-video-preview:-1\" \/>\n<link rel=\"canonical\" href=\"https:\/\/www.posgraduacao.unimontes.br\/proef\/documentos-proef\/\" \/>\n<meta property=\"og:locale\" content=\"pt_BR\" \/>\n<meta property=\"og:type\" content=\"article\" \/>\n<meta property=\"og:title\" content=\"Modelos de projeto e disserta\u00e7\u00e3o - Mestrado Profissional em Educa\u00e7\u00e3o F\u00edsica em Rede Nacional\" \/>\n<meta property=\"og:description\" content=\"Modelo de disserta\u00e7\u00e3o PROEF Nacional IN 10\/2025 Ficha de solicita\u00e7\u00e3o de Qualifica\u00e7\u00e3o\/Defesa Modelo do Projeto de Pesquisa-ProEF Unimontes Modelo de disserta\u00e7\u00e3o PROEF Unimontes \u2013 Cl\u00e1ssico Modelo de Disserta\u00e7\u00e3o PROEF Unimontes &#8211; Produtos\" \/>\n<meta property=\"og:url\" content=\"https:\/\/www.posgraduacao.unimontes.br\/proef\/documentos-proef\/\" \/>\n<meta property=\"og:site_name\" content=\"Mestrado Profissional em Educa\u00e7\u00e3o F\u00edsica em Rede Nacional\" \/>\n<meta property=\"article:modified_time\" content=\"2026-02-13T12:06:03+00:00\" \/>\n<meta property=\"og:image\" content=\"http:\/\/www.posgraduacao.unimontes.br\/proef\/wp-content\/uploads\/sites\/25\/2025\/11\/Ficha-de-Solicitacao-ProEF-Unimontes.pdf\" \/>\n<meta name=\"twitter:card\" content=\"summary_large_image\" \/>\n<script type=\"application\/ld+json\" class=\"yoast-schema-graph\">{\"@context\":\"https:\/\/schema.org\",\"@graph\":[{\"@type\":\"WebSite\",\"@id\":\"https:\/\/www.posgraduacao.unimontes.br\/proef\/#website\",\"url\":\"https:\/\/www.posgraduacao.unimontes.br\/proef\/\",\"name\":\"Mestrado Profissional em Educa\\u00e7\\u00e3o F\\u00edsica em Rede Nacional\",\"description\":\"\",\"potentialAction\":[{\"@type\":\"SearchAction\",\"target\":\"https:\/\/www.posgraduacao.unimontes.br\/proef\/?s={search_term_string}\",\"query-input\":\"required name=search_term_string\"}],\"inLanguage\":\"pt-BR\"},{\"@type\":\"ImageObject\",\"@id\":\"https:\/\/www.posgraduacao.unimontes.br\/proef\/documentos-proef\/#primaryimage\",\"inLanguage\":\"pt-BR\",\"url\":\"http:\/\/www.posgraduacao.unimontes.br\/proef\/wp-content\/uploads\/sites\/25\/2025\/11\/Ficha-de-Solicitacao-ProEF-Unimontes.pdf\"},{\"@type\":\"WebPage\",\"@id\":\"https:\/\/www.posgraduacao.unimontes.br\/proef\/documentos-proef\/#webpage\",\"url\":\"https:\/\/www.posgraduacao.unimontes.br\/proef\/documentos-proef\/\",\"name\":\"Modelos de projeto e disserta\\u00e7\\u00e3o - Mestrado Profissional em Educa\\u00e7\\u00e3o F\\u00edsica em Rede Nacional\",\"isPartOf\":{\"@id\":\"https:\/\/www.posgraduacao.unimontes.br\/proef\/#website\"},\"primaryImageOfPage\":{\"@id\":\"https:\/\/www.posgraduacao.unimontes.br\/proef\/documentos-proef\/#primaryimage\"},\"datePublished\":\"2023-12-15T21:06:35+00:00\",\"dateModified\":\"2026-02-13T12:06:03+00:00\",\"inLanguage\":\"pt-BR\",\"potentialAction\":[{\"@type\":\"ReadAction\",\"target\":[\"https:\/\/www.posgraduacao.unimontes.br\/proef\/documentos-proef\/\"]}]}]}<\/script>\n<!-- \/ Yoast SEO plugin. -->","_links":{"self":[{"href":"https:\/\/www.posgraduacao.unimontes.br\/proef\/wp-json\/wp\/v2\/pages\/489"}],"collection":[{"href":"https:\/\/www.posgraduacao.unimontes.br\/proef\/wp-json\/wp\/v2\/pages"}],"about":[{"href":"https:\/\/www.posgraduacao.unimontes.br\/proef\/wp-json\/wp\/v2\/types\/page"}],"author":[{"embeddable":true,"href":"https:\/\/www.posgraduacao.unimontes.br\/proef\/wp-json\/wp\/v2\/users\/21"}],"replies":[{"embeddable":true,"href":"https:\/\/www.posgraduacao.unimontes.br\/proef\/wp-json\/wp\/v2\/comments?post=489"}],"version-history":[{"count":16,"href":"https:\/\/www.posgraduacao.unimontes.br\/proef\/wp-json\/wp\/v2\/pages\/489\/revisions"}],"predecessor-version":[{"id":785,"href":"https:\/\/www.posgraduacao.unimontes.br\/proef\/wp-json\/wp\/v2\/pages\/489\/revisions\/785"}],"wp:attachment":[{"href":"https:\/\/www.posgraduacao.unimontes.br\/proef\/wp-json\/wp\/v2\/media?parent=489"}],"curies":[{"name":"wp","href":"https:\/\/api.w.org\/{rel}","templated":true}]}}