{"id":466,"date":"2023-10-05T09:05:00","date_gmt":"2023-10-05T12:05:00","guid":{"rendered":"https:\/\/www.posgraduacao.unimontes.br\/proef\/?page_id=466"},"modified":"2025-11-11T17:01:02","modified_gmt":"2025-11-11T20:01:02","slug":"editais-credenciamento-docente","status":"publish","type":"page","link":"https:\/\/www.posgraduacao.unimontes.br\/proef\/edital\/editais-credenciamento-docente\/","title":{"rendered":"Editais &#8211; Credenciamento Docente"},"content":{"rendered":"<section class=\"kc-elm kc-css-513117 kc_row\"><div class=\"kc-row-container  kc-container\"><div class=\"kc-wrap-columns\"><div class=\"kc-elm kc-css-718332 kc_column kc_col-sm-12\"><div class=\"kc-col-container\"><div class=\"kc-elm kc-css-839538 kc_text_block\"><p style=\"text-align: left;\"><img class=\"alignnone size-medium\" src=\"http:\/\/www.posgraduacao.unimontes.br\/proef\/wp-content\/uploads\/sites\/25\/2024\/09\/Resultado.pdf\" alt=\"\" \/><strong>EDITAL 01\/2023<\/strong><\/p>\n<p style=\"text-align: left;\"><strong>CREDENCIAMENTO DE DOCENTE PERMANENTE<\/strong><\/p>\n<p style=\"text-align: left;\">O Colegiado do Programa de P\u00f3s-Gradua\u00e7\u00e3o em Educa\u00e7\u00e3o F\u00edsica \u2013 Mestrado Profissional<br \/>\nem Educa\u00e7\u00e3o F\u00edsica em Rede Nacional (ProEF\/Unimontes), da Universidade Estadual de<br \/>\nMontes Claros (Unimontes), no uso de suas atribui\u00e7\u00f5es regimentais, faz saber que est\u00e3o<br \/>\nabertas as inscri\u00e7\u00f5es para credenciamento de novos docentes permanentes para o<br \/>\nPROEF\/Unimontes, conforme este Edital.<img class=\"alignnone size-medium\" src=\"http:\/\/www.posgraduacao.unimontes.br\/proef\/wp-content\/uploads\/sites\/25\/2023\/10\/EDITAL-PROFESSOR-PROEF-2023.pdf\" alt=\"\" \/><\/p>\n<p style=\"text-align: left;\"><a href=\"http:\/\/www.posgraduacao.unimontes.br\/proef\/wp-content\/uploads\/sites\/25\/2023\/10\/EDITAL-PROFESSOR-PROEF-2023.pdf\">EDITAL PARA CREDENCIAMENTO DOCENTE 01\/2023<\/a><\/p>\n<p><a href=\"http:\/\/www.posgraduacao.unimontes.br\/proef\/wp-content\/uploads\/sites\/25\/2023\/10\/RETIFICA\u00c7\u00c3O-DO-EDITAL-01.pdf\">RETIFICA\u00c7\u00c3O 01 DO EDITAL 01\/2023<\/a><\/p>\n<p><a href=\"http:\/\/www.posgraduacao.unimontes.br\/proef\/wp-content\/uploads\/sites\/25\/2023\/10\/RETIFICA\u00c7\u00c3O-02-DO-EDITAL-01.pdf\">RETIFICA\u00c7\u00c3O 02 DO EDITAL 01\/2023<\/a><\/p>\n<p><a href=\"http:\/\/www.posgraduacao.unimontes.br\/proef\/wp-content\/uploads\/sites\/25\/2023\/10\/Resultado.pdf\">RESULTADO DO EDITAL 01\/2023<\/a><\/p>\n<p><a href=\"http:\/\/www.posgraduacao.unimontes.br\/proef\/wp-content\/uploads\/sites\/25\/2024\/07\/EDITAL-PROFESSOR-PROEF-2024.pdf\">EDITAL PARA CREDENCIAMENTO DOCENTE 01\/2024\u00a0<\/a><\/p>\n<p><a href=\"http:\/\/www.posgraduacao.unimontes.br\/proef\/wp-content\/uploads\/sites\/25\/2024\/09\/Resultado.pdf\">RESULTADO DO EDITAL 01\/2024<\/a><\/p>\n<p><a href=\"http:\/\/www.posgraduacao.unimontes.br\/proef\/wp-content\/uploads\/sites\/25\/2025\/10\/EDITAL_PROFESSOR_PROEF_2025.pdf\">EDITAL 01\/2025 CREDENCIAMENTO DE DOCENTE COLABORADOR<\/a><\/p>\n<p><a href=\"http:\/\/www.posgraduacao.unimontes.br\/proef\/wp-content\/uploads\/sites\/25\/2025\/11\/RESULTADO.pdf\">RESULTADO DO EDITAL 01\/2025<\/a><\/p>\n<\/div><\/div><\/div><\/div><\/div><\/section>\n","protected":false},"excerpt":{"rendered":"","protected":false},"author":21,"featured_media":0,"parent":95,"menu_order":0,"comment_status":"closed","ping_status":"closed","template":"","meta":[],"yoast_head":"<!-- This site is optimized with the Yoast SEO plugin v14.7 - https:\/\/yoast.com\/wordpress\/plugins\/seo\/ -->\n<title>Editais - Credenciamento Docente - Mestrado Profissional em Educa\u00e7\u00e3o F\u00edsica em Rede Nacional<\/title>\n<meta name=\"robots\" content=\"index, follow\" \/>\n<meta name=\"googlebot\" content=\"index, follow, max-snippet:-1, max-image-preview:large, max-video-preview:-1\" \/>\n<meta name=\"bingbot\" content=\"index, follow, max-snippet:-1, max-image-preview:large, max-video-preview:-1\" \/>\n<link rel=\"canonical\" href=\"https:\/\/www.posgraduacao.unimontes.br\/proef\/edital\/editais-credenciamento-docente\/\" \/>\n<meta property=\"og:locale\" content=\"pt_BR\" \/>\n<meta property=\"og:type\" content=\"article\" \/>\n<meta property=\"og:title\" content=\"Editais - Credenciamento Docente - Mestrado Profissional em Educa\u00e7\u00e3o F\u00edsica em Rede Nacional\" \/>\n<meta property=\"og:description\" content=\"EDITAL 01\/2023 CREDENCIAMENTO DE DOCENTE PERMANENTE O Colegiado do Programa de P\u00f3s-Gradua\u00e7\u00e3o em Educa\u00e7\u00e3o F\u00edsica \u2013 Mestrado Profissional em Educa\u00e7\u00e3o F\u00edsica em Rede Nacional (ProEF\/Unimontes), da Universidade Estadual de Montes Claros (Unimontes), no uso de suas atribui\u00e7\u00f5es regimentais, faz saber que est\u00e3o abertas as inscri\u00e7\u00f5es para credenciamento de novos docentes permanentes para o PROEF\/Unimontes, conforme [&hellip;]\" \/>\n<meta property=\"og:url\" content=\"https:\/\/www.posgraduacao.unimontes.br\/proef\/edital\/editais-credenciamento-docente\/\" \/>\n<meta property=\"og:site_name\" content=\"Mestrado Profissional em Educa\u00e7\u00e3o F\u00edsica em Rede Nacional\" \/>\n<meta property=\"article:modified_time\" content=\"2025-11-11T20:01:02+00:00\" \/>\n<meta property=\"og:image\" content=\"http:\/\/www.posgraduacao.unimontes.br\/proef\/wp-content\/uploads\/sites\/25\/2024\/09\/Resultado.pdf\" \/>\n<meta name=\"twitter:card\" content=\"summary_large_image\" \/>\n<script type=\"application\/ld+json\" class=\"yoast-schema-graph\">{\"@context\":\"https:\/\/schema.org\",\"@graph\":[{\"@type\":\"WebSite\",\"@id\":\"https:\/\/www.posgraduacao.unimontes.br\/proef\/#website\",\"url\":\"https:\/\/www.posgraduacao.unimontes.br\/proef\/\",\"name\":\"Mestrado Profissional em Educa\\u00e7\\u00e3o F\\u00edsica em Rede Nacional\",\"description\":\"\",\"potentialAction\":[{\"@type\":\"SearchAction\",\"target\":\"https:\/\/www.posgraduacao.unimontes.br\/proef\/?s={search_term_string}\",\"query-input\":\"required name=search_term_string\"}],\"inLanguage\":\"pt-BR\"},{\"@type\":\"ImageObject\",\"@id\":\"https:\/\/www.posgraduacao.unimontes.br\/proef\/edital\/editais-credenciamento-docente\/#primaryimage\",\"inLanguage\":\"pt-BR\",\"url\":\"http:\/\/www.posgraduacao.unimontes.br\/proef\/wp-content\/uploads\/sites\/25\/2024\/09\/Resultado.pdf\"},{\"@type\":\"WebPage\",\"@id\":\"https:\/\/www.posgraduacao.unimontes.br\/proef\/edital\/editais-credenciamento-docente\/#webpage\",\"url\":\"https:\/\/www.posgraduacao.unimontes.br\/proef\/edital\/editais-credenciamento-docente\/\",\"name\":\"Editais - Credenciamento Docente - Mestrado Profissional em Educa\\u00e7\\u00e3o F\\u00edsica em Rede Nacional\",\"isPartOf\":{\"@id\":\"https:\/\/www.posgraduacao.unimontes.br\/proef\/#website\"},\"primaryImageOfPage\":{\"@id\":\"https:\/\/www.posgraduacao.unimontes.br\/proef\/edital\/editais-credenciamento-docente\/#primaryimage\"},\"datePublished\":\"2023-10-05T12:05:00+00:00\",\"dateModified\":\"2025-11-11T20:01:02+00:00\",\"inLanguage\":\"pt-BR\",\"potentialAction\":[{\"@type\":\"ReadAction\",\"target\":[\"https:\/\/www.posgraduacao.unimontes.br\/proef\/edital\/editais-credenciamento-docente\/\"]}]}]}<\/script>\n<!-- \/ Yoast SEO plugin. -->","_links":{"self":[{"href":"https:\/\/www.posgraduacao.unimontes.br\/proef\/wp-json\/wp\/v2\/pages\/466"}],"collection":[{"href":"https:\/\/www.posgraduacao.unimontes.br\/proef\/wp-json\/wp\/v2\/pages"}],"about":[{"href":"https:\/\/www.posgraduacao.unimontes.br\/proef\/wp-json\/wp\/v2\/types\/page"}],"author":[{"embeddable":true,"href":"https:\/\/www.posgraduacao.unimontes.br\/proef\/wp-json\/wp\/v2\/users\/21"}],"replies":[{"embeddable":true,"href":"https:\/\/www.posgraduacao.unimontes.br\/proef\/wp-json\/wp\/v2\/comments?post=466"}],"version-history":[{"count":10,"href":"https:\/\/www.posgraduacao.unimontes.br\/proef\/wp-json\/wp\/v2\/pages\/466\/revisions"}],"predecessor-version":[{"id":743,"href":"https:\/\/www.posgraduacao.unimontes.br\/proef\/wp-json\/wp\/v2\/pages\/466\/revisions\/743"}],"up":[{"embeddable":true,"href":"https:\/\/www.posgraduacao.unimontes.br\/proef\/wp-json\/wp\/v2\/pages\/95"}],"wp:attachment":[{"href":"https:\/\/www.posgraduacao.unimontes.br\/proef\/wp-json\/wp\/v2\/media?parent=466"}],"curies":[{"name":"wp","href":"https:\/\/api.w.org\/{rel}","templated":true}]}}