{"id":313,"date":"2023-01-12T18:07:16","date_gmt":"2023-01-12T21:07:16","guid":{"rendered":"https:\/\/www.posgraduacao.unimontes.br\/proef\/?page_id=313"},"modified":"2023-01-12T18:07:16","modified_gmt":"2023-01-12T21:07:16","slug":"simpef","status":"publish","type":"page","link":"https:\/\/www.posgraduacao.unimontes.br\/proef\/simpef\/","title":{"rendered":"SIMPEF"},"content":{"rendered":"<section class=\"kc-elm kc_row\"><div class=\"kc-row-container  kc-container\"><div class=\"kc-wrap-columns\"><div class=\"kc-elm kc_column kc_col-sm-12\"><div class=\"kc-col-container\"><div class=\"kc-elm kc_text_block\"><p>O SIMPEF apresenta, como fim, destacar e promover a atividade de pesquisa envolvendo graduandos\/as e p\u00f3s-graduandos\/as em Educa\u00e7\u00e3o F\u00edsica e \u00e1reas afins. De tal modo, a partir da divulga\u00e7\u00e3o de resultados de pesquisas, o objetivo \u00e9 promover um espa\u00e7o de discuss\u00e3o prop\u00edcio ao desenvolvimento das investiga\u00e7\u00f5es, al\u00e9m de conferir visibilidade aos trabalhos, em andamento ou finalizados. Assim, a ideia \u00e9 congregar graduandos\/as, p\u00f3s-graduandos\/as, al\u00e9m de demais interessados\/as.<\/p>\n<p><a href=\\\"https:\/\/www.simpefunimontes.com\/\\\">SIMPEF &#8211; Unimontes<\/a><\/p>\n<\/div><\/div><\/div><\/div><\/div><\/section>\n","protected":false},"excerpt":{"rendered":"","protected":false},"author":5,"featured_media":0,"parent":0,"menu_order":0,"comment_status":"closed","ping_status":"closed","template":"","meta":[],"yoast_head":"<!-- This site is optimized with the Yoast SEO plugin v14.7 - https:\/\/yoast.com\/wordpress\/plugins\/seo\/ -->\n<title>SIMPEF - Mestrado Profissional em Educa\u00e7\u00e3o F\u00edsica em Rede Nacional<\/title>\n<meta name=\"robots\" content=\"index, follow\" \/>\n<meta name=\"googlebot\" content=\"index, follow, max-snippet:-1, max-image-preview:large, max-video-preview:-1\" \/>\n<meta name=\"bingbot\" content=\"index, follow, max-snippet:-1, max-image-preview:large, max-video-preview:-1\" \/>\n<link rel=\"canonical\" href=\"https:\/\/www.posgraduacao.unimontes.br\/proef\/simpef\/\" \/>\n<meta property=\"og:locale\" content=\"pt_BR\" \/>\n<meta property=\"og:type\" content=\"article\" \/>\n<meta property=\"og:title\" content=\"SIMPEF - Mestrado Profissional em Educa\u00e7\u00e3o F\u00edsica em Rede Nacional\" \/>\n<meta property=\"og:description\" content=\"O SIMPEF apresenta, como fim, destacar e promover a atividade de pesquisa envolvendo graduandos\/as e p\u00f3s-graduandos\/as em Educa\u00e7\u00e3o F\u00edsica e \u00e1reas afins. De tal modo, a partir da divulga\u00e7\u00e3o de resultados de pesquisas, o objetivo \u00e9 promover um espa\u00e7o de discuss\u00e3o prop\u00edcio ao desenvolvimento das investiga\u00e7\u00f5es, al\u00e9m de conferir visibilidade aos trabalhos, em andamento ou [&hellip;]\" \/>\n<meta property=\"og:url\" content=\"https:\/\/www.posgraduacao.unimontes.br\/proef\/simpef\/\" \/>\n<meta property=\"og:site_name\" content=\"Mestrado Profissional em Educa\u00e7\u00e3o F\u00edsica em Rede Nacional\" \/>\n<meta name=\"twitter:card\" content=\"summary_large_image\" \/>\n<script type=\"application\/ld+json\" class=\"yoast-schema-graph\">{\"@context\":\"https:\/\/schema.org\",\"@graph\":[{\"@type\":\"WebSite\",\"@id\":\"https:\/\/www.posgraduacao.unimontes.br\/proef\/#website\",\"url\":\"https:\/\/www.posgraduacao.unimontes.br\/proef\/\",\"name\":\"Mestrado Profissional em Educa\\u00e7\\u00e3o F\\u00edsica em Rede Nacional\",\"description\":\"\",\"potentialAction\":[{\"@type\":\"SearchAction\",\"target\":\"https:\/\/www.posgraduacao.unimontes.br\/proef\/?s={search_term_string}\",\"query-input\":\"required name=search_term_string\"}],\"inLanguage\":\"pt-BR\"},{\"@type\":\"WebPage\",\"@id\":\"https:\/\/www.posgraduacao.unimontes.br\/proef\/simpef\/#webpage\",\"url\":\"https:\/\/www.posgraduacao.unimontes.br\/proef\/simpef\/\",\"name\":\"SIMPEF - Mestrado Profissional em Educa\\u00e7\\u00e3o F\\u00edsica em Rede Nacional\",\"isPartOf\":{\"@id\":\"https:\/\/www.posgraduacao.unimontes.br\/proef\/#website\"},\"datePublished\":\"2023-01-12T21:07:16+00:00\",\"dateModified\":\"2023-01-12T21:07:16+00:00\",\"inLanguage\":\"pt-BR\",\"potentialAction\":[{\"@type\":\"ReadAction\",\"target\":[\"https:\/\/www.posgraduacao.unimontes.br\/proef\/simpef\/\"]}]}]}<\/script>\n<!-- \/ Yoast SEO plugin. -->","_links":{"self":[{"href":"https:\/\/www.posgraduacao.unimontes.br\/proef\/wp-json\/wp\/v2\/pages\/313"}],"collection":[{"href":"https:\/\/www.posgraduacao.unimontes.br\/proef\/wp-json\/wp\/v2\/pages"}],"about":[{"href":"https:\/\/www.posgraduacao.unimontes.br\/proef\/wp-json\/wp\/v2\/types\/page"}],"author":[{"embeddable":true,"href":"https:\/\/www.posgraduacao.unimontes.br\/proef\/wp-json\/wp\/v2\/users\/5"}],"replies":[{"embeddable":true,"href":"https:\/\/www.posgraduacao.unimontes.br\/proef\/wp-json\/wp\/v2\/comments?post=313"}],"version-history":[{"count":2,"href":"https:\/\/www.posgraduacao.unimontes.br\/proef\/wp-json\/wp\/v2\/pages\/313\/revisions"}],"predecessor-version":[{"id":454,"href":"https:\/\/www.posgraduacao.unimontes.br\/proef\/wp-json\/wp\/v2\/pages\/313\/revisions\/454"}],"wp:attachment":[{"href":"https:\/\/www.posgraduacao.unimontes.br\/proef\/wp-json\/wp\/v2\/media?parent=313"}],"curies":[{"name":"wp","href":"https:\/\/api.w.org\/{rel}","templated":true}]}}