{"id":310,"date":"2023-01-12T18:06:30","date_gmt":"2023-01-12T21:06:30","guid":{"rendered":"https:\/\/www.posgraduacao.unimontes.br\/proef\/?page_id=310"},"modified":"2023-01-12T18:06:47","modified_gmt":"2023-01-12T21:06:47","slug":"mutitexto-cead","status":"publish","type":"page","link":"https:\/\/www.posgraduacao.unimontes.br\/proef\/mutitexto-cead\/","title":{"rendered":"Mutitexto CEAD"},"content":{"rendered":"<section class=\"kc-elm kc_row\"><div class=\"kc-row-container  kc-container\"><div class=\"kc-wrap-columns\"><div class=\"kc-elm kc_column kc_col-sm-12\"><div class=\"kc-col-container\"><div class=\"kc-elm kc_text_block\"><p>A Revista Multitexto \u00e9 um peri\u00f3dico interdisciplinar de publica\u00e7\u00e3o semestral, publicado em formato eletr\u00f4nico pelo Centro de Educa\u00e7\u00e3o \u00e0 Dist\u00e2ncia &#8211; CEAD\/UNIMONTES. Est\u00e1 aberta a acad\u00eamicos professores e a pesquisadores da \u00e1rea de educa\u00e7\u00e3o a dist\u00e2ncia e demais interessados. Sua finalidade \u00e9 difundir a produ\u00e7\u00e3o acad\u00eamica da \u00e1rea de EaD em institui\u00e7\u00f5es do Brasil. Durante as revis\u00f5es, caso necess\u00e1rio, os autores ser\u00e3o comunicados da necessidade de completar ou esclarecer informa\u00e7\u00f5es textuais ou de refer\u00eancias.<\/p>\n<p><a href=\\\"https:\/\/www.ead.unimontes.br\/multitexto\/index.php\/rmcead\\\">Link da revista<\/a><\/p>\n<\/div><\/div><\/div><\/div><\/div><\/section>\n","protected":false},"excerpt":{"rendered":"","protected":false},"author":5,"featured_media":0,"parent":0,"menu_order":0,"comment_status":"closed","ping_status":"closed","template":"","meta":[],"yoast_head":"<!-- This site is optimized with the Yoast SEO plugin v14.7 - https:\/\/yoast.com\/wordpress\/plugins\/seo\/ -->\n<title>Mutitexto CEAD - Mestrado Profissional em Educa\u00e7\u00e3o F\u00edsica em Rede Nacional<\/title>\n<meta name=\"robots\" content=\"index, follow\" \/>\n<meta name=\"googlebot\" content=\"index, follow, max-snippet:-1, max-image-preview:large, max-video-preview:-1\" \/>\n<meta name=\"bingbot\" content=\"index, follow, max-snippet:-1, max-image-preview:large, max-video-preview:-1\" \/>\n<link rel=\"canonical\" href=\"https:\/\/www.posgraduacao.unimontes.br\/proef\/mutitexto-cead\/\" \/>\n<meta property=\"og:locale\" content=\"pt_BR\" \/>\n<meta property=\"og:type\" content=\"article\" \/>\n<meta property=\"og:title\" content=\"Mutitexto CEAD - Mestrado Profissional em Educa\u00e7\u00e3o F\u00edsica em Rede Nacional\" \/>\n<meta property=\"og:description\" content=\"A Revista Multitexto \u00e9 um peri\u00f3dico interdisciplinar de publica\u00e7\u00e3o semestral, publicado em formato eletr\u00f4nico pelo Centro de Educa\u00e7\u00e3o \u00e0 Dist\u00e2ncia &#8211; CEAD\/UNIMONTES. Est\u00e1 aberta a acad\u00eamicos professores e a pesquisadores da \u00e1rea de educa\u00e7\u00e3o a dist\u00e2ncia e demais interessados. Sua finalidade \u00e9 difundir a produ\u00e7\u00e3o acad\u00eamica da \u00e1rea de EaD em institui\u00e7\u00f5es do Brasil. Durante [&hellip;]\" \/>\n<meta property=\"og:url\" content=\"https:\/\/www.posgraduacao.unimontes.br\/proef\/mutitexto-cead\/\" \/>\n<meta property=\"og:site_name\" content=\"Mestrado Profissional em Educa\u00e7\u00e3o F\u00edsica em Rede Nacional\" \/>\n<meta property=\"article:modified_time\" content=\"2023-01-12T21:06:47+00:00\" \/>\n<meta name=\"twitter:card\" content=\"summary_large_image\" \/>\n<script type=\"application\/ld+json\" class=\"yoast-schema-graph\">{\"@context\":\"https:\/\/schema.org\",\"@graph\":[{\"@type\":\"WebSite\",\"@id\":\"https:\/\/www.posgraduacao.unimontes.br\/proef\/#website\",\"url\":\"https:\/\/www.posgraduacao.unimontes.br\/proef\/\",\"name\":\"Mestrado Profissional em Educa\\u00e7\\u00e3o F\\u00edsica em Rede Nacional\",\"description\":\"\",\"potentialAction\":[{\"@type\":\"SearchAction\",\"target\":\"https:\/\/www.posgraduacao.unimontes.br\/proef\/?s={search_term_string}\",\"query-input\":\"required name=search_term_string\"}],\"inLanguage\":\"pt-BR\"},{\"@type\":\"WebPage\",\"@id\":\"https:\/\/www.posgraduacao.unimontes.br\/proef\/mutitexto-cead\/#webpage\",\"url\":\"https:\/\/www.posgraduacao.unimontes.br\/proef\/mutitexto-cead\/\",\"name\":\"Mutitexto CEAD - Mestrado Profissional em Educa\\u00e7\\u00e3o F\\u00edsica em Rede Nacional\",\"isPartOf\":{\"@id\":\"https:\/\/www.posgraduacao.unimontes.br\/proef\/#website\"},\"datePublished\":\"2023-01-12T21:06:30+00:00\",\"dateModified\":\"2023-01-12T21:06:47+00:00\",\"inLanguage\":\"pt-BR\",\"potentialAction\":[{\"@type\":\"ReadAction\",\"target\":[\"https:\/\/www.posgraduacao.unimontes.br\/proef\/mutitexto-cead\/\"]}]}]}<\/script>\n<!-- \/ Yoast SEO plugin. -->","_links":{"self":[{"href":"https:\/\/www.posgraduacao.unimontes.br\/proef\/wp-json\/wp\/v2\/pages\/310"}],"collection":[{"href":"https:\/\/www.posgraduacao.unimontes.br\/proef\/wp-json\/wp\/v2\/pages"}],"about":[{"href":"https:\/\/www.posgraduacao.unimontes.br\/proef\/wp-json\/wp\/v2\/types\/page"}],"author":[{"embeddable":true,"href":"https:\/\/www.posgraduacao.unimontes.br\/proef\/wp-json\/wp\/v2\/users\/5"}],"replies":[{"embeddable":true,"href":"https:\/\/www.posgraduacao.unimontes.br\/proef\/wp-json\/wp\/v2\/comments?post=310"}],"version-history":[{"count":2,"href":"https:\/\/www.posgraduacao.unimontes.br\/proef\/wp-json\/wp\/v2\/pages\/310\/revisions"}],"predecessor-version":[{"id":452,"href":"https:\/\/www.posgraduacao.unimontes.br\/proef\/wp-json\/wp\/v2\/pages\/310\/revisions\/452"}],"wp:attachment":[{"href":"https:\/\/www.posgraduacao.unimontes.br\/proef\/wp-json\/wp\/v2\/media?parent=310"}],"curies":[{"name":"wp","href":"https:\/\/api.w.org\/{rel}","templated":true}]}}