{"id":307,"date":"2023-01-12T18:05:51","date_gmt":"2023-01-12T21:05:51","guid":{"rendered":"https:\/\/www.posgraduacao.unimontes.br\/proef\/?page_id=307"},"modified":"2023-01-12T18:06:03","modified_gmt":"2023-01-12T21:06:03","slug":"unimontes-cientifica","status":"publish","type":"page","link":"https:\/\/www.posgraduacao.unimontes.br\/proef\/unimontes-cientifica\/","title":{"rendered":"Unimontes Cient\u00edfica"},"content":{"rendered":"<section class=\"kc-elm kc_row\"><div class=\"kc-row-container  kc-container\"><div class=\"kc-wrap-columns\"><div class=\"kc-elm kc_column kc_col-sm-12\"><div class=\"kc-col-container\"><div class=\"kc-elm kc_text_block\"><p>A\u00a0<em>Revista Unimontes Cient\u00edfica<\/em>\u00a0(RUC) \u00e9 uma publica\u00e7\u00e3o peri\u00f3dica, t\u00e9cnico-cient\u00edfica, da Universidade Estadual de Montes Claros (UNIMONTES), que tem por finalidade contribuir para divulga\u00e7\u00e3o, acesso e utiliza\u00e7\u00e3o do conhecimento produzido multidisciplinarmente.\u00a0 A RUC tem como miss\u00e3o ser instrumento no avan\u00e7o do conhecimento t\u00e9cnico-cient\u00edfico gerado no rigor da metodologia da pesquisa e da \u00e9tica, por meio da publica\u00e7\u00e3o de artigos de elevado m\u00e9rito cient\u00edfico. Seu p\u00fablico-alvo s\u00e3o profissionais e estudantes de todas \u00e1reas do conhecimento, principalmente, Ci\u00eancias Biol\u00f3gicas e da Sa\u00fade, Ci\u00eancias Humanas e Sociais. Caracteriza-se como peri\u00f3dico nacional, de circula\u00e7\u00e3o internacional que teve sua primeira edi\u00e7\u00e3o publicada em 2001. Apresenta-se, tamb\u00e9m, pela chamada de dossi\u00eas tem\u00e1ticos, para promover a discuss\u00e3o de temas relevantes para o conhecimento cient\u00edfico.<\/p>\n<p><a href=\\\"https:\/\/www.periodicos.unimontes.br\/index.php\/unicientifica\\\">Link da revista<\/a><\/p>\n<\/div><\/div><\/div><\/div><\/div><\/section>\n","protected":false},"excerpt":{"rendered":"","protected":false},"author":5,"featured_media":0,"parent":0,"menu_order":0,"comment_status":"closed","ping_status":"closed","template":"","meta":[],"yoast_head":"<!-- This site is optimized with the Yoast SEO plugin v14.7 - https:\/\/yoast.com\/wordpress\/plugins\/seo\/ -->\n<title>Unimontes Cient\u00edfica - Mestrado Profissional em Educa\u00e7\u00e3o F\u00edsica em Rede Nacional<\/title>\n<meta name=\"robots\" content=\"index, follow\" \/>\n<meta name=\"googlebot\" content=\"index, follow, max-snippet:-1, max-image-preview:large, max-video-preview:-1\" \/>\n<meta name=\"bingbot\" content=\"index, follow, max-snippet:-1, max-image-preview:large, max-video-preview:-1\" \/>\n<link rel=\"canonical\" href=\"https:\/\/www.posgraduacao.unimontes.br\/proef\/unimontes-cientifica\/\" \/>\n<meta property=\"og:locale\" content=\"pt_BR\" \/>\n<meta property=\"og:type\" content=\"article\" \/>\n<meta property=\"og:title\" content=\"Unimontes Cient\u00edfica - Mestrado Profissional em Educa\u00e7\u00e3o F\u00edsica em Rede Nacional\" \/>\n<meta property=\"og:description\" content=\"A\u00a0Revista Unimontes Cient\u00edfica\u00a0(RUC) \u00e9 uma publica\u00e7\u00e3o peri\u00f3dica, t\u00e9cnico-cient\u00edfica, da Universidade Estadual de Montes Claros (UNIMONTES), que tem por finalidade contribuir para divulga\u00e7\u00e3o, acesso e utiliza\u00e7\u00e3o do conhecimento produzido multidisciplinarmente.\u00a0 A RUC tem como miss\u00e3o ser instrumento no avan\u00e7o do conhecimento t\u00e9cnico-cient\u00edfico gerado no rigor da metodologia da pesquisa e da \u00e9tica, por meio da publica\u00e7\u00e3o [&hellip;]\" \/>\n<meta property=\"og:url\" content=\"https:\/\/www.posgraduacao.unimontes.br\/proef\/unimontes-cientifica\/\" \/>\n<meta property=\"og:site_name\" content=\"Mestrado Profissional em Educa\u00e7\u00e3o F\u00edsica em Rede Nacional\" \/>\n<meta property=\"article:modified_time\" content=\"2023-01-12T21:06:03+00:00\" \/>\n<meta name=\"twitter:card\" content=\"summary_large_image\" \/>\n<script type=\"application\/ld+json\" class=\"yoast-schema-graph\">{\"@context\":\"https:\/\/schema.org\",\"@graph\":[{\"@type\":\"WebSite\",\"@id\":\"https:\/\/www.posgraduacao.unimontes.br\/proef\/#website\",\"url\":\"https:\/\/www.posgraduacao.unimontes.br\/proef\/\",\"name\":\"Mestrado Profissional em Educa\\u00e7\\u00e3o F\\u00edsica em Rede Nacional\",\"description\":\"\",\"potentialAction\":[{\"@type\":\"SearchAction\",\"target\":\"https:\/\/www.posgraduacao.unimontes.br\/proef\/?s={search_term_string}\",\"query-input\":\"required name=search_term_string\"}],\"inLanguage\":\"pt-BR\"},{\"@type\":\"WebPage\",\"@id\":\"https:\/\/www.posgraduacao.unimontes.br\/proef\/unimontes-cientifica\/#webpage\",\"url\":\"https:\/\/www.posgraduacao.unimontes.br\/proef\/unimontes-cientifica\/\",\"name\":\"Unimontes Cient\\u00edfica - Mestrado Profissional em Educa\\u00e7\\u00e3o F\\u00edsica em Rede Nacional\",\"isPartOf\":{\"@id\":\"https:\/\/www.posgraduacao.unimontes.br\/proef\/#website\"},\"datePublished\":\"2023-01-12T21:05:51+00:00\",\"dateModified\":\"2023-01-12T21:06:03+00:00\",\"inLanguage\":\"pt-BR\",\"potentialAction\":[{\"@type\":\"ReadAction\",\"target\":[\"https:\/\/www.posgraduacao.unimontes.br\/proef\/unimontes-cientifica\/\"]}]}]}<\/script>\n<!-- \/ Yoast SEO plugin. -->","_links":{"self":[{"href":"https:\/\/www.posgraduacao.unimontes.br\/proef\/wp-json\/wp\/v2\/pages\/307"}],"collection":[{"href":"https:\/\/www.posgraduacao.unimontes.br\/proef\/wp-json\/wp\/v2\/pages"}],"about":[{"href":"https:\/\/www.posgraduacao.unimontes.br\/proef\/wp-json\/wp\/v2\/types\/page"}],"author":[{"embeddable":true,"href":"https:\/\/www.posgraduacao.unimontes.br\/proef\/wp-json\/wp\/v2\/users\/5"}],"replies":[{"embeddable":true,"href":"https:\/\/www.posgraduacao.unimontes.br\/proef\/wp-json\/wp\/v2\/comments?post=307"}],"version-history":[{"count":1,"href":"https:\/\/www.posgraduacao.unimontes.br\/proef\/wp-json\/wp\/v2\/pages\/307\/revisions"}],"predecessor-version":[{"id":308,"href":"https:\/\/www.posgraduacao.unimontes.br\/proef\/wp-json\/wp\/v2\/pages\/307\/revisions\/308"}],"wp:attachment":[{"href":"https:\/\/www.posgraduacao.unimontes.br\/proef\/wp-json\/wp\/v2\/media?parent=307"}],"curies":[{"name":"wp","href":"https:\/\/api.w.org\/{rel}","templated":true}]}}