{"id":301,"date":"2023-01-12T18:04:20","date_gmt":"2023-01-12T21:04:20","guid":{"rendered":"https:\/\/www.posgraduacao.unimontes.br\/proef\/?page_id=301"},"modified":"2023-10-05T09:19:04","modified_gmt":"2023-10-05T12:19:04","slug":"editais-bolsa","status":"publish","type":"page","link":"https:\/\/www.posgraduacao.unimontes.br\/proef\/editais-bolsa\/","title":{"rendered":"Editais &#8211; Bolsa"},"content":{"rendered":"<section class=\"kc-elm kc_row\"><div class=\"kc-row-container  kc-container\"><div class=\"kc-wrap-columns\"><div class=\"kc-elm kc_column kc_col-sm-12\"><div class=\"kc-col-container\"><div class=\"kc-elm kc_text_block\"><p><strong>Edital 01\/2023 para Concess\u00e3o de Bolsa CAPES junto ao ProEF<br \/><\/strong><br \/>A Coordena\u00e7\u00e3o Nacional do Programa de Mestrado Profissional em Educa\u00e7\u00e3o F\u00edsica em RedeNacional (ProEF), no exerc\u00edcio das suas atribui\u00e7\u00f5es regimentais e da legisla\u00e7\u00e3o vigente, faz saber que se encontram abertas as inscri\u00e7\u00f5es para a sele\u00e7\u00e3o dos estudantes bolsistas, aprovados no processo seletivo para a Turma 4 de 2023\/2025, e ser\u00e1 regida pelas normas a seguir.<\/p>\n<p><a href=\\\"http:\/\/www.posgraduacao.unimontes.br\/proef\/wp-content\/uploads\/sites\/25\/2023\/07\/edital-bolsa-capes-turma.4-2023-2025-FINAL-28fev2023.pdf\\\">Edital 01\/2023 para Concess\u00e3o de Bolsa CAPES junto ao ProEF<\/a><\/p>\n<p><a href=\\\"http:\/\/www.posgraduacao.unimontes.br\/proef\/wp-content\/uploads\/sites\/25\/2024\/03\/edital-bolsa-capes-turma.5-2024-2026-FINALizadoO.pdf\\\">Edital 1\/2024 para Concess\u00e3o de Bolsa CAPES junto ao ProEF<\/a>\u00a0<\/p>\n<\/div><\/div><\/div><\/div><\/div><\/section>\n","protected":false},"excerpt":{"rendered":"","protected":false},"author":5,"featured_media":0,"parent":0,"menu_order":0,"comment_status":"closed","ping_status":"closed","template":"","meta":[],"yoast_head":"<!-- This site is optimized with the Yoast SEO plugin v14.7 - https:\/\/yoast.com\/wordpress\/plugins\/seo\/ -->\n<title>Editais - Bolsa - Mestrado Profissional em Educa\u00e7\u00e3o F\u00edsica em Rede Nacional<\/title>\n<meta name=\"robots\" content=\"index, follow\" \/>\n<meta name=\"googlebot\" content=\"index, follow, max-snippet:-1, max-image-preview:large, max-video-preview:-1\" \/>\n<meta name=\"bingbot\" content=\"index, follow, max-snippet:-1, max-image-preview:large, max-video-preview:-1\" \/>\n<link rel=\"canonical\" href=\"https:\/\/www.posgraduacao.unimontes.br\/proef\/editais-bolsa\/\" \/>\n<meta property=\"og:locale\" content=\"pt_BR\" \/>\n<meta property=\"og:type\" content=\"article\" \/>\n<meta property=\"og:title\" content=\"Editais - Bolsa - Mestrado Profissional em Educa\u00e7\u00e3o F\u00edsica em Rede Nacional\" \/>\n<meta property=\"og:description\" content=\"Edital 01\/2023 para Concess\u00e3o de Bolsa CAPES junto ao ProEFA Coordena\u00e7\u00e3o Nacional do Programa de Mestrado Profissional em Educa\u00e7\u00e3o F\u00edsica em RedeNacional (ProEF), no exerc\u00edcio das suas atribui\u00e7\u00f5es regimentais e da legisla\u00e7\u00e3o vigente, faz saber que se encontram abertas as inscri\u00e7\u00f5es para a sele\u00e7\u00e3o dos estudantes bolsistas, aprovados no processo seletivo para a Turma 4 [&hellip;]\" \/>\n<meta property=\"og:url\" content=\"https:\/\/www.posgraduacao.unimontes.br\/proef\/editais-bolsa\/\" \/>\n<meta property=\"og:site_name\" content=\"Mestrado Profissional em Educa\u00e7\u00e3o F\u00edsica em Rede Nacional\" \/>\n<meta property=\"article:modified_time\" content=\"2023-10-05T12:19:04+00:00\" \/>\n<meta name=\"twitter:card\" content=\"summary_large_image\" \/>\n<script type=\"application\/ld+json\" class=\"yoast-schema-graph\">{\"@context\":\"https:\/\/schema.org\",\"@graph\":[{\"@type\":\"WebSite\",\"@id\":\"https:\/\/www.posgraduacao.unimontes.br\/proef\/#website\",\"url\":\"https:\/\/www.posgraduacao.unimontes.br\/proef\/\",\"name\":\"Mestrado Profissional em Educa\\u00e7\\u00e3o F\\u00edsica em Rede Nacional\",\"description\":\"\",\"potentialAction\":[{\"@type\":\"SearchAction\",\"target\":\"https:\/\/www.posgraduacao.unimontes.br\/proef\/?s={search_term_string}\",\"query-input\":\"required name=search_term_string\"}],\"inLanguage\":\"pt-BR\"},{\"@type\":\"WebPage\",\"@id\":\"https:\/\/www.posgraduacao.unimontes.br\/proef\/editais-bolsa\/#webpage\",\"url\":\"https:\/\/www.posgraduacao.unimontes.br\/proef\/editais-bolsa\/\",\"name\":\"Editais - Bolsa - Mestrado Profissional em Educa\\u00e7\\u00e3o F\\u00edsica em Rede Nacional\",\"isPartOf\":{\"@id\":\"https:\/\/www.posgraduacao.unimontes.br\/proef\/#website\"},\"datePublished\":\"2023-01-12T21:04:20+00:00\",\"dateModified\":\"2023-10-05T12:19:04+00:00\",\"inLanguage\":\"pt-BR\",\"potentialAction\":[{\"@type\":\"ReadAction\",\"target\":[\"https:\/\/www.posgraduacao.unimontes.br\/proef\/editais-bolsa\/\"]}]}]}<\/script>\n<!-- \/ Yoast SEO plugin. -->","_links":{"self":[{"href":"https:\/\/www.posgraduacao.unimontes.br\/proef\/wp-json\/wp\/v2\/pages\/301"}],"collection":[{"href":"https:\/\/www.posgraduacao.unimontes.br\/proef\/wp-json\/wp\/v2\/pages"}],"about":[{"href":"https:\/\/www.posgraduacao.unimontes.br\/proef\/wp-json\/wp\/v2\/types\/page"}],"author":[{"embeddable":true,"href":"https:\/\/www.posgraduacao.unimontes.br\/proef\/wp-json\/wp\/v2\/users\/5"}],"replies":[{"embeddable":true,"href":"https:\/\/www.posgraduacao.unimontes.br\/proef\/wp-json\/wp\/v2\/comments?post=301"}],"version-history":[{"count":3,"href":"https:\/\/www.posgraduacao.unimontes.br\/proef\/wp-json\/wp\/v2\/pages\/301\/revisions"}],"predecessor-version":[{"id":459,"href":"https:\/\/www.posgraduacao.unimontes.br\/proef\/wp-json\/wp\/v2\/pages\/301\/revisions\/459"}],"wp:attachment":[{"href":"https:\/\/www.posgraduacao.unimontes.br\/proef\/wp-json\/wp\/v2\/media?parent=301"}],"curies":[{"name":"wp","href":"https:\/\/api.w.org\/{rel}","templated":true}]}}