{"id":289,"date":"2023-01-12T17:56:04","date_gmt":"2023-01-12T20:56:04","guid":{"rendered":"https:\/\/www.posgraduacao.unimontes.br\/proef\/?page_id=289"},"modified":"2023-07-05T12:49:55","modified_gmt":"2023-07-05T15:49:55","slug":"resolucao-do-cepex","status":"publish","type":"page","link":"https:\/\/www.posgraduacao.unimontes.br\/proef\/resolucao-do-cepex\/","title":{"rendered":"Resolu\u00e7\u00e3o do CEPEX"},"content":{"rendered":"<section class=\"kc-elm kc-css-592747 kc_row\"><div class=\"kc-row-container  kc-container\"><div class=\"kc-wrap-columns\"><div class=\"kc-elm kc-css-572604 kc_col-sm-12 kc_column kc_col-sm-12\"><div class=\"kc-col-container\"><div class=\"kc-elm kc-css-631528\" style=\"height: 20px; clear: both; width:100%;\"><\/div><div class=\"kc-elm kc-css-369957 kc_text_block\"><p>\n<a href=\"http:\/\/www.posgraduacao.unimontes.br\/proef\/wp-content\/uploads\/sites\/25\/2023\/04\/resolucao_cepex096_com-projeto-anexo-1.pdf\" target=\"_blank\" rel=\"noopener\"><span class=\"fontstyle0\">RESOLU\u00c7\u00c3O CEPEx\/UNIMONTES N\u00ba. 096, DE 22 DE agosto DE 2022.<\/span><\/a><\/p>\n<p><a href=\"http:\/\/www.posgraduacao.unimontes.br\/proef\/wp-content\/uploads\/sites\/25\/2023\/07\/resolucao_cepex100.pdf\">RESOLU\u00c7\u00c3O CEPEx\/UNIMONTES N\u00ba. 100, de 21 de junho de 2023<\/a><\/p>\n<p><span class=\"fontstyle2\">Aprova a Proposta de ades\u00e3o da Universidade Estadual de Montes Claros ao Programa de Mestrado Profissional em Educa\u00e7\u00e3o F\u00edsica em Rede Nacional &#8211; ProEF.\u00a0<\/span><\/p>\n<\/div><\/div><\/div><\/div><\/div><\/section>\n","protected":false},"excerpt":{"rendered":"","protected":false},"author":5,"featured_media":0,"parent":0,"menu_order":0,"comment_status":"closed","ping_status":"closed","template":"","meta":[],"yoast_head":"<!-- This site is optimized with the Yoast SEO plugin v14.7 - https:\/\/yoast.com\/wordpress\/plugins\/seo\/ -->\n<title>Resolu\u00e7\u00e3o do CEPEX - Mestrado Profissional em Educa\u00e7\u00e3o F\u00edsica em Rede Nacional<\/title>\n<meta name=\"robots\" content=\"index, follow\" \/>\n<meta name=\"googlebot\" content=\"index, follow, max-snippet:-1, max-image-preview:large, max-video-preview:-1\" \/>\n<meta name=\"bingbot\" content=\"index, follow, max-snippet:-1, max-image-preview:large, max-video-preview:-1\" \/>\n<link rel=\"canonical\" href=\"https:\/\/www.posgraduacao.unimontes.br\/proef\/resolucao-do-cepex\/\" \/>\n<meta property=\"og:locale\" content=\"pt_BR\" \/>\n<meta property=\"og:type\" content=\"article\" \/>\n<meta property=\"og:title\" content=\"Resolu\u00e7\u00e3o do CEPEX - Mestrado Profissional em Educa\u00e7\u00e3o F\u00edsica em Rede Nacional\" \/>\n<meta property=\"og:description\" content=\"RESOLU\u00c7\u00c3O CEPEx\/UNIMONTES N\u00ba. 096, DE 22 DE agosto DE 2022. RESOLU\u00c7\u00c3O CEPEx\/UNIMONTES N\u00ba. 100, de 21 de junho de 2023 Aprova a Proposta de ades\u00e3o da Universidade Estadual de Montes Claros ao Programa de Mestrado Profissional em Educa\u00e7\u00e3o F\u00edsica em Rede Nacional &#8211; ProEF.\u00a0\" \/>\n<meta property=\"og:url\" content=\"https:\/\/www.posgraduacao.unimontes.br\/proef\/resolucao-do-cepex\/\" \/>\n<meta property=\"og:site_name\" content=\"Mestrado Profissional em Educa\u00e7\u00e3o F\u00edsica em Rede Nacional\" \/>\n<meta property=\"article:modified_time\" content=\"2023-07-05T15:49:55+00:00\" \/>\n<meta name=\"twitter:card\" content=\"summary_large_image\" \/>\n<script type=\"application\/ld+json\" class=\"yoast-schema-graph\">{\"@context\":\"https:\/\/schema.org\",\"@graph\":[{\"@type\":\"WebSite\",\"@id\":\"https:\/\/www.posgraduacao.unimontes.br\/proef\/#website\",\"url\":\"https:\/\/www.posgraduacao.unimontes.br\/proef\/\",\"name\":\"Mestrado Profissional em Educa\\u00e7\\u00e3o F\\u00edsica em Rede Nacional\",\"description\":\"\",\"potentialAction\":[{\"@type\":\"SearchAction\",\"target\":\"https:\/\/www.posgraduacao.unimontes.br\/proef\/?s={search_term_string}\",\"query-input\":\"required name=search_term_string\"}],\"inLanguage\":\"pt-BR\"},{\"@type\":\"WebPage\",\"@id\":\"https:\/\/www.posgraduacao.unimontes.br\/proef\/resolucao-do-cepex\/#webpage\",\"url\":\"https:\/\/www.posgraduacao.unimontes.br\/proef\/resolucao-do-cepex\/\",\"name\":\"Resolu\\u00e7\\u00e3o do CEPEX - Mestrado Profissional em Educa\\u00e7\\u00e3o F\\u00edsica em Rede Nacional\",\"isPartOf\":{\"@id\":\"https:\/\/www.posgraduacao.unimontes.br\/proef\/#website\"},\"datePublished\":\"2023-01-12T20:56:04+00:00\",\"dateModified\":\"2023-07-05T15:49:55+00:00\",\"inLanguage\":\"pt-BR\",\"potentialAction\":[{\"@type\":\"ReadAction\",\"target\":[\"https:\/\/www.posgraduacao.unimontes.br\/proef\/resolucao-do-cepex\/\"]}]}]}<\/script>\n<!-- \/ Yoast SEO plugin. -->","_links":{"self":[{"href":"https:\/\/www.posgraduacao.unimontes.br\/proef\/wp-json\/wp\/v2\/pages\/289"}],"collection":[{"href":"https:\/\/www.posgraduacao.unimontes.br\/proef\/wp-json\/wp\/v2\/pages"}],"about":[{"href":"https:\/\/www.posgraduacao.unimontes.br\/proef\/wp-json\/wp\/v2\/types\/page"}],"author":[{"embeddable":true,"href":"https:\/\/www.posgraduacao.unimontes.br\/proef\/wp-json\/wp\/v2\/users\/5"}],"replies":[{"embeddable":true,"href":"https:\/\/www.posgraduacao.unimontes.br\/proef\/wp-json\/wp\/v2\/comments?post=289"}],"version-history":[{"count":5,"href":"https:\/\/www.posgraduacao.unimontes.br\/proef\/wp-json\/wp\/v2\/pages\/289\/revisions"}],"predecessor-version":[{"id":448,"href":"https:\/\/www.posgraduacao.unimontes.br\/proef\/wp-json\/wp\/v2\/pages\/289\/revisions\/448"}],"wp:attachment":[{"href":"https:\/\/www.posgraduacao.unimontes.br\/proef\/wp-json\/wp\/v2\/media?parent=289"}],"curies":[{"name":"wp","href":"https:\/\/api.w.org\/{rel}","templated":true}]}}