{"id":265,"date":"2023-01-09T17:48:05","date_gmt":"2023-01-09T20:48:05","guid":{"rendered":"https:\/\/www.posgraduacao.unimontes.br\/proef\/?page_id=265"},"modified":"2025-12-18T09:32:13","modified_gmt":"2025-12-18T12:32:13","slug":"corpo-docente","status":"publish","type":"page","link":"https:\/\/www.posgraduacao.unimontes.br\/proef\/corpo-docente\/","title":{"rendered":"Corpo docente"},"content":{"rendered":"<section class=\"kc-elm kc-css-117752 kc_row\"><div class=\"kc-row-container  kc-container\"><div class=\"kc-wrap-columns\"><div class=\"kc-elm kc-css-798862 kc_col-sm-6 kc_column kc_col-sm-6\"><div class=\"kc-col-container\"><div class=\"kc-elm kc-css-390552\" style=\"height: 50px; clear: both; width:100%;\"><\/div><div class=\"kc-elm kc-css-612811 kc-feature-boxes kc-fb-layout-4\">\n\n\t<figure class=\"content-image\"><img src=\"https:\/\/www.posgraduacao.unimontes.br\/proef\/wp-content\/uploads\/sites\/25\/2023\/12\/VINICIUS-DIAS-RODRIGUES.png\" alt=\"\"><\/figure><div class=\"box-right\"><div class=\"content-position\">Coordenador e professor permanente do PROEF-UNIMONTES<\/div><div class=\"content-title\">Vinicius Dias Rodrigues<\/div><div class=\"content-desc\">E-mail institucional: vinicius.rodrigues@unimontes.br<\/div><div class=\"content-button\"><a href=\"http:\/\/lattes.cnpq.br\/9485562452316295\" target=\"_self\" title=\"\">Curr\u00edculo lattes<\/a><\/div><\/div>\n<\/div>\n<div class=\"kc-elm kc-css-689690\" style=\"height: 50px; clear: both; width:100%;\"><\/div><div class=\"kc-elm kc-css-707660 kc-feature-boxes kc-fb-layout-4\">\n\n\t<figure class=\"content-image\"><img src=\"https:\/\/www.posgraduacao.unimontes.br\/proef\/wp-content\/uploads\/sites\/25\/2023\/12\/ALEX-SANDER-FREITAS.pdf.png\" alt=\"\"><\/figure><div class=\"box-right\"><div class=\"content-position\">Professor permanente do PROEF-UNIMONTES<\/div><div class=\"content-title\">Alex Sander Freitas<\/div><div class=\"content-desc\">E-mail institucional: alex.freitas@unimontes.br<\/div><div class=\"content-button\"><a href=\"http:\/\/lattes.cnpq.br\/5522125591965285\" target=\"_self\" title=\"\">Curr\u00edculo lattes<\/a><\/div><\/div>\n<\/div>\n<div class=\"kc-elm kc-css-904154\" style=\"height: 50px; clear: both; width:100%;\"><\/div><div class=\"kc-elm kc-css-72784 kc-feature-boxes kc-fb-layout-4\">\n\n\t<figure class=\"content-image\"><img src=\"https:\/\/www.posgraduacao.unimontes.br\/proef\/wp-content\/uploads\/sites\/25\/2023\/01\/servletrecuperafoto.jpg\" alt=\"\"><\/figure><div class=\"box-right\"><div class=\"content-position\">Professor permanente do PROEF-UNIMONTES<\/div><div class=\"content-title\">Rog\u00e9rio Othon Teixeira Alves<\/div><div class=\"content-desc\">E-mail institucional:  rogerio.alves@unimontes.br<\/div><div class=\"content-button\"><a href=\"http:\/\/lattes.cnpq.br\/0933496596179203\" target=\"_self\" title=\"\">Curr\u00edculo lattes<\/a><\/div><\/div>\n<\/div>\n<div class=\"kc-elm kc-css-591421\" style=\"height: 20px; clear: both; width:100%;\"><\/div><div class=\"kc-elm kc-css-679295 kc-feature-boxes kc-fb-layout-4\">\n\n\t<figure class=\"content-image\"><img src=\"https:\/\/www.posgraduacao.unimontes.br\/proef\/wp-content\/uploads\/sites\/25\/2024\/10\/WhatsApp-Image-2024-10-15-at-10.00.08.jpeg\" alt=\"\"><\/figure><div class=\"box-right\"><div class=\"content-position\">PROFESSOR PERMANENTE DO PROEF-UNIMONTES<\/div><div class=\"content-title\">Renato Sobral Monteiro J\u00fanior<\/div><div class=\"content-desc\">E-mail institucional: \nrenato.monteiro@unimontes.br <\/div><div class=\"content-button\"><a href=\"http:\/\/lattes.cnpq.br\/6708716565086201\" target=\"_self\" title=\"\">Curr\u00edculo lattes<\/a><\/div><\/div>\n<\/div>\n<div class=\"kc-elm kc-css-430995\" style=\"height: 20px; clear: both; width:100%;\"><\/div><\/div><\/div><div class=\"kc-elm kc-css-54901 kc_col-sm-6 kc_column kc_col-sm-6\"><div class=\"kc-col-container\"><div class=\"kc-elm kc-css-90964\" style=\"height: 50px; clear: both; width:100%;\"><\/div><div class=\"kc-elm kc-css-226526 kc-feature-boxes kc-fb-layout-4\">\n\n\t<figure class=\"content-image\"><img src=\"https:\/\/www.posgraduacao.unimontes.br\/proef\/wp-content\/uploads\/sites\/25\/2023\/12\/FREDERICO-MANSUR.png\" alt=\"\"><\/figure><div class=\"box-right\"><div class=\"content-position\">Coordenador adjunto e professor permanente do PROEF-UNIMONTES<\/div><div class=\"content-title\">Frederico Sander Mansur Machado<\/div><div class=\"content-desc\">E-mail institucional: frederico.machado@unimontes.br<\/div><div class=\"content-button\"><a href=\"http:\/\/lattes.cnpq.br\/4500350188263043\" target=\"_self\" title=\"\">Curr\u00edculo lattes<\/a><\/div><\/div>\n<\/div>\n<div class=\"kc-elm kc-css-826136\" style=\"height: 50px; clear: both; width:100%;\"><\/div><div class=\"kc-elm kc-css-79982 kc-feature-boxes kc-fb-layout-4\">\n\n\t<figure class=\"content-image\"><img src=\"https:\/\/www.posgraduacao.unimontes.br\/proef\/wp-content\/uploads\/sites\/25\/2023\/12\/CARLOS-ROG\u00c9RIO-LADISLAU.png\" alt=\"\"><\/figure><div class=\"box-right\"><div class=\"content-position\">Professor permanente do PROEF-UNIMONTES<\/div><div class=\"content-title\">Carlos Rog\u00e9rio Ladislau<\/div><div class=\"content-desc\">E-mail institucional: carlos.ladislau@unimontes.br<\/div><div class=\"content-button\"><a href=\"http:\/\/lattes.cnpq.br\/6750239899620208\" target=\"_self\" title=\"\">Curr\u00edculo lattes<\/a><\/div><\/div>\n<\/div>\n<div class=\"kc-elm kc-css-472796\" style=\"height: 50px; clear: both; width:100%;\"><\/div><div class=\"kc-elm kc-css-950870 kc-feature-boxes kc-fb-layout-4\">\n\n\t<figure class=\"content-image\"><img src=\"https:\/\/www.posgraduacao.unimontes.br\/proef\/wp-content\/uploads\/sites\/25\/2023\/12\/FERNANDA-DE-SOUZA-CARDOSO.png\" alt=\"\"><\/figure><div class=\"box-right\"><div class=\"content-position\">Professora permanente do PROEF-UNIMONTES<\/div><div class=\"content-title\">Fernanda de Souza Cardoso<\/div><div class=\"content-desc\">E-mail institucional: fernanda.cardoso@unimontes.br<\/div><div class=\"content-button\"><a href=\"http:\/\/lattes.cnpq.br\/3361055563220647\" target=\"_self\" title=\"\">Curr\u00edculo lattes<\/a><\/div><\/div>\n<\/div>\n<div class=\"kc-elm kc-css-578974\" style=\"height: 50px; clear: both; width:100%;\"><\/div><div class=\"kc-elm kc-css-593507 kc-feature-boxes kc-fb-layout-4\">\n\n\t<figure class=\"content-image\"><img src=\"https:\/\/www.posgraduacao.unimontes.br\/proef\/wp-content\/uploads\/sites\/25\/2025\/12\/WhatsApp-Image-2025-12-17-at-07.57.13.jpeg\" alt=\"\"><\/figure><div class=\"box-right\"><div class=\"content-position\">PROFESSORA COLABORADORA DO PROEF - UNIMONTES<\/div><div class=\"content-title\">Carla Chagas Ramalho<\/div><div class=\"content-desc\">E-mail institucional: carla.ramalho@unimontes.br<\/div><div class=\"content-button\"><a href=\"http:\/\/lattes.cnpq.br\/3637197719291948\" target=\"_blank\" title=\"\">Curr\u00edculo lattes<\/a><\/div><\/div>\n<\/div>\n<div class=\"kc-elm kc-css-593349\" style=\"height: 20px; clear: both; width:100%;\"><\/div><div class=\"kc-elm kc-css-940027 kc-feature-boxes kc-fb-layout-4\">\n\n\t<figure class=\"content-image\"><img src=\"https:\/\/www.posgraduacao.unimontes.br\/proef\/wp-content\/uploads\/sites\/25\/2023\/01\/servletrecuperafoto-1.jpg\" alt=\"\"><\/figure><div class=\"box-right\"><div class=\"content-position\">PROFESSORA COLABORADORA DO PROEF - UNIMONTES<\/div><div class=\"content-title\">ROS\u00c2NGELA RAMOS VELOSO SILVA<\/div><div class=\"content-desc\">E-mail institucional:  rosaveloso9@gmail.com\n<\/div><div class=\"content-button\"><a href=\"http:\/\/lattes.cnpq.br\/7422217198777738\" target=\"_blank\" title=\"\">Curr\u00edculo lattes<\/a><\/div><\/div>\n<\/div>\n<div class=\"kc-elm kc-css-904610\" style=\"height: 20px; clear: both; width:100%;\"><\/div><\/div><\/div><\/div><\/div><\/section>\n","protected":false},"excerpt":{"rendered":"","protected":false},"author":5,"featured_media":0,"parent":0,"menu_order":0,"comment_status":"closed","ping_status":"closed","template":"","meta":[],"yoast_head":"<!-- This site is optimized with the Yoast SEO plugin v14.7 - https:\/\/yoast.com\/wordpress\/plugins\/seo\/ -->\n<title>Corpo docente - Mestrado Profissional em Educa\u00e7\u00e3o F\u00edsica em Rede Nacional<\/title>\n<meta name=\"robots\" content=\"index, follow\" \/>\n<meta name=\"googlebot\" content=\"index, follow, max-snippet:-1, max-image-preview:large, max-video-preview:-1\" \/>\n<meta name=\"bingbot\" content=\"index, follow, max-snippet:-1, max-image-preview:large, max-video-preview:-1\" \/>\n<link rel=\"canonical\" href=\"https:\/\/www.posgraduacao.unimontes.br\/proef\/corpo-docente\/\" \/>\n<meta property=\"og:locale\" content=\"pt_BR\" \/>\n<meta property=\"og:type\" content=\"article\" \/>\n<meta property=\"og:title\" content=\"Corpo docente - Mestrado Profissional em Educa\u00e7\u00e3o F\u00edsica em Rede Nacional\" \/>\n<meta property=\"og:description\" content=\"Coordenador e professor permanente do PROEF-UNIMONTES Vinicius Dias Rodrigues E-mail institucional: vinicius.rodrigues@unimontes.br Curr\u00edculo lattes Professor permanente do PROEF-UNIMONTES Alex Sander Freitas E-mail institucional: alex.freitas@unimontes.br Curr\u00edculo lattes Professor permanente do PROEF-UNIMONTES Rog\u00e9rio Othon Teixeira Alves E-mail institucional: rogerio.alves@unimontes.br Curr\u00edculo lattes PROFESSOR PERMANENTE DO PROEF-UNIMONTES Renato Sobral Monteiro J\u00fanior E-mail institucional: renato.monteiro@unimontes.br Curr\u00edculo lattes Coordenador adjunto e [&hellip;]\" \/>\n<meta property=\"og:url\" content=\"https:\/\/www.posgraduacao.unimontes.br\/proef\/corpo-docente\/\" \/>\n<meta property=\"og:site_name\" content=\"Mestrado Profissional em Educa\u00e7\u00e3o F\u00edsica em Rede Nacional\" \/>\n<meta property=\"article:modified_time\" content=\"2025-12-18T12:32:13+00:00\" \/>\n<meta property=\"og:image\" content=\"http:\/\/www.posgraduacao.unimontes.br\/proef\/wp-content\/uploads\/sites\/25\/2023\/12\/VINICIUS-DIAS-RODRIGUES.png\" \/>\n<meta name=\"twitter:card\" content=\"summary_large_image\" \/>\n<script type=\"application\/ld+json\" class=\"yoast-schema-graph\">{\"@context\":\"https:\/\/schema.org\",\"@graph\":[{\"@type\":\"WebSite\",\"@id\":\"https:\/\/www.posgraduacao.unimontes.br\/proef\/#website\",\"url\":\"https:\/\/www.posgraduacao.unimontes.br\/proef\/\",\"name\":\"Mestrado Profissional em Educa\\u00e7\\u00e3o F\\u00edsica em Rede Nacional\",\"description\":\"\",\"potentialAction\":[{\"@type\":\"SearchAction\",\"target\":\"https:\/\/www.posgraduacao.unimontes.br\/proef\/?s={search_term_string}\",\"query-input\":\"required name=search_term_string\"}],\"inLanguage\":\"pt-BR\"},{\"@type\":\"ImageObject\",\"@id\":\"https:\/\/www.posgraduacao.unimontes.br\/proef\/corpo-docente\/#primaryimage\",\"inLanguage\":\"pt-BR\",\"url\":\"http:\/\/www.posgraduacao.unimontes.br\/proef\/wp-content\/uploads\/sites\/25\/2023\/12\/VINICIUS-DIAS-RODRIGUES.png\"},{\"@type\":\"WebPage\",\"@id\":\"https:\/\/www.posgraduacao.unimontes.br\/proef\/corpo-docente\/#webpage\",\"url\":\"https:\/\/www.posgraduacao.unimontes.br\/proef\/corpo-docente\/\",\"name\":\"Corpo docente - Mestrado Profissional em Educa\\u00e7\\u00e3o F\\u00edsica em Rede Nacional\",\"isPartOf\":{\"@id\":\"https:\/\/www.posgraduacao.unimontes.br\/proef\/#website\"},\"primaryImageOfPage\":{\"@id\":\"https:\/\/www.posgraduacao.unimontes.br\/proef\/corpo-docente\/#primaryimage\"},\"datePublished\":\"2023-01-09T20:48:05+00:00\",\"dateModified\":\"2025-12-18T12:32:13+00:00\",\"inLanguage\":\"pt-BR\",\"potentialAction\":[{\"@type\":\"ReadAction\",\"target\":[\"https:\/\/www.posgraduacao.unimontes.br\/proef\/corpo-docente\/\"]}]}]}<\/script>\n<!-- \/ Yoast SEO plugin. -->","_links":{"self":[{"href":"https:\/\/www.posgraduacao.unimontes.br\/proef\/wp-json\/wp\/v2\/pages\/265"}],"collection":[{"href":"https:\/\/www.posgraduacao.unimontes.br\/proef\/wp-json\/wp\/v2\/pages"}],"about":[{"href":"https:\/\/www.posgraduacao.unimontes.br\/proef\/wp-json\/wp\/v2\/types\/page"}],"author":[{"embeddable":true,"href":"https:\/\/www.posgraduacao.unimontes.br\/proef\/wp-json\/wp\/v2\/users\/5"}],"replies":[{"embeddable":true,"href":"https:\/\/www.posgraduacao.unimontes.br\/proef\/wp-json\/wp\/v2\/comments?post=265"}],"version-history":[{"count":34,"href":"https:\/\/www.posgraduacao.unimontes.br\/proef\/wp-json\/wp\/v2\/pages\/265\/revisions"}],"predecessor-version":[{"id":507,"href":"https:\/\/www.posgraduacao.unimontes.br\/proef\/wp-json\/wp\/v2\/pages\/265\/revisions\/507"}],"wp:attachment":[{"href":"https:\/\/www.posgraduacao.unimontes.br\/proef\/wp-json\/wp\/v2\/media?parent=265"}],"curies":[{"name":"wp","href":"https:\/\/api.w.org\/{rel}","templated":true}]}}