{"id":183,"date":"2023-01-02T14:33:05","date_gmt":"2023-01-02T17:33:05","guid":{"rendered":"https:\/\/www.posgraduacao.unimontes.br\/proef\/?page_id=183"},"modified":"2023-01-02T14:33:07","modified_gmt":"2023-01-02T17:33:07","slug":"normas-e-resolucoes","status":"publish","type":"page","link":"https:\/\/www.posgraduacao.unimontes.br\/proef\/normas-e-resolucoes\/","title":{"rendered":"Normas e resolu\u00e7\u00f5es"},"content":{"rendered":"","protected":false},"excerpt":{"rendered":"","protected":false},"author":5,"featured_media":0,"parent":0,"menu_order":0,"comment_status":"closed","ping_status":"closed","template":"","meta":[],"yoast_head":"<!-- This site is optimized with the Yoast SEO plugin v14.7 - https:\/\/yoast.com\/wordpress\/plugins\/seo\/ -->\n<title>Normas e resolu\u00e7\u00f5es - Mestrado Profissional em Educa\u00e7\u00e3o F\u00edsica em Rede Nacional<\/title>\n<meta name=\"robots\" content=\"index, follow\" \/>\n<meta name=\"googlebot\" content=\"index, follow, max-snippet:-1, max-image-preview:large, max-video-preview:-1\" \/>\n<meta name=\"bingbot\" content=\"index, follow, max-snippet:-1, max-image-preview:large, max-video-preview:-1\" \/>\n<link rel=\"canonical\" href=\"https:\/\/www.posgraduacao.unimontes.br\/proef\/normas-e-resolucoes\/\" \/>\n<meta property=\"og:locale\" content=\"pt_BR\" \/>\n<meta property=\"og:type\" content=\"article\" \/>\n<meta property=\"og:title\" content=\"Normas e resolu\u00e7\u00f5es - Mestrado Profissional em Educa\u00e7\u00e3o F\u00edsica em Rede Nacional\" \/>\n<meta property=\"og:url\" content=\"https:\/\/www.posgraduacao.unimontes.br\/proef\/normas-e-resolucoes\/\" \/>\n<meta property=\"og:site_name\" content=\"Mestrado Profissional em Educa\u00e7\u00e3o F\u00edsica em Rede Nacional\" \/>\n<meta property=\"article:modified_time\" content=\"2023-01-02T17:33:07+00:00\" \/>\n<meta name=\"twitter:card\" content=\"summary_large_image\" \/>\n<script type=\"application\/ld+json\" class=\"yoast-schema-graph\">{\"@context\":\"https:\/\/schema.org\",\"@graph\":[{\"@type\":\"WebSite\",\"@id\":\"https:\/\/www.posgraduacao.unimontes.br\/proef\/#website\",\"url\":\"https:\/\/www.posgraduacao.unimontes.br\/proef\/\",\"name\":\"Mestrado Profissional em Educa\\u00e7\\u00e3o F\\u00edsica em Rede Nacional\",\"description\":\"\",\"potentialAction\":[{\"@type\":\"SearchAction\",\"target\":\"https:\/\/www.posgraduacao.unimontes.br\/proef\/?s={search_term_string}\",\"query-input\":\"required name=search_term_string\"}],\"inLanguage\":\"pt-BR\"},{\"@type\":\"WebPage\",\"@id\":\"https:\/\/www.posgraduacao.unimontes.br\/proef\/normas-e-resolucoes\/#webpage\",\"url\":\"https:\/\/www.posgraduacao.unimontes.br\/proef\/normas-e-resolucoes\/\",\"name\":\"Normas e resolu\\u00e7\\u00f5es - Mestrado Profissional em Educa\\u00e7\\u00e3o F\\u00edsica em Rede Nacional\",\"isPartOf\":{\"@id\":\"https:\/\/www.posgraduacao.unimontes.br\/proef\/#website\"},\"datePublished\":\"2023-01-02T17:33:05+00:00\",\"dateModified\":\"2023-01-02T17:33:07+00:00\",\"inLanguage\":\"pt-BR\",\"potentialAction\":[{\"@type\":\"ReadAction\",\"target\":[\"https:\/\/www.posgraduacao.unimontes.br\/proef\/normas-e-resolucoes\/\"]}]}]}<\/script>\n<!-- \/ Yoast SEO plugin. -->","_links":{"self":[{"href":"https:\/\/www.posgraduacao.unimontes.br\/proef\/wp-json\/wp\/v2\/pages\/183"}],"collection":[{"href":"https:\/\/www.posgraduacao.unimontes.br\/proef\/wp-json\/wp\/v2\/pages"}],"about":[{"href":"https:\/\/www.posgraduacao.unimontes.br\/proef\/wp-json\/wp\/v2\/types\/page"}],"author":[{"embeddable":true,"href":"https:\/\/www.posgraduacao.unimontes.br\/proef\/wp-json\/wp\/v2\/users\/5"}],"replies":[{"embeddable":true,"href":"https:\/\/www.posgraduacao.unimontes.br\/proef\/wp-json\/wp\/v2\/comments?post=183"}],"version-history":[{"count":2,"href":"https:\/\/www.posgraduacao.unimontes.br\/proef\/wp-json\/wp\/v2\/pages\/183\/revisions"}],"predecessor-version":[{"id":446,"href":"https:\/\/www.posgraduacao.unimontes.br\/proef\/wp-json\/wp\/v2\/pages\/183\/revisions\/446"}],"wp:attachment":[{"href":"https:\/\/www.posgraduacao.unimontes.br\/proef\/wp-json\/wp\/v2\/media?parent=183"}],"curies":[{"name":"wp","href":"https:\/\/api.w.org\/{rel}","templated":true}]}}