{"id":5155,"date":"2023-02-13T15:32:18","date_gmt":"2023-02-13T18:32:18","guid":{"rendered":"https:\/\/www.posgraduacao.unimontes.br\/ppgsat\/?page_id=5155"},"modified":"2025-09-03T09:17:47","modified_gmt":"2025-09-03T12:17:47","slug":"documentos-e-formularios","status":"publish","type":"page","link":"https:\/\/www.posgraduacao.unimontes.br\/ppgsat\/documentos-e-formularios\/","title":{"rendered":"Documentos e Formul\u00e1rios"},"content":{"rendered":"<section class=\"kc-elm kc-css-787090 kc_row\"><div class=\"kc-row-container  kc-container\"><div class=\"kc-wrap-columns\"><div class=\"kc-elm kc-css-156590 kc_col-sm-12 kc_column kc_col-sm-12\"><div class=\"kc-col-container\"><div class=\"kc-elm kc-css-520727\" style=\"height: 20px; clear: both; width:100%;\"><\/div><\/div><\/div><\/div><\/div><\/section><section class=\"kc-elm kc-css-905265 kc_row\"><div class=\"kc-row-container  kc-container\"><div class=\"kc-wrap-columns\"><div class=\"kc-elm kc-css-964600 kc_col-sm-12 kc_column kc_col-sm-12\"><div class=\"kc-col-container\"><div class=\"kc-elm kc-css-374319 kc_text_block\"><p style=\"color: #000000; font-family: Arial;\"><strong>Gru (Guia de Recolhimento da Uni\u00e3o)<\/strong><\/p>\n<p style=\"color: #000000; font-family: Arial;\"><a style=\"color: #585856; background: none;\" href=\"https:\/\/www2.ufmg.br\/drca\/drca\/Home\/Documentos\/Taxas-para-Emissao-de-Documentos\/\" target=\"_blank\" rel=\"noopener\">Taxas para emiss\u00e3o de documentos<\/a><\/p>\n<p style=\"color: #000000; font-family: Arial;\"><b><br \/>\nFORMUL\u00c1RIOS<\/b><\/p>\n<p style=\"color: #000000; font-family: Arial;\"><strong>Formul\u00e1rios de anexo dos Editais de Sele\u00e7\u00e3o (Regular e Suplementar):<\/strong><\/p>\n<p style=\"color: #000000; font-family: Arial;\"><a style=\"color: #585856; background: none;\" href=\"https:\/\/www.ufmg.br\/montesclaros\/wp-content\/uploads\/2015\/10\/autodec_pessoa_deficiencia.pdf\">Autodeclara\u00e7\u00e3o de pessoa com defici\u00eancia<\/a><\/p>\n<p style=\"color: #000000; font-family: Arial;\"><a style=\"color: #585856; background: none;\" href=\"https:\/\/www.ufmg.br\/montesclaros\/wp-content\/uploads\/2015\/10\/relat_medico_assist.pdf\">Modelo de relat\u00f3rio de m\u00e9dico assistente<\/a><\/p>\n<p style=\"color: #000000; font-family: Arial;\"><a style=\"color: #585856; background: none;\" href=\"https:\/\/www.ufmg.br\/montesclaros\/wp-content\/uploads\/2015\/10\/form_cond_especiais.pdf\">Solicita\u00e7\u00e3o de condi\u00e7\u00f5es especiais<\/a><\/p>\n<p style=\"color: #000000; font-family: Arial;\"><a style=\"color: #585856; background: none;\" href=\"https:\/\/www.ufmg.br\/montesclaros\/wp-content\/uploads\/2015\/10\/form_drca_autodec_etnico_racial.pdf\">Autodeclara\u00e7\u00e3o \u00e9tnico-racial<\/a><\/p>\n<p style=\"color: #000000; font-family: Arial;\"><a style=\"color: #585856; background: none;\" href=\"https:\/\/www.ufmg.br\/montesclaros\/wp-content\/uploads\/2015\/10\/indigena_1_3_autorrec.pdf\">Declara\u00e7\u00e3o de autorreconhecimento ind\u00edgena<\/a><\/p>\n<p style=\"color: #000000; font-family: Arial;\"><a style=\"color: #585856; background: none;\" href=\"https:\/\/www.ufmg.br\/montesclaros\/wp-content\/uploads\/2015\/10\/indigena_2_3_decl_lider.pdf\">Declara\u00e7\u00e3o de lideran\u00e7as ind\u00edgenas<\/a><\/p>\n<p style=\"color: #000000; font-family: Arial;\"><a style=\"color: #585856; background: none;\" href=\"https:\/\/www.ufmg.br\/montesclaros\/wp-content\/uploads\/2015\/10\/indigena_3_3_decl_resid.pdf\">Declara\u00e7\u00e3o de resid\u00eancia em comunidade ind\u00edgena<\/a><\/p>\n<\/div><\/div><\/div><\/div><\/div><\/section>\n","protected":false},"excerpt":{"rendered":"","protected":false},"author":5,"featured_media":0,"parent":0,"menu_order":0,"comment_status":"closed","ping_status":"closed","template":"","meta":[],"yoast_head":"<!-- This site is optimized with the Yoast SEO plugin v14.7 - https:\/\/yoast.com\/wordpress\/plugins\/seo\/ -->\n<title>Documentos e Formul\u00e1rios - Programa de P\u00f3s Gradua\u00e7\u00e3o em Sociedade, Ambiente e Territ\u00f3rio<\/title>\n<meta name=\"robots\" content=\"index, follow\" \/>\n<meta name=\"googlebot\" content=\"index, follow, max-snippet:-1, max-image-preview:large, max-video-preview:-1\" \/>\n<meta name=\"bingbot\" content=\"index, follow, max-snippet:-1, max-image-preview:large, max-video-preview:-1\" \/>\n<link rel=\"canonical\" href=\"https:\/\/www.posgraduacao.unimontes.br\/ppgsat\/documentos-e-formularios\/\" \/>\n<meta property=\"og:locale\" content=\"pt_BR\" \/>\n<meta property=\"og:type\" content=\"article\" \/>\n<meta property=\"og:title\" content=\"Documentos e Formul\u00e1rios - Programa de P\u00f3s Gradua\u00e7\u00e3o em Sociedade, Ambiente e Territ\u00f3rio\" \/>\n<meta property=\"og:description\" content=\"Gru (Guia de Recolhimento da Uni\u00e3o) Taxas para emiss\u00e3o de documentos FORMUL\u00c1RIOS Formul\u00e1rios de anexo dos Editais de Sele\u00e7\u00e3o (Regular e Suplementar): Autodeclara\u00e7\u00e3o de pessoa com defici\u00eancia Modelo de relat\u00f3rio de m\u00e9dico assistente Solicita\u00e7\u00e3o de condi\u00e7\u00f5es especiais Autodeclara\u00e7\u00e3o \u00e9tnico-racial Declara\u00e7\u00e3o de autorreconhecimento ind\u00edgena Declara\u00e7\u00e3o de lideran\u00e7as ind\u00edgenas Declara\u00e7\u00e3o de resid\u00eancia em comunidade ind\u00edgena\" \/>\n<meta property=\"og:url\" content=\"https:\/\/www.posgraduacao.unimontes.br\/ppgsat\/documentos-e-formularios\/\" \/>\n<meta property=\"og:site_name\" content=\"Programa de P\u00f3s Gradua\u00e7\u00e3o em Sociedade, Ambiente e Territ\u00f3rio\" \/>\n<meta property=\"article:modified_time\" content=\"2025-09-03T12:17:47+00:00\" \/>\n<meta name=\"twitter:card\" content=\"summary_large_image\" \/>\n<script type=\"application\/ld+json\" class=\"yoast-schema-graph\">{\"@context\":\"https:\/\/schema.org\",\"@graph\":[{\"@type\":\"WebSite\",\"@id\":\"https:\/\/www.posgraduacao.unimontes.br\/ppgsat\/#website\",\"url\":\"https:\/\/www.posgraduacao.unimontes.br\/ppgsat\/\",\"name\":\"Programa de P\\u00f3s Gradua\\u00e7\\u00e3o em Sociedade, Ambiente e Territ\\u00f3rio\",\"description\":\"\",\"potentialAction\":[{\"@type\":\"SearchAction\",\"target\":\"https:\/\/www.posgraduacao.unimontes.br\/ppgsat\/?s={search_term_string}\",\"query-input\":\"required name=search_term_string\"}],\"inLanguage\":\"pt-BR\"},{\"@type\":\"WebPage\",\"@id\":\"https:\/\/www.posgraduacao.unimontes.br\/ppgsat\/documentos-e-formularios\/#webpage\",\"url\":\"https:\/\/www.posgraduacao.unimontes.br\/ppgsat\/documentos-e-formularios\/\",\"name\":\"Documentos e Formul\\u00e1rios - Programa de P\\u00f3s Gradua\\u00e7\\u00e3o em Sociedade, Ambiente e Territ\\u00f3rio\",\"isPartOf\":{\"@id\":\"https:\/\/www.posgraduacao.unimontes.br\/ppgsat\/#website\"},\"datePublished\":\"2023-02-13T18:32:18+00:00\",\"dateModified\":\"2025-09-03T12:17:47+00:00\",\"inLanguage\":\"pt-BR\",\"potentialAction\":[{\"@type\":\"ReadAction\",\"target\":[\"https:\/\/www.posgraduacao.unimontes.br\/ppgsat\/documentos-e-formularios\/\"]}]}]}<\/script>\n<!-- \/ Yoast SEO plugin. -->","_links":{"self":[{"href":"https:\/\/www.posgraduacao.unimontes.br\/ppgsat\/wp-json\/wp\/v2\/pages\/5155"}],"collection":[{"href":"https:\/\/www.posgraduacao.unimontes.br\/ppgsat\/wp-json\/wp\/v2\/pages"}],"about":[{"href":"https:\/\/www.posgraduacao.unimontes.br\/ppgsat\/wp-json\/wp\/v2\/types\/page"}],"author":[{"embeddable":true,"href":"https:\/\/www.posgraduacao.unimontes.br\/ppgsat\/wp-json\/wp\/v2\/users\/5"}],"replies":[{"embeddable":true,"href":"https:\/\/www.posgraduacao.unimontes.br\/ppgsat\/wp-json\/wp\/v2\/comments?post=5155"}],"version-history":[{"count":3,"href":"https:\/\/www.posgraduacao.unimontes.br\/ppgsat\/wp-json\/wp\/v2\/pages\/5155\/revisions"}],"predecessor-version":[{"id":5915,"href":"https:\/\/www.posgraduacao.unimontes.br\/ppgsat\/wp-json\/wp\/v2\/pages\/5155\/revisions\/5915"}],"wp:attachment":[{"href":"https:\/\/www.posgraduacao.unimontes.br\/ppgsat\/wp-json\/wp\/v2\/media?parent=5155"}],"curies":[{"name":"wp","href":"https:\/\/api.w.org\/{rel}","templated":true}]}}