{"id":5154,"date":"2023-02-13T15:32:18","date_gmt":"2023-02-13T18:32:18","guid":{"rendered":"https:\/\/www.posgraduacao.unimontes.br\/ppgsat\/?page_id=5154"},"modified":"2025-09-03T09:16:39","modified_gmt":"2025-09-03T12:16:39","slug":"normas","status":"publish","type":"page","link":"https:\/\/www.posgraduacao.unimontes.br\/ppgsat\/normas\/","title":{"rendered":"Normas"},"content":{"rendered":"<section class=\"kc-elm kc-css-453734 kc_row\"><div class=\"kc-row-container  kc-container\"><div class=\"kc-wrap-columns\"><div class=\"kc-elm kc-css-268181 kc_col-sm-12 kc_column kc_col-sm-12\"><div class=\"kc-col-container\"><div class=\"kc-elm kc-css-348268\" style=\"height: 20px; clear: both; width:100%;\"><\/div><div class=\"kc-elm kc-css-485466 kc_text_block\"><p style=\"color: #000000; font-family: Arial;\"><strong>Legisla\u00e7\u00e3o:\u00a0<\/strong><\/p>\n<p style=\"color: #000000; font-family: Arial;\"><a style=\"color: #585856; background: none;\" href=\"https:\/\/www.ufmg.br\/prpg\/categoria_legislacao\/legislacao-especifica-cne\/\" target=\"_blank\" rel=\"noopener noreferrer\">Legisla\u00e7\u00e3o espec\u00edfica \u2013 CNE<\/a><br \/>\n<a style=\"color: #585856; background: none;\" href=\"https:\/\/www.ufmg.br\/prpg\/legislacao\/\" target=\"_blank\" rel=\"noopener noreferrer\"><br \/>\nLegisla\u00e7\u00e3o espec\u00edfica \u2013 UFMG<\/a><\/p>\n<p style=\"color: #000000; font-family: Arial;\"><a href=\"http:\/\/www.posgraduacao.unimontes.br\/ppgsat\/wp-content\/uploads\/sites\/27\/2024\/10\/Regulamento-Programa-em-Sociedade-Ambiente-e-Territo\u0301rio.pdf\">Regulamento do Mestrado<\/a><\/p>\n<p style=\"color: #000000; font-family: Arial;\"><b>\u00a0<\/b><\/p>\n<p style=\"color: #000000; font-family: Arial;\"><b>Matr\u00edcula\/disciplinas:<\/b><\/p>\n<p style=\"color: #000000; font-family: Arial;\"><a style=\"color: #585856; background: none;\" href=\"https:\/\/www.ufmg.br\/montesclaros\/wp-content\/uploads\/2015\/10\/acertomatricula.pdf\">Formul\u00e1rio para acerto de matr\u00edcula<\/a><\/p>\n<p style=\"color: #000000; font-family: Arial;\"><a style=\"color: #585856; background: none;\" href=\"https:\/\/www.ufmg.br\/montesclaros\/wp-content\/uploads\/2018\/01\/APROVEITAMENTO-CREDITOS-5MESTR-SAT.pdf\">Formul\u00e1rio de Aproveitamento de Cr\u00e9ditos<br \/>\n<\/a><\/p>\n<p style=\"color: #000000; font-family: Arial;\"><b>\u00a0<\/b><\/p>\n<p style=\"color: #000000; font-family: Arial;\"><b>Provid\u00eancias para defesa e entrega da disserta\u00e7\u00e3o\/tese:\u00a0<\/b><\/p>\n<p style=\"color: #000000; font-family: Arial;\"><a style=\"color: #585856; background: none;\" href=\"https:\/\/www.ufmg.br\/montesclaros\/wp-content\/uploads\/2019\/04\/Modelo-Dissertacao.pdf\" target=\"_blank\" rel=\"noopener noreferrer\">Modelo disserta\u00e7\u00e3o\/tese<\/a><\/p>\n<p style=\"color: #000000; font-family: Arial;\"><a style=\"color: #585856; background: none;\" href=\"https:\/\/www.ufmg.br\/montesclaros\/wp-content\/uploads\/2021\/12\/Instrucoes-Para-Marcacao-de-Defesa.pdf\" target=\"_blank\" rel=\"noopener noreferrer\">Provid\u00eancias para defesa de <\/a><a style=\"color: #585856; background: none;\" href=\"https:\/\/www.ufmg.br\/montesclaros\/wp-content\/uploads\/2019\/04\/Modelo-Dissertacao.pdf\" target=\"_blank\" rel=\"noopener noreferrer\">disserta\u00e7\u00e3o\/tese<\/a><\/p>\n<p style=\"color: #000000; font-family: Arial;\"><a style=\"color: #585856; background: none;\" href=\"https:\/\/www.ufmg.br\/montesclaros\/wp-content\/uploads\/2021\/12\/ORIENTACOES-PARA-A-ENTREGA-DA-DISSERTACAO-APOS-DEFESA.pdf\">Orienta\u00e7\u00f5es para entrega da <\/a><a style=\"color: #585856; background: none;\" href=\"https:\/\/www.ufmg.br\/montesclaros\/wp-content\/uploads\/2019\/04\/Modelo-Dissertacao.pdf\" target=\"_blank\" rel=\"noopener noreferrer\">disserta\u00e7\u00e3o\/tese<\/a><\/p>\n<p style=\"color: #000000; font-family: Arial;\"><a style=\"color: #585856; background: none;\" href=\"https:\/\/www.ufmg.br\/montesclaros\/wp-content\/uploads\/2018\/08\/MOD.-OF.-DEFESA_ORIENTADOR-2-ATUALIZADO.pdf\" target=\"_blank\" rel=\"noopener noreferrer\">Oficio do Orientador para defesa de <\/a><a style=\"color: #585856; background: none;\" href=\"https:\/\/www.ufmg.br\/montesclaros\/wp-content\/uploads\/2019\/04\/Modelo-Dissertacao.pdf\" target=\"_blank\" rel=\"noopener noreferrer\">disserta\u00e7\u00e3o\/tese<\/a><\/p>\n<p style=\"color: #000000; font-family: Arial;\"><a style=\"color: #585856; background: none;\" href=\"https:\/\/www.ufmg.br\/montesclaros\/wp-content\/uploads\/2018\/08\/FORMULARIO-CADASTRO_PROF-VISITANTE.pdf\" target=\"_blank\" rel=\"noopener noreferrer\">Formul\u00e1rio para cadastro \u2013 Professor Visitante (Membro externo da Banca de defesa\u00a0<\/a><a style=\"color: #585856; background: none;\" href=\"https:\/\/www.ufmg.br\/montesclaros\/wp-content\/uploads\/2019\/04\/Modelo-Dissertacao.pdf\" target=\"_blank\" rel=\"noopener noreferrer\">disserta\u00e7\u00e3o\/tese<\/a><a style=\"color: #585856; background: none;\" href=\"https:\/\/www.ufmg.br\/montesclaros\/wp-content\/uploads\/2018\/08\/FORMULARIO-CADASTRO_PROF-VISITANTE.pdf\" target=\"_blank\" rel=\"noopener noreferrer\">)<\/a><\/p>\n<p style=\"color: #000000; font-family: Arial;\"><a style=\"color: #585856; background: none;\" href=\"https:\/\/www.ufmg.br\/montesclaros\/wp-content\/uploads\/2018\/09\/Form-Prorrogacao-Prazo-dissertacao.pdf\" target=\"_blank\" rel=\"noopener noreferrer\">Formul\u00e1rio de prorroga\u00e7\u00e3o de prazo\/entrega documenta\u00e7\u00e3o final de <\/a><a style=\"color: #585856; background: none;\" href=\"https:\/\/www.ufmg.br\/montesclaros\/wp-content\/uploads\/2019\/04\/Modelo-Dissertacao.pdf\" target=\"_blank\" rel=\"noopener noreferrer\">disserta\u00e7\u00e3o\/tese<\/a><\/p>\n<p style=\"color: #000000; font-family: Arial;\"><a style=\"color: #585856; background: none;\" href=\"https:\/\/www.ufmg.br\/montesclaros\/wp-content\/uploads\/2018\/12\/DECLARACAO-DE-ORIGINALIDADE.pdf\" target=\"_blank\" rel=\"noopener noreferrer\">Declara\u00e7\u00e3o de originalidade<\/a><\/p>\n<p style=\"color: #000000; font-family: Arial;\"><a style=\"color: #585856; background: none;\" href=\"https:\/\/www.ufmg.br\/montesclaros\/wp-content\/uploads\/2018\/12\/DECLARACAO-BIBLIOTECA-ICA-FICHA-CATALOGRAFICA-ATUALIZADA.pdf\" target=\"_blank\" rel=\"noopener noreferrer\">Declara\u00e7\u00e3o da Biblioteca do ICA de comprova\u00e7\u00e3o de confer\u00eancia da Ficha Catalogr\u00e1fica<\/a><\/p>\n<p style=\"color: #000000; font-family: Arial;\"><a style=\"color: #585856; background: none;\" href=\"https:\/\/www.ufmg.br\/montesclaros\/wp-content\/uploads\/2021\/02\/check-list-para-composicao-do-arquivo-de-autoarquivamento-1.pdf\" target=\"_blank\" rel=\"noopener noreferrer\">Check-list Biblioteca Digital\/UFMG<\/a><\/p>\n<p style=\"color: #000000; font-family: Arial;\"><a style=\"color: #585856; background: none;\" href=\"https:\/\/sei.ufmg.br\/sei\/controlador_externo.php?acao=md_ufmg_formulario_externo_listar&amp;id_orgao_acesso_externo=0\" target=\"_blank\" rel=\"noopener noreferrer\">Termo de Autoriza\u00e7\u00e3o de Dep\u00f3sito de Trabalho Acad\u00eamico<\/a><\/p>\n<p style=\"color: #000000; font-family: Arial;\"><a style=\"color: #585856; background: none;\" href=\"https:\/\/www.ufmg.br\/montesclaros\/wp-content\/uploads\/2019\/09\/BIBLIOTECA-ICA-ORIENT-LANC-DISSERT-TESE.pdf\" target=\"_blank\" rel=\"noopener noreferrer\">Orienta\u00e7\u00f5es para lan\u00e7amento da disserta\u00e7\u00e3o \/ tese na plataforma da biblioteca digital da UFMG<\/a><\/p>\n<p style=\"color: #000000; font-family: Arial;\"><a style=\"color: #585856; background: none;\" href=\"https:\/\/www.youtube.com\/watch?v=Bfn0heVXPCU\" target=\"_blank\" rel=\"noopener noreferrer\">V\u00eddeo \u2013 Orienta\u00e7\u00f5es para lan\u00e7amento da disserta\u00e7\u00e3o \/ tese na plataforma da biblioteca digital da UFMG<\/a><\/p>\n<p style=\"color: #000000; font-family: Arial;\"><b><br \/>\nExpedi\u00e7\u00e3o de diplomas:\u00a0<\/b><\/p>\n<p style=\"color: #000000; font-family: Arial;\"><a style=\"color: #585856; background: none;\" href=\"https:\/\/www.ufmg.br\/montesclaros\/wp-content\/uploads\/2018\/12\/DOC-P-EXP-DIPLOMA.pdf\" target=\"_blank\" rel=\"noopener noreferrer\">Documentos necess\u00e1rios para expedi\u00e7\u00e3o de diplomas<\/a><\/p>\n<p style=\"color: #000000; font-family: Arial;\"><a style=\"color: #585856; background: none;\" href=\"https:\/\/www.ufmg.br\/montesclaros\/wp-content\/uploads\/2018\/12\/Formulario-prioridade-UFMG-e-outras-instituicoes.pdf\" target=\"_blank\" rel=\"noopener noreferrer\">Requerimento de registro de diploma em car\u00e1ter priorit\u00e1rio<\/a><\/p>\n<\/div><\/div><\/div><\/div><\/div><\/section>\n","protected":false},"excerpt":{"rendered":"","protected":false},"author":5,"featured_media":0,"parent":0,"menu_order":0,"comment_status":"closed","ping_status":"closed","template":"","meta":[],"yoast_head":"<!-- This site is optimized with the Yoast SEO plugin v14.7 - https:\/\/yoast.com\/wordpress\/plugins\/seo\/ -->\n<title>Normas - Programa de P\u00f3s Gradua\u00e7\u00e3o em Sociedade, Ambiente e Territ\u00f3rio<\/title>\n<meta name=\"robots\" content=\"index, follow\" \/>\n<meta name=\"googlebot\" content=\"index, follow, max-snippet:-1, max-image-preview:large, max-video-preview:-1\" \/>\n<meta name=\"bingbot\" content=\"index, follow, max-snippet:-1, max-image-preview:large, max-video-preview:-1\" \/>\n<link rel=\"canonical\" href=\"https:\/\/www.posgraduacao.unimontes.br\/ppgsat\/normas\/\" \/>\n<meta property=\"og:locale\" content=\"pt_BR\" \/>\n<meta property=\"og:type\" content=\"article\" \/>\n<meta property=\"og:title\" content=\"Normas - Programa de P\u00f3s Gradua\u00e7\u00e3o em Sociedade, Ambiente e Territ\u00f3rio\" \/>\n<meta property=\"og:description\" content=\"Legisla\u00e7\u00e3o:\u00a0 Legisla\u00e7\u00e3o espec\u00edfica \u2013 CNE Legisla\u00e7\u00e3o espec\u00edfica \u2013 UFMG Regulamento do Mestrado \u00a0 Matr\u00edcula\/disciplinas: Formul\u00e1rio para acerto de matr\u00edcula Formul\u00e1rio de Aproveitamento de Cr\u00e9ditos \u00a0 Provid\u00eancias para defesa e entrega da disserta\u00e7\u00e3o\/tese:\u00a0 Modelo disserta\u00e7\u00e3o\/tese Provid\u00eancias para defesa de disserta\u00e7\u00e3o\/tese Orienta\u00e7\u00f5es para entrega da disserta\u00e7\u00e3o\/tese Oficio do Orientador para defesa de disserta\u00e7\u00e3o\/tese Formul\u00e1rio para cadastro \u2013 [&hellip;]\" \/>\n<meta property=\"og:url\" content=\"https:\/\/www.posgraduacao.unimontes.br\/ppgsat\/normas\/\" \/>\n<meta property=\"og:site_name\" content=\"Programa de P\u00f3s Gradua\u00e7\u00e3o em Sociedade, Ambiente e Territ\u00f3rio\" \/>\n<meta property=\"article:modified_time\" content=\"2025-09-03T12:16:39+00:00\" \/>\n<meta name=\"twitter:card\" content=\"summary_large_image\" \/>\n<script type=\"application\/ld+json\" class=\"yoast-schema-graph\">{\"@context\":\"https:\/\/schema.org\",\"@graph\":[{\"@type\":\"WebSite\",\"@id\":\"https:\/\/www.posgraduacao.unimontes.br\/ppgsat\/#website\",\"url\":\"https:\/\/www.posgraduacao.unimontes.br\/ppgsat\/\",\"name\":\"Programa de P\\u00f3s Gradua\\u00e7\\u00e3o em Sociedade, Ambiente e Territ\\u00f3rio\",\"description\":\"\",\"potentialAction\":[{\"@type\":\"SearchAction\",\"target\":\"https:\/\/www.posgraduacao.unimontes.br\/ppgsat\/?s={search_term_string}\",\"query-input\":\"required name=search_term_string\"}],\"inLanguage\":\"pt-BR\"},{\"@type\":\"WebPage\",\"@id\":\"https:\/\/www.posgraduacao.unimontes.br\/ppgsat\/normas\/#webpage\",\"url\":\"https:\/\/www.posgraduacao.unimontes.br\/ppgsat\/normas\/\",\"name\":\"Normas - Programa de P\\u00f3s Gradua\\u00e7\\u00e3o em Sociedade, Ambiente e Territ\\u00f3rio\",\"isPartOf\":{\"@id\":\"https:\/\/www.posgraduacao.unimontes.br\/ppgsat\/#website\"},\"datePublished\":\"2023-02-13T18:32:18+00:00\",\"dateModified\":\"2025-09-03T12:16:39+00:00\",\"inLanguage\":\"pt-BR\",\"potentialAction\":[{\"@type\":\"ReadAction\",\"target\":[\"https:\/\/www.posgraduacao.unimontes.br\/ppgsat\/normas\/\"]}]}]}<\/script>\n<!-- \/ Yoast SEO plugin. -->","_links":{"self":[{"href":"https:\/\/www.posgraduacao.unimontes.br\/ppgsat\/wp-json\/wp\/v2\/pages\/5154"}],"collection":[{"href":"https:\/\/www.posgraduacao.unimontes.br\/ppgsat\/wp-json\/wp\/v2\/pages"}],"about":[{"href":"https:\/\/www.posgraduacao.unimontes.br\/ppgsat\/wp-json\/wp\/v2\/types\/page"}],"author":[{"embeddable":true,"href":"https:\/\/www.posgraduacao.unimontes.br\/ppgsat\/wp-json\/wp\/v2\/users\/5"}],"replies":[{"embeddable":true,"href":"https:\/\/www.posgraduacao.unimontes.br\/ppgsat\/wp-json\/wp\/v2\/comments?post=5154"}],"version-history":[{"count":6,"href":"https:\/\/www.posgraduacao.unimontes.br\/ppgsat\/wp-json\/wp\/v2\/pages\/5154\/revisions"}],"predecessor-version":[{"id":5914,"href":"https:\/\/www.posgraduacao.unimontes.br\/ppgsat\/wp-json\/wp\/v2\/pages\/5154\/revisions\/5914"}],"wp:attachment":[{"href":"https:\/\/www.posgraduacao.unimontes.br\/ppgsat\/wp-json\/wp\/v2\/media?parent=5154"}],"curies":[{"name":"wp","href":"https:\/\/api.w.org\/{rel}","templated":true}]}}