{"id":5153,"date":"2023-02-13T15:32:18","date_gmt":"2023-02-13T18:32:18","guid":{"rendered":"https:\/\/www.posgraduacao.unimontes.br\/ppgsat\/?page_id=5153"},"modified":"2023-03-16T16:39:45","modified_gmt":"2023-03-16T19:39:45","slug":"laboratorios","status":"publish","type":"page","link":"https:\/\/www.posgraduacao.unimontes.br\/ppgsat\/laboratorios\/","title":{"rendered":"N\u00facleos e Grupos de Pesquisa"},"content":{"rendered":"<section class=\"kc-elm kc_row\"><div class=\"kc-row-container  kc-container\"><div class=\"kc-wrap-columns\"><div class=\"kc-elm kc_column kc_col-sm-12\"><div class=\"kc-col-container\"><div class=\"kc-elm\" style=\"height: 20px; clear: both; width:100%;\"><\/div><\/div><\/div><\/div><\/div><\/section><section class=\"kc-elm kc_row\"><div class=\"kc-row-container  kc-container\"><div class=\"kc-wrap-columns\"><div class=\"kc-elm kc_column kc_col-sm-12\"><div class=\"kc-col-container\"><div class=\"kc-elm kc_text_block\"><p>No SAT temos, atualmente, 6 n\u00facleos e grupos de pesquisa consolidados e registrados no CNPq. Coordenados pelo nosso corpo docente, esses espa\u00e7os de produ\u00e7\u00e3o de pensamento cr\u00edtico contam com projetos de pesquisas financiados por ag\u00eancias de fomento, trabalham com tem\u00e1ticas propostas pelo pr\u00f3prio SAT\u00a0 e incorporam mestrandos e mestrandas em suas atividades. Nossos n\u00facleos e grupos de pesquisa t\u00eam um s\u00f3lido comprometimento com o trip\u00e9 formado pelo ensino, pesquisa e extens\u00e3o, que constituem o eixo fundamental da universidade p\u00fablica brasileira. Contamos com uma ampla produ\u00e7\u00e3o cient\u00edfica (livros, cap\u00edtulos de livros, artigos cient\u00edficos em peri\u00f3dicos nacionais e internacionais), relat\u00f3rios e pareceres t\u00e9cnicos, cartilhas e mapas de conflitos. Ademais, esses n\u00facleos e grupos disp\u00f5em de uma produ\u00e7\u00e3o de monografias, disserta\u00e7\u00f5es de mestrado e teses de doutoramento.<\/p><\/p>\n<\/div><div class=\"kc-elm\" style=\"height: 20px; clear: both; width:100%;\"><\/div><div class=\"kc-elm kc_text_block\"><p><b>N\u00facleo PPJ<\/b><\/p>\n<p>O N\u00facleo de Pesquisa e apoio \u00e0 Agricultura Familiar, registrado no CNPq, surgiu em 1999 para atuar em parcerias com organiza\u00e7\u00f5es de agricultores, partilhar conhecimentos cient\u00edficos e tradicionais, promover interc\u00e2mbios entre agricultores e universidades, formar profissionais para trabalhar com agricultores familiares. Desde ent\u00e3o o N\u00facleo PPJ se estruturou em rede, envolvendo pesquisadores de v\u00e1rias universidades e institutos federais.\u00a0<\/p>\n<p><strong><em>Links:<\/em><\/strong> <a style=\\\"color: #585856;background: none\\\" href=\\\"https:\/\/www.facebook.com\/pg\/nucleoppj\/posts\/\\\">\u00a0https:\/\/www.facebook.com\/pg\/nucleoppj\/posts\/<\/a><\/p>\n<p>\u00a0\u00a0\u00a0\u00a0\u00a0\u00a0 \u00a0 \u00a0 \u00a0 <a href=\\\"https:\/\/www.instagram.com\/nucleoppj\/\\\">https:\/\/www.instagram.com\/nucleoppj\/<\/a><\/p>\n<\/div><div class=\"kc-elm\" style=\"height: 20px; clear: both; width:100%;\"><\/div><div class=\"kc-elm kc_text_block\"><p><b>Gesta<\/b><\/p>\n<p>O Grupo de Estudo em Tem\u00e1ticas Ambientais\/ Gesta existe como n\u00facleo registrado no CNPq desde 2001; constitui-se como um grupo acad\u00eamico composto por pesquisadores e estudantes da UFMG, al\u00e9m de colaboradores externos dedicado a\u0300 pesquisa, ensino e extens\u00e3o na \u00e1rea socioambiental.\u00a0<span style=\\\"background-image: initial;background-position: initial;background-size: initial;background-attachment: initial\\\">A atua\u00e7\u00e3o do n\u00facleo tem privilegiado a interface entre pesquisa e extens\u00e3o buscando refletir sobre os processos hegem\u00f4nicos de apropria\u00e7\u00e3o do territ\u00f3rio, ao mesmo tempo em que almeja uma a\u00e7\u00e3o transformadora no tocante \u00e0 capacita\u00e7\u00e3o pol\u00edtico-participativa de popula\u00e7\u00f5es afetadas por l\u00f3gicas excludentes de explora\u00e7\u00e3o da natureza.<\/span><\/p>\n<p><strong><em>Links:<\/em><\/strong> <a style=\\\"color: #585856;background: none\\\" href=\\\"http:\/\/gestaprod.lcc.ufmg.br\/\\\">http:\/\/gestaprod.lcc.ufmg.br<\/a><\/p>\n<p>\u00a0\u00a0\u00a0\u00a0\u00a0\u00a0\u00a0 \u00a0 \u00a0 <a href=\\\"https:\/\/www.instagram.com\/gesta_ufmg\/\\\">https:\/\/www.instagram.com\/gesta_ufmg\/<\/a><\/p>\n<\/div><div class=\"kc-elm\" style=\"height: 20px; clear: both; width:100%;\"><\/div><div class=\"kc-elm kc_text_block\"><p><b>NIISA<\/b><\/p>\n<p>O N\u00facleo Interdisciplinar de Investiga\u00e7\u00e3o Socioambiental\/NIISA se prop\u00f5e investigar processos socioambientais a partir de uma perspectiva interdisciplinar que contribua para a efetiva\u00e7\u00e3o dos direitos humanos, sociais, culturais e ambientais articulando ensino, pesquisa e extens\u00e3o. A equipe de pesquisadores do NIISA tem desenvolvido trabalhos em diversas tem\u00e1ticas, entre elas: povos e comunidades tradicionais, conflito ambientais, migra\u00e7\u00f5es, agricultura familiar e sistemas agroalimentares. Conta com a participa\u00e7\u00e3o de estudantes de gradua\u00e7\u00e3o, mestrandos, doutorandos e professores.\u00a0<\/p>\n<p><em><strong>Links:<\/strong><\/em> <a href=\\\"https:\/\/pt-br.facebook.com\/NIISAUNIMONTES\\\">https:\/\/pt-br.facebook.com\/NIISAUNIMONTES<\/a><\/p>\n<p>\u00a0\u00a0\u00a0\u00a0\u00a0\u00a0\u00a0\u00a0\u00a0 \u00a0 <a href=\\\"https:\/\/www.instagram.com\/niisaunimontes\/\\\">https:\/\/www.instagram.com\/niisaunimontes\/<\/a><\/p>\n<\/div><div class=\"kc-elm\" style=\"height: 20px; clear: both; width:100%;\"><\/div><div class=\"kc-elm kc_text_block\"><p><b>N\u00facleo de Estudos em Desenvolvimento e Sociedade \u2013 NEDS<\/b><\/p>\n<p>O N\u00facleo de Estudos em Desenvolvimento e Sociedade \u2013 NEDS \u00e9 um espa\u00e7o criado em 2018 e est\u00e1 localizado no 2\u02da piso do CPCA-ICA no Campus Regional de Montes Claros. O NEDS tem como foco central as abordagens de Planejamento regional, Desenvolvimento social e indiv\u00edduos. Coordena\u00e7\u00e3o:<\/p>\n<p>Link: <a href=\\\"https:\/\/www.ica.ufmg.br\/?laboratorio=nucleo-de-estudos-em-desenvolvimento-e-sociedade-neds\\\">\u00a0https:\/\/www.ica.ufmg.br\/?laboratorio=nucleo-de-estudos-em-desenvolvimento-e-sociedade-neds<\/a><\/p>\n<\/div><div class=\"kc-elm\" style=\"height: 20px; clear: both; width:100%;\"><\/div><div class=\"kc-elm kc_text_block\"><p><b>N\u00facleo Interdisciplinar de Pesquisa em Tecnologia e Humanidades \u2013 NIPTECH<\/b><\/p>\n<p>O Niptech \u00e9 um espa\u00e7o integrador de diferentes \u00e1reas do conhecimento e a\u00e7\u00f5es desenvolvidas no \u00e2mbito do Instituto de Ci\u00eancias Agr\u00e1rias da Universidade Federal de Minas Gerais (ICA-UFMG). De car\u00e1ter interdisciplinar, o N\u00facleo tem como objetivo realizar pesquisas nas interfaces entre as \u00e1reas de Ci\u00eancia &amp; Tecnologia e de Humanidades.\u00a0<\/p>\n<p>Link:<a href=\\\"https:\/\/www.ica.ufmg.br\/?laboratorio=niptech-nucleo-interdisciplinar-de-pesquisa-em-tecnologia-e-humanidades\\\">https:\/\/www.ica.ufmg.br\/?laboratorio=niptech-nucleo-interdisciplinar-de-pesquisa-em-tecnologia-e-humanidades<\/a><\/p><\/p>\n<\/div><div class=\"kc-elm\" style=\"height: 20px; clear: both; width:100%;\"><\/div><div class=\"kc-elm kc_text_block\"><p><b>Odisseia: N\u00facleo de Pesquisa Abdelmalek Sayad<\/b><\/p>\n<p>Odisseia: N\u00facleo de Pesquisa Abdelmalek Sayad \u00e9 cadastrado no Conselho Nacional de Desenvolvimento Cient\u00edfico e Tecnol\u00f3gico (CNPq). Dedica-se a pesquisar a genealogia do pensamento de Abdelmalek Sayad (1933-1998), compreender a constru\u00e7\u00e3o de sua obra, bem como os conceitos-chave no campo dos estudos migrat\u00f3rios ao longo de sua trajet\u00f3ria pessoal e de pesquisador. Os temas de investiga\u00e7\u00e3o giram em torno de seus escritos desenvolvidos a partir de pesquisas conduzidas na Arg\u00e9lia e na Fran\u00e7a, bem como do debate intelectual estabelecido com acad\u00eamicos, ativistas, literatos e, sobretudo, com migrantes e n\u00e3o-migrantes nos dois pa\u00edses.\u00a0<\/p>\n<p><strong>Links:<\/strong> <a href=\\\"https:\/\/www.odisseia-sayad.org\/\\\" target=\\\"_blank\\\" rel=\\\"noopener noreferrer\\\" data-saferedirecturl=\\\"https:\/\/www.google.com\/url?q=https:\/\/www.odisseia-sayad.org\/&amp;source=gmail&amp;ust=1623154449852000&amp;usg=AFQjCNHQL1o5quZ9Oj0Nq5NETnwX3ZWx4A\\\">https:\/\/www.odisseia-sayad.org\/<\/a><\/p>\n<p>\u00a0\u00a0\u00a0\u00a0\u00a0\u00a0\u00a0\u00a0 \u00a0\u00a0 <a href=\\\"https:\/\/www.instagram.com\/odisseiasayad\/\\\">https:\/\/www.instagram.com\/odisseiasayad\/<\/a><\/p>\n<\/div><\/div><\/div><\/div><\/div><\/section>\n","protected":false},"excerpt":{"rendered":"","protected":false},"author":5,"featured_media":0,"parent":0,"menu_order":0,"comment_status":"closed","ping_status":"closed","template":"","meta":[],"yoast_head":"<!-- This site is optimized with the Yoast SEO plugin v14.7 - https:\/\/yoast.com\/wordpress\/plugins\/seo\/ -->\n<title>N\u00facleos e Grupos de Pesquisa - Programa de P\u00f3s Gradua\u00e7\u00e3o em Sociedade, Ambiente e Territ\u00f3rio<\/title>\n<meta name=\"robots\" content=\"index, follow\" \/>\n<meta name=\"googlebot\" content=\"index, follow, max-snippet:-1, max-image-preview:large, max-video-preview:-1\" \/>\n<meta name=\"bingbot\" content=\"index, follow, max-snippet:-1, max-image-preview:large, max-video-preview:-1\" \/>\n<link rel=\"canonical\" href=\"https:\/\/www.posgraduacao.unimontes.br\/ppgsat\/laboratorios\/\" \/>\n<meta property=\"og:locale\" content=\"pt_BR\" \/>\n<meta property=\"og:type\" content=\"article\" \/>\n<meta property=\"og:title\" content=\"N\u00facleos e Grupos de Pesquisa - Programa de P\u00f3s Gradua\u00e7\u00e3o em Sociedade, Ambiente e Territ\u00f3rio\" \/>\n<meta property=\"og:description\" content=\"No SAT temos, atualmente, 6 n\u00facleos e grupos de pesquisa consolidados e registrados no CNPq. Coordenados pelo nosso corpo docente, esses espa\u00e7os de produ\u00e7\u00e3o de pensamento cr\u00edtico contam com projetos de pesquisas financiados por ag\u00eancias de fomento, trabalham com tem\u00e1ticas propostas pelo pr\u00f3prio SAT\u00a0 e incorporam mestrandos e mestrandas em suas atividades. Nossos n\u00facleos e [&hellip;]\" \/>\n<meta property=\"og:url\" content=\"https:\/\/www.posgraduacao.unimontes.br\/ppgsat\/laboratorios\/\" \/>\n<meta property=\"og:site_name\" content=\"Programa de P\u00f3s Gradua\u00e7\u00e3o em Sociedade, Ambiente e Territ\u00f3rio\" \/>\n<meta property=\"article:modified_time\" content=\"2023-03-16T19:39:45+00:00\" \/>\n<meta name=\"twitter:card\" content=\"summary_large_image\" \/>\n<script type=\"application\/ld+json\" class=\"yoast-schema-graph\">{\"@context\":\"https:\/\/schema.org\",\"@graph\":[{\"@type\":\"WebSite\",\"@id\":\"https:\/\/www.posgraduacao.unimontes.br\/ppgsat\/#website\",\"url\":\"https:\/\/www.posgraduacao.unimontes.br\/ppgsat\/\",\"name\":\"Programa de P\\u00f3s Gradua\\u00e7\\u00e3o em Sociedade, Ambiente e Territ\\u00f3rio\",\"description\":\"\",\"potentialAction\":[{\"@type\":\"SearchAction\",\"target\":\"https:\/\/www.posgraduacao.unimontes.br\/ppgsat\/?s={search_term_string}\",\"query-input\":\"required name=search_term_string\"}],\"inLanguage\":\"pt-BR\"},{\"@type\":\"WebPage\",\"@id\":\"https:\/\/www.posgraduacao.unimontes.br\/ppgsat\/laboratorios\/#webpage\",\"url\":\"https:\/\/www.posgraduacao.unimontes.br\/ppgsat\/laboratorios\/\",\"name\":\"N\\u00facleos e Grupos de Pesquisa - Programa de P\\u00f3s Gradua\\u00e7\\u00e3o em Sociedade, Ambiente e Territ\\u00f3rio\",\"isPartOf\":{\"@id\":\"https:\/\/www.posgraduacao.unimontes.br\/ppgsat\/#website\"},\"datePublished\":\"2023-02-13T18:32:18+00:00\",\"dateModified\":\"2023-03-16T19:39:45+00:00\",\"inLanguage\":\"pt-BR\",\"potentialAction\":[{\"@type\":\"ReadAction\",\"target\":[\"https:\/\/www.posgraduacao.unimontes.br\/ppgsat\/laboratorios\/\"]}]}]}<\/script>\n<!-- \/ Yoast SEO plugin. -->","_links":{"self":[{"href":"https:\/\/www.posgraduacao.unimontes.br\/ppgsat\/wp-json\/wp\/v2\/pages\/5153"}],"collection":[{"href":"https:\/\/www.posgraduacao.unimontes.br\/ppgsat\/wp-json\/wp\/v2\/pages"}],"about":[{"href":"https:\/\/www.posgraduacao.unimontes.br\/ppgsat\/wp-json\/wp\/v2\/types\/page"}],"author":[{"embeddable":true,"href":"https:\/\/www.posgraduacao.unimontes.br\/ppgsat\/wp-json\/wp\/v2\/users\/5"}],"replies":[{"embeddable":true,"href":"https:\/\/www.posgraduacao.unimontes.br\/ppgsat\/wp-json\/wp\/v2\/comments?post=5153"}],"version-history":[{"count":3,"href":"https:\/\/www.posgraduacao.unimontes.br\/ppgsat\/wp-json\/wp\/v2\/pages\/5153\/revisions"}],"predecessor-version":[{"id":5641,"href":"https:\/\/www.posgraduacao.unimontes.br\/ppgsat\/wp-json\/wp\/v2\/pages\/5153\/revisions\/5641"}],"wp:attachment":[{"href":"https:\/\/www.posgraduacao.unimontes.br\/ppgsat\/wp-json\/wp\/v2\/media?parent=5153"}],"curies":[{"name":"wp","href":"https:\/\/api.w.org\/{rel}","templated":true}]}}