{"id":5150,"date":"2023-02-13T15:32:17","date_gmt":"2023-02-13T18:32:17","guid":{"rendered":"https:\/\/www.posgraduacao.unimontes.br\/ppgsat\/?page_id=5150"},"modified":"2026-01-12T16:20:38","modified_gmt":"2026-01-12T19:20:38","slug":"areas-e-linhas-de-pesquisa","status":"publish","type":"page","link":"https:\/\/www.posgraduacao.unimontes.br\/ppgsat\/areas-e-linhas-de-pesquisa\/","title":{"rendered":"\u00c1reas e linhas de pesquisa"},"content":{"rendered":"<section class=\"kc-elm kc-css-79311 kc_row\"><div class=\"kc-row-container  kc-container\"><div class=\"kc-wrap-columns\"><div class=\"kc-elm kc-css-149269 kc_col-sm-12 kc_column kc_col-sm-12\"><div class=\"kc-col-container\"><div class=\"kc-elm kc-css-75812 kc_accordion_wrapper\">\n<\/div>\n<div class=\"kc-elm kc-css-172165\" style=\"height: 20px; clear: both; width:100%;\"><\/div><div class=\"kc-elm kc-css-100375 kc_text_block\"><p><strong>ESTRUTURA CURRICULAR<\/strong><\/p>\n<p>O SAT tem uma \u00fanica \u00e1rea de concentra\u00e7\u00e3o denominada Sociedade, Ambiente e Territ\u00f3rio que foca inter-rela\u00e7\u00f5es entre esses tr\u00eas grandes temas. Visa articular a diversidade de conhecimento das variadas \u00e1reas das humanidades e ci\u00eancias sociais aplicadas para criar habilidades para analisar processos sociais, ambientais e espaciais em suas interfaces com desenvolvimento, territ\u00f3rios, programas p\u00fablicos e din\u00e2micas demogr\u00e1ficas. Esta \u00e1rea de concentra\u00e7\u00e3o se desdobra em duas linhas tem\u00e1ticas que orientam pesquisas, disserta\u00e7\u00f5es, teses e produ\u00e7\u00e3o do mestrado e doutorado.<\/p>\n<p>Linhas de pesquisas:<\/p>\n<p><strong>Linha 1. Sociedade e ambiente<\/strong><\/p>\n<p>Esta linha tem como objetivos pesquisar as rela\u00e7\u00f5es entre as sociedades e os recursos naturais, investigando os grupos humanos na sua intera\u00e7\u00e3o com os ambientes naturais e constru\u00eddos nas suas diversas situa\u00e7\u00f5es. Compreende o estudo da cria\u00e7\u00e3o de mecanismos de gest\u00e3o de recursos, as a\u00e7\u00f5es coletivas e p\u00fablicas de media\u00e7\u00e3o, os conflitos e acordos em torno de fluxos e estoques de recursos da natureza. Igualmente, procura compreender as din\u00e2micas hist\u00f3ricas de uso e distribui\u00e7\u00e3o de recursos naturais, processos migrat\u00f3rios, fronteiras e neocolonialismo,identificando culturas e costumes associados a grupos humanos, transforma\u00e7\u00f5es induzidas nas rela\u00e7\u00f5es entre as sociedades humanas e a natureza. Inclui estudos sobre povos tradicionais e seus costumes relacionados a determinados biomas,sistemas agroalimentares e agroextrativismo, as tens\u00f5es originadas dos confrontos entre popula\u00e7\u00e3o e recursos, os programas e pol\u00edticas associados aos recursos e \u00e0 sua conserva\u00e7\u00e3o. Configurando-se os seguintes eixos tem\u00e1ticos de pesquisa: (i) conflitos, (ii) cultura e recursos e (iii) popula\u00e7\u00e3o e natureza.<\/p>\n<p><strong>Docentes da linha:<\/strong><\/p>\n<ul>\n<li>Daniel Coelho de Oliveira<\/li>\n<li><span style=\"font-style: inherit;\">Fl\u00e1via Maria Galizoni<\/span><\/li>\n<li>Gustavo Dias<\/li>\n<li>Handerson Leonidas Sales<\/li>\n<li>Helo\u00edsa Soares de Moura Costa<\/li>\n<li>Raquel Oliveira Santos Teixeira<\/li>\n<li>R\u00f4mulo Soares Barbosa<\/li>\n<li>Andr\u00e9a Maria Narciso Rocha de Paula<\/li>\n<li><span style=\"font-size: 14px;\">Janikelle Bessa<\/span><\/li>\n<\/ul>\n<p><strong>\u00a0<\/strong><\/p>\n<p><strong>Linha 2. Territ\u00f3rio e desenvolvimento<\/strong><\/p>\n<p>Com o prop\u00f3sito de pesquisar e desenvolver conhecimentos sobre as diversas intera\u00e7\u00f5es entre os espa\u00e7os, as a\u00e7\u00f5es humanas e o desenvolvimento, analisando as caracter\u00edsticas s\u00f3cio\/econ\u00f4micas\/culturais\/demogr\u00e1ficas de espa\u00e7os determinados para compreender potencialidades e limites do crescimento. Compreende estudos sobre territorialidades, programas de desenvolvimento, intera\u00e7\u00e3o rural\/urbano, climas e t\u00e9cnicas de espa\u00e7os subnacionais que configuram especificidades. Para tanto, concebe-se o territ\u00f3rio como uma categoria poliss\u00eamica que encerra processos din\u00e2micos, m\u00faltiplos, diversos e contradit\u00f3rios nas formas de apropria\u00e7\u00e3o e uso da natureza. Estado e sujeitos sociais assumem assim import\u00e2ncia pela sua a\u00e7\u00e3o pol\u00edtica como gestores, mas tamb\u00e9m como produtores do territ\u00f3rio. Esta linha de pesquisa contempla investiga\u00e7\u00f5es sobre o processo cont\u00ednuo de produ\u00e7\u00e3o de territ\u00f3rios e a constru\u00e7\u00e3o de pol\u00edticas p\u00fablicas de desenvolvimento territorial, com um foco articulado desta tem\u00e1tica no semi\u00e1rido e na sua rela\u00e7\u00e3o com outras din\u00e2micas da sociedade brasileira, configurando-se os seguintes eixos tem\u00e1ticos de pesquisa: (i) programas p\u00fablicos; (ii) territ\u00f3rio; (iii) semi\u00e1rido.<\/p>\n<p><strong>Docentes da linha:<\/strong><\/p>\n<ul>\n<li>Aureo Eduardo Magalh\u00e3es Ribeiro<\/li>\n<li><span style=\"font-style: inherit;\">H\u00e9lder dos Anjos Augusto<\/span><\/li>\n<li>Iara Soares de Fran\u00e7a<\/li>\n<li>Roberto Nascimento Rodrigues<\/li>\n<li>Vanessa Marzano Ara\u00fajo<\/li>\n<li>Luiz Paulo Fontes Rezende<\/li>\n<li><span style=\"font-style: inherit;\">Roberto Lu\u00eds de Melo Monte-M\u00f3r<\/span><\/li>\n<li><span style=\"font-style: inherit;\">Sibelle Diniz<\/span><\/li>\n<\/ul>\n<\/div><\/div><\/div><\/div><\/div><\/section>\n","protected":false},"excerpt":{"rendered":"","protected":false},"author":5,"featured_media":0,"parent":0,"menu_order":0,"comment_status":"closed","ping_status":"closed","template":"","meta":[],"yoast_head":"<!-- This site is optimized with the Yoast SEO plugin v14.7 - https:\/\/yoast.com\/wordpress\/plugins\/seo\/ -->\n<title>\u00c1reas e linhas de pesquisa - Programa de P\u00f3s Gradua\u00e7\u00e3o em Sociedade, Ambiente e Territ\u00f3rio<\/title>\n<meta name=\"robots\" content=\"index, follow\" \/>\n<meta name=\"googlebot\" content=\"index, follow, max-snippet:-1, max-image-preview:large, max-video-preview:-1\" \/>\n<meta name=\"bingbot\" content=\"index, follow, max-snippet:-1, max-image-preview:large, max-video-preview:-1\" \/>\n<link rel=\"canonical\" href=\"https:\/\/www.posgraduacao.unimontes.br\/ppgsat\/areas-e-linhas-de-pesquisa\/\" \/>\n<meta property=\"og:locale\" content=\"pt_BR\" \/>\n<meta property=\"og:type\" content=\"article\" \/>\n<meta property=\"og:title\" content=\"\u00c1reas e linhas de pesquisa - Programa de P\u00f3s Gradua\u00e7\u00e3o em Sociedade, Ambiente e Territ\u00f3rio\" \/>\n<meta property=\"og:description\" content=\"ESTRUTURA CURRICULAR O SAT tem uma \u00fanica \u00e1rea de concentra\u00e7\u00e3o denominada Sociedade, Ambiente e Territ\u00f3rio que foca inter-rela\u00e7\u00f5es entre esses tr\u00eas grandes temas. Visa articular a diversidade de conhecimento das variadas \u00e1reas das humanidades e ci\u00eancias sociais aplicadas para criar habilidades para analisar processos sociais, ambientais e espaciais em suas interfaces com desenvolvimento, territ\u00f3rios, programas [&hellip;]\" \/>\n<meta property=\"og:url\" content=\"https:\/\/www.posgraduacao.unimontes.br\/ppgsat\/areas-e-linhas-de-pesquisa\/\" \/>\n<meta property=\"og:site_name\" content=\"Programa de P\u00f3s Gradua\u00e7\u00e3o em Sociedade, Ambiente e Territ\u00f3rio\" \/>\n<meta property=\"article:modified_time\" content=\"2026-01-12T19:20:38+00:00\" \/>\n<meta name=\"twitter:card\" content=\"summary_large_image\" \/>\n<script type=\"application\/ld+json\" class=\"yoast-schema-graph\">{\"@context\":\"https:\/\/schema.org\",\"@graph\":[{\"@type\":\"WebSite\",\"@id\":\"https:\/\/www.posgraduacao.unimontes.br\/ppgsat\/#website\",\"url\":\"https:\/\/www.posgraduacao.unimontes.br\/ppgsat\/\",\"name\":\"Programa de P\\u00f3s Gradua\\u00e7\\u00e3o em Sociedade, Ambiente e Territ\\u00f3rio\",\"description\":\"\",\"potentialAction\":[{\"@type\":\"SearchAction\",\"target\":\"https:\/\/www.posgraduacao.unimontes.br\/ppgsat\/?s={search_term_string}\",\"query-input\":\"required name=search_term_string\"}],\"inLanguage\":\"pt-BR\"},{\"@type\":\"WebPage\",\"@id\":\"https:\/\/www.posgraduacao.unimontes.br\/ppgsat\/areas-e-linhas-de-pesquisa\/#webpage\",\"url\":\"https:\/\/www.posgraduacao.unimontes.br\/ppgsat\/areas-e-linhas-de-pesquisa\/\",\"name\":\"\\u00c1reas e linhas de pesquisa - Programa de P\\u00f3s Gradua\\u00e7\\u00e3o em Sociedade, Ambiente e Territ\\u00f3rio\",\"isPartOf\":{\"@id\":\"https:\/\/www.posgraduacao.unimontes.br\/ppgsat\/#website\"},\"datePublished\":\"2023-02-13T18:32:17+00:00\",\"dateModified\":\"2026-01-12T19:20:38+00:00\",\"inLanguage\":\"pt-BR\",\"potentialAction\":[{\"@type\":\"ReadAction\",\"target\":[\"https:\/\/www.posgraduacao.unimontes.br\/ppgsat\/areas-e-linhas-de-pesquisa\/\"]}]}]}<\/script>\n<!-- \/ Yoast SEO plugin. -->","_links":{"self":[{"href":"https:\/\/www.posgraduacao.unimontes.br\/ppgsat\/wp-json\/wp\/v2\/pages\/5150"}],"collection":[{"href":"https:\/\/www.posgraduacao.unimontes.br\/ppgsat\/wp-json\/wp\/v2\/pages"}],"about":[{"href":"https:\/\/www.posgraduacao.unimontes.br\/ppgsat\/wp-json\/wp\/v2\/types\/page"}],"author":[{"embeddable":true,"href":"https:\/\/www.posgraduacao.unimontes.br\/ppgsat\/wp-json\/wp\/v2\/users\/5"}],"replies":[{"embeddable":true,"href":"https:\/\/www.posgraduacao.unimontes.br\/ppgsat\/wp-json\/wp\/v2\/comments?post=5150"}],"version-history":[{"count":7,"href":"https:\/\/www.posgraduacao.unimontes.br\/ppgsat\/wp-json\/wp\/v2\/pages\/5150\/revisions"}],"predecessor-version":[{"id":5924,"href":"https:\/\/www.posgraduacao.unimontes.br\/ppgsat\/wp-json\/wp\/v2\/pages\/5150\/revisions\/5924"}],"wp:attachment":[{"href":"https:\/\/www.posgraduacao.unimontes.br\/ppgsat\/wp-json\/wp\/v2\/media?parent=5150"}],"curies":[{"name":"wp","href":"https:\/\/api.w.org\/{rel}","templated":true}]}}