{"id":5117,"date":"2023-02-13T15:28:55","date_gmt":"2023-02-13T18:28:55","guid":{"rendered":"https:\/\/www.posgraduacao.unimontes.br\/ppgsat\/?page_id=5117"},"modified":"2026-04-13T10:53:41","modified_gmt":"2026-04-13T13:53:41","slug":"editais","status":"publish","type":"page","link":"https:\/\/www.posgraduacao.unimontes.br\/ppgsat\/editais\/","title":{"rendered":"Editais"},"content":{"rendered":"<section class=\"kc-elm kc-css-173223 kc_row\"><div class=\"kc-row-container  kc-container\"><div class=\"kc-wrap-columns\"><div class=\"kc-elm kc-css-568364 kc_col-sm-12 kc_column kc_col-sm-12\"><div class=\"kc-col-container\"><div class=\"kc-elm kc-css-810521\" style=\"height: 20px; clear: both; width:100%;\"><\/div><div class=\"kc-elm kc-css-927251 list-post-type list-post category \">\t\t<div class=\"list-item post-5934\">\n\t\t\t<div class=\"post-content\">\n\t\t\t\t<figure>\n\t\t\t\t\t\t\t\t\t<\/figure>\n\t\t\t\t<h3><a href=\"https:\/\/www.posgraduacao.unimontes.br\/ppgsat\/2026\/04\/13\/edital-suplementar-de-selecao-2026-2-mestrado-e-doutorado-vagas-para-indigenas-quilombolas-trans-e-travestis-e-pessoas-com-deficiencia\/\">Edital Suplementar de Sele\u00e7\u00e3o 2026\/2 \u2013 Mestrado e Doutorado \u2013  Vagas para Ind\u00edgenas, Quilombolas, Trans e Travestis e Pessoas com Defici\u00eancia<\/a><\/h3>\n\t\t\t\t<div class=\"kc-entry_meta\">\n\t\t\t\t<span class=\"date\"><i class=\"sl-clock\"><\/i> <time class=\"entry-date\" datetime=\"2026-04-13T09:40:29-03:00\">13 de abril de 2026<\/time><\/span>\t\t\t\t<\/div>\n\t\t\t\t<div class=\"text\">\n\t\t\t\t\tA Coordenadora do Programa de P\u00f3s-gradua\u00e7\u00e3o Associado Universidade Federal de Minas Gerais e Universidade Estadual de Montes Claros em Sociedade, Ambiente e Territ\u00f3rio (SAT) faz saber que, de 13 de abril de 2026 a 19 de maio de 2025, estar\u00e3o abertas as inscri\u00e7\u00f5es para a sele\u00e7\u00e3o de candidatos ind\u00edgenas, quilombolas, ...\t\t\t\t<\/div>\n\n\n\t\t\t\t\t\t\t\t\t<a class=\"kc-read-more\" href=\"https:\/\/www.posgraduacao.unimontes.br\/ppgsat\/2026\/04\/13\/edital-suplementar-de-selecao-2026-2-mestrado-e-doutorado-vagas-para-indigenas-quilombolas-trans-e-travestis-e-pessoas-com-deficiencia\/\">Saiba mais<\/a>\n\t\t\t\t\t\t\t<\/div>\n\n\t\t<\/div>\n\t\t\t\t<div class=\"list-item post-5930\">\n\t\t\t<div class=\"post-content\">\n\t\t\t\t<figure>\n\t\t\t\t\t\t\t\t\t<\/figure>\n\t\t\t\t<h3><a href=\"https:\/\/www.posgraduacao.unimontes.br\/ppgsat\/2026\/04\/13\/edital-regular-de-selecao-2026-2-mestrado-e-doutorado-vagas-para-ampla-concorrencia-e-reserva-para-negros\/\">Edital Regular de Sele\u00e7\u00e3o 2026\/2 \u2013 Mestrado e Doutorado &#8211; Vagas para Ampla Concorr\u00eancia e Reserva para Negros<\/a><\/h3>\n\t\t\t\t<div class=\"kc-entry_meta\">\n\t\t\t\t<span class=\"date\"><i class=\"sl-clock\"><\/i> <time class=\"entry-date\" datetime=\"2026-04-13T09:45:08-03:00\">13 de abril de 2026<\/time><\/span>\t\t\t\t<\/div>\n\t\t\t\t<div class=\"text\">\n\t\t\t\t\tA Coordenadora do Programa de P\u00f3s-gradua\u00e7\u00e3o Associado Universidade Federal de Minas Gerais e Universidade Estadual de Montes Claros em Sociedade, Ambiente e Territ\u00f3rio (SAT) faz saber que, de 13 de abril de 2026 a 19 de maio de 2026, estar\u00e3o abertas as inscri\u00e7\u00f5es para a sele\u00e7\u00e3o de candidatos ao Mestrado ...\t\t\t\t<\/div>\n\n\n\t\t\t\t\t\t\t\t\t<a class=\"kc-read-more\" href=\"https:\/\/www.posgraduacao.unimontes.br\/ppgsat\/2026\/04\/13\/edital-regular-de-selecao-2026-2-mestrado-e-doutorado-vagas-para-ampla-concorrencia-e-reserva-para-negros\/\">Saiba mais<\/a>\n\t\t\t\t\t\t\t<\/div>\n\n\t\t<\/div>\n\t\t<\/div><div class=\"kc-elm kc-css-544923 kc_text_block\"><\/div><\/div><\/div><\/div><\/div><\/section>\n","protected":false},"excerpt":{"rendered":"","protected":false},"author":5,"featured_media":0,"parent":0,"menu_order":0,"comment_status":"closed","ping_status":"closed","template":"","meta":[],"yoast_head":"<!-- This site is optimized with the Yoast SEO plugin v14.7 - https:\/\/yoast.com\/wordpress\/plugins\/seo\/ -->\n<title>Editais - Programa de P\u00f3s Gradua\u00e7\u00e3o em Sociedade, Ambiente e Territ\u00f3rio<\/title>\n<meta name=\"robots\" content=\"index, follow\" \/>\n<meta name=\"googlebot\" content=\"index, follow, max-snippet:-1, max-image-preview:large, max-video-preview:-1\" \/>\n<meta name=\"bingbot\" content=\"index, follow, max-snippet:-1, max-image-preview:large, max-video-preview:-1\" \/>\n<link rel=\"canonical\" href=\"https:\/\/www.posgraduacao.unimontes.br\/ppgsat\/editais\/\" \/>\n<meta property=\"og:locale\" content=\"pt_BR\" \/>\n<meta property=\"og:type\" content=\"article\" \/>\n<meta property=\"og:title\" content=\"Editais - Programa de P\u00f3s Gradua\u00e7\u00e3o em Sociedade, Ambiente e Territ\u00f3rio\" \/>\n<meta property=\"og:description\" content=\"Edital Suplementar de Sele\u00e7\u00e3o 2026\/2 \u2013 Mestrado e Doutorado \u2013 Vagas para Ind\u00edgenas, Quilombolas, Trans e Travestis e Pessoas com Defici\u00eancia 13 de abril de 2026 A Coordenadora do Programa de P\u00f3s-gradua\u00e7\u00e3o Associado Universidade Federal de Minas Gerais e Universidade Estadual de Montes Claros em Sociedade, Ambiente e Territ\u00f3rio (SAT) faz saber que, de 13 [&hellip;]\" \/>\n<meta property=\"og:url\" content=\"https:\/\/www.posgraduacao.unimontes.br\/ppgsat\/editais\/\" \/>\n<meta property=\"og:site_name\" content=\"Programa de P\u00f3s Gradua\u00e7\u00e3o em Sociedade, Ambiente e Territ\u00f3rio\" \/>\n<meta property=\"article:modified_time\" content=\"2026-04-13T13:53:41+00:00\" \/>\n<meta name=\"twitter:card\" content=\"summary_large_image\" \/>\n<script type=\"application\/ld+json\" class=\"yoast-schema-graph\">{\"@context\":\"https:\/\/schema.org\",\"@graph\":[{\"@type\":\"WebSite\",\"@id\":\"https:\/\/www.posgraduacao.unimontes.br\/ppgsat\/#website\",\"url\":\"https:\/\/www.posgraduacao.unimontes.br\/ppgsat\/\",\"name\":\"Programa de P\\u00f3s Gradua\\u00e7\\u00e3o em Sociedade, Ambiente e Territ\\u00f3rio\",\"description\":\"\",\"potentialAction\":[{\"@type\":\"SearchAction\",\"target\":\"https:\/\/www.posgraduacao.unimontes.br\/ppgsat\/?s={search_term_string}\",\"query-input\":\"required name=search_term_string\"}],\"inLanguage\":\"pt-BR\"},{\"@type\":\"WebPage\",\"@id\":\"https:\/\/www.posgraduacao.unimontes.br\/ppgsat\/editais\/#webpage\",\"url\":\"https:\/\/www.posgraduacao.unimontes.br\/ppgsat\/editais\/\",\"name\":\"Editais - Programa de P\\u00f3s Gradua\\u00e7\\u00e3o em Sociedade, Ambiente e Territ\\u00f3rio\",\"isPartOf\":{\"@id\":\"https:\/\/www.posgraduacao.unimontes.br\/ppgsat\/#website\"},\"datePublished\":\"2023-02-13T18:28:55+00:00\",\"dateModified\":\"2026-04-13T13:53:41+00:00\",\"inLanguage\":\"pt-BR\",\"potentialAction\":[{\"@type\":\"ReadAction\",\"target\":[\"https:\/\/www.posgraduacao.unimontes.br\/ppgsat\/editais\/\"]}]}]}<\/script>\n<!-- \/ Yoast SEO plugin. -->","_links":{"self":[{"href":"https:\/\/www.posgraduacao.unimontes.br\/ppgsat\/wp-json\/wp\/v2\/pages\/5117"}],"collection":[{"href":"https:\/\/www.posgraduacao.unimontes.br\/ppgsat\/wp-json\/wp\/v2\/pages"}],"about":[{"href":"https:\/\/www.posgraduacao.unimontes.br\/ppgsat\/wp-json\/wp\/v2\/types\/page"}],"author":[{"embeddable":true,"href":"https:\/\/www.posgraduacao.unimontes.br\/ppgsat\/wp-json\/wp\/v2\/users\/5"}],"replies":[{"embeddable":true,"href":"https:\/\/www.posgraduacao.unimontes.br\/ppgsat\/wp-json\/wp\/v2\/comments?post=5117"}],"version-history":[{"count":14,"href":"https:\/\/www.posgraduacao.unimontes.br\/ppgsat\/wp-json\/wp\/v2\/pages\/5117\/revisions"}],"predecessor-version":[{"id":5955,"href":"https:\/\/www.posgraduacao.unimontes.br\/ppgsat\/wp-json\/wp\/v2\/pages\/5117\/revisions\/5955"}],"wp:attachment":[{"href":"https:\/\/www.posgraduacao.unimontes.br\/ppgsat\/wp-json\/wp\/v2\/media?parent=5117"}],"curies":[{"name":"wp","href":"https:\/\/api.w.org\/{rel}","templated":true}]}}