{"id":5113,"date":"2023-02-13T15:28:54","date_gmt":"2023-02-13T18:28:54","guid":{"rendered":"https:\/\/www.posgraduacao.unimontes.br\/ppgsat\/?page_id=5113"},"modified":"2025-03-18T14:22:28","modified_gmt":"2025-03-18T17:22:28","slug":"dissertacoes","status":"publish","type":"page","link":"https:\/\/www.posgraduacao.unimontes.br\/ppgsat\/dissertacoes\/","title":{"rendered":"Disserta\u00e7\u00f5es"},"content":{"rendered":"<section class=\"kc-elm kc-css-424144 kc_row\"><div class=\"kc-row-container  kc-container\"><div class=\"kc-wrap-columns\"><div class=\"kc-elm kc-css-81945 kc_col-sm-12 kc_column kc_col-sm-12\"><div class=\"kc-col-container\"><div class=\"kc-elm kc-css-336748\" style=\"height: 20px; clear: both; width:100%;\"><\/div><div class=\"kc-elm kc-css-86670 kc_text_block\"><h3>Acesse nossas disserta\u00e7\u00f5es em apenas <strong>dois cliques<\/strong>!<\/h3>\n<p><strong>1\u00b0 clique &#8211;<\/strong> acesse, no documento abaixo, a lista de disserta\u00e7\u00f5es j\u00e1 defendidas:<\/p>\n<p><a href=\"http:\/\/www.posgraduacao.unimontes.br\/ppgsat\/wp-content\/uploads\/sites\/27\/2025\/03\/RELATORIO-ALUNOS-TITULADOS-2017-A-2025.pdf\">DISSERTA\u00c7\u00d5ES DEFENDIDAS<\/a><\/p>\n<p><strong>2\u00b0 clique &#8211;<\/strong> com o t\u00edtulo e\/ou a autoria da disserta\u00e7\u00e3o selecionada, acesse o reposit\u00f3rio institucional da UFMG para encontrar o texto completo em PDF:<\/p>\n<p><a href=\"https:\/\/repositorio.ufmg.br\/\" target=\"_blank\" rel=\"noopener noreferrer\"><strong>REPOSITORIO UFMG<\/strong><\/a><\/p>\n<\/div><div class=\"kc-elm kc-css-263251 kc_accordion_wrapper\">\n<\/div>\n<\/div><\/div><\/div><\/div><\/section>\n","protected":false},"excerpt":{"rendered":"","protected":false},"author":5,"featured_media":0,"parent":0,"menu_order":0,"comment_status":"closed","ping_status":"closed","template":"","meta":[],"yoast_head":"<!-- This site is optimized with the Yoast SEO plugin v14.7 - https:\/\/yoast.com\/wordpress\/plugins\/seo\/ -->\n<title>Disserta\u00e7\u00f5es - Programa de P\u00f3s Gradua\u00e7\u00e3o em Sociedade, Ambiente e Territ\u00f3rio<\/title>\n<meta name=\"robots\" content=\"index, follow\" \/>\n<meta name=\"googlebot\" content=\"index, follow, max-snippet:-1, max-image-preview:large, max-video-preview:-1\" \/>\n<meta name=\"bingbot\" content=\"index, follow, max-snippet:-1, max-image-preview:large, max-video-preview:-1\" \/>\n<link rel=\"canonical\" href=\"https:\/\/www.posgraduacao.unimontes.br\/ppgsat\/dissertacoes\/\" \/>\n<meta property=\"og:locale\" content=\"pt_BR\" \/>\n<meta property=\"og:type\" content=\"article\" \/>\n<meta property=\"og:title\" content=\"Disserta\u00e7\u00f5es - Programa de P\u00f3s Gradua\u00e7\u00e3o em Sociedade, Ambiente e Territ\u00f3rio\" \/>\n<meta property=\"og:description\" content=\"Acesse nossas disserta\u00e7\u00f5es em apenas dois cliques! 1\u00b0 clique &#8211; acesse, no documento abaixo, a lista de disserta\u00e7\u00f5es j\u00e1 defendidas: DISSERTA\u00c7\u00d5ES DEFENDIDAS 2\u00b0 clique &#8211; com o t\u00edtulo e\/ou a autoria da disserta\u00e7\u00e3o selecionada, acesse o reposit\u00f3rio institucional da UFMG para encontrar o texto completo em PDF: REPOSITORIO UFMG\" \/>\n<meta property=\"og:url\" content=\"https:\/\/www.posgraduacao.unimontes.br\/ppgsat\/dissertacoes\/\" \/>\n<meta property=\"og:site_name\" content=\"Programa de P\u00f3s Gradua\u00e7\u00e3o em Sociedade, Ambiente e Territ\u00f3rio\" \/>\n<meta property=\"article:modified_time\" content=\"2025-03-18T17:22:28+00:00\" \/>\n<meta name=\"twitter:card\" content=\"summary_large_image\" \/>\n<script type=\"application\/ld+json\" class=\"yoast-schema-graph\">{\"@context\":\"https:\/\/schema.org\",\"@graph\":[{\"@type\":\"WebSite\",\"@id\":\"https:\/\/www.posgraduacao.unimontes.br\/ppgsat\/#website\",\"url\":\"https:\/\/www.posgraduacao.unimontes.br\/ppgsat\/\",\"name\":\"Programa de P\\u00f3s Gradua\\u00e7\\u00e3o em Sociedade, Ambiente e Territ\\u00f3rio\",\"description\":\"\",\"potentialAction\":[{\"@type\":\"SearchAction\",\"target\":\"https:\/\/www.posgraduacao.unimontes.br\/ppgsat\/?s={search_term_string}\",\"query-input\":\"required name=search_term_string\"}],\"inLanguage\":\"pt-BR\"},{\"@type\":\"WebPage\",\"@id\":\"https:\/\/www.posgraduacao.unimontes.br\/ppgsat\/dissertacoes\/#webpage\",\"url\":\"https:\/\/www.posgraduacao.unimontes.br\/ppgsat\/dissertacoes\/\",\"name\":\"Disserta\\u00e7\\u00f5es - Programa de P\\u00f3s Gradua\\u00e7\\u00e3o em Sociedade, Ambiente e Territ\\u00f3rio\",\"isPartOf\":{\"@id\":\"https:\/\/www.posgraduacao.unimontes.br\/ppgsat\/#website\"},\"datePublished\":\"2023-02-13T18:28:54+00:00\",\"dateModified\":\"2025-03-18T17:22:28+00:00\",\"inLanguage\":\"pt-BR\",\"potentialAction\":[{\"@type\":\"ReadAction\",\"target\":[\"https:\/\/www.posgraduacao.unimontes.br\/ppgsat\/dissertacoes\/\"]}]}]}<\/script>\n<!-- \/ Yoast SEO plugin. -->","_links":{"self":[{"href":"https:\/\/www.posgraduacao.unimontes.br\/ppgsat\/wp-json\/wp\/v2\/pages\/5113"}],"collection":[{"href":"https:\/\/www.posgraduacao.unimontes.br\/ppgsat\/wp-json\/wp\/v2\/pages"}],"about":[{"href":"https:\/\/www.posgraduacao.unimontes.br\/ppgsat\/wp-json\/wp\/v2\/types\/page"}],"author":[{"embeddable":true,"href":"https:\/\/www.posgraduacao.unimontes.br\/ppgsat\/wp-json\/wp\/v2\/users\/5"}],"replies":[{"embeddable":true,"href":"https:\/\/www.posgraduacao.unimontes.br\/ppgsat\/wp-json\/wp\/v2\/comments?post=5113"}],"version-history":[{"count":18,"href":"https:\/\/www.posgraduacao.unimontes.br\/ppgsat\/wp-json\/wp\/v2\/pages\/5113\/revisions"}],"predecessor-version":[{"id":5851,"href":"https:\/\/www.posgraduacao.unimontes.br\/ppgsat\/wp-json\/wp\/v2\/pages\/5113\/revisions\/5851"}],"wp:attachment":[{"href":"https:\/\/www.posgraduacao.unimontes.br\/ppgsat\/wp-json\/wp\/v2\/media?parent=5113"}],"curies":[{"name":"wp","href":"https:\/\/api.w.org\/{rel}","templated":true}]}}