{"id":5107,"date":"2023-02-13T15:28:53","date_gmt":"2023-02-13T18:28:53","guid":{"rendered":"https:\/\/www.posgraduacao.unimontes.br\/ppgsat\/?page_id=5107"},"modified":"2023-03-16T15:17:50","modified_gmt":"2023-03-16T18:17:50","slug":"sobre-o-programa","status":"publish","type":"page","link":"https:\/\/www.posgraduacao.unimontes.br\/ppgsat\/sobre-o-programa\/","title":{"rendered":"Sobre o Programa"},"content":{"rendered":"<section class=\"kc-elm kc_row\"><div class=\"kc-row-container  kc-container\"><div class=\"kc-wrap-columns\"><div class=\"kc-elm kc_column kc_col-sm-12\"><div class=\"kc-col-container\"><div class=\"kc-elm\" style=\"height: 20px; clear: both; width:100%;\"><\/div><div class=\"kc-elm kc_text_block\"><p>A parceria entre <a href=\\\"https:\/\/ufmg.br\/\\\">UFMG<\/a> e <a href=\\\"https:\/\/unimontes.br\/\\\">Unimontes<\/a>, que deu origem ao Programa de P\u00f3s-Gradua\u00e7\u00e3o em Sociedade, Ambiente e Territ\u00f3rio (SAT), em 2015, surgiu das coincid\u00eancias entre temas, base geogr\u00e1fica, m\u00e9todos de investiga\u00e7\u00f5es usados pelos docentes e culturas organizacionais similares. As equipes, em seus grupos de pesquisa, sempre procuraram relacionar seus estudos a demandas sociais. Em consequ\u00eancia, o Programa se caracteriza, desde o in\u00edcio, pelo esfor\u00e7o de inser\u00e7\u00e3o social, cooperando com organiza\u00e7\u00f5es estatais e da sociedade civil que lidam com demandas por programas p\u00fablicos, popula\u00e7\u00f5es de periferia urbana, povos e comunidades tradicionais, media\u00e7\u00e3o social e desenvolvimento territorial. A sede do SAT fica junto \u00e0s duas institui\u00e7\u00f5es, em Montes Claros, ao norte de Minas Gerais.<\/p>\n<p>A <a href=\\\"https:\/\/ufmg.br\/\\\">UFMG<\/a> \u00e9 uma das maiores universidades federais do pa\u00eds, oferecendo cursos de gradua\u00e7\u00e3o, mestrado e doutorado. Esses cursos, atualmente, se encontram em tr\u00eas campi, sendo dois situados em Belo Horizonte (Pampulha e Sa\u00fade) e um em Montes Claros. Por meio do <a href=\\\"http:\/\/www.ica.ufmg.br\/\\\">Instituto de Ci\u00eancias Agr\u00e1rias (ICA)<\/a>, a UFMG est\u00e1 inserida na regi\u00e3o Norte mineira desde 1968, primeiro com ensino t\u00e9cnico, e a partir de 1998 oferecendo cursos de gradua\u00e7\u00e3o que absorvem contingentes de jovens do Norte, Nordeste e Noroeste de Minas e do Sudoeste da Bahia. Al\u00e9m do ensino de gradua\u00e7\u00e3o, o ICA\/UFMG oferece cursos de p\u00f3s-gradua\u00e7\u00e3o e tem se especializado na forma\u00e7\u00e3o de estudantes e pesquisadores em temas pertinentes \u00e0 sociedade, ao ambiente e ao clima da regi\u00e3o: agroecossistemas, produtos nativos e temas rurais refor\u00e7am a inser\u00e7\u00e3o regional. Esses assuntos s\u00e3o temas de pesquisas de t\u00e9cnicas adaptadas desenvolvidas por equipes dos cursos de p\u00f3s-gradua\u00e7\u00e3o do ICA e interagem constantemente com a equipe do SAT. Como o corpo docente do SAT \u00e9 constitu\u00eddo tamb\u00e9m por professores do Campus Pampulha da UFMG, o curso se apropria de assuntos que fazem parte do cotidiano da produ\u00e7\u00e3o acad\u00eamica das Ci\u00eancias Sociais, do Urbanismo e da Demografia da UFMG.<\/p>\n<p>J\u00e1 a <a href=\\\"https:\/\/unimontes.br\/\\\">Unimontes<\/a>, criada em 1962 e estadualizada em 1989, conta, tamb\u00e9m, cursos de gradua\u00e7\u00e3o e p\u00f3s-gradua\u00e7\u00e3o. Sediada em Montes Claros, mant\u00e9m cursos em 12 munic\u00edpios do Norte e Nordeste de Minas Gerais. A Unimontes apresenta um forte v\u00ednculo com a regi\u00e3o e com as demandas regionais de conhecimento. Isto se deve, em parte, \u00e0 origem do corpo docente, constitu\u00eddo, em sua maioria, por pessoas naturais do Norte mineiro ou de \u00e1reas pr\u00f3ximas, qualificadas nas melhores universidades do Brasil. Mas se deve, principalmente, \u00e0 insist\u00eancia que a Unimontes apresentou para estabelecer la\u00e7os de pertencimento com o territ\u00f3rio em que atua, de forma a construir uma expressiva capacidade de responder \u00e0s demandas regionais.<\/p>\n<p>As a\u00e7\u00f5es do SAT t\u00eam se baseado em tr\u00eas pilares:<\/p>\n<p>(I) Primeiro, na capta\u00e7\u00e3o de demandas sociais. Professores do SAT mant\u00eam parcerias duradouras com organiza\u00e7\u00f5es estatais e da sociedade civil, e da\u00ed surgem demandas que s\u00e3o transformadas em temas de trabalho do Programa.<\/p>\n<p>(II) Segundo, na resposta \u00e0s demandas, o SAT combina ensino com pesquisa e extens\u00e3o. Os p\u00f3s-graduandos, junto com docentes, respondem \u00e0s demandas sociais; se capacitam, pesquisam e executam a\u00e7\u00f5es relacionadas a pautas importantes para movimentos sociais (juventude, recursos naturais, educa\u00e7\u00e3o), organiza\u00e7\u00f5es estatais (urbaniza\u00e7\u00e3o, sa\u00fade, planejamento), ag\u00eancias de desenvolvimento territorial (agroextrativismo, \u00e1gua, programas p\u00fablicos) e organiza\u00e7\u00f5es ambientalistas (conflitos, identidade, cultura).<\/p>\n<p>(III) Terceiro, inserido na sociedade, o SAT forma pessoas qualificadas para influir no desenvolvimento regional, desta e de outras regi\u00f5es. Parte das demandas sociais que chegam vem dos pr\u00f3prios discentes. Muitos deles t\u00eam atua\u00e7\u00e3o profissional j\u00e1 estabelecida, de modo que parte da produ\u00e7\u00e3o de pesquisa e extens\u00e3o do SAT est\u00e1 enraizada em temas contempor\u00e2neos e regionais, principalmente assuntos do norte\/nordeste de Minas Gerais, do Semi\u00e1rido e da sua urbaniza\u00e7\u00e3o peculiar.<\/p>\n<p>A inser\u00e7\u00e3o social pode ser observada nos temas de disserta\u00e7\u00e3o, nas parcerias em programas e projetos de pesquisas e extens\u00e3o com equipes de docentes e discentes, articuladas com organiza\u00e7\u00f5es sociais. Na avalia\u00e7\u00e3o quadrienal 2021, a CAPES considerou a inser\u00e7\u00e3o social como ponto relevante da atua\u00e7\u00e3o do SAT. Assim, o SAT atende \u00e0 demanda tem\u00e1tica de capacita\u00e7\u00e3o interdisciplinar e \u00e0 demanda regional, constitu\u00edda por estudantes formados na Unimontes, UFMG e demais institui\u00e7\u00f5es de ensino da regi\u00e3o. Dada a interdisciplinaridade do Programa, s\u00e3o abertas amplas possibilidades de atra\u00e7\u00e3o de discentes origin\u00e1rios dos cursos de Ci\u00eancias Sociais, Humanas, Sociais Aplicadas e Ci\u00eancias Socioambientais, mas tamb\u00e9m de Ci\u00eancias Agr\u00e1rias, Biol\u00f3gicas e Exatas. O corpo docente que comp\u00f5e o SAT tem uma forte inser\u00e7\u00e3o social na regi\u00e3o, tendo experi\u00eancias em atividades que combinam pesquisa, ensino e extens\u00e3o, mas principalmente t\u00eam forte vincula\u00e7\u00e3o com tem\u00e1ticas de organiza\u00e7\u00f5es de agricultores familiares, de popula\u00e7\u00f5es tradicionais e de trabalhadores organizados. Numa conjuntura em que a meta das institui\u00e7\u00f5es de ensino no pa\u00eds tem sido buscar a regionaliza\u00e7\u00e3o, a inser\u00e7\u00e3o regional da Unimontes e do ICA\/UFMG representa consider\u00e1vel ativo, pela capacidade de estabelecer di\u00e1logos com as demandas regionais e procurar respostas na pesquisa cient\u00edfica. Assim, mais que uma alternativa de qualifica\u00e7\u00e3o de profissionais da \u00e1rea polarizada por Montes Claros, o SAT se constitui como um laborat\u00f3rio para explorar a possibilidade de expans\u00e3o multiplicada para todo o pa\u00eds, de m\u00e9todos de conhecimento territorial que se assentam em demandas postas pela sociedade e pela economia regional, e na capacidade efetiva de mobilizar conhecimentos e dar respostas a essas demandas com base na capilariza\u00e7\u00e3o das institui\u00e7\u00f5es de ensino.<\/p>\n<p>As vantagens adquiridas nas pesquisas voltadas para o conhecimento do territ\u00f3rio representam rica possibilidade de trocas entre as duas institui\u00e7\u00f5es, porque articula culturas institucionais, habilidades de ensino, pesquisa e extens\u00e3o \u00e0 capacidade de inser\u00e7\u00e3o e de capilaridade social.<\/p>\n<\/div><\/div><\/div><\/div><\/div><\/section>\n","protected":false},"excerpt":{"rendered":"","protected":false},"author":5,"featured_media":0,"parent":0,"menu_order":0,"comment_status":"closed","ping_status":"closed","template":"","meta":[],"yoast_head":"<!-- This site is optimized with the Yoast SEO plugin v14.7 - https:\/\/yoast.com\/wordpress\/plugins\/seo\/ -->\n<title>Sobre o Programa - Programa de P\u00f3s Gradua\u00e7\u00e3o em Sociedade, Ambiente e Territ\u00f3rio<\/title>\n<meta name=\"robots\" content=\"index, follow\" \/>\n<meta name=\"googlebot\" content=\"index, follow, max-snippet:-1, max-image-preview:large, max-video-preview:-1\" \/>\n<meta name=\"bingbot\" content=\"index, follow, max-snippet:-1, max-image-preview:large, max-video-preview:-1\" \/>\n<link rel=\"canonical\" href=\"https:\/\/www.posgraduacao.unimontes.br\/ppgsat\/sobre-o-programa\/\" \/>\n<meta property=\"og:locale\" content=\"pt_BR\" \/>\n<meta property=\"og:type\" content=\"article\" \/>\n<meta property=\"og:title\" content=\"Sobre o Programa - Programa de P\u00f3s Gradua\u00e7\u00e3o em Sociedade, Ambiente e Territ\u00f3rio\" \/>\n<meta property=\"og:description\" content=\"A parceria entre UFMG e Unimontes, que deu origem ao Programa de P\u00f3s-Gradua\u00e7\u00e3o em Sociedade, Ambiente e Territ\u00f3rio (SAT), em 2015, surgiu das coincid\u00eancias entre temas, base geogr\u00e1fica, m\u00e9todos de investiga\u00e7\u00f5es usados pelos docentes e culturas organizacionais similares. As equipes, em seus grupos de pesquisa, sempre procuraram relacionar seus estudos a demandas sociais. Em consequ\u00eancia, [&hellip;]\" \/>\n<meta property=\"og:url\" content=\"https:\/\/www.posgraduacao.unimontes.br\/ppgsat\/sobre-o-programa\/\" \/>\n<meta property=\"og:site_name\" content=\"Programa de P\u00f3s Gradua\u00e7\u00e3o em Sociedade, Ambiente e Territ\u00f3rio\" \/>\n<meta property=\"article:modified_time\" content=\"2023-03-16T18:17:50+00:00\" \/>\n<meta name=\"twitter:card\" content=\"summary_large_image\" \/>\n<script type=\"application\/ld+json\" class=\"yoast-schema-graph\">{\"@context\":\"https:\/\/schema.org\",\"@graph\":[{\"@type\":\"WebSite\",\"@id\":\"https:\/\/www.posgraduacao.unimontes.br\/ppgsat\/#website\",\"url\":\"https:\/\/www.posgraduacao.unimontes.br\/ppgsat\/\",\"name\":\"Programa de P\\u00f3s Gradua\\u00e7\\u00e3o em Sociedade, Ambiente e Territ\\u00f3rio\",\"description\":\"\",\"potentialAction\":[{\"@type\":\"SearchAction\",\"target\":\"https:\/\/www.posgraduacao.unimontes.br\/ppgsat\/?s={search_term_string}\",\"query-input\":\"required name=search_term_string\"}],\"inLanguage\":\"pt-BR\"},{\"@type\":\"WebPage\",\"@id\":\"https:\/\/www.posgraduacao.unimontes.br\/ppgsat\/sobre-o-programa\/#webpage\",\"url\":\"https:\/\/www.posgraduacao.unimontes.br\/ppgsat\/sobre-o-programa\/\",\"name\":\"Sobre o Programa - Programa de P\\u00f3s Gradua\\u00e7\\u00e3o em Sociedade, Ambiente e Territ\\u00f3rio\",\"isPartOf\":{\"@id\":\"https:\/\/www.posgraduacao.unimontes.br\/ppgsat\/#website\"},\"datePublished\":\"2023-02-13T18:28:53+00:00\",\"dateModified\":\"2023-03-16T18:17:50+00:00\",\"inLanguage\":\"pt-BR\",\"potentialAction\":[{\"@type\":\"ReadAction\",\"target\":[\"https:\/\/www.posgraduacao.unimontes.br\/ppgsat\/sobre-o-programa\/\"]}]}]}<\/script>\n<!-- \/ Yoast SEO plugin. -->","_links":{"self":[{"href":"https:\/\/www.posgraduacao.unimontes.br\/ppgsat\/wp-json\/wp\/v2\/pages\/5107"}],"collection":[{"href":"https:\/\/www.posgraduacao.unimontes.br\/ppgsat\/wp-json\/wp\/v2\/pages"}],"about":[{"href":"https:\/\/www.posgraduacao.unimontes.br\/ppgsat\/wp-json\/wp\/v2\/types\/page"}],"author":[{"embeddable":true,"href":"https:\/\/www.posgraduacao.unimontes.br\/ppgsat\/wp-json\/wp\/v2\/users\/5"}],"replies":[{"embeddable":true,"href":"https:\/\/www.posgraduacao.unimontes.br\/ppgsat\/wp-json\/wp\/v2\/comments?post=5107"}],"version-history":[{"count":6,"href":"https:\/\/www.posgraduacao.unimontes.br\/ppgsat\/wp-json\/wp\/v2\/pages\/5107\/revisions"}],"predecessor-version":[{"id":5750,"href":"https:\/\/www.posgraduacao.unimontes.br\/ppgsat\/wp-json\/wp\/v2\/pages\/5107\/revisions\/5750"}],"wp:attachment":[{"href":"https:\/\/www.posgraduacao.unimontes.br\/ppgsat\/wp-json\/wp\/v2\/media?parent=5107"}],"curies":[{"name":"wp","href":"https:\/\/api.w.org\/{rel}","templated":true}]}}