{"id":3446,"date":"2021-05-24T10:49:15","date_gmt":"2021-05-24T13:49:15","guid":{"rendered":"http:\/\/www.posgraduacao.unimontes.br\/ppgsat\/?page_id=3446"},"modified":"2026-01-12T10:47:21","modified_gmt":"2026-01-12T13:47:21","slug":"contato-2","status":"publish","type":"page","link":"https:\/\/www.posgraduacao.unimontes.br\/ppgsat\/contato-2\/","title":{"rendered":"Coordena\u00e7\u00e3o"},"content":{"rendered":"<section class=\"kc-elm kc-css-857059 kc_row\"><div class=\"kc-row-container  kc-container\"><div class=\"kc-wrap-columns\"><div class=\"kc-elm kc-css-319265 kc_col-sm-12 kc_column kc_col-sm-12\"><div class=\"kc-col-container\"><div class=\"kc-elm kc-css-658062\" style=\"height: 20px; clear: both; width:100%;\"><\/div><\/div><\/div><\/div><\/div><\/section><section class=\"kc-elm kc-css-893442 kc_row\"><div class=\"kc-row-container  kc-container\"><div class=\"kc-wrap-columns\"><div class=\"kc-elm kc-css-213339 kc_column kc_col-sm-12\"><div class=\"kc-col-container\"><div class=\"kc-elm kc-css-83289\" style=\"height: 20px; clear: both; width:100%;\"><\/div><div class=\"kc-elm kc-css-48038 kc_text_block\"><p><strong>Coordenadora:<\/strong> Profa. Dra. Fl\u00e1via Maria Galizoni<\/p>\n<p><strong>Coordenador-adjunto:<\/strong> Prof. Dra. Iara Soares Fran\u00e7a<\/p>\n<p><strong>E-mail:<\/strong> <a href=\"mailto:secpg@ica.ufmg.br\">secpg@ica.ufmg.br<\/a><\/p>\n<p style=\"margin: 0px 0px 1em; line-height: 29px; font-size: 17px; color: #444444; font-family: Raleway; text-align: center;\">\n<\/div><\/div><\/div><\/div><\/div><\/section>\n","protected":false},"excerpt":{"rendered":"","protected":false},"author":5,"featured_media":0,"parent":0,"menu_order":0,"comment_status":"closed","ping_status":"closed","template":"","meta":[],"yoast_head":"<!-- This site is optimized with the Yoast SEO plugin v14.7 - https:\/\/yoast.com\/wordpress\/plugins\/seo\/ -->\n<title>Coordena\u00e7\u00e3o - Programa de P\u00f3s Gradua\u00e7\u00e3o em Sociedade, Ambiente e Territ\u00f3rio<\/title>\n<meta name=\"robots\" content=\"index, follow\" \/>\n<meta name=\"googlebot\" content=\"index, follow, max-snippet:-1, max-image-preview:large, max-video-preview:-1\" \/>\n<meta name=\"bingbot\" content=\"index, follow, max-snippet:-1, max-image-preview:large, max-video-preview:-1\" \/>\n<link rel=\"canonical\" href=\"https:\/\/www.posgraduacao.unimontes.br\/ppgsat\/contato-2\/\" \/>\n<meta property=\"og:locale\" content=\"pt_BR\" \/>\n<meta property=\"og:type\" content=\"article\" \/>\n<meta property=\"og:title\" content=\"Coordena\u00e7\u00e3o - Programa de P\u00f3s Gradua\u00e7\u00e3o em Sociedade, Ambiente e Territ\u00f3rio\" \/>\n<meta property=\"og:description\" content=\"Coordenadora: Profa. Dra. Fl\u00e1via Maria Galizoni Coordenador-adjunto: Prof. Dra. Iara Soares Fran\u00e7a E-mail: secpg@ica.ufmg.br\" \/>\n<meta property=\"og:url\" content=\"https:\/\/www.posgraduacao.unimontes.br\/ppgsat\/contato-2\/\" \/>\n<meta property=\"og:site_name\" content=\"Programa de P\u00f3s Gradua\u00e7\u00e3o em Sociedade, Ambiente e Territ\u00f3rio\" \/>\n<meta property=\"article:modified_time\" content=\"2026-01-12T13:47:21+00:00\" \/>\n<meta name=\"twitter:card\" content=\"summary_large_image\" \/>\n<script type=\"application\/ld+json\" class=\"yoast-schema-graph\">{\"@context\":\"https:\/\/schema.org\",\"@graph\":[{\"@type\":\"WebSite\",\"@id\":\"https:\/\/www.posgraduacao.unimontes.br\/ppgsat\/#website\",\"url\":\"https:\/\/www.posgraduacao.unimontes.br\/ppgsat\/\",\"name\":\"Programa de P\\u00f3s Gradua\\u00e7\\u00e3o em Sociedade, Ambiente e Territ\\u00f3rio\",\"description\":\"\",\"potentialAction\":[{\"@type\":\"SearchAction\",\"target\":\"https:\/\/www.posgraduacao.unimontes.br\/ppgsat\/?s={search_term_string}\",\"query-input\":\"required name=search_term_string\"}],\"inLanguage\":\"pt-BR\"},{\"@type\":\"WebPage\",\"@id\":\"https:\/\/www.posgraduacao.unimontes.br\/ppgsat\/contato-2\/#webpage\",\"url\":\"https:\/\/www.posgraduacao.unimontes.br\/ppgsat\/contato-2\/\",\"name\":\"Coordena\\u00e7\\u00e3o - Programa de P\\u00f3s Gradua\\u00e7\\u00e3o em Sociedade, Ambiente e Territ\\u00f3rio\",\"isPartOf\":{\"@id\":\"https:\/\/www.posgraduacao.unimontes.br\/ppgsat\/#website\"},\"datePublished\":\"2021-05-24T13:49:15+00:00\",\"dateModified\":\"2026-01-12T13:47:21+00:00\",\"inLanguage\":\"pt-BR\",\"potentialAction\":[{\"@type\":\"ReadAction\",\"target\":[\"https:\/\/www.posgraduacao.unimontes.br\/ppgsat\/contato-2\/\"]}]}]}<\/script>\n<!-- \/ Yoast SEO plugin. -->","_links":{"self":[{"href":"https:\/\/www.posgraduacao.unimontes.br\/ppgsat\/wp-json\/wp\/v2\/pages\/3446"}],"collection":[{"href":"https:\/\/www.posgraduacao.unimontes.br\/ppgsat\/wp-json\/wp\/v2\/pages"}],"about":[{"href":"https:\/\/www.posgraduacao.unimontes.br\/ppgsat\/wp-json\/wp\/v2\/types\/page"}],"author":[{"embeddable":true,"href":"https:\/\/www.posgraduacao.unimontes.br\/ppgsat\/wp-json\/wp\/v2\/users\/5"}],"replies":[{"embeddable":true,"href":"https:\/\/www.posgraduacao.unimontes.br\/ppgsat\/wp-json\/wp\/v2\/comments?post=3446"}],"version-history":[{"count":17,"href":"https:\/\/www.posgraduacao.unimontes.br\/ppgsat\/wp-json\/wp\/v2\/pages\/3446\/revisions"}],"predecessor-version":[{"id":5919,"href":"https:\/\/www.posgraduacao.unimontes.br\/ppgsat\/wp-json\/wp\/v2\/pages\/3446\/revisions\/5919"}],"wp:attachment":[{"href":"https:\/\/www.posgraduacao.unimontes.br\/ppgsat\/wp-json\/wp\/v2\/media?parent=3446"}],"curies":[{"name":"wp","href":"https:\/\/api.w.org\/{rel}","templated":true}]}}