{"id":88,"date":"2019-03-12T08:55:29","date_gmt":"2019-03-12T11:55:29","guid":{"rendered":"http:\/\/www.posgraduacao.unimontes.br\/ppgmpf\/?page_id=88"},"modified":"2019-03-12T08:55:29","modified_gmt":"2019-03-12T11:55:29","slug":"disciplinas","status":"publish","type":"page","link":"https:\/\/www.posgraduacao.unimontes.br\/ppgmpf\/disciplinas\/","title":{"rendered":"Disciplinas"},"content":{"rendered":"<section class=\"kc-elm kc-css-481788 kc_row\"><div class=\"kc-row-container  kc-container\"><div class=\"kc-wrap-columns\"><div class=\"kc-elm kc-css-556409 kc_column kc_col-sm-12\"><div class=\"kc-col-container\"><div class=\"kc-elm kc-css-620018 kc_text_block\"><p>Cada nu\u0301cleo oferecer\u00e1\u00a0disciplinas obrigato\u0301rias e um conjunto de optativas visando a formac\u0327a\u0303o do estudante e o embasamento teo\u0301rico de seu trabalho de conclusa\u0303o. O curso mante\u0301m a possibilidade da oferta de algumas disciplinas optativas a dista\u0302ncia, preferencialmente na modalidade semipresencial.<\/p>\n<p>Ale\u0301m dos cre\u0301ditos relativos a\u0300 orientac\u0327a\u0303o da pesquisa, os nu\u0301cleos fara\u0303o a oferta mi\u0301nima de oito cre\u0301ditos de disciplinas por semestre, sendo sugerido para o primeiro semestre a oferta de uma disciplina obrigato\u0301ria e um semina\u0301rio e, para o segundo, uma disciplina optativa e um semina\u0301rio.<\/p>\n<p>A oferta podera\u0301 ser ampliada, conforme as disponibilidades de cada nu\u0301cleo.<\/p>\n<p>Dessas disciplinas, apenas a disciplina de semina\u0301rio de pesquisa tem um pre\u0301-requisito que e\u0301 a disciplina de semina\u0301rio de projeto e ambas, respectivamente, sa\u0303o cursadas sequencialmente no ano de ingresso do estudante no programa. As demais disciplinas na\u0303o te\u0302m pre\u0301-requisitos e podera\u0303o ser cursadas a qualquer e\u0301poca ao longo dos dois anos de durac\u0327a\u0303o do curso.<\/p>\n<p>O aluno devera\u0301 cumprir os cre\u0301ditos em disciplinas no decorrer dos 24 meses de durac\u0327a\u0303o do curso, sendo importante que as disciplinas de formac\u0327a\u0303o na\u0303o sejam separadas do processo de investigac\u0327a\u0303o e elaborac\u0327a\u0303o do trabalho de conclusa\u0303o.<\/p>\n<\/div>\n<div class=\"kc-elm kc-css-297809 divider_line\">\n\t<div class=\"divider_inner divider_line3\">\n\t\t<span class=\"line_text\">Disciplinas obrigat\u00f3rias<\/span>\t<\/div>\n<\/div>\n<div class=\"kc-elm kc-css-599295 kc_text_block\"><p>Filosofia do Ensino de Filosofia<\/p>\n<p>Laborat\u00f3rio de Ensino de Filosofia<\/p>\n<p>Semin\u00e1rio de Projetos<\/p>\n<p>Semin\u00e1rio de Pesquisa<\/p>\n<\/div>\n<div class=\"kc-elm kc-css-268716 divider_line\">\n\t<div class=\"divider_inner divider_line3\">\n\t\t<span class=\"line_text\">Disciplinas optativas<\/span>\t<\/div>\n<\/div>\n<div class=\"kc-elm kc-css-847000 kc_text_block\"><p>Filosofia na Sala de Aula<\/p>\n<p>T\u00f3picos Espec\u00edficos de Filosofia e o seu ensino<\/p>\n<p>Pesquisa em Filosofia e o seu Ensino<\/p>\n<p>Hist\u00f3ria do Ensino de Filosofia no Brasil<\/p>\n<p>Elabora\u00e7\u00e3o de Material Did\u00e1tico<\/p>\n<p>Argumenta\u00e7\u00e3o, dial\u00e9tica e ret\u00f3rica<\/p>\n<\/div><\/div><\/div><\/div><\/div><\/section>\n","protected":false},"excerpt":{"rendered":"","protected":false},"author":5,"featured_media":0,"parent":0,"menu_order":0,"comment_status":"closed","ping_status":"closed","template":"","meta":[],"yoast_head":"<!-- This site is optimized with the Yoast SEO plugin v14.7 - https:\/\/yoast.com\/wordpress\/plugins\/seo\/ -->\n<title>Disciplinas - Mestrado Profissional Prof Filosofia<\/title>\n<meta name=\"robots\" content=\"index, follow\" \/>\n<meta name=\"googlebot\" content=\"index, follow, max-snippet:-1, max-image-preview:large, max-video-preview:-1\" \/>\n<meta name=\"bingbot\" content=\"index, follow, max-snippet:-1, max-image-preview:large, max-video-preview:-1\" \/>\n<link rel=\"canonical\" href=\"https:\/\/www.posgraduacao.unimontes.br\/ppgmpf\/disciplinas\/\" \/>\n<meta property=\"og:locale\" content=\"pt_BR\" \/>\n<meta property=\"og:type\" content=\"article\" \/>\n<meta property=\"og:title\" content=\"Disciplinas - Mestrado Profissional Prof Filosofia\" \/>\n<meta property=\"og:description\" content=\"Cada nu\u0301cleo oferecer\u00e1\u00a0disciplinas obrigato\u0301rias e um conjunto de optativas visando a formac\u0327a\u0303o do estudante e o embasamento teo\u0301rico de seu trabalho de conclusa\u0303o. O curso mante\u0301m a possibilidade da oferta de algumas disciplinas optativas a dista\u0302ncia, preferencialmente na modalidade semipresencial. Ale\u0301m dos cre\u0301ditos relativos a\u0300 orientac\u0327a\u0303o da pesquisa, os nu\u0301cleos fara\u0303o a oferta mi\u0301nima de [&hellip;]\" \/>\n<meta property=\"og:url\" content=\"https:\/\/www.posgraduacao.unimontes.br\/ppgmpf\/disciplinas\/\" \/>\n<meta property=\"og:site_name\" content=\"Mestrado Profissional Prof Filosofia\" \/>\n<meta name=\"twitter:card\" content=\"summary_large_image\" \/>\n<script type=\"application\/ld+json\" class=\"yoast-schema-graph\">{\"@context\":\"https:\/\/schema.org\",\"@graph\":[{\"@type\":\"WebSite\",\"@id\":\"https:\/\/www.posgraduacao.unimontes.br\/ppgmpf\/#website\",\"url\":\"https:\/\/www.posgraduacao.unimontes.br\/ppgmpf\/\",\"name\":\"Mestrado Profissional Prof Filosofia\",\"description\":\"\",\"potentialAction\":[{\"@type\":\"SearchAction\",\"target\":\"https:\/\/www.posgraduacao.unimontes.br\/ppgmpf\/?s={search_term_string}\",\"query-input\":\"required name=search_term_string\"}],\"inLanguage\":\"pt-BR\"},{\"@type\":\"WebPage\",\"@id\":\"https:\/\/www.posgraduacao.unimontes.br\/ppgmpf\/disciplinas\/#webpage\",\"url\":\"https:\/\/www.posgraduacao.unimontes.br\/ppgmpf\/disciplinas\/\",\"name\":\"Disciplinas - Mestrado Profissional Prof Filosofia\",\"isPartOf\":{\"@id\":\"https:\/\/www.posgraduacao.unimontes.br\/ppgmpf\/#website\"},\"datePublished\":\"2019-03-12T11:55:29+00:00\",\"dateModified\":\"2019-03-12T11:55:29+00:00\",\"inLanguage\":\"pt-BR\",\"potentialAction\":[{\"@type\":\"ReadAction\",\"target\":[\"https:\/\/www.posgraduacao.unimontes.br\/ppgmpf\/disciplinas\/\"]}]}]}<\/script>\n<!-- \/ Yoast SEO plugin. -->","_links":{"self":[{"href":"https:\/\/www.posgraduacao.unimontes.br\/ppgmpf\/wp-json\/wp\/v2\/pages\/88"}],"collection":[{"href":"https:\/\/www.posgraduacao.unimontes.br\/ppgmpf\/wp-json\/wp\/v2\/pages"}],"about":[{"href":"https:\/\/www.posgraduacao.unimontes.br\/ppgmpf\/wp-json\/wp\/v2\/types\/page"}],"author":[{"embeddable":true,"href":"https:\/\/www.posgraduacao.unimontes.br\/ppgmpf\/wp-json\/wp\/v2\/users\/5"}],"replies":[{"embeddable":true,"href":"https:\/\/www.posgraduacao.unimontes.br\/ppgmpf\/wp-json\/wp\/v2\/comments?post=88"}],"version-history":[{"count":2,"href":"https:\/\/www.posgraduacao.unimontes.br\/ppgmpf\/wp-json\/wp\/v2\/pages\/88\/revisions"}],"predecessor-version":[{"id":90,"href":"https:\/\/www.posgraduacao.unimontes.br\/ppgmpf\/wp-json\/wp\/v2\/pages\/88\/revisions\/90"}],"wp:attachment":[{"href":"https:\/\/www.posgraduacao.unimontes.br\/ppgmpf\/wp-json\/wp\/v2\/media?parent=88"}],"curies":[{"name":"wp","href":"https:\/\/api.w.org\/{rel}","templated":true}]}}