{"id":84,"date":"2019-03-12T08:49:45","date_gmt":"2019-03-12T11:49:45","guid":{"rendered":"http:\/\/www.posgraduacao.unimontes.br\/ppgmpf\/?page_id=84"},"modified":"2024-11-04T13:30:53","modified_gmt":"2024-11-04T16:30:53","slug":"trabalho-de-conclusao-e-certificacao","status":"publish","type":"page","link":"https:\/\/www.posgraduacao.unimontes.br\/ppgmpf\/trabalho-de-conclusao-e-certificacao\/","title":{"rendered":"Trabalho de conclus\u00e3o e certifica\u00e7\u00e3o"},"content":{"rendered":"<section class=\"kc-elm kc-css-74050 kc_row\"><div class=\"kc-row-container  kc-container\"><div class=\"kc-wrap-columns\"><div class=\"kc-elm kc-css-842160 kc_column kc_col-sm-12\"><div class=\"kc-col-container\"><div class=\"kc-elm kc-css-780301 kc_text_block\"><ul>\n<li>A obtenc\u0327a\u0303o do ti\u0301tulo de Mestre em Filosofia do PROF-FILO tem por requisito: completar os cre\u0301ditos mi\u0301nimos em disciplinas (*24 cr\u00e9ditos), ser aprovado na qualificac\u0327a\u0303o e defesa do trabalho de conclusa\u0303o do curso;<\/li>\n<li>\u00b7 A titula\u00e7\u00e3o obtida por um aluno concluinte do mestrado profissional \u00e9 a de \u201cmestre\u201d. N\u00e3o h\u00e1 diferen\u00e7a entre o diploma de um aluno do mestrado profissional e do acad\u00eamico. Em ambos os casos, se houver interesse, o formado poder\u00e1 continuar sua carreira acad\u00eamica e prestar doutorado.<\/li>\n<\/ul>\n<\/div><\/div><\/div><\/div><\/div><\/section>\n","protected":false},"excerpt":{"rendered":"","protected":false},"author":5,"featured_media":0,"parent":0,"menu_order":0,"comment_status":"closed","ping_status":"closed","template":"","meta":[],"yoast_head":"<!-- This site is optimized with the Yoast SEO plugin v14.7 - https:\/\/yoast.com\/wordpress\/plugins\/seo\/ -->\n<title>Trabalho de conclus\u00e3o e certifica\u00e7\u00e3o  - Mestrado Profissional Prof Filosofia<\/title>\n<meta name=\"robots\" content=\"index, follow\" \/>\n<meta name=\"googlebot\" content=\"index, follow, max-snippet:-1, max-image-preview:large, max-video-preview:-1\" \/>\n<meta name=\"bingbot\" content=\"index, follow, max-snippet:-1, max-image-preview:large, max-video-preview:-1\" \/>\n<link rel=\"canonical\" href=\"https:\/\/www.posgraduacao.unimontes.br\/ppgmpf\/trabalho-de-conclusao-e-certificacao\/\" \/>\n<meta property=\"og:locale\" content=\"pt_BR\" \/>\n<meta property=\"og:type\" content=\"article\" \/>\n<meta property=\"og:title\" content=\"Trabalho de conclus\u00e3o e certifica\u00e7\u00e3o  - Mestrado Profissional Prof Filosofia\" \/>\n<meta property=\"og:description\" content=\"A obtenc\u0327a\u0303o do ti\u0301tulo de Mestre em Filosofia do PROF-FILO tem por requisito: completar os cre\u0301ditos mi\u0301nimos em disciplinas (*24 cr\u00e9ditos), ser aprovado na qualificac\u0327a\u0303o e defesa do trabalho de conclusa\u0303o do curso; \u00b7 A titula\u00e7\u00e3o obtida por um aluno concluinte do mestrado profissional \u00e9 a de \u201cmestre\u201d. N\u00e3o h\u00e1 diferen\u00e7a entre o diploma de [&hellip;]\" \/>\n<meta property=\"og:url\" content=\"https:\/\/www.posgraduacao.unimontes.br\/ppgmpf\/trabalho-de-conclusao-e-certificacao\/\" \/>\n<meta property=\"og:site_name\" content=\"Mestrado Profissional Prof Filosofia\" \/>\n<meta property=\"article:modified_time\" content=\"2024-11-04T16:30:53+00:00\" \/>\n<meta name=\"twitter:card\" content=\"summary_large_image\" \/>\n<script type=\"application\/ld+json\" class=\"yoast-schema-graph\">{\"@context\":\"https:\/\/schema.org\",\"@graph\":[{\"@type\":\"WebSite\",\"@id\":\"https:\/\/www.posgraduacao.unimontes.br\/ppgmpf\/#website\",\"url\":\"https:\/\/www.posgraduacao.unimontes.br\/ppgmpf\/\",\"name\":\"Mestrado Profissional Prof Filosofia\",\"description\":\"\",\"potentialAction\":[{\"@type\":\"SearchAction\",\"target\":\"https:\/\/www.posgraduacao.unimontes.br\/ppgmpf\/?s={search_term_string}\",\"query-input\":\"required name=search_term_string\"}],\"inLanguage\":\"pt-BR\"},{\"@type\":\"WebPage\",\"@id\":\"https:\/\/www.posgraduacao.unimontes.br\/ppgmpf\/trabalho-de-conclusao-e-certificacao\/#webpage\",\"url\":\"https:\/\/www.posgraduacao.unimontes.br\/ppgmpf\/trabalho-de-conclusao-e-certificacao\/\",\"name\":\"Trabalho de conclus\\u00e3o e certifica\\u00e7\\u00e3o - Mestrado Profissional Prof Filosofia\",\"isPartOf\":{\"@id\":\"https:\/\/www.posgraduacao.unimontes.br\/ppgmpf\/#website\"},\"datePublished\":\"2019-03-12T11:49:45+00:00\",\"dateModified\":\"2024-11-04T16:30:53+00:00\",\"inLanguage\":\"pt-BR\",\"potentialAction\":[{\"@type\":\"ReadAction\",\"target\":[\"https:\/\/www.posgraduacao.unimontes.br\/ppgmpf\/trabalho-de-conclusao-e-certificacao\/\"]}]}]}<\/script>\n<!-- \/ Yoast SEO plugin. -->","_links":{"self":[{"href":"https:\/\/www.posgraduacao.unimontes.br\/ppgmpf\/wp-json\/wp\/v2\/pages\/84"}],"collection":[{"href":"https:\/\/www.posgraduacao.unimontes.br\/ppgmpf\/wp-json\/wp\/v2\/pages"}],"about":[{"href":"https:\/\/www.posgraduacao.unimontes.br\/ppgmpf\/wp-json\/wp\/v2\/types\/page"}],"author":[{"embeddable":true,"href":"https:\/\/www.posgraduacao.unimontes.br\/ppgmpf\/wp-json\/wp\/v2\/users\/5"}],"replies":[{"embeddable":true,"href":"https:\/\/www.posgraduacao.unimontes.br\/ppgmpf\/wp-json\/wp\/v2\/comments?post=84"}],"version-history":[{"count":2,"href":"https:\/\/www.posgraduacao.unimontes.br\/ppgmpf\/wp-json\/wp\/v2\/pages\/84\/revisions"}],"predecessor-version":[{"id":572,"href":"https:\/\/www.posgraduacao.unimontes.br\/ppgmpf\/wp-json\/wp\/v2\/pages\/84\/revisions\/572"}],"wp:attachment":[{"href":"https:\/\/www.posgraduacao.unimontes.br\/ppgmpf\/wp-json\/wp\/v2\/media?parent=84"}],"curies":[{"name":"wp","href":"https:\/\/api.w.org\/{rel}","templated":true}]}}