{"id":82,"date":"2019-03-12T08:47:44","date_gmt":"2019-03-12T11:47:44","guid":{"rendered":"http:\/\/www.posgraduacao.unimontes.br\/ppgmpf\/?page_id=82"},"modified":"2024-11-04T13:29:33","modified_gmt":"2024-11-04T16:29:33","slug":"processo-seletivo","status":"publish","type":"page","link":"https:\/\/www.posgraduacao.unimontes.br\/ppgmpf\/processo-seletivo\/","title":{"rendered":"Processo Seletivo"},"content":{"rendered":"<section class=\"kc-elm kc-css-604349 kc_row\"><div class=\"kc-row-container  kc-container\"><div class=\"kc-wrap-columns\"><div class=\"kc-elm kc-css-550990 kc_column kc_col-sm-12\"><div class=\"kc-col-container\"><div class=\"kc-elm kc-css-802272 kc_text_block\"><p>Ser\u00e3o admitidos como candidatos no PROF-FILO professores de filosofia do ensino m\u00e9dio ou fundamental\u00a0que estejam em exerc\u00edcio da doc\u00eancia em sala de aula, preferencialmente, em escola da rede p\u00fablica e tenham conclu\u00eddo o curso de gradua\u00e7\u00e3o em filosofia ou \u00e1rea afim.<\/p>\n<p>A admiss\u00e3o no PROF-FILO ser\u00e1 feita mediante aprova\u00e7\u00e3o e classifica\u00e7\u00e3o no processo seletivo, que ser\u00e1 \u00fanico para toda a rede e aplicado em cada um de seus n\u00facleos.<\/p>\n<p>Edital \u00a0de processo seletivo para Turma 2017- 2019<\/p>\n<p>Resultados<\/p>\n<p><a href=\"http:\/\/www.humanas.ufpr.br\/portal\/prof-filo\/files\/2018\/08\/EDITAL-2018-PROF-FILO-PS.pdf\">Edital<\/a>\u00a0de processo seletivo para Turma 2018-2020<\/p>\n<p>Resultados<\/p>\n<p><a href=\"http:\/\/www.humanas.ufpr.br\/portal\/prof-filo\/files\/2018\/08\/EDITAL-2018-PROF-FILO-PS.pdf\">Edital<\/a>\u00a0de processo seletivo para Turma 2019-2021.<\/p>\n<p>Resultados<\/p>\n<p><a href=\"http:\/\/www.humanas.ufpr.br\/portal\/prof-filo\/files\/2018\/08\/EDITAL-2018-PROF-FILO-PS.pdf\">Edital<\/a>\u00a0de processo seletivo para Turma 2019-2021<\/p>\n<p><a href=\"https:\/\/unimontes.br\/wp-content\/uploads\/2024\/09\/EDITAL-Turma-2025-2027-PROF-FILO.pdf\">Edital de processo seletivo para Turma 2025-2027<\/a><\/p>\n<\/div><\/div><\/div><\/div><\/div><\/section>\n","protected":false},"excerpt":{"rendered":"","protected":false},"author":5,"featured_media":0,"parent":0,"menu_order":0,"comment_status":"closed","ping_status":"closed","template":"","meta":[],"yoast_head":"<!-- This site is optimized with the Yoast SEO plugin v14.7 - https:\/\/yoast.com\/wordpress\/plugins\/seo\/ -->\n<title>Processo Seletivo - Mestrado Profissional Prof Filosofia<\/title>\n<meta name=\"robots\" content=\"index, follow\" \/>\n<meta name=\"googlebot\" content=\"index, follow, max-snippet:-1, max-image-preview:large, max-video-preview:-1\" \/>\n<meta name=\"bingbot\" content=\"index, follow, max-snippet:-1, max-image-preview:large, max-video-preview:-1\" \/>\n<link rel=\"canonical\" href=\"https:\/\/www.posgraduacao.unimontes.br\/ppgmpf\/processo-seletivo\/\" \/>\n<meta property=\"og:locale\" content=\"pt_BR\" \/>\n<meta property=\"og:type\" content=\"article\" \/>\n<meta property=\"og:title\" content=\"Processo Seletivo - Mestrado Profissional Prof Filosofia\" \/>\n<meta property=\"og:description\" content=\"Ser\u00e3o admitidos como candidatos no PROF-FILO professores de filosofia do ensino m\u00e9dio ou fundamental\u00a0que estejam em exerc\u00edcio da doc\u00eancia em sala de aula, preferencialmente, em escola da rede p\u00fablica e tenham conclu\u00eddo o curso de gradua\u00e7\u00e3o em filosofia ou \u00e1rea afim. A admiss\u00e3o no PROF-FILO ser\u00e1 feita mediante aprova\u00e7\u00e3o e classifica\u00e7\u00e3o no processo seletivo, que [&hellip;]\" \/>\n<meta property=\"og:url\" content=\"https:\/\/www.posgraduacao.unimontes.br\/ppgmpf\/processo-seletivo\/\" \/>\n<meta property=\"og:site_name\" content=\"Mestrado Profissional Prof Filosofia\" \/>\n<meta property=\"article:modified_time\" content=\"2024-11-04T16:29:33+00:00\" \/>\n<meta name=\"twitter:card\" content=\"summary_large_image\" \/>\n<script type=\"application\/ld+json\" class=\"yoast-schema-graph\">{\"@context\":\"https:\/\/schema.org\",\"@graph\":[{\"@type\":\"WebSite\",\"@id\":\"https:\/\/www.posgraduacao.unimontes.br\/ppgmpf\/#website\",\"url\":\"https:\/\/www.posgraduacao.unimontes.br\/ppgmpf\/\",\"name\":\"Mestrado Profissional Prof Filosofia\",\"description\":\"\",\"potentialAction\":[{\"@type\":\"SearchAction\",\"target\":\"https:\/\/www.posgraduacao.unimontes.br\/ppgmpf\/?s={search_term_string}\",\"query-input\":\"required name=search_term_string\"}],\"inLanguage\":\"pt-BR\"},{\"@type\":\"WebPage\",\"@id\":\"https:\/\/www.posgraduacao.unimontes.br\/ppgmpf\/processo-seletivo\/#webpage\",\"url\":\"https:\/\/www.posgraduacao.unimontes.br\/ppgmpf\/processo-seletivo\/\",\"name\":\"Processo Seletivo - Mestrado Profissional Prof Filosofia\",\"isPartOf\":{\"@id\":\"https:\/\/www.posgraduacao.unimontes.br\/ppgmpf\/#website\"},\"datePublished\":\"2019-03-12T11:47:44+00:00\",\"dateModified\":\"2024-11-04T16:29:33+00:00\",\"inLanguage\":\"pt-BR\",\"potentialAction\":[{\"@type\":\"ReadAction\",\"target\":[\"https:\/\/www.posgraduacao.unimontes.br\/ppgmpf\/processo-seletivo\/\"]}]}]}<\/script>\n<!-- \/ Yoast SEO plugin. -->","_links":{"self":[{"href":"https:\/\/www.posgraduacao.unimontes.br\/ppgmpf\/wp-json\/wp\/v2\/pages\/82"}],"collection":[{"href":"https:\/\/www.posgraduacao.unimontes.br\/ppgmpf\/wp-json\/wp\/v2\/pages"}],"about":[{"href":"https:\/\/www.posgraduacao.unimontes.br\/ppgmpf\/wp-json\/wp\/v2\/types\/page"}],"author":[{"embeddable":true,"href":"https:\/\/www.posgraduacao.unimontes.br\/ppgmpf\/wp-json\/wp\/v2\/users\/5"}],"replies":[{"embeddable":true,"href":"https:\/\/www.posgraduacao.unimontes.br\/ppgmpf\/wp-json\/wp\/v2\/comments?post=82"}],"version-history":[{"count":2,"href":"https:\/\/www.posgraduacao.unimontes.br\/ppgmpf\/wp-json\/wp\/v2\/pages\/82\/revisions"}],"predecessor-version":[{"id":571,"href":"https:\/\/www.posgraduacao.unimontes.br\/ppgmpf\/wp-json\/wp\/v2\/pages\/82\/revisions\/571"}],"wp:attachment":[{"href":"https:\/\/www.posgraduacao.unimontes.br\/ppgmpf\/wp-json\/wp\/v2\/media?parent=82"}],"curies":[{"name":"wp","href":"https:\/\/api.w.org\/{rel}","templated":true}]}}