{"id":54,"date":"2019-03-12T08:33:57","date_gmt":"2019-03-12T11:33:57","guid":{"rendered":"http:\/\/www.posgraduacao.unimontes.br\/ppgmpf\/?page_id=54"},"modified":"2024-11-04T13:41:15","modified_gmt":"2024-11-04T16:41:15","slug":"dissertacao","status":"publish","type":"page","link":"https:\/\/www.posgraduacao.unimontes.br\/ppgmpf\/dissertacao\/","title":{"rendered":"Disserta\u00e7\u00e3o"},"content":{"rendered":"<section class=\"kc-elm kc-css-119471 kc_row\"><div class=\"kc-row-container  kc-container\"><div class=\"kc-wrap-columns\"><div class=\"kc-elm kc-css-422709 kc_col-sm-12 kc_column kc_col-sm-12\"><div class=\"kc-col-container\"><div class=\"kc-elm kc-css-500658 kc_row kc_row_inner\"><div class=\"kc-elm kc-css-557171 kc_col-sm-12 kc_column_inner kc_col-sm-12\"><div class=\"kc_wrapper kc-col-inner-container\"><div class=\"kc-elm kc-css-654713\" style=\"height: 20px; clear: both; width:100%;\"><\/div>\n<div class=\"kc-elm kc-css-147076 divider_line\">\n\t<div class=\"divider_inner divider_line3\">\n\t\t<span class=\"line_text\">DISSERTA\u00c7\u00d5ES 2019-2020<\/span>\t<\/div>\n<\/div>\n\n<div class=\"kc-elm kc-css-448197\">\n\t<a class=\"kc_button\" href=\"https:\/\/drive.google.com\/file\/d\/1Xdq_ATYj74jcBZNqESr3ofzzIa3aCn-N\/view?usp=sharing\" target=\"_self\" title=\"\" onclick=\"\">\n\t\t<i class=\"fa-book\"><\/i>  PEDAGOGIA DO CONCEITO E PEDAGOGIA DA PERCEP\u00c7\u00c3O FILOSOFIA E CINEMA NA PR\u00c1TICA DE ENSINO DE FILOSOFIA (ADHEMAR SANTOS DE OLIVEIRA)\t<\/a>\n<\/div>\n\n<div class=\"kc-elm kc-css-593773 divider_line\">\n\t<div class=\"divider_inner divider_line3\">\n\t\t<span class=\"line_text\">DISSERTA\u00c7\u00d5ES 2019-2020<\/span>\t<\/div>\n<\/div>\n\n<div class=\"kc-elm kc-css-570719\">\n\t<a class=\"kc_button\" href=\"https:\/\/educapes.capes.gov.br\/handle\/capes\/644808\" target=\"_self\" title=\"\" onclick=\"\">\n\t\t<i class=\"fa-book\"><\/i> FILOSOFIA, LINGUAGEM DIGITAL E PRODU\u00c7\u00c3O DE CONTE\u00daDO: EXPLORANDO AS POTENCIALIDADES DA ESCRITA AUTORAL NO ENSINO M\u00c9DIO\t<\/a>\n<\/div>\n\n<div class=\"kc-elm kc-css-432836 divider_line\">\n\t<div class=\"divider_inner divider_line3\">\n\t\t<span class=\"line_text\">DISSERTA\u00c7\u00d5ES 2019-2020<\/span>\t<\/div>\n<\/div>\n\n<div class=\"kc-elm kc-css-621864\">\n\t<a class=\"kc_button\" href=\"https:\/\/educapes.capes.gov.br\/handle\/capes\/644822\" target=\"_self\" title=\"\" onclick=\"\">\n\t\t<i class=\"fa-book\"><\/i> A AULA DE FILOSOFIA COMO DISTANCIAMENTO DA INSTRU\u00c7\u00c3O PEDAG\u00d3GICA\t<\/a>\n<\/div>\n\n<div class=\"kc-elm kc-css-717520 divider_line\">\n\t<div class=\"divider_inner divider_line3\">\n\t\t<span class=\"line_text\">DISSERTA\u00c7\u00d5ES 2019-2020<\/span>\t<\/div>\n<\/div>\n\n<div class=\"kc-elm kc-css-402645\">\n\t<a class=\"kc_button\" href=\"https:\/\/educapes.capes.gov.br\/handle\/capes\/644823\" target=\"_self\" title=\"\" onclick=\"\">\n\t\t<i class=\"fa-book\"><\/i> A INFLU\u00caNCIA DA PROPAGANDA E DA M\u00cdDIA NA CONSTRU\u00c7\u00c3O DA CONSCI\u00caNCIA POL\u00cdTICA DOS ESTUDANTES DO ENSINO M\u00c9DIO: UMA LEITURA A PARTIR DE HANNAH ARENDT\t<\/a>\n<\/div>\n<\/div><\/div><\/div><\/div><\/div><\/div><\/div><\/section>\n","protected":false},"excerpt":{"rendered":"","protected":false},"author":5,"featured_media":0,"parent":0,"menu_order":0,"comment_status":"closed","ping_status":"closed","template":"","meta":[],"yoast_head":"<!-- This site is optimized with the Yoast SEO plugin v14.7 - https:\/\/yoast.com\/wordpress\/plugins\/seo\/ -->\n<title>Disserta\u00e7\u00e3o - Mestrado Profissional Prof Filosofia<\/title>\n<meta name=\"robots\" content=\"index, follow\" \/>\n<meta name=\"googlebot\" content=\"index, follow, max-snippet:-1, max-image-preview:large, max-video-preview:-1\" \/>\n<meta name=\"bingbot\" content=\"index, follow, max-snippet:-1, max-image-preview:large, max-video-preview:-1\" \/>\n<link rel=\"canonical\" href=\"https:\/\/www.posgraduacao.unimontes.br\/ppgmpf\/dissertacao\/\" \/>\n<meta property=\"og:locale\" content=\"pt_BR\" \/>\n<meta property=\"og:type\" content=\"article\" \/>\n<meta property=\"og:title\" content=\"Disserta\u00e7\u00e3o - Mestrado Profissional Prof Filosofia\" \/>\n<meta property=\"og:description\" content=\"DISSERTA\u00c7\u00d5ES 2019-2020 PEDAGOGIA DO CONCEITO E PEDAGOGIA DA PERCEP\u00c7\u00c3O FILOSOFIA E CINEMA NA PR\u00c1TICA DE ENSINO DE FILOSOFIA (ADHEMAR SANTOS DE OLIVEIRA) DISSERTA\u00c7\u00d5ES 2019-2020 FILOSOFIA, LINGUAGEM DIGITAL E PRODU\u00c7\u00c3O DE CONTE\u00daDO: EXPLORANDO AS POTENCIALIDADES DA ESCRITA AUTORAL NO ENSINO M\u00c9DIO DISSERTA\u00c7\u00d5ES 2019-2020 A AULA DE FILOSOFIA COMO DISTANCIAMENTO DA INSTRU\u00c7\u00c3O PEDAG\u00d3GICA DISSERTA\u00c7\u00d5ES 2019-2020 A INFLU\u00caNCIA [&hellip;]\" \/>\n<meta property=\"og:url\" content=\"https:\/\/www.posgraduacao.unimontes.br\/ppgmpf\/dissertacao\/\" \/>\n<meta property=\"og:site_name\" content=\"Mestrado Profissional Prof Filosofia\" \/>\n<meta property=\"article:modified_time\" content=\"2024-11-04T16:41:15+00:00\" \/>\n<meta name=\"twitter:card\" content=\"summary_large_image\" \/>\n<script type=\"application\/ld+json\" class=\"yoast-schema-graph\">{\"@context\":\"https:\/\/schema.org\",\"@graph\":[{\"@type\":\"WebSite\",\"@id\":\"https:\/\/www.posgraduacao.unimontes.br\/ppgmpf\/#website\",\"url\":\"https:\/\/www.posgraduacao.unimontes.br\/ppgmpf\/\",\"name\":\"Mestrado Profissional Prof Filosofia\",\"description\":\"\",\"potentialAction\":[{\"@type\":\"SearchAction\",\"target\":\"https:\/\/www.posgraduacao.unimontes.br\/ppgmpf\/?s={search_term_string}\",\"query-input\":\"required name=search_term_string\"}],\"inLanguage\":\"pt-BR\"},{\"@type\":\"WebPage\",\"@id\":\"https:\/\/www.posgraduacao.unimontes.br\/ppgmpf\/dissertacao\/#webpage\",\"url\":\"https:\/\/www.posgraduacao.unimontes.br\/ppgmpf\/dissertacao\/\",\"name\":\"Disserta\\u00e7\\u00e3o - Mestrado Profissional Prof Filosofia\",\"isPartOf\":{\"@id\":\"https:\/\/www.posgraduacao.unimontes.br\/ppgmpf\/#website\"},\"datePublished\":\"2019-03-12T11:33:57+00:00\",\"dateModified\":\"2024-11-04T16:41:15+00:00\",\"inLanguage\":\"pt-BR\",\"potentialAction\":[{\"@type\":\"ReadAction\",\"target\":[\"https:\/\/www.posgraduacao.unimontes.br\/ppgmpf\/dissertacao\/\"]}]}]}<\/script>\n<!-- \/ Yoast SEO plugin. -->","_links":{"self":[{"href":"https:\/\/www.posgraduacao.unimontes.br\/ppgmpf\/wp-json\/wp\/v2\/pages\/54"}],"collection":[{"href":"https:\/\/www.posgraduacao.unimontes.br\/ppgmpf\/wp-json\/wp\/v2\/pages"}],"about":[{"href":"https:\/\/www.posgraduacao.unimontes.br\/ppgmpf\/wp-json\/wp\/v2\/types\/page"}],"author":[{"embeddable":true,"href":"https:\/\/www.posgraduacao.unimontes.br\/ppgmpf\/wp-json\/wp\/v2\/users\/5"}],"replies":[{"embeddable":true,"href":"https:\/\/www.posgraduacao.unimontes.br\/ppgmpf\/wp-json\/wp\/v2\/comments?post=54"}],"version-history":[{"count":7,"href":"https:\/\/www.posgraduacao.unimontes.br\/ppgmpf\/wp-json\/wp\/v2\/pages\/54\/revisions"}],"predecessor-version":[{"id":575,"href":"https:\/\/www.posgraduacao.unimontes.br\/ppgmpf\/wp-json\/wp\/v2\/pages\/54\/revisions\/575"}],"wp:attachment":[{"href":"https:\/\/www.posgraduacao.unimontes.br\/ppgmpf\/wp-json\/wp\/v2\/media?parent=54"}],"curies":[{"name":"wp","href":"https:\/\/api.w.org\/{rel}","templated":true}]}}