{"id":410,"date":"2019-06-26T15:49:13","date_gmt":"2019-06-26T18:49:13","guid":{"rendered":"http:\/\/www.posgraduacao.unimontes.br\/ppgmpf\/?page_id=410"},"modified":"2019-11-27T09:58:08","modified_gmt":"2019-11-27T12:58:08","slug":"editais","status":"publish","type":"page","link":"https:\/\/www.posgraduacao.unimontes.br\/ppgmpf\/editais\/","title":{"rendered":"Editais"},"content":{"rendered":"<section class=\"kc-elm kc-css-411055 kc_row\"><div class=\"kc-row-container  kc-container\"><div class=\"kc-wrap-columns\"><div class=\"kc-elm kc-css-457356 kc_col-sm-12 kc_column kc_col-sm-12\"><div class=\"kc-col-container\"><div class=\"kc-elm kc-css-719650 kc_row kc_row_inner\"><div class=\"kc-elm kc-css-589338 kc_col-sm-12 kc_column_inner kc_col-sm-12\"><div class=\"kc_wrapper kc-col-inner-container\">\n<div class=\"kc-elm kc-css-487249 divider_line\">\n\t<div class=\"divider_inner divider_line3\">\n\t\t<span class=\"line_text\">Editais 2019<\/span>\t<\/div>\n<\/div>\n\n<div class=\"kc-elm kc-css-661109\">\n\t<a class=\"kc_button\" href=\"https:\/\/drive.google.com\/file\/d\/18hzjQmNO8-FcuKsaaCWlNYDMcW1X7m_a\/view?usp=sharing\" target=\"_self\" title=\"\" onclick=\"\">\n\t\t<i class=\"fa-cloud-download-alt\"><\/i> SELE\u00c7\u00c3O DE ALUNOS - TURMA 2020-2022\t<\/a>\n<\/div>\n<div class=\"kc-elm kc-css-790009\" style=\"height: 20px; clear: both; width:100%;\"><\/div>\n<div class=\"kc-elm kc-css-410926\">\n\t<a class=\"kc_button\" href=\"https:\/\/drive.google.com\/file\/d\/1nxgOA8ISE1hDubm-hMB4yxtrwOjMm469\/view?usp=sharing\" target=\"_blank\" title=\"\" onclick=\"\">\n\t\t<i class=\"fa-cloud-download-alt\"><\/i> PROCESSO SELETIVO 2020-2022 -CRONOGRAMA DE ENTREVISTAS\t<\/a>\n<\/div>\n<div class=\"kc-elm kc-css-901372\" style=\"height: 20px; clear: both; width:100%;\"><\/div>\n<div class=\"kc-elm kc-css-889593\">\n\t<a class=\"kc_button\" href=\"https:\/\/drive.google.com\/file\/d\/1ifvVn60cK0XzKISQZJyQmbAtFmr4m_7n\/view?usp=sharing\" target=\"_self\" title=\"\" onclick=\"\">\n\t\t<i class=\"fa-cloud-download-alt\"><\/i> DISCIPLINAS ISOLADAS \u2013 MESTRADO EM FILOSOFIA 1\/2020\t<\/a>\n<\/div>\n\n<div class=\"kc-elm kc-css-796540 divider_line\">\n\t<div class=\"divider_inner divider_line1\">\n\t\t\t<\/div>\n<\/div>\n\n<div class=\"kc-elm kc-css-748638\">\n\t<a class=\"kc_button\" href=\"https:\/\/drive.google.com\/open?id=1Limezn4T2cVqSB6ju6t_btgEkblwzaVN\" target=\"_blank\" title=\"\" onclick=\"\">\n\t\t<i class=\"fa-cloud-download-alt\"><\/i> EDITAL DISCIPLINAS ISOLADAS MESTRADO PROF. FILOSOFIA - 2\u00ba SEMESTRE 2019 - UNIMONTES\t<\/a>\n<\/div>\n\n<div class=\"kc-elm kc-css-682532 divider_line\">\n\t<div class=\"divider_inner divider_line1\">\n\t\t\t<\/div>\n<\/div>\n\n<div class=\"kc-elm kc-css-870470\">\n\t<a class=\"kc_button\" href=\"https:\/\/drive.google.com\/file\/d\/1K66Aq3gTGDGAveCyLBZkjJFnqhLewcYl\/view?usp=sharing\" target=\"_blank\" title=\"\" onclick=\"\">\n\t\t<i class=\"fa-cloud-download-alt\"><\/i> RESULTADO DA SELE\u00c7\u00c3O DE ALUNOS DISCIPLINAS ISOLADAS PROF. FILOSOFIA - 2\u00ba SEMESTRE 2019 - UNIMONTES\t<\/a>\n<\/div>\n<div class=\"kc-elm kc-css-459658\" style=\"height: 20px; clear: both; width:100%;\"><\/div>\n<div class=\"kc-elm kc-css-288571 divider_line\">\n\t<div class=\"divider_inner divider_line3\">\n\t\t<span class=\"line_text\">INSCRI\u00c7\u00d5ES<\/span>\t<\/div>\n<\/div>\n\n<div class=\"kc-elm kc-css-418626\">\n\t<a class=\"kc_button\" href=\"https:\/\/drive.google.com\/file\/d\/15bp8FBbyZsPmyiCvlUaSAiSrxSeKXNme\/view?usp=sharing\" target=\"_blank\" title=\"\" onclick=\"\">\n\t\t<i class=\"fa-cloud-download-alt\"><\/i> INSCRI\u00c7\u00d5ES HOMOLOGADAS\t<\/a>\n<\/div>\n<div class=\"kc-elm kc-css-887293\" style=\"height: 20px; clear: both; width:100%;\"><\/div>\n<div class=\"kc-elm kc-css-904032\">\n\t<a class=\"kc_button\" href=\"https:\/\/drive.google.com\/file\/d\/1V6KYCV157CColf82Y-5aiP-HmcdsMsFR\/view?usp=sharing\" target=\"_blank\" title=\"\" onclick=\"\">\n\t\t<i class=\"fa-cloud-download-alt\"><\/i> INSCRI\u00c7\u00d5ES N\u00c3O HOMOLOGADAS\t<\/a>\n<\/div>\n<\/div><\/div><\/div><\/div><\/div><\/div><\/div><\/section><section class=\"kc-elm kc-css-631394 kc_row\"><div class=\"kc-row-container  kc-container\"><div class=\"kc-wrap-columns\"><div class=\"kc-elm kc-css-261363 kc_col-sm-12 kc_column kc_col-sm-12\"><div class=\"kc-col-container\"><\/div><\/div><\/div><\/div><\/section>\n","protected":false},"excerpt":{"rendered":"","protected":false},"author":16,"featured_media":0,"parent":0,"menu_order":0,"comment_status":"closed","ping_status":"closed","template":"","meta":[],"yoast_head":"<!-- This site is optimized with the Yoast SEO plugin v14.7 - https:\/\/yoast.com\/wordpress\/plugins\/seo\/ -->\n<title>Editais - Mestrado Profissional Prof Filosofia<\/title>\n<meta name=\"robots\" content=\"index, follow\" \/>\n<meta name=\"googlebot\" content=\"index, follow, max-snippet:-1, max-image-preview:large, max-video-preview:-1\" \/>\n<meta name=\"bingbot\" content=\"index, follow, max-snippet:-1, max-image-preview:large, max-video-preview:-1\" \/>\n<link rel=\"canonical\" href=\"https:\/\/www.posgraduacao.unimontes.br\/ppgmpf\/editais\/\" \/>\n<meta property=\"og:locale\" content=\"pt_BR\" \/>\n<meta property=\"og:type\" content=\"article\" \/>\n<meta property=\"og:title\" content=\"Editais - Mestrado Profissional Prof Filosofia\" \/>\n<meta property=\"og:description\" content=\"Editais 2019 SELE\u00c7\u00c3O DE ALUNOS &#8211; TURMA 2020-2022 PROCESSO SELETIVO 2020-2022 -CRONOGRAMA DE ENTREVISTAS DISCIPLINAS ISOLADAS \u2013 MESTRADO EM FILOSOFIA 1\/2020 EDITAL DISCIPLINAS ISOLADAS MESTRADO PROF. FILOSOFIA &#8211; 2\u00ba SEMESTRE 2019 &#8211; UNIMONTES RESULTADO DA SELE\u00c7\u00c3O DE ALUNOS DISCIPLINAS ISOLADAS PROF. FILOSOFIA &#8211; 2\u00ba SEMESTRE 2019 &#8211; UNIMONTES INSCRI\u00c7\u00d5ES INSCRI\u00c7\u00d5ES HOMOLOGADAS INSCRI\u00c7\u00d5ES N\u00c3O HOMOLOGADAS\" \/>\n<meta property=\"og:url\" content=\"https:\/\/www.posgraduacao.unimontes.br\/ppgmpf\/editais\/\" \/>\n<meta property=\"og:site_name\" content=\"Mestrado Profissional Prof Filosofia\" \/>\n<meta property=\"article:modified_time\" content=\"2019-11-27T12:58:08+00:00\" \/>\n<meta name=\"twitter:card\" content=\"summary_large_image\" \/>\n<script type=\"application\/ld+json\" class=\"yoast-schema-graph\">{\"@context\":\"https:\/\/schema.org\",\"@graph\":[{\"@type\":\"WebSite\",\"@id\":\"https:\/\/www.posgraduacao.unimontes.br\/ppgmpf\/#website\",\"url\":\"https:\/\/www.posgraduacao.unimontes.br\/ppgmpf\/\",\"name\":\"Mestrado Profissional Prof Filosofia\",\"description\":\"\",\"potentialAction\":[{\"@type\":\"SearchAction\",\"target\":\"https:\/\/www.posgraduacao.unimontes.br\/ppgmpf\/?s={search_term_string}\",\"query-input\":\"required name=search_term_string\"}],\"inLanguage\":\"pt-BR\"},{\"@type\":\"WebPage\",\"@id\":\"https:\/\/www.posgraduacao.unimontes.br\/ppgmpf\/editais\/#webpage\",\"url\":\"https:\/\/www.posgraduacao.unimontes.br\/ppgmpf\/editais\/\",\"name\":\"Editais - Mestrado Profissional Prof Filosofia\",\"isPartOf\":{\"@id\":\"https:\/\/www.posgraduacao.unimontes.br\/ppgmpf\/#website\"},\"datePublished\":\"2019-06-26T18:49:13+00:00\",\"dateModified\":\"2019-11-27T12:58:08+00:00\",\"inLanguage\":\"pt-BR\",\"potentialAction\":[{\"@type\":\"ReadAction\",\"target\":[\"https:\/\/www.posgraduacao.unimontes.br\/ppgmpf\/editais\/\"]}]}]}<\/script>\n<!-- \/ Yoast SEO plugin. -->","_links":{"self":[{"href":"https:\/\/www.posgraduacao.unimontes.br\/ppgmpf\/wp-json\/wp\/v2\/pages\/410"}],"collection":[{"href":"https:\/\/www.posgraduacao.unimontes.br\/ppgmpf\/wp-json\/wp\/v2\/pages"}],"about":[{"href":"https:\/\/www.posgraduacao.unimontes.br\/ppgmpf\/wp-json\/wp\/v2\/types\/page"}],"author":[{"embeddable":true,"href":"https:\/\/www.posgraduacao.unimontes.br\/ppgmpf\/wp-json\/wp\/v2\/users\/16"}],"replies":[{"embeddable":true,"href":"https:\/\/www.posgraduacao.unimontes.br\/ppgmpf\/wp-json\/wp\/v2\/comments?post=410"}],"version-history":[{"count":61,"href":"https:\/\/www.posgraduacao.unimontes.br\/ppgmpf\/wp-json\/wp\/v2\/pages\/410\/revisions"}],"predecessor-version":[{"id":557,"href":"https:\/\/www.posgraduacao.unimontes.br\/ppgmpf\/wp-json\/wp\/v2\/pages\/410\/revisions\/557"}],"wp:attachment":[{"href":"https:\/\/www.posgraduacao.unimontes.br\/ppgmpf\/wp-json\/wp\/v2\/media?parent=410"}],"curies":[{"name":"wp","href":"https:\/\/api.w.org\/{rel}","templated":true}]}}