{"id":25,"date":"2019-03-11T11:42:15","date_gmt":"2019-03-11T14:42:15","guid":{"rendered":"http:\/\/www.posgraduacao.unimontes.br\/ppgmpf\/?page_id=25"},"modified":"2019-03-14T10:39:32","modified_gmt":"2019-03-14T13:39:32","slug":"contato","status":"publish","type":"page","link":"https:\/\/www.posgraduacao.unimontes.br\/ppgmpf\/contato\/","title":{"rendered":"Contato"},"content":{"rendered":"<section class=\"kc-elm kc-css-989396 kc_row\"><div class=\"kc-row-container  kc-container\"><div class=\"kc-wrap-columns\"><div class=\"kc-elm kc-css-2392 kc_col-sm-12 kc_column kc_col-sm-12\"><div class=\"kc-col-container\"><div id=\" \" class=\"kc-elm kc-css-171423 kc_row kc_row_inner\"><div class=\"kc-elm kc-css-685139 kc_col-sm-6 kc_column_inner kc_col-sm-6\"><div class=\"kc_wrapper kc-col-inner-container\">\n<div class=\"kc-elm kc-css-259443 kc-title-wrap \">\n\n\t<h3 class=\"kc_title\">INFORMA\u00c7\u00d5ES DE CONTATO:<\/h3>\n<\/div>\n\n<div class=\"kc-elm kc-css-135866 divider_line\">\n\t<div class=\"divider_inner divider_line1\">\n\t\t\t<\/div>\n<\/div>\n<div class=\"kc-elm kc-css-681898 kc-icon-wrapper\">\n\t\t<i class=\"sl-location-pin\"><\/i>\n\t<\/div>\n<div class=\"kc-elm kc-css-771378 kc_text_block\"><p><strong>Endere\u00e7o:<\/strong><\/p>\n<div class=\"wpb_text_column wpb_content_element \">\n<div class=\"wpb_wrapper\">\n<p>PROF-FILO \u2013 Unimontes<br \/>\nSala 110B\u00a0 (3\u00ba piso) Centro de Ci\u00eancias Humanas \u2013 CCH, pr\u00e9dio 2<br \/>\nAv. Prof. Rui Braga, S\/N \u2013 Vila Mauriceia \u2013 Montes Claros \u2013 MG<br \/>\n39.401-089<\/p>\n<\/div>\n<\/div>\n<\/div>\n<div class=\"kc-elm kc-css-911660 divider_line\">\n\t<div class=\"divider_inner divider_line1\">\n\t\t\t<\/div>\n<\/div>\n<div id=\" \" class=\"kc-elm kc-css-332601 kc_row kc_row_inner\"><div class=\"kc-elm kc-css-125245 kc_col-sm-6 kc_column_inner kc_col-sm-6\"><div class=\"kc_wrapper kc-col-inner-container\"><div class=\"kc-elm kc-css-130762 kc-icon-wrapper\">\n\t\t<i class=\"sl-envelope-open\"><\/i>\n\t<\/div>\n<div class=\"kc-elm kc-css-958399 kc_text_block\"><p><strong>Email<\/strong>:<br \/>\nppgmpf@unimontes.br<\/p>\n<\/div><\/div><\/div><div class=\"kc-elm kc-css-27472 kc_col-sm-6 kc_column_inner kc_col-sm-6\"><div class=\"kc_wrapper kc-col-inner-container\"><div class=\"kc-elm kc-css-338203 kc-icon-wrapper\">\n\t\t<i class=\"sl-screen-desktop\"><\/i>\n\t<\/div>\n<div class=\"kc-elm kc-css-293791 kc_text_block\"><p><strong>Web:<\/strong><br \/>\nposgraduacao.unimontes.br\/ppgmpf<\/p>\n<\/div><\/div><\/div><\/div><div class=\"kc-elm kc-css-186279\" style=\"height: 5px; clear: both; width:100%;\"><\/div><div id=\" \" class=\"kc-elm kc-css-91285 kc_row kc_row_inner\"><div class=\"kc-elm kc-css-161655 kc_col-sm-6 kc_column_inner kc_col-sm-6\"><div class=\"kc_wrapper kc-col-inner-container\"><div class=\"kc-elm kc-css-517752 kc-icon-wrapper\">\n\t\t<i class=\"sl-call-in\"><\/i>\n\t<\/div>\n<div class=\"kc-elm kc-css-586426 kc_text_block\"><p><strong>Telefone:<br \/>\n<\/strong>(38)3229. 8233 ou 3229 8237 ( Dept\u00ba de Filosofia)<\/p>\n<\/div><\/div><\/div><div class=\"kc-elm kc-css-767085 kc_col-sm-6 kc_column_inner kc_col-sm-6\"><div class=\"kc_wrapper kc-col-inner-container\"><div class=\"kc-elm kc-css-945785 kc-icon-wrapper\">\n\t\t<i class=\"sl-social-facebook\"><\/i>\n\t<\/div>\n<div class=\"kc-elm kc-css-154985 kc_text_block\"><p><strong>Facebook<\/strong><br \/>\n@Profilo.Unimontes<\/p>\n<\/div><\/div><\/div><\/div><\/div><\/div><div class=\"kc-elm kc-css-691136 kc_col-sm-6 kc_column_inner kc_col-sm-6\"><div class=\"kc_wrapper kc-col-inner-container\"><div class=\"kc-elm kc-css-2140 kc_google_maps kc_shortcode\"><div style=\"height: 350px\" class=\"kc-google-maps\"><iframe src=\"https:\/\/www.google.com\/maps\/embed?pb=!1m18!1m12!1m3!1d3821.167339395019!2d-43.879748085537344!3d-16.718500250813378!2m3!1f0!2f0!3f0!3m2!1i1024!2i768!4f13.1!3m3!1m2!1s0xab534d0069bb7f%3A0xfa3669013d27151c!2sUniversidade+Estadual+de+Montes+Claros!5e0!3m2!1spt-BR!2sbr!4v1552394177296\" width=\"100%\" height=\"350\" frameborder=\"0\" style=\"border:0\" allowfullscreen><\/iframe><\/div><\/div><\/div><\/div><\/div><\/div><\/div><\/div><\/div><\/section>\n","protected":false},"excerpt":{"rendered":"","protected":false},"author":5,"featured_media":0,"parent":0,"menu_order":0,"comment_status":"closed","ping_status":"closed","template":"","meta":[],"yoast_head":"<!-- This site is optimized with the Yoast SEO plugin v14.7 - https:\/\/yoast.com\/wordpress\/plugins\/seo\/ -->\n<title>Contato - Mestrado Profissional Prof Filosofia<\/title>\n<meta name=\"robots\" content=\"index, follow\" \/>\n<meta name=\"googlebot\" content=\"index, follow, max-snippet:-1, max-image-preview:large, max-video-preview:-1\" \/>\n<meta name=\"bingbot\" content=\"index, follow, max-snippet:-1, max-image-preview:large, max-video-preview:-1\" \/>\n<link rel=\"canonical\" href=\"https:\/\/www.posgraduacao.unimontes.br\/ppgmpf\/contato\/\" \/>\n<meta property=\"og:locale\" content=\"pt_BR\" \/>\n<meta property=\"og:type\" content=\"article\" \/>\n<meta property=\"og:title\" content=\"Contato - Mestrado Profissional Prof Filosofia\" \/>\n<meta property=\"og:description\" content=\"INFORMA\u00c7\u00d5ES DE CONTATO: Endere\u00e7o: PROF-FILO \u2013 Unimontes Sala 110B\u00a0 (3\u00ba piso) Centro de Ci\u00eancias Humanas \u2013 CCH, pr\u00e9dio 2 Av. Prof. Rui Braga, S\/N \u2013 Vila Mauriceia \u2013 Montes Claros \u2013 MG 39.401-089 Email: ppgmpf@unimontes.br Web: posgraduacao.unimontes.br\/ppgmpf Telefone: (38)3229. 8233 ou 3229 8237 ( Dept\u00ba de Filosofia) Facebook @Profilo.Unimontes\" \/>\n<meta property=\"og:url\" content=\"https:\/\/www.posgraduacao.unimontes.br\/ppgmpf\/contato\/\" \/>\n<meta property=\"og:site_name\" content=\"Mestrado Profissional Prof Filosofia\" \/>\n<meta property=\"article:modified_time\" content=\"2019-03-14T13:39:32+00:00\" \/>\n<meta name=\"twitter:card\" content=\"summary_large_image\" \/>\n<script type=\"application\/ld+json\" class=\"yoast-schema-graph\">{\"@context\":\"https:\/\/schema.org\",\"@graph\":[{\"@type\":\"WebSite\",\"@id\":\"https:\/\/www.posgraduacao.unimontes.br\/ppgmpf\/#website\",\"url\":\"https:\/\/www.posgraduacao.unimontes.br\/ppgmpf\/\",\"name\":\"Mestrado Profissional Prof Filosofia\",\"description\":\"\",\"potentialAction\":[{\"@type\":\"SearchAction\",\"target\":\"https:\/\/www.posgraduacao.unimontes.br\/ppgmpf\/?s={search_term_string}\",\"query-input\":\"required name=search_term_string\"}],\"inLanguage\":\"pt-BR\"},{\"@type\":\"WebPage\",\"@id\":\"https:\/\/www.posgraduacao.unimontes.br\/ppgmpf\/contato\/#webpage\",\"url\":\"https:\/\/www.posgraduacao.unimontes.br\/ppgmpf\/contato\/\",\"name\":\"Contato - Mestrado Profissional Prof Filosofia\",\"isPartOf\":{\"@id\":\"https:\/\/www.posgraduacao.unimontes.br\/ppgmpf\/#website\"},\"datePublished\":\"2019-03-11T14:42:15+00:00\",\"dateModified\":\"2019-03-14T13:39:32+00:00\",\"inLanguage\":\"pt-BR\",\"potentialAction\":[{\"@type\":\"ReadAction\",\"target\":[\"https:\/\/www.posgraduacao.unimontes.br\/ppgmpf\/contato\/\"]}]}]}<\/script>\n<!-- \/ Yoast SEO plugin. -->","_links":{"self":[{"href":"https:\/\/www.posgraduacao.unimontes.br\/ppgmpf\/wp-json\/wp\/v2\/pages\/25"}],"collection":[{"href":"https:\/\/www.posgraduacao.unimontes.br\/ppgmpf\/wp-json\/wp\/v2\/pages"}],"about":[{"href":"https:\/\/www.posgraduacao.unimontes.br\/ppgmpf\/wp-json\/wp\/v2\/types\/page"}],"author":[{"embeddable":true,"href":"https:\/\/www.posgraduacao.unimontes.br\/ppgmpf\/wp-json\/wp\/v2\/users\/5"}],"replies":[{"embeddable":true,"href":"https:\/\/www.posgraduacao.unimontes.br\/ppgmpf\/wp-json\/wp\/v2\/comments?post=25"}],"version-history":[{"count":7,"href":"https:\/\/www.posgraduacao.unimontes.br\/ppgmpf\/wp-json\/wp\/v2\/pages\/25\/revisions"}],"predecessor-version":[{"id":141,"href":"https:\/\/www.posgraduacao.unimontes.br\/ppgmpf\/wp-json\/wp\/v2\/pages\/25\/revisions\/141"}],"wp:attachment":[{"href":"https:\/\/www.posgraduacao.unimontes.br\/ppgmpf\/wp-json\/wp\/v2\/media?parent=25"}],"curies":[{"name":"wp","href":"https:\/\/api.w.org\/{rel}","templated":true}]}}