{"id":21,"date":"2019-03-11T11:41:18","date_gmt":"2019-03-11T14:41:18","guid":{"rendered":"http:\/\/www.posgraduacao.unimontes.br\/ppgmpf\/?page_id=21"},"modified":"2024-11-04T13:38:18","modified_gmt":"2024-11-04T16:38:18","slug":"professores-pesquisadores","status":"publish","type":"page","link":"https:\/\/www.posgraduacao.unimontes.br\/ppgmpf\/professores-pesquisadores\/","title":{"rendered":"Professores\/Pesquisadores"},"content":{"rendered":"<section class=\"kc-elm kc-css-159847 kc_row\"><div class=\"kc-row-container  kc-container\"><div class=\"kc-wrap-columns\"><div class=\"kc-elm kc-css-986167 kc_column kc_col-sm-12\"><div class=\"kc-col-container\">\n<div class=\"kc-elm kc-css-168965 kc-title-wrap \">\n\n\t<h1 class=\"kc_title\">PROF-FILO Universidade Estadual de Montes Claros<\/h1>\n<\/div>\n<div id=\" \" class=\"kc-elm kc-css-905500 kc_row kc_row_inner\"><div class=\"kc-elm kc-css-522940 kc_col-sm-12 kc_column_inner kc_col-sm-12\"><div class=\"kc_wrapper kc-col-inner-container\">\n<div class=\"kc-elm kc-css-992633 divider_line\">\n\t<div class=\"divider_inner divider_line3\">\n\t\t<span class=\"line_text\">Coordena\u00e7\u00e3o<\/span>\t<\/div>\n<\/div>\n<div id=\" \" class=\"kc-elm kc-css-729029 kc_row kc_row_inner\"><div class=\"kc-elm kc-css-67871 kc_col-sm-6 kc_column_inner kc_col-sm-6\"><div class=\"kc_wrapper kc-col-inner-container\"><\/div><\/div><div class=\"kc-elm kc-css-370605 kc_col-sm-6 kc_column_inner kc_col-sm-6\"><div class=\"kc_wrapper kc-col-inner-container\"><div class=\"kc-elm kc-css-299234 kc_text_block\"><p>Jos\u00e9 dos Santos Filho<\/p>\n<p>ppgmf@unimontes.br<\/p>\n<\/div><\/div><\/div><\/div>\n<div class=\"kc-elm kc-css-579137 divider_line\">\n\t<div class=\"divider_inner divider_line3\">\n\t\t<span class=\"line_text\">Assuntos administrativos<\/span>\t<\/div>\n<\/div>\n<div id=\" \" class=\"kc-elm kc-css-6639 kc_row kc_row_inner\"><div class=\"kc-elm kc-css-449034 kc_col-sm-6 kc_column_inner kc_col-sm-6\"><div class=\"kc_wrapper kc-col-inner-container\"><\/div><\/div><div class=\"kc-elm kc-css-700659 kc_col-sm-6 kc_column_inner kc_col-sm-6\"><div class=\"kc_wrapper kc-col-inner-container\"><div class=\"kc-elm kc-css-378823 kc_text_block\"><p>Jos\u00e9 dos Santos Filho<\/p>\n<p>PROF-FILO \u2013 Unimontes<\/p>\n<p>Sala 110B\u00a0 (3\u00ba piso) Centro de Ci\u00eancias Humanas \u2013 CCH, pr\u00e9dio 2<\/p>\n<p>Av. Prof. Rui Braga, S\/N \u2013 Vila Mauriceia \u2013 Montes Claros \u2013 MG,\u00a0<span style=\"font-style: inherit;\">39.401-089<\/span><\/p>\n<p>(38) 3229 8233 \/ (38) 3229-8237 (Dept\u00ba Filosofia)<\/p>\n<\/div><\/div><\/div><\/div>\n<div class=\"kc-elm kc-css-642953 divider_line\">\n\t<div class=\"divider_inner divider_line3\">\n\t\t<span class=\"line_text\">Docentes<\/span>\t<\/div>\n<\/div>\n<div id=\" \" class=\"kc-elm kc-css-317573 kc_row kc_row_inner\"><div class=\"kc-elm kc-css-202024 kc_col-sm-3 kc_column_inner kc_col-sm-3\"><div class=\"kc_wrapper kc-col-inner-container\"><div class=\"kc-elm kc-css-148408 kc_shortcode kc_single_image\">\n\n        <img src=\"https:\/\/www.posgraduacao.unimontes.br\/uploads\/sites\/23\/2019\/05\/60358225_367275110798677_4332602513866883072_n.png\" class=\"\" alt=\"\" \/>    <\/div>\n<div class=\"kc-elm kc-css-322405 kc_text_block\"><p style=\"text-align: center;\"><a href=\"http:\/\/lattes.cnpq.br\/5574950503189991\" target=\"_blank\" rel=\"noopener\">Alex Fabiano Correia Jardim<\/a><\/p>\n<\/div><div class=\"kc-elm kc-css-67020\" style=\"height: 20px; clear: both; width:100%;\"><\/div><div class=\"kc-elm kc-css-419304 kc_shortcode kc_single_image\">\n\n        <img src=\"https:\/\/www.posgraduacao.unimontes.br\/uploads\/sites\/23\/2019\/03\/avatar-1577909_960_720-150x150.png\" class=\"\" alt=\"\" \/>    <\/div>\n<div class=\"kc-elm kc-css-75955 kc_text_block\"><p style=\"text-align: center;\">Jos\u00e9 dos Santos Filho<\/p>\n<\/div><\/div><\/div><div class=\"kc-elm kc-css-340719 kc_col-sm-3 kc_column_inner kc_col-sm-3\"><div class=\"kc_wrapper kc-col-inner-container\"><div class=\"kc-elm kc-css-732755 kc_shortcode kc_single_image\">\n\n        <img src=\"https:\/\/www.posgraduacao.unimontes.br\/uploads\/sites\/23\/2019\/03\/avatar-1577909_960_720-150x150.png\" class=\"\" alt=\"\" \/>    <\/div>\n<div class=\"kc-elm kc-css-738410 kc_text_block\"><p style=\"text-align: center;\">Alice Medrado Parrela<\/p>\n<\/div><div class=\"kc-elm kc-css-51206\" style=\"height: 20px; clear: both; width:100%;\"><\/div><div class=\"kc-elm kc-css-926826 kc_shortcode kc_single_image\">\n\n        <img src=\"https:\/\/www.posgraduacao.unimontes.br\/uploads\/sites\/23\/2019\/03\/avatar-1577909_960_720-150x150.png\" class=\"\" alt=\"\" \/>    <\/div>\n<div class=\"kc-elm kc-css-467549 kc_text_block\"><p style=\"text-align: center;\"><a href=\"http:\/\/lattes.cnpq.br\/6771586892254767\" target=\"_blank\" rel=\"noopener\">P\u00e9ricles Pereira de Sousa<\/a><\/p>\n<\/div><\/div><\/div><div class=\"kc-elm kc-css-857928 kc_col-sm-3 kc_column_inner kc_col-sm-3\"><div class=\"kc_wrapper kc-col-inner-container\"><div class=\"kc-elm kc-css-390454 kc_shortcode kc_single_image\">\n\n        <img src=\"https:\/\/www.posgraduacao.unimontes.br\/uploads\/sites\/23\/2019\/03\/avatar-1577909_960_720-150x150.png\" class=\"\" alt=\"\" \/>    <\/div>\n<div class=\"kc-elm kc-css-346199 kc_text_block\"><p style=\"text-align: center;\">Bianca Kelly de Souza<\/p>\n<\/div><div class=\"kc-elm kc-css-461721\" style=\"height: 20px; clear: both; width:100%;\"><\/div><div class=\"kc-elm kc-css-239485 kc_shortcode kc_single_image\">\n\n        <img src=\"https:\/\/www.posgraduacao.unimontes.br\/uploads\/sites\/23\/2019\/03\/avatar-1577909_960_720-150x150.png\" class=\"\" alt=\"\" \/>    <\/div>\n<div class=\"kc-elm kc-css-532001 kc_text_block\"><p style=\"text-align: center;\">Lilian Simone Godoy Fonseca<\/p>\n<\/div><\/div><\/div><div class=\"kc-elm kc-css-905825 kc_col-sm-3 kc_column_inner kc_col-sm-3\"><div class=\"kc_wrapper kc-col-inner-container\"><div class=\"kc-elm kc-css-613594 kc_shortcode kc_single_image\">\n\n        <img src=\"https:\/\/www.posgraduacao.unimontes.br\/uploads\/sites\/23\/2019\/03\/avatar-1577909_960_720-150x150.png\" class=\"\" alt=\"\" \/>    <\/div>\n<div class=\"kc-elm kc-css-830311 kc_text_block\"><p style=\"text-align: center;\">Ellen de C\u00e1ssia Sousa Parrela<\/p>\n<\/div><div class=\"kc-elm kc-css-581529\" style=\"height: 20px; clear: both; width:100%;\"><\/div><div class=\"kc-elm kc-css-134173 kc_shortcode kc_single_image\">\n\n        <img src=\"https:\/\/www.posgraduacao.unimontes.br\/uploads\/sites\/23\/2019\/03\/avatar-1577909_960_720-150x150.png\" class=\"\" alt=\"\" \/>    <\/div>\n<div class=\"kc-elm kc-css-559010 kc_text_block\"><p style=\"text-align: center;\">Paulo Henrique Dias Costa<\/p>\n<\/div><\/div><\/div><\/div><\/div><\/div><\/div><div class=\"kc-elm kc-css-700883\" style=\"height: 20px; clear: both; width:100%;\"><\/div><div id=\" \" class=\"kc-elm kc-css-603417 kc_row kc_row_inner\"><div class=\"kc-elm kc-css-136266 kc_col-sm-12 kc_column_inner kc_col-sm-12\"><div class=\"kc_wrapper kc-col-inner-container\"><\/div><\/div><\/div><\/div><\/div><\/div><\/div><\/section>\n","protected":false},"excerpt":{"rendered":"","protected":false},"author":5,"featured_media":0,"parent":0,"menu_order":0,"comment_status":"closed","ping_status":"closed","template":"","meta":[],"yoast_head":"<!-- This site is optimized with the Yoast SEO plugin v14.7 - https:\/\/yoast.com\/wordpress\/plugins\/seo\/ -->\n<title>Professores\/Pesquisadores - Mestrado Profissional Prof Filosofia<\/title>\n<meta name=\"robots\" content=\"index, follow\" \/>\n<meta name=\"googlebot\" content=\"index, follow, max-snippet:-1, max-image-preview:large, max-video-preview:-1\" \/>\n<meta name=\"bingbot\" content=\"index, follow, max-snippet:-1, max-image-preview:large, max-video-preview:-1\" \/>\n<link rel=\"canonical\" href=\"https:\/\/www.posgraduacao.unimontes.br\/ppgmpf\/professores-pesquisadores\/\" \/>\n<meta property=\"og:locale\" content=\"pt_BR\" \/>\n<meta property=\"og:type\" content=\"article\" \/>\n<meta property=\"og:title\" content=\"Professores\/Pesquisadores - Mestrado Profissional Prof Filosofia\" \/>\n<meta property=\"og:description\" content=\"PROF-FILO Universidade Estadual de Montes Claros Coordena\u00e7\u00e3o Jos\u00e9 dos Santos Filho ppgmf@unimontes.br Assuntos administrativos Jos\u00e9 dos Santos Filho PROF-FILO \u2013 Unimontes Sala 110B\u00a0 (3\u00ba piso) Centro de Ci\u00eancias Humanas \u2013 CCH, pr\u00e9dio 2 Av. Prof. Rui Braga, S\/N \u2013 Vila Mauriceia \u2013 Montes Claros \u2013 MG,\u00a039.401-089 (38) 3229 8233 \/ (38) 3229-8237 (Dept\u00ba Filosofia) Docentes [&hellip;]\" \/>\n<meta property=\"og:url\" content=\"https:\/\/www.posgraduacao.unimontes.br\/ppgmpf\/professores-pesquisadores\/\" \/>\n<meta property=\"og:site_name\" content=\"Mestrado Profissional Prof Filosofia\" \/>\n<meta property=\"article:modified_time\" content=\"2024-11-04T16:38:18+00:00\" \/>\n<meta property=\"og:image\" content=\"http:\/\/www.posgraduacao.unimontes.br\/uploads\/sites\/23\/2019\/05\/60358225_367275110798677_4332602513866883072_n.png\" \/>\n<meta name=\"twitter:card\" content=\"summary_large_image\" \/>\n<script type=\"application\/ld+json\" class=\"yoast-schema-graph\">{\"@context\":\"https:\/\/schema.org\",\"@graph\":[{\"@type\":\"WebSite\",\"@id\":\"https:\/\/www.posgraduacao.unimontes.br\/ppgmpf\/#website\",\"url\":\"https:\/\/www.posgraduacao.unimontes.br\/ppgmpf\/\",\"name\":\"Mestrado Profissional Prof Filosofia\",\"description\":\"\",\"potentialAction\":[{\"@type\":\"SearchAction\",\"target\":\"https:\/\/www.posgraduacao.unimontes.br\/ppgmpf\/?s={search_term_string}\",\"query-input\":\"required name=search_term_string\"}],\"inLanguage\":\"pt-BR\"},{\"@type\":\"ImageObject\",\"@id\":\"https:\/\/www.posgraduacao.unimontes.br\/ppgmpf\/professores-pesquisadores\/#primaryimage\",\"inLanguage\":\"pt-BR\",\"url\":\"http:\/\/www.posgraduacao.unimontes.br\/uploads\/sites\/23\/2019\/05\/60358225_367275110798677_4332602513866883072_n.png\"},{\"@type\":\"WebPage\",\"@id\":\"https:\/\/www.posgraduacao.unimontes.br\/ppgmpf\/professores-pesquisadores\/#webpage\",\"url\":\"https:\/\/www.posgraduacao.unimontes.br\/ppgmpf\/professores-pesquisadores\/\",\"name\":\"Professores\/Pesquisadores - Mestrado Profissional Prof Filosofia\",\"isPartOf\":{\"@id\":\"https:\/\/www.posgraduacao.unimontes.br\/ppgmpf\/#website\"},\"primaryImageOfPage\":{\"@id\":\"https:\/\/www.posgraduacao.unimontes.br\/ppgmpf\/professores-pesquisadores\/#primaryimage\"},\"datePublished\":\"2019-03-11T14:41:18+00:00\",\"dateModified\":\"2024-11-04T16:38:18+00:00\",\"inLanguage\":\"pt-BR\",\"potentialAction\":[{\"@type\":\"ReadAction\",\"target\":[\"https:\/\/www.posgraduacao.unimontes.br\/ppgmpf\/professores-pesquisadores\/\"]}]}]}<\/script>\n<!-- \/ Yoast SEO plugin. -->","_links":{"self":[{"href":"https:\/\/www.posgraduacao.unimontes.br\/ppgmpf\/wp-json\/wp\/v2\/pages\/21"}],"collection":[{"href":"https:\/\/www.posgraduacao.unimontes.br\/ppgmpf\/wp-json\/wp\/v2\/pages"}],"about":[{"href":"https:\/\/www.posgraduacao.unimontes.br\/ppgmpf\/wp-json\/wp\/v2\/types\/page"}],"author":[{"embeddable":true,"href":"https:\/\/www.posgraduacao.unimontes.br\/ppgmpf\/wp-json\/wp\/v2\/users\/5"}],"replies":[{"embeddable":true,"href":"https:\/\/www.posgraduacao.unimontes.br\/ppgmpf\/wp-json\/wp\/v2\/comments?post=21"}],"version-history":[{"count":18,"href":"https:\/\/www.posgraduacao.unimontes.br\/ppgmpf\/wp-json\/wp\/v2\/pages\/21\/revisions"}],"predecessor-version":[{"id":574,"href":"https:\/\/www.posgraduacao.unimontes.br\/ppgmpf\/wp-json\/wp\/v2\/pages\/21\/revisions\/574"}],"wp:attachment":[{"href":"https:\/\/www.posgraduacao.unimontes.br\/ppgmpf\/wp-json\/wp\/v2\/media?parent=21"}],"curies":[{"name":"wp","href":"https:\/\/api.w.org\/{rel}","templated":true}]}}