{"id":2,"date":"2019-03-11T11:27:16","date_gmt":"2019-03-11T14:27:16","guid":{"rendered":"http:\/\/www.posgraduacao.unimontes.br\/ppgmpf\/?page_id=2"},"modified":"2019-10-30T11:23:21","modified_gmt":"2019-10-30T14:23:21","slug":"pagina-exemplo","status":"publish","type":"page","link":"https:\/\/www.posgraduacao.unimontes.br\/ppgmpf\/","title":{"rendered":"Home"},"content":{"rendered":"<section class=\"kc-elm kc-css-511499 kc_row\"><div class=\"kc-row-container  kc-container\"><div class=\"kc-wrap-columns\"><div class=\"kc-elm kc-css-48025 kc_col-sm-12 kc_column kc_col-sm-12\"><div class=\"kc-col-container\"><div id=\" \" class=\"kc-elm kc-css-163099 kc_row kc_row_inner\"><div class=\"kc-elm kc-css-449354 kc_col-sm-12 kc_column_inner kc_col-sm-12\"><div class=\"kc_wrapper kc-col-inner-container\"><div class=\"kc-elm kc-css-852181\" style=\"height: 50px; clear: both; width:100%;\"><\/div>\n<div class=\"kc-elm kc-css-303728 kc-title-wrap \">\n\n\t<h2 class=\"kc_title\">Postagens recentes<\/h2>\n<\/div>\n\n<div class=\"kc-elm kc-css-760254 kc-blog-posts kc-blog-posts-3 kc-blog-grid kc_blog_masonry kc-image-align-both\">\n\t\n\t\t\n\t\t\t\t<div class=\"post-grid grid-3\">\n\t\t\t\t\t<div class=\"kc-list-item-3\">\n\t\t\t\t\t\t\t\t\t\t\t\t\t<a href=\"https:\/\/www.posgraduacao.unimontes.br\/ppgmpf\/2019\/12\/06\/notas-de-esclarecimento\/\" class=\"entry-thumb-link\">\n\t\t\t\t\t\t\t\t<div class=\"entry-thumb-wrapper\">\n\t\t\t\t\t\t\t\t\t<img src=\"https:\/\/www.posgraduacao.unimontes.br\/uploads\/sites\/23\/2019\/04\/56526753_2291790071064035_8654952584315928576_n1.jpg-1.png\"\n\t\t\t\t\t\t\t\t\t     alt=\"Notas de Esclarecimento\"\/>\n\t\t\t\t\t\t\t\t\t<div class=\"entry-thumb-overlay\"><\/div>\n\t\t\t\t\t\t\t\t<\/div>\n\t\t\t\t\t\t\t<\/a>\n\t\t\t\t\t\t\t\t\t\t\t\t<div class=\"content\">\n\t\t\t\t\t\t\t<h2 class=\"post-title-alt\"><a\n\t\t\t\t\t\t\t\thref=\"https:\/\/www.posgraduacao.unimontes.br\/ppgmpf\/2019\/12\/06\/notas-de-esclarecimento\/\">Notas de Esclarecimento<\/a>\n\t\t\t\t\t\t\t<\/h2>\n\t\t\t\t\t\t\t\t\t\t\t\t\t\t\t<div class=\"entry-meta\">\n\t\t\t\t\t\t\t\t\t\t\t\t\t\t\t\t\t\t\t\t\t\t\t\t\t\t\t<span class=\"entry-date\"><a\n\t\t\t\t\t\t\t\t\t\t\thref=\"https:\/\/www.posgraduacao.unimontes.br\/ppgmpf\/2019\/12\/06\/notas-de-esclarecimento\/\">dezembro 06, 2019<\/a><\/span>\n\t\t\t\t\t\t\t\t\t\t\t\t\t\t\t\t\t\t\t\t\t\t\t\t\t\t<\/div>\n\t\t\t\t\t\t\t\t\t\t\t\t\t\t\t\t\t\t\t\t\t\t<div class=\"entry-excerpt\">\n\t\t\t\t\t\t\t\t\t<p>A coordena\u00e7\u00e3o nacional do PROF-FILO - Mestrado Profissional em Filosofia, um dos Programas de Mestrado Profissional para Qualifica\u00e7\u00e3o de Professores&hellip;<\/p>\n\t\t\t\t\t\t\t\t<\/div>\n\t\t\t\t\t\t\t\t\t\t\t\t\t\t<a href=\"https:\/\/www.posgraduacao.unimontes.br\/ppgmpf\/2019\/12\/06\/notas-de-esclarecimento\/\"\n\t\t\t\t\t\t\t   class=\"kc-post-2-button\">Leia Mais <i\n\t\t\t\t\t\t\t\t\tclass=\"fa fa-angle-right\" aria-hidden=\"true\"><\/i><\/a>\n\t\t\t\t\t\t\t\t\t\t\t\t\t<\/div>\n\t\t\t\t\t<\/div>\n\t\t\t\t<\/div>\n\n\t\t\t\t\n\t\t\t\t<div class=\"post-grid grid-3\">\n\t\t\t\t\t<div class=\"kc-list-item-3\">\n\t\t\t\t\t\t\t\t\t\t\t\t\t<a href=\"https:\/\/www.posgraduacao.unimontes.br\/ppgmpf\/2019\/11\/27\/disciplinas-isoladas-mestrado-em-filosofia-1-2020\/\" class=\"entry-thumb-link\">\n\t\t\t\t\t\t\t\t<div class=\"entry-thumb-wrapper\">\n\t\t\t\t\t\t\t\t\t<img src=\"https:\/\/www.posgraduacao.unimontes.br\/uploads\/sites\/23\/2019\/04\/56526753_2291790071064035_8654952584315928576_n1.jpg-1.png\"\n\t\t\t\t\t\t\t\t\t     alt=\"Disciplinas Isoladas \u2013 Mestrado em Filosofia 1\/2020\"\/>\n\t\t\t\t\t\t\t\t\t<div class=\"entry-thumb-overlay\"><\/div>\n\t\t\t\t\t\t\t\t<\/div>\n\t\t\t\t\t\t\t<\/a>\n\t\t\t\t\t\t\t\t\t\t\t\t<div class=\"content\">\n\t\t\t\t\t\t\t<h2 class=\"post-title-alt\"><a\n\t\t\t\t\t\t\t\thref=\"https:\/\/www.posgraduacao.unimontes.br\/ppgmpf\/2019\/11\/27\/disciplinas-isoladas-mestrado-em-filosofia-1-2020\/\">Disciplinas Isoladas \u2013 Mestrado em Filosofia 1\/2020<\/a>\n\t\t\t\t\t\t\t<\/h2>\n\t\t\t\t\t\t\t\t\t\t\t\t\t\t\t<div class=\"entry-meta\">\n\t\t\t\t\t\t\t\t\t\t\t\t\t\t\t\t\t\t\t\t\t\t\t\t\t\t\t<span class=\"entry-date\"><a\n\t\t\t\t\t\t\t\t\t\t\thref=\"https:\/\/www.posgraduacao.unimontes.br\/ppgmpf\/2019\/11\/27\/disciplinas-isoladas-mestrado-em-filosofia-1-2020\/\">novembro 27, 2019<\/a><\/span>\n\t\t\t\t\t\t\t\t\t\t\t\t\t\t\t\t\t\t\t\t\t\t\t\t\t\t<\/div>\n\t\t\t\t\t\t\t\t\t\t\t\t\t\t\t\t\t\t\t\t\t\t<div class=\"entry-excerpt\">\n\t\t\t\t\t\t\t\t\t<p>Saiu o Edital das Disciplinas Isoladas 1\/2020 Para ir ao site do Mestrado, Clique Aqui. Para ir ao download do&hellip;<\/p>\n\t\t\t\t\t\t\t\t<\/div>\n\t\t\t\t\t\t\t\t\t\t\t\t\t\t<a href=\"https:\/\/www.posgraduacao.unimontes.br\/ppgmpf\/2019\/11\/27\/disciplinas-isoladas-mestrado-em-filosofia-1-2020\/\"\n\t\t\t\t\t\t\t   class=\"kc-post-2-button\">Leia Mais <i\n\t\t\t\t\t\t\t\t\tclass=\"fa fa-angle-right\" aria-hidden=\"true\"><\/i><\/a>\n\t\t\t\t\t\t\t\t\t\t\t\t\t<\/div>\n\t\t\t\t\t<\/div>\n\t\t\t\t<\/div>\n\n\t\t\t\t\n\t\t\t\t<div class=\"post-grid grid-3\">\n\t\t\t\t\t<div class=\"kc-list-item-3\">\n\t\t\t\t\t\t\t\t\t\t\t\t\t<a href=\"https:\/\/www.posgraduacao.unimontes.br\/ppgmpf\/2019\/11\/13\/dissertacao-pedagogia-do-conceito-e-pedagogia-da-percepcao\/\" class=\"entry-thumb-link\">\n\t\t\t\t\t\t\t\t<div class=\"entry-thumb-wrapper\">\n\t\t\t\t\t\t\t\t\t<img src=\"https:\/\/www.posgraduacao.unimontes.br\/uploads\/sites\/23\/2019\/04\/56526753_2291790071064035_8654952584315928576_n1.jpg-1.png\"\n\t\t\t\t\t\t\t\t\t     alt=\"DISSERTA\u00c7\u00c3O: PEDAGOGIA DO CONCEITO E PEDAGOGIA DA PERCEP\u00c7\u00c3O\"\/>\n\t\t\t\t\t\t\t\t\t<div class=\"entry-thumb-overlay\"><\/div>\n\t\t\t\t\t\t\t\t<\/div>\n\t\t\t\t\t\t\t<\/a>\n\t\t\t\t\t\t\t\t\t\t\t\t<div class=\"content\">\n\t\t\t\t\t\t\t<h2 class=\"post-title-alt\"><a\n\t\t\t\t\t\t\t\thref=\"https:\/\/www.posgraduacao.unimontes.br\/ppgmpf\/2019\/11\/13\/dissertacao-pedagogia-do-conceito-e-pedagogia-da-percepcao\/\">DISSERTA\u00c7\u00c3O: PEDAGOGIA DO CONCEITO E PEDAGOGIA DA PERCEP\u00c7\u00c3O<\/a>\n\t\t\t\t\t\t\t<\/h2>\n\t\t\t\t\t\t\t\t\t\t\t\t\t\t\t<div class=\"entry-meta\">\n\t\t\t\t\t\t\t\t\t\t\t\t\t\t\t\t\t\t\t\t\t\t\t\t\t\t\t<span class=\"entry-date\"><a\n\t\t\t\t\t\t\t\t\t\t\thref=\"https:\/\/www.posgraduacao.unimontes.br\/ppgmpf\/2019\/11\/13\/dissertacao-pedagogia-do-conceito-e-pedagogia-da-percepcao\/\">novembro 13, 2019<\/a><\/span>\n\t\t\t\t\t\t\t\t\t\t\t\t\t\t\t\t\t\t\t\t\t\t\t\t\t\t<\/div>\n\t\t\t\t\t\t\t\t\t\t\t\t\t\t\t\t\t\t\t\t\t\t<div class=\"entry-excerpt\">\n\t\t\t\t\t\t\t\t\t<p>Clique aqui, Para ser redirecionado a pagina. DISSERTA\u00c7\u00c3O - PEDAGOGIA DO CONCEITO E PEDAGOGIA DA PERCEP\u00c7\u00c3O FILOSOFIA E CINEMA NA&hellip;<\/p>\n\t\t\t\t\t\t\t\t<\/div>\n\t\t\t\t\t\t\t\t\t\t\t\t\t\t<a href=\"https:\/\/www.posgraduacao.unimontes.br\/ppgmpf\/2019\/11\/13\/dissertacao-pedagogia-do-conceito-e-pedagogia-da-percepcao\/\"\n\t\t\t\t\t\t\t   class=\"kc-post-2-button\">Leia Mais <i\n\t\t\t\t\t\t\t\t\tclass=\"fa fa-angle-right\" aria-hidden=\"true\"><\/i><\/a>\n\t\t\t\t\t\t\t\t\t\t\t\t\t<\/div>\n\t\t\t\t\t<\/div>\n\t\t\t\t<\/div>\n\n\t\t\t\t\n\t\n<\/div>\n<\/div><\/div><\/div><div id=\" \" class=\"kc-elm kc-css-305612 kc_row kc_row_inner\"><div class=\"kc-elm kc-css-118440 kc_col-sm-12 kc_column_inner kc_col-sm-12\"><div class=\"kc_wrapper kc-col-inner-container\"><div class=\"kc-elm kc-css-317854\" style=\"height: 50px; clear: both; width:100%;\"><\/div>\n<div class=\"kc-elm kc-css-264508 kc-title-wrap \">\n\n\t<h3 class=\"kc_title\">Centro de Publica\u00e7\u00f5es<\/h3>\n<\/div>\n<div class=\"kc-elm kc-css-799792\" style=\"height: 50px; clear: both; width:100%;\"><\/div>\n<div class=\"kc-elm kc-css-324304 kc-title-wrap \">\n\n\t<h4 class=\"kc_title\">Nossos resultados alcan\u00e7ados:<\/h4>\n<\/div>\n<div class=\"kc-elm kc-css-136624\" style=\"height: 50px; clear: both; width:100%;\"><\/div><div id=\" \" class=\"kc-elm kc-css-61606 kc_row kc_row_inner\"><div class=\"kc-elm kc-css-452335 kc_col-sm-4 kc_column_inner kc_col-sm-4\"><div class=\"kc_wrapper kc-col-inner-container\">\n<div class=\"kc-elm kc-css-81440 kc_counter_box\">\n\t<i class=\"et-documents element-icon\"><\/i>\t<span class=\"counterup\">58<\/span>\n\t<h4>MONOGRAFIAS CADASTRADAS<\/h4><\/div>\n<\/div><\/div><div class=\"kc-elm kc-css-97443 kc_col-sm-4 kc_column_inner kc_col-sm-4\"><div class=\"kc_wrapper kc-col-inner-container\">\n<div class=\"kc-elm kc-css-31853 kc_counter_box\">\n\t<i class=\"et-edit element-icon\"><\/i>\t<span class=\"counterup\">112<\/span>\n\t<h4>PESQUISAS DESENVOLVIDAS<\/h4><\/div>\n<\/div><\/div><div class=\"kc-elm kc-css-226695 kc_col-sm-4 kc_column_inner kc_col-sm-4\"><div class=\"kc_wrapper kc-col-inner-container\">\n<div class=\"kc-elm kc-css-435558 kc_counter_box\">\n\t<i class=\"et-tools element-icon\"><\/i>\t<span class=\"counterup\">75<\/span>\n\t<h4>TRABALHOS FINALIZADOS<\/h4><\/div>\n<\/div><\/div><\/div><\/div><\/div><\/div><\/div><\/div><\/div><\/div><\/section>\n","protected":false},"excerpt":{"rendered":"","protected":false},"author":5,"featured_media":0,"parent":0,"menu_order":0,"comment_status":"closed","ping_status":"closed","template":"","meta":[],"yoast_head":"<!-- This site is optimized with the Yoast SEO plugin v14.7 - https:\/\/yoast.com\/wordpress\/plugins\/seo\/ -->\n<title>Home - Mestrado Profissional Prof Filosofia<\/title>\n<meta name=\"robots\" content=\"index, follow\" \/>\n<meta name=\"googlebot\" content=\"index, follow, max-snippet:-1, max-image-preview:large, max-video-preview:-1\" \/>\n<meta name=\"bingbot\" content=\"index, follow, max-snippet:-1, max-image-preview:large, max-video-preview:-1\" \/>\n<link rel=\"canonical\" href=\"https:\/\/www.posgraduacao.unimontes.br\/ppgmpf\/\" \/>\n<meta property=\"og:locale\" content=\"pt_BR\" \/>\n<meta property=\"og:type\" content=\"article\" \/>\n<meta property=\"og:title\" content=\"Home - Mestrado Profissional Prof Filosofia\" \/>\n<meta property=\"og:description\" content=\"Postagens recentes Processo Seletivo 2020-2022 &#8211; Cronograma de Entrevistas outubro 25, 2019 Clique Aqui, para ser redirecionado a pagina do documento. Leia Mais Resultado das Inscri\u00e7\u00f5es setembro 11, 2019 Clique aqui para ser redirecionado a p\u00e1gina! Leia Mais Edital Sele\u00e7\u00e3o de Alunos 2020\/2022 agosto 22, 2019 Clique Aqui para ser redirecionado Leia Mais Centro de [&hellip;]\" \/>\n<meta property=\"og:url\" content=\"https:\/\/www.posgraduacao.unimontes.br\/ppgmpf\/\" \/>\n<meta property=\"og:site_name\" content=\"Mestrado Profissional Prof Filosofia\" \/>\n<meta property=\"article:modified_time\" content=\"2019-10-30T14:23:21+00:00\" \/>\n<meta property=\"og:image\" content=\"http:\/\/www.posgraduacao.unimontes.br\/uploads\/sites\/23\/2019\/04\/56526753_2291790071064035_8654952584315928576_n1.jpg-1.png\" \/>\n<meta name=\"twitter:card\" content=\"summary_large_image\" \/>\n<script type=\"application\/ld+json\" class=\"yoast-schema-graph\">{\"@context\":\"https:\/\/schema.org\",\"@graph\":[{\"@type\":\"WebSite\",\"@id\":\"https:\/\/www.posgraduacao.unimontes.br\/ppgmpf\/#website\",\"url\":\"https:\/\/www.posgraduacao.unimontes.br\/ppgmpf\/\",\"name\":\"Mestrado Profissional Prof Filosofia\",\"description\":\"\",\"potentialAction\":[{\"@type\":\"SearchAction\",\"target\":\"https:\/\/www.posgraduacao.unimontes.br\/ppgmpf\/?s={search_term_string}\",\"query-input\":\"required name=search_term_string\"}],\"inLanguage\":\"pt-BR\"},{\"@type\":\"ImageObject\",\"@id\":\"https:\/\/www.posgraduacao.unimontes.br\/ppgmpf\/#primaryimage\",\"inLanguage\":\"pt-BR\",\"url\":\"http:\/\/www.posgraduacao.unimontes.br\/uploads\/sites\/23\/2019\/04\/56526753_2291790071064035_8654952584315928576_n1.jpg-1.png\"},{\"@type\":\"WebPage\",\"@id\":\"https:\/\/www.posgraduacao.unimontes.br\/ppgmpf\/#webpage\",\"url\":\"https:\/\/www.posgraduacao.unimontes.br\/ppgmpf\/\",\"name\":\"Home - Mestrado Profissional Prof Filosofia\",\"isPartOf\":{\"@id\":\"https:\/\/www.posgraduacao.unimontes.br\/ppgmpf\/#website\"},\"primaryImageOfPage\":{\"@id\":\"https:\/\/www.posgraduacao.unimontes.br\/ppgmpf\/#primaryimage\"},\"datePublished\":\"2019-03-11T14:27:16+00:00\",\"dateModified\":\"2019-10-30T14:23:21+00:00\",\"inLanguage\":\"pt-BR\",\"potentialAction\":[{\"@type\":\"ReadAction\",\"target\":[\"https:\/\/www.posgraduacao.unimontes.br\/ppgmpf\/\"]}]}]}<\/script>\n<!-- \/ Yoast SEO plugin. -->","_links":{"self":[{"href":"https:\/\/www.posgraduacao.unimontes.br\/ppgmpf\/wp-json\/wp\/v2\/pages\/2"}],"collection":[{"href":"https:\/\/www.posgraduacao.unimontes.br\/ppgmpf\/wp-json\/wp\/v2\/pages"}],"about":[{"href":"https:\/\/www.posgraduacao.unimontes.br\/ppgmpf\/wp-json\/wp\/v2\/types\/page"}],"author":[{"embeddable":true,"href":"https:\/\/www.posgraduacao.unimontes.br\/ppgmpf\/wp-json\/wp\/v2\/users\/5"}],"replies":[{"embeddable":true,"href":"https:\/\/www.posgraduacao.unimontes.br\/ppgmpf\/wp-json\/wp\/v2\/comments?post=2"}],"version-history":[{"count":20,"href":"https:\/\/www.posgraduacao.unimontes.br\/ppgmpf\/wp-json\/wp\/v2\/pages\/2\/revisions"}],"predecessor-version":[{"id":545,"href":"https:\/\/www.posgraduacao.unimontes.br\/ppgmpf\/wp-json\/wp\/v2\/pages\/2\/revisions\/545"}],"wp:attachment":[{"href":"https:\/\/www.posgraduacao.unimontes.br\/ppgmpf\/wp-json\/wp\/v2\/media?parent=2"}],"curies":[{"name":"wp","href":"https:\/\/api.w.org\/{rel}","templated":true}]}}