{"id":3003,"date":"2026-03-10T10:24:54","date_gmt":"2026-03-10T13:24:54","guid":{"rendered":"https:\/\/www.posgraduacao.unimontes.br\/ppgl\/?page_id=3003"},"modified":"2026-03-23T07:34:21","modified_gmt":"2026-03-23T10:34:21","slug":"outras-producoes","status":"publish","type":"page","link":"https:\/\/www.posgraduacao.unimontes.br\/ppgl\/outras-producoes\/","title":{"rendered":"Outras Produ\u00e7\u00f5es"},"content":{"rendered":"\t\t<div data-elementor-type=\"wp-page\" data-elementor-id=\"3003\" class=\"elementor elementor-3003\">\n\t\t\t\t\t\t\t\t\t<section class=\"elementor-section elementor-top-section elementor-element elementor-element-33e5292 elementor-section-boxed elementor-section-height-default elementor-section-height-default\" data-id=\"33e5292\" data-element_type=\"section\">\n\t\t\t\t\t\t<div class=\"elementor-container elementor-column-gap-default\">\n\t\t\t\t\t<div class=\"elementor-column elementor-col-100 elementor-top-column elementor-element elementor-element-44e4f0b\" data-id=\"44e4f0b\" data-element_type=\"column\">\n\t\t\t<div class=\"elementor-widget-wrap elementor-element-populated\">\n\t\t\t\t\t\t\t\t<div class=\"elementor-element elementor-element-9ce1c31 elementor-widget elementor-widget-html\" data-id=\"9ce1c31\" data-element_type=\"widget\" data-widget_type=\"html.default\">\n\t\t\t\t<div class=\"elementor-widget-container\">\n\t\t\t<div style=\"max-width: 500px;border: 1px solid #e0e0e0;border-radius: 10px;padding: 20px;align-items: center;font-family: Arial, sans-serif\">\r\n\r\n  <img src=\"https:\/\/www.posgraduacao.unimontes.br\/uploads\/sites\/12\/2026\/03\/Captura-de-tela-2026-03-20-132205.png\" alt=\"Capa do livro Incandesc\u00eancias\" style=\"width: 120px;height: auto;border-radius: 5px\">\r\n\r\n  <div>\r\n    <h3 style=\"margin: 0 0 10px 0;font-size: 18px\">\r\n      Incandesc\u00eancias\r\n    <\/h3>\r\n\r\n    <p style=\"margin: 0 0 15px 0;font-size: 14px;color: #555\">\r\n      Livro digital lan\u00e7ado pelo PPGL\/Unimontes, com apresenta\u00e7\u00e3o musical e leitura de textos.\r\n    <\/p>\r\n\r\n    <a href=\"https:\/\/www.posgraduacao.unimontes.br\/ppgl\/?p=3051\" target=\"_blank\" style=\"padding: 8px 15px;background-color: #8B0000;color: #fff;text-decoration: none;border-radius: 5px;font-size: 14px\">\r\n      Acessar livro\r\n    <\/a>\r\n  <\/div>\r\n\r\n<\/div>\t\t<\/div>\n\t\t\t\t<\/div>\n\t\t\t\t\t<\/div>\n\t\t<\/div>\n\t\t\t\t\t\t\t<\/div>\n\t\t<\/section>\n\t\t\t\t\t\t\t<\/div>\n\t\t","protected":false},"excerpt":{"rendered":"<p>Incandesc\u00eancias Livro digital lan\u00e7ado pelo PPGL\/Unimontes, com apresenta\u00e7\u00e3o musical e leitura de textos. Acessar livro<\/p>\n","protected":false},"author":5,"featured_media":0,"parent":0,"menu_order":0,"comment_status":"closed","ping_status":"closed","template":"","meta":[],"yoast_head":"<!-- This site is optimized with the Yoast SEO plugin v14.7 - https:\/\/yoast.com\/wordpress\/plugins\/seo\/ -->\n<title>Outras Produ\u00e7\u00f5es - Programa de P\u00f3s-Gradua\u00e7\u00e3o em Letras\/Estudos Liter\u00e1rios<\/title>\n<meta name=\"robots\" content=\"index, follow\" \/>\n<meta name=\"googlebot\" content=\"index, follow, max-snippet:-1, max-image-preview:large, max-video-preview:-1\" \/>\n<meta name=\"bingbot\" content=\"index, follow, max-snippet:-1, max-image-preview:large, max-video-preview:-1\" \/>\n<link rel=\"canonical\" href=\"https:\/\/www.posgraduacao.unimontes.br\/ppgl\/outras-producoes\/\" \/>\n<meta property=\"og:locale\" content=\"pt_BR\" \/>\n<meta property=\"og:type\" content=\"article\" \/>\n<meta property=\"og:title\" content=\"Outras Produ\u00e7\u00f5es - Programa de P\u00f3s-Gradua\u00e7\u00e3o em Letras\/Estudos Liter\u00e1rios\" \/>\n<meta property=\"og:description\" content=\"Incandesc\u00eancias Livro digital lan\u00e7ado pelo PPGL\/Unimontes, com apresenta\u00e7\u00e3o musical e leitura de textos. Acessar livro\" \/>\n<meta property=\"og:url\" content=\"https:\/\/www.posgraduacao.unimontes.br\/ppgl\/outras-producoes\/\" \/>\n<meta property=\"og:site_name\" content=\"Programa de P\u00f3s-Gradua\u00e7\u00e3o em Letras\/Estudos Liter\u00e1rios\" \/>\n<meta property=\"article:modified_time\" content=\"2026-03-23T10:34:21+00:00\" \/>\n<meta property=\"og:image\" content=\"https:\/\/www.posgraduacao.unimontes.br\/uploads\/sites\/12\/2026\/03\/Captura-de-tela-2026-03-20-132205.png\" \/>\n<meta name=\"twitter:card\" content=\"summary_large_image\" \/>\n<script type=\"application\/ld+json\" class=\"yoast-schema-graph\">{\"@context\":\"https:\/\/schema.org\",\"@graph\":[{\"@type\":\"WebSite\",\"@id\":\"https:\/\/www.posgraduacao.unimontes.br\/ppgl\/#website\",\"url\":\"https:\/\/www.posgraduacao.unimontes.br\/ppgl\/\",\"name\":\"Programa de P\\u00f3s-Gradua\\u00e7\\u00e3o em Letras\/Estudos Liter\\u00e1rios\",\"description\":\"Universidade Estadual de Montes Claros - Unimontes\",\"potentialAction\":[{\"@type\":\"SearchAction\",\"target\":\"https:\/\/www.posgraduacao.unimontes.br\/ppgl\/?s={search_term_string}\",\"query-input\":\"required name=search_term_string\"}],\"inLanguage\":\"pt-BR\"},{\"@type\":\"ImageObject\",\"@id\":\"https:\/\/www.posgraduacao.unimontes.br\/ppgl\/outras-producoes\/#primaryimage\",\"inLanguage\":\"pt-BR\",\"url\":\"https:\/\/www.posgraduacao.unimontes.br\/uploads\/sites\/12\/2026\/03\/Captura-de-tela-2026-03-20-132205.png\"},{\"@type\":\"WebPage\",\"@id\":\"https:\/\/www.posgraduacao.unimontes.br\/ppgl\/outras-producoes\/#webpage\",\"url\":\"https:\/\/www.posgraduacao.unimontes.br\/ppgl\/outras-producoes\/\",\"name\":\"Outras Produ\\u00e7\\u00f5es - Programa de P\\u00f3s-Gradua\\u00e7\\u00e3o em Letras\/Estudos Liter\\u00e1rios\",\"isPartOf\":{\"@id\":\"https:\/\/www.posgraduacao.unimontes.br\/ppgl\/#website\"},\"primaryImageOfPage\":{\"@id\":\"https:\/\/www.posgraduacao.unimontes.br\/ppgl\/outras-producoes\/#primaryimage\"},\"datePublished\":\"2026-03-10T13:24:54+00:00\",\"dateModified\":\"2026-03-23T10:34:21+00:00\",\"inLanguage\":\"pt-BR\",\"potentialAction\":[{\"@type\":\"ReadAction\",\"target\":[\"https:\/\/www.posgraduacao.unimontes.br\/ppgl\/outras-producoes\/\"]}]}]}<\/script>\n<!-- \/ Yoast SEO plugin. -->","_links":{"self":[{"href":"https:\/\/www.posgraduacao.unimontes.br\/ppgl\/wp-json\/wp\/v2\/pages\/3003"}],"collection":[{"href":"https:\/\/www.posgraduacao.unimontes.br\/ppgl\/wp-json\/wp\/v2\/pages"}],"about":[{"href":"https:\/\/www.posgraduacao.unimontes.br\/ppgl\/wp-json\/wp\/v2\/types\/page"}],"author":[{"embeddable":true,"href":"https:\/\/www.posgraduacao.unimontes.br\/ppgl\/wp-json\/wp\/v2\/users\/5"}],"replies":[{"embeddable":true,"href":"https:\/\/www.posgraduacao.unimontes.br\/ppgl\/wp-json\/wp\/v2\/comments?post=3003"}],"version-history":[{"count":25,"href":"https:\/\/www.posgraduacao.unimontes.br\/ppgl\/wp-json\/wp\/v2\/pages\/3003\/revisions"}],"predecessor-version":[{"id":3089,"href":"https:\/\/www.posgraduacao.unimontes.br\/ppgl\/wp-json\/wp\/v2\/pages\/3003\/revisions\/3089"}],"wp:attachment":[{"href":"https:\/\/www.posgraduacao.unimontes.br\/ppgl\/wp-json\/wp\/v2\/media?parent=3003"}],"curies":[{"name":"wp","href":"https:\/\/api.w.org\/{rel}","templated":true}]}}