{"id":2269,"date":"2025-02-06T14:40:03","date_gmt":"2025-02-06T17:40:03","guid":{"rendered":"https:\/\/www.posgraduacao.unimontes.br\/ppgl\/?page_id=2269"},"modified":"2025-07-04T11:30:12","modified_gmt":"2025-07-04T14:30:12","slug":"relatorios","status":"publish","type":"page","link":"https:\/\/www.posgraduacao.unimontes.br\/ppgl\/relatorios\/","title":{"rendered":"Relat\u00f3rios"},"content":{"rendered":"<section class=\"kc-elm kc-css-590899 kc_row\"><div class=\"kc-row-container  kc-container\"><div class=\"kc-wrap-columns\"><div class=\"kc-elm kc-css-352047 kc_col-sm-12 kc_column kc_col-sm-12\"><div class=\"kc-col-container\"><div class=\"kc-elm kc-css-261329 kc_text_block\"><h1><a href=\"https:\/\/www.posgraduacao.unimontes.br\/ppgl\/?p=2633\">RELAT\u00d3RIO 2024<\/a><\/h1>\n<\/div><\/div><\/div><\/div><\/div><\/section>\n","protected":false},"excerpt":{"rendered":"","protected":false},"author":40,"featured_media":0,"parent":0,"menu_order":0,"comment_status":"closed","ping_status":"closed","template":"","meta":[],"yoast_head":"<!-- This site is optimized with the Yoast SEO plugin v14.7 - https:\/\/yoast.com\/wordpress\/plugins\/seo\/ -->\n<title>Relat\u00f3rios - Programa de P\u00f3s-Gradua\u00e7\u00e3o em Letras\/Estudos Liter\u00e1rios<\/title>\n<meta name=\"robots\" content=\"index, follow\" \/>\n<meta name=\"googlebot\" content=\"index, follow, max-snippet:-1, max-image-preview:large, max-video-preview:-1\" \/>\n<meta name=\"bingbot\" content=\"index, follow, max-snippet:-1, max-image-preview:large, max-video-preview:-1\" \/>\n<link rel=\"canonical\" href=\"https:\/\/www.posgraduacao.unimontes.br\/ppgl\/relatorios\/\" \/>\n<meta property=\"og:locale\" content=\"pt_BR\" \/>\n<meta property=\"og:type\" content=\"article\" \/>\n<meta property=\"og:title\" content=\"Relat\u00f3rios - Programa de P\u00f3s-Gradua\u00e7\u00e3o em Letras\/Estudos Liter\u00e1rios\" \/>\n<meta property=\"og:description\" content=\"RELAT\u00d3RIO 2024\" \/>\n<meta property=\"og:url\" content=\"https:\/\/www.posgraduacao.unimontes.br\/ppgl\/relatorios\/\" \/>\n<meta property=\"og:site_name\" content=\"Programa de P\u00f3s-Gradua\u00e7\u00e3o em Letras\/Estudos Liter\u00e1rios\" \/>\n<meta property=\"article:modified_time\" content=\"2025-07-04T14:30:12+00:00\" \/>\n<meta name=\"twitter:card\" content=\"summary_large_image\" \/>\n<script type=\"application\/ld+json\" class=\"yoast-schema-graph\">{\"@context\":\"https:\/\/schema.org\",\"@graph\":[{\"@type\":\"WebSite\",\"@id\":\"https:\/\/www.posgraduacao.unimontes.br\/ppgl\/#website\",\"url\":\"https:\/\/www.posgraduacao.unimontes.br\/ppgl\/\",\"name\":\"Programa de P\\u00f3s-Gradua\\u00e7\\u00e3o em Letras\/Estudos Liter\\u00e1rios\",\"description\":\"Universidade Estadual de Montes Claros - Unimontes\",\"potentialAction\":[{\"@type\":\"SearchAction\",\"target\":\"https:\/\/www.posgraduacao.unimontes.br\/ppgl\/?s={search_term_string}\",\"query-input\":\"required name=search_term_string\"}],\"inLanguage\":\"pt-BR\"},{\"@type\":\"WebPage\",\"@id\":\"https:\/\/www.posgraduacao.unimontes.br\/ppgl\/relatorios\/#webpage\",\"url\":\"https:\/\/www.posgraduacao.unimontes.br\/ppgl\/relatorios\/\",\"name\":\"Relat\\u00f3rios - Programa de P\\u00f3s-Gradua\\u00e7\\u00e3o em Letras\/Estudos Liter\\u00e1rios\",\"isPartOf\":{\"@id\":\"https:\/\/www.posgraduacao.unimontes.br\/ppgl\/#website\"},\"datePublished\":\"2025-02-06T17:40:03+00:00\",\"dateModified\":\"2025-07-04T14:30:12+00:00\",\"inLanguage\":\"pt-BR\",\"potentialAction\":[{\"@type\":\"ReadAction\",\"target\":[\"https:\/\/www.posgraduacao.unimontes.br\/ppgl\/relatorios\/\"]}]}]}<\/script>\n<!-- \/ Yoast SEO plugin. -->","_links":{"self":[{"href":"https:\/\/www.posgraduacao.unimontes.br\/ppgl\/wp-json\/wp\/v2\/pages\/2269"}],"collection":[{"href":"https:\/\/www.posgraduacao.unimontes.br\/ppgl\/wp-json\/wp\/v2\/pages"}],"about":[{"href":"https:\/\/www.posgraduacao.unimontes.br\/ppgl\/wp-json\/wp\/v2\/types\/page"}],"author":[{"embeddable":true,"href":"https:\/\/www.posgraduacao.unimontes.br\/ppgl\/wp-json\/wp\/v2\/users\/40"}],"replies":[{"embeddable":true,"href":"https:\/\/www.posgraduacao.unimontes.br\/ppgl\/wp-json\/wp\/v2\/comments?post=2269"}],"version-history":[{"count":3,"href":"https:\/\/www.posgraduacao.unimontes.br\/ppgl\/wp-json\/wp\/v2\/pages\/2269\/revisions"}],"predecessor-version":[{"id":2709,"href":"https:\/\/www.posgraduacao.unimontes.br\/ppgl\/wp-json\/wp\/v2\/pages\/2269\/revisions\/2709"}],"wp:attachment":[{"href":"https:\/\/www.posgraduacao.unimontes.br\/ppgl\/wp-json\/wp\/v2\/media?parent=2269"}],"curies":[{"name":"wp","href":"https:\/\/api.w.org\/{rel}","templated":true}]}}