{"id":832,"date":"2020-04-28T11:25:10","date_gmt":"2020-04-28T14:25:10","guid":{"rendered":"https:\/\/www.posgraduacao.unimontes.br\/ppgh\/?page_id=832"},"modified":"2020-04-28T13:24:19","modified_gmt":"2020-04-28T16:24:19","slug":"anais-do-iii-seminario-de-pesquisa-em-historia-social-historia-margens-e-poder-outubro-2019","status":"publish","type":"page","link":"https:\/\/www.posgraduacao.unimontes.br\/ppgh\/anais-do-iii-seminario-de-pesquisa-em-historia-social-historia-margens-e-poder-outubro-2019\/","title":{"rendered":"Anais do III Semin\u00e1rio de Pesquisa em Hist\u00f3ria Social &#8220;Hist\u00f3ria, Margens e Poder&#8221; \u2013 Outubro\/2019"},"content":{"rendered":"<section class=\"kc-elm kc-css-860654 kc_row\"><div class=\"kc-row-container  kc-container\"><div class=\"kc-wrap-columns\"><\/div><\/div><\/section><div class=\"kc-elm kc-css-152002 kc_col-sm-12 kc_column kc_col-sm-12\"><div class=\"kc-col-container\"><\/div><\/div><div class=\"kc-elm kc_text_block\"><p>Sample Text<\/p>\n<\/div>\n<h2><strong><span style=\"color: #000080\">Hist\u00f3ria, Margens e Poder:<\/span><\/strong><\/h2>\n<h5 style=\"text-align: center\"><a href=\"http:\/\/www.posgraduacao.unimontes.br\/uploads\/sites\/2\/2020\/04\/ANAIS-DO-III-SEMIN\u00c1RIO-2019.pdf\" target=\"_blank\" rel=\"noopener noreferrer\">PDF: ANAIS DO III SEMIN\u00c1RIO 2019<\/a><\/h5>\n<p><img loading=\"lazy\" class=\"wp-image-850 aligncenter\" src=\"http:\/\/www.posgraduacao.unimontes.br\/uploads\/sites\/2\/2020\/04\/ppgh-3.jpg\" alt=\"\" width=\"450\" height=\"637\" srcset=\"https:\/\/www.posgraduacao.unimontes.br\/uploads\/sites\/2\/2020\/04\/ppgh-3.jpg 1130w, https:\/\/www.posgraduacao.unimontes.br\/uploads\/sites\/2\/2020\/04\/ppgh-3-1085x1536.jpg 1085w\" sizes=\"(max-width: 450px) 100vw, 450px\" \/><\/p>\n","protected":false},"excerpt":{"rendered":"<p>Hist\u00f3ria, Margens e Poder: PDF: ANAIS DO III SEMIN\u00c1RIO 2019<\/p>\n","protected":false},"author":2,"featured_media":0,"parent":0,"menu_order":0,"comment_status":"closed","ping_status":"closed","template":"","meta":[],"yoast_head":"<!-- This site is optimized with the Yoast SEO plugin v14.7 - https:\/\/yoast.com\/wordpress\/plugins\/seo\/ -->\n<title>Anais do III Semin\u00e1rio de Pesquisa em Hist\u00f3ria Social &quot;Hist\u00f3ria, Margens e Poder&quot; \u2013 Outubro\/2019 - PPGH - P\u00f3s Gradua\u00e7\u00e3o em Hist\u00f3ria Unimontes<\/title>\n<meta name=\"robots\" content=\"index, follow\" \/>\n<meta name=\"googlebot\" content=\"index, follow, max-snippet:-1, max-image-preview:large, max-video-preview:-1\" \/>\n<meta name=\"bingbot\" content=\"index, follow, max-snippet:-1, max-image-preview:large, max-video-preview:-1\" \/>\n<link rel=\"canonical\" href=\"https:\/\/www.posgraduacao.unimontes.br\/ppgh\/anais-do-iii-seminario-de-pesquisa-em-historia-social-historia-margens-e-poder-outubro-2019\/\" \/>\n<meta property=\"og:locale\" content=\"pt_BR\" \/>\n<meta property=\"og:type\" content=\"article\" \/>\n<meta property=\"og:title\" content=\"Anais do III Semin\u00e1rio de Pesquisa em Hist\u00f3ria Social &quot;Hist\u00f3ria, Margens e Poder&quot; \u2013 Outubro\/2019 - PPGH - P\u00f3s Gradua\u00e7\u00e3o em Hist\u00f3ria Unimontes\" \/>\n<meta property=\"og:description\" content=\"Hist\u00f3ria, Margens e Poder: PDF: ANAIS DO III SEMIN\u00c1RIO 2019\" \/>\n<meta property=\"og:url\" content=\"https:\/\/www.posgraduacao.unimontes.br\/ppgh\/anais-do-iii-seminario-de-pesquisa-em-historia-social-historia-margens-e-poder-outubro-2019\/\" \/>\n<meta property=\"og:site_name\" content=\"PPGH - P\u00f3s Gradua\u00e7\u00e3o em Hist\u00f3ria Unimontes\" \/>\n<meta property=\"article:modified_time\" content=\"2020-04-28T16:24:19+00:00\" \/>\n<meta property=\"og:image\" content=\"http:\/\/www.posgraduacao.unimontes.br\/uploads\/sites\/2\/2020\/04\/ppgh-3.jpg\" \/>\n<meta name=\"twitter:card\" content=\"summary_large_image\" \/>\n<script type=\"application\/ld+json\" class=\"yoast-schema-graph\">{\"@context\":\"https:\/\/schema.org\",\"@graph\":[{\"@type\":\"WebSite\",\"@id\":\"https:\/\/www.posgraduacao.unimontes.br\/ppgh\/#website\",\"url\":\"https:\/\/www.posgraduacao.unimontes.br\/ppgh\/\",\"name\":\"PPGH - P\\u00f3s Gradua\\u00e7\\u00e3o em Hist\\u00f3ria Unimontes\",\"description\":\"Portal da P\\u00f3s Gradua\\u00e7\\u00e3o em Hist\\u00f3ria Unimontes\",\"potentialAction\":[{\"@type\":\"SearchAction\",\"target\":\"https:\/\/www.posgraduacao.unimontes.br\/ppgh\/?s={search_term_string}\",\"query-input\":\"required name=search_term_string\"}],\"inLanguage\":\"pt-BR\"},{\"@type\":\"ImageObject\",\"@id\":\"https:\/\/www.posgraduacao.unimontes.br\/ppgh\/anais-do-iii-seminario-de-pesquisa-em-historia-social-historia-margens-e-poder-outubro-2019\/#primaryimage\",\"inLanguage\":\"pt-BR\",\"url\":\"http:\/\/www.posgraduacao.unimontes.br\/uploads\/sites\/2\/2020\/04\/ppgh-3.jpg\"},{\"@type\":\"WebPage\",\"@id\":\"https:\/\/www.posgraduacao.unimontes.br\/ppgh\/anais-do-iii-seminario-de-pesquisa-em-historia-social-historia-margens-e-poder-outubro-2019\/#webpage\",\"url\":\"https:\/\/www.posgraduacao.unimontes.br\/ppgh\/anais-do-iii-seminario-de-pesquisa-em-historia-social-historia-margens-e-poder-outubro-2019\/\",\"name\":\"Anais do III Semin\\u00e1rio de Pesquisa em Hist\\u00f3ria Social \\\"Hist\\u00f3ria, Margens e Poder\\\" \\u2013 Outubro\/2019 - PPGH - P\\u00f3s Gradua\\u00e7\\u00e3o em Hist\\u00f3ria Unimontes\",\"isPartOf\":{\"@id\":\"https:\/\/www.posgraduacao.unimontes.br\/ppgh\/#website\"},\"primaryImageOfPage\":{\"@id\":\"https:\/\/www.posgraduacao.unimontes.br\/ppgh\/anais-do-iii-seminario-de-pesquisa-em-historia-social-historia-margens-e-poder-outubro-2019\/#primaryimage\"},\"datePublished\":\"2020-04-28T14:25:10+00:00\",\"dateModified\":\"2020-04-28T16:24:19+00:00\",\"inLanguage\":\"pt-BR\",\"potentialAction\":[{\"@type\":\"ReadAction\",\"target\":[\"https:\/\/www.posgraduacao.unimontes.br\/ppgh\/anais-do-iii-seminario-de-pesquisa-em-historia-social-historia-margens-e-poder-outubro-2019\/\"]}]}]}<\/script>\n<!-- \/ Yoast SEO plugin. -->","_links":{"self":[{"href":"https:\/\/www.posgraduacao.unimontes.br\/ppgh\/wp-json\/wp\/v2\/pages\/832"}],"collection":[{"href":"https:\/\/www.posgraduacao.unimontes.br\/ppgh\/wp-json\/wp\/v2\/pages"}],"about":[{"href":"https:\/\/www.posgraduacao.unimontes.br\/ppgh\/wp-json\/wp\/v2\/types\/page"}],"author":[{"embeddable":true,"href":"https:\/\/www.posgraduacao.unimontes.br\/ppgh\/wp-json\/wp\/v2\/users\/2"}],"replies":[{"embeddable":true,"href":"https:\/\/www.posgraduacao.unimontes.br\/ppgh\/wp-json\/wp\/v2\/comments?post=832"}],"version-history":[{"count":8,"href":"https:\/\/www.posgraduacao.unimontes.br\/ppgh\/wp-json\/wp\/v2\/pages\/832\/revisions"}],"predecessor-version":[{"id":860,"href":"https:\/\/www.posgraduacao.unimontes.br\/ppgh\/wp-json\/wp\/v2\/pages\/832\/revisions\/860"}],"wp:attachment":[{"href":"https:\/\/www.posgraduacao.unimontes.br\/ppgh\/wp-json\/wp\/v2\/media?parent=832"}],"curies":[{"name":"wp","href":"https:\/\/api.w.org\/{rel}","templated":true}]}}