{"id":826,"date":"2020-04-28T11:17:59","date_gmt":"2020-04-28T14:17:59","guid":{"rendered":"https:\/\/www.posgraduacao.unimontes.br\/ppgh\/?page_id=826"},"modified":"2020-04-28T11:34:56","modified_gmt":"2020-04-28T14:34:56","slug":"anais-do-ii-seminario-nacional-de-pesquisa-em-historia-social-leituras-do-poder-outubro-2016","status":"publish","type":"page","link":"https:\/\/www.posgraduacao.unimontes.br\/ppgh\/anais-do-ii-seminario-nacional-de-pesquisa-em-historia-social-leituras-do-poder-outubro-2016\/","title":{"rendered":"Anais do II Semin\u00e1rio Nacional de Pesquisa em Hist\u00f3ria Social \u201cLeituras do Poder\u201d \u2013 Outubro\/2016"},"content":{"rendered":"<h2><strong><span style=\"color: #000080\">Leituras do Poder:<\/span><\/strong><\/h2>\n<p style=\"color: blue;text-align: left\"><a href=\"https:\/\/drive.google.com\/file\/d\/0B6tkhs004DjWSEVlU3p5ZkdqQ3M\/view?usp=sharing\"><strong>PDF: Anais do II Semin\u00e1rio Nacional de Pesquisa em Hist\u00f3ria Social &#8220;Leituras do Poder&#8221; &#8211; Outubro\/2016<\/strong><\/a><\/p>\n<p style=\"color: blue\"><img loading=\"lazy\" class=\"wp-image-355 aligncenter\" src=\"http:\/\/www.posgraduacao.unimontes.br\/uploads\/sites\/2\/2017\/07\/20815013_2141454909213989_1298499833_n-200x300.png\" alt=\"\" width=\"331\" height=\"497\" srcset=\"https:\/\/www.posgraduacao.unimontes.br\/uploads\/sites\/2\/2017\/07\/20815013_2141454909213989_1298499833_n-200x300.png 200w, https:\/\/www.posgraduacao.unimontes.br\/uploads\/sites\/2\/2017\/07\/20815013_2141454909213989_1298499833_n.png 639w\" sizes=\"(max-width: 331px) 100vw, 331px\" \/><\/p>\n<p style=\"color: blue\">\n<h2 class=\"contentheading\"><span style=\"color: #000080\"><strong>Certificados II Semin\u00e1rio\u00a0nacional de pesquisa em hist\u00f3ria social<\/strong><\/span><\/h2>\n<p><a href=\"https:\/\/www.dropbox.com\/sh\/cks33kqfyuygtri\/AAAdQn0U90dkwKpVRXwOPYfKa?dl=0\">Ouvintes<\/a><\/p>\n<p><a href=\"https:\/\/www.dropbox.com\/sh\/hozd0id3einyimo\/AABPpeRNg5jhEpxqhSDYvHKBa?dl=0\">Certificados Linha 1: Cultura, Rela\u00e7\u00f5es Sociais e G\u00eanero<\/a><\/p>\n<p><a href=\"https:\/\/www.dropbox.com\/sh\/jxjc50u77klbwnn\/AADtKeHbwWUwOa-T4yG7wkU2a?dl=0\">Certificados Linha 2: Poder, Trabalho e Identidades<\/a><\/p>\n<p><a href=\"https:\/\/www.dropbox.com\/sh\/swv03rbryc4dzkt\/AABPXvcbEXfEhAwkn2nTZpjHa?dl=0\">Certificados Linha 3: Categoria J\u00fanior<\/a><\/p>\n<p><a href=\"https:\/\/www.dropbox.com\/sh\/ocokuatjho0ublw\/AAALi3jwooJ6GQ67_YJvRkYQa?dl=0\">Certificados Linha 4: Ensino de Hist\u00f3ria<\/a><\/p>\n<p><a href=\"https:\/\/www.dropbox.com\/sh\/zi9siflmtih40l5\/AAACYk6IFS-wCQkR6lg08yEKa?dl=0\">Certificados Categoria Livre<\/a><\/p>\n","protected":false},"excerpt":{"rendered":"<p>Leituras do Poder: PDF: Anais do II Semin\u00e1rio Nacional de Pesquisa em Hist\u00f3ria Social &#8220;Leituras do Poder&#8221; &#8211; Outubro\/2016 Certificados II Semin\u00e1rio\u00a0nacional de pesquisa em hist\u00f3ria social Ouvintes Certificados Linha 1: Cultura, Rela\u00e7\u00f5es Sociais e G\u00eanero Certificados Linha 2: Poder, Trabalho e Identidades Certificados Linha 3: Categoria J\u00fanior Certificados Linha 4: Ensino de Hist\u00f3ria Certificados [&hellip;]<\/p>\n","protected":false},"author":2,"featured_media":0,"parent":0,"menu_order":0,"comment_status":"closed","ping_status":"closed","template":"","meta":[],"yoast_head":"<!-- This site is optimized with the Yoast SEO plugin v14.7 - https:\/\/yoast.com\/wordpress\/plugins\/seo\/ -->\n<title>Anais do II Semin\u00e1rio Nacional de Pesquisa em Hist\u00f3ria Social \u201cLeituras do Poder\u201d \u2013 Outubro\/2016 - PPGH - P\u00f3s Gradua\u00e7\u00e3o em Hist\u00f3ria Unimontes<\/title>\n<meta name=\"robots\" content=\"index, follow\" \/>\n<meta name=\"googlebot\" content=\"index, follow, max-snippet:-1, max-image-preview:large, max-video-preview:-1\" \/>\n<meta name=\"bingbot\" content=\"index, follow, max-snippet:-1, max-image-preview:large, max-video-preview:-1\" \/>\n<link rel=\"canonical\" href=\"https:\/\/www.posgraduacao.unimontes.br\/ppgh\/anais-do-ii-seminario-nacional-de-pesquisa-em-historia-social-leituras-do-poder-outubro-2016\/\" \/>\n<meta property=\"og:locale\" content=\"pt_BR\" \/>\n<meta property=\"og:type\" content=\"article\" \/>\n<meta property=\"og:title\" content=\"Anais do II Semin\u00e1rio Nacional de Pesquisa em Hist\u00f3ria Social \u201cLeituras do Poder\u201d \u2013 Outubro\/2016 - PPGH - P\u00f3s Gradua\u00e7\u00e3o em Hist\u00f3ria Unimontes\" \/>\n<meta property=\"og:description\" content=\"Leituras do Poder: PDF: Anais do II Semin\u00e1rio Nacional de Pesquisa em Hist\u00f3ria Social &#8220;Leituras do Poder&#8221; &#8211; Outubro\/2016 Certificados II Semin\u00e1rio\u00a0nacional de pesquisa em hist\u00f3ria social Ouvintes Certificados Linha 1: Cultura, Rela\u00e7\u00f5es Sociais e G\u00eanero Certificados Linha 2: Poder, Trabalho e Identidades Certificados Linha 3: Categoria J\u00fanior Certificados Linha 4: Ensino de Hist\u00f3ria Certificados [&hellip;]\" \/>\n<meta property=\"og:url\" content=\"https:\/\/www.posgraduacao.unimontes.br\/ppgh\/anais-do-ii-seminario-nacional-de-pesquisa-em-historia-social-leituras-do-poder-outubro-2016\/\" \/>\n<meta property=\"og:site_name\" content=\"PPGH - P\u00f3s Gradua\u00e7\u00e3o em Hist\u00f3ria Unimontes\" \/>\n<meta property=\"article:modified_time\" content=\"2020-04-28T14:34:56+00:00\" \/>\n<meta property=\"og:image\" content=\"http:\/\/www.posgraduacao.unimontes.br\/uploads\/sites\/2\/2017\/07\/20815013_2141454909213989_1298499833_n-200x300.png\" \/>\n<meta name=\"twitter:card\" content=\"summary_large_image\" \/>\n<script type=\"application\/ld+json\" class=\"yoast-schema-graph\">{\"@context\":\"https:\/\/schema.org\",\"@graph\":[{\"@type\":\"WebSite\",\"@id\":\"https:\/\/www.posgraduacao.unimontes.br\/ppgh\/#website\",\"url\":\"https:\/\/www.posgraduacao.unimontes.br\/ppgh\/\",\"name\":\"PPGH - P\\u00f3s Gradua\\u00e7\\u00e3o em Hist\\u00f3ria Unimontes\",\"description\":\"Portal da P\\u00f3s Gradua\\u00e7\\u00e3o em Hist\\u00f3ria Unimontes\",\"potentialAction\":[{\"@type\":\"SearchAction\",\"target\":\"https:\/\/www.posgraduacao.unimontes.br\/ppgh\/?s={search_term_string}\",\"query-input\":\"required name=search_term_string\"}],\"inLanguage\":\"pt-BR\"},{\"@type\":\"ImageObject\",\"@id\":\"https:\/\/www.posgraduacao.unimontes.br\/ppgh\/anais-do-ii-seminario-nacional-de-pesquisa-em-historia-social-leituras-do-poder-outubro-2016\/#primaryimage\",\"inLanguage\":\"pt-BR\",\"url\":\"http:\/\/www.posgraduacao.unimontes.br\/uploads\/sites\/2\/2017\/07\/20815013_2141454909213989_1298499833_n-200x300.png\"},{\"@type\":\"WebPage\",\"@id\":\"https:\/\/www.posgraduacao.unimontes.br\/ppgh\/anais-do-ii-seminario-nacional-de-pesquisa-em-historia-social-leituras-do-poder-outubro-2016\/#webpage\",\"url\":\"https:\/\/www.posgraduacao.unimontes.br\/ppgh\/anais-do-ii-seminario-nacional-de-pesquisa-em-historia-social-leituras-do-poder-outubro-2016\/\",\"name\":\"Anais do II Semin\\u00e1rio Nacional de Pesquisa em Hist\\u00f3ria Social \\u201cLeituras do Poder\\u201d \\u2013 Outubro\/2016 - PPGH - P\\u00f3s Gradua\\u00e7\\u00e3o em Hist\\u00f3ria Unimontes\",\"isPartOf\":{\"@id\":\"https:\/\/www.posgraduacao.unimontes.br\/ppgh\/#website\"},\"primaryImageOfPage\":{\"@id\":\"https:\/\/www.posgraduacao.unimontes.br\/ppgh\/anais-do-ii-seminario-nacional-de-pesquisa-em-historia-social-leituras-do-poder-outubro-2016\/#primaryimage\"},\"datePublished\":\"2020-04-28T14:17:59+00:00\",\"dateModified\":\"2020-04-28T14:34:56+00:00\",\"inLanguage\":\"pt-BR\",\"potentialAction\":[{\"@type\":\"ReadAction\",\"target\":[\"https:\/\/www.posgraduacao.unimontes.br\/ppgh\/anais-do-ii-seminario-nacional-de-pesquisa-em-historia-social-leituras-do-poder-outubro-2016\/\"]}]}]}<\/script>\n<!-- \/ Yoast SEO plugin. -->","_links":{"self":[{"href":"https:\/\/www.posgraduacao.unimontes.br\/ppgh\/wp-json\/wp\/v2\/pages\/826"}],"collection":[{"href":"https:\/\/www.posgraduacao.unimontes.br\/ppgh\/wp-json\/wp\/v2\/pages"}],"about":[{"href":"https:\/\/www.posgraduacao.unimontes.br\/ppgh\/wp-json\/wp\/v2\/types\/page"}],"author":[{"embeddable":true,"href":"https:\/\/www.posgraduacao.unimontes.br\/ppgh\/wp-json\/wp\/v2\/users\/2"}],"replies":[{"embeddable":true,"href":"https:\/\/www.posgraduacao.unimontes.br\/ppgh\/wp-json\/wp\/v2\/comments?post=826"}],"version-history":[{"count":7,"href":"https:\/\/www.posgraduacao.unimontes.br\/ppgh\/wp-json\/wp\/v2\/pages\/826\/revisions"}],"predecessor-version":[{"id":844,"href":"https:\/\/www.posgraduacao.unimontes.br\/ppgh\/wp-json\/wp\/v2\/pages\/826\/revisions\/844"}],"wp:attachment":[{"href":"https:\/\/www.posgraduacao.unimontes.br\/ppgh\/wp-json\/wp\/v2\/media?parent=826"}],"curies":[{"name":"wp","href":"https:\/\/api.w.org\/{rel}","templated":true}]}}