{"id":735,"date":"2020-03-05T11:51:27","date_gmt":"2020-03-05T14:51:27","guid":{"rendered":"https:\/\/www.posgraduacao.unimontes.br\/ppgh\/?page_id=735"},"modified":"2026-03-19T13:19:27","modified_gmt":"2026-03-19T16:19:27","slug":"edital-de-bolsas","status":"publish","type":"page","link":"https:\/\/www.posgraduacao.unimontes.br\/ppgh\/processos_seletivos\/edital-de-bolsas\/","title":{"rendered":"Edital de Bolsas"},"content":{"rendered":"<section class=\"kc-elm kc-css-502681 kc_row\"><div class=\"kc-row-container  kc-container\"><div class=\"kc-wrap-columns\"><div class=\"kc-elm kc-css-339369 kc_col-sm-12 kc_column kc_col-sm-12\"><div class=\"kc-col-container\"><div class=\"kc-elm kc-css-979988\" style=\"height: 40px; clear: both; width:100%;\"><\/div><div class=\"kc-elm kc-css-398486 kc_text_block\"><p><span style=\"color: #002060; font-family: Arial, sans-serif; font-size: 21.3333px;\">Edital de bolsas 2026<\/span><\/p>\n<\/div><div class=\"kc-elm kc-css-783165 kc_text_block\"><p><span style=\"color: #000080; font-family: verdana; font-size: 17px; font-weight: 600;\">Processo seletivo de concess\u00e3o de Bolsa de Estudo Mestrado e Doutorado \u2013 TURMAS 2026<\/span><\/p>\n<p><a href=\"http:\/\/www.posgraduacao.unimontes.br\/uploads\/sites\/2\/2026\/02\/Resultado-Edital-de-Bolsas-1-2026.pdf\" target=\"_blank\" rel=\"noopener\">Resultado Mestrado e Doutorado &#8211; 2026-1<\/a><\/p>\n<p><a href=\"http:\/\/www.posgraduacao.unimontes.br\/uploads\/sites\/2\/2026\/02\/Edital-de-bolsas-Me-e-Dr-1-2026.pdf\" target=\"_blank\" rel=\"noopener\">Edital<span style=\"font-style: inherit;\">\u00a0<\/span><\/a><\/p><\/p>\n<\/div><div class=\"kc-elm kc-css-618797 kc_text_block\"><p><span style=\"color: #002060; font-family: Arial, sans-serif; font-size: 21.3333px;\">Edital de bolsas 2025<\/span><\/p>\n<\/div><div class=\"kc-elm kc-css-579925 kc_text_block\"><p><strong><span style=\"color: #000080;\">Processo seletivo EMERGENCIAL de concess\u00e3o de Bolsa de Estudo &#8211; Doutorado \u2013 TURMA 2025<\/span><\/strong><\/p>\n<p><a href=\"http:\/\/www.posgraduacao.unimontes.br\/uploads\/sites\/2\/2026\/03\/Resultado-analise-de-solicitacao.pdf\" target=\"_blank\" rel=\"noopener\">Resultado de an\u00e1lise de solicita\u00e7\u00e3o<\/a><\/p>\n<p><a href=\"http:\/\/www.posgraduacao.unimontes.br\/uploads\/sites\/2\/2025\/10\/PPGH-2-2025-Resultado-de-Recursos-Edital-Emergencial-Bolsas-Doutorado.pdf\" target=\"_blank\" rel=\"noopener\">Resultado de recurso\u00a0<\/a><\/p>\n<p><a href=\"http:\/\/www.posgraduacao.unimontes.br\/uploads\/sites\/2\/2025\/10\/Resultado-Doutorado-\u2013-2025-2.pdf\" target=\"_blank\" rel=\"noopener noreferrer\">Resultado Doutorado \u2013 2025-2<\/a>\u00a0<\/p>\n<p><a href=\"http:\/\/www.posgraduacao.unimontes.br\/uploads\/sites\/2\/2025\/10\/Edital-de-bolsas-Doutorado-2-2025.pdf\" target=\"_blank\" rel=\"noopener noreferrer\">Edital<\/a>\u00a0<\/p>\n<p><strong><span style=\"color: #000080;\">Processo seletivo de concess\u00e3o de Bolsa de Estudo por cotas socioecon\u00f4micas &#8211; TURMA 2025<\/span><\/strong><\/p>\n<p style=\"padding-left: 40px;\"><a href=\"http:\/\/www.posgraduacao.unimontes.br\/uploads\/sites\/2\/2025\/03\/Resultado_Final_1-20251.pdf\" target=\"_blank\" rel=\"noopener noreferrer\">Resultado final &#8211; 2025-1<\/a><\/p>\n<p style=\"padding-left: 40px;\"><a href=\"http:\/\/www.posgraduacao.unimontes.br\/uploads\/sites\/2\/2025\/03\/Edital-de-bolsas-1-2025_1-retifica\u00e7\u00e3o.pdf\" target=\"_blank\" rel=\"noopener noreferrer\">Edital de bolsas 2025-1 &#8211; 1\u00aa retifica\u00e7\u00e3o<\/a>\u00a0<\/p>\n<p style=\"padding-left: 40px;\"><a href=\"http:\/\/www.posgraduacao.unimontes.br\/uploads\/sites\/2\/2025\/03\/Resultado-Preliminar-1-2025.pdf\" target=\"_blank\" rel=\"noopener noreferrer\">Resultado preliminar<\/a>\u00a0<\/p>\n<p style=\"padding-left: 40px;\"><a href=\"http:\/\/www.posgraduacao.unimontes.br\/uploads\/sites\/2\/2025\/03\/Edital-de-bolsas-1-2025.pdf\" target=\"_blank\" rel=\"noopener noreferrer\">Edital de bolsas 2025-1<\/a><\/p>\n<p style=\"padding-left: 40px;\"><a href=\"http:\/\/www.posgraduacao.unimontes.br\/uploads\/sites\/2\/2025\/03\/Anexos-1-2-e-3.pdf\" target=\"_blank\" rel=\"noopener noreferrer\">Anexos 1, 2 e 3<\/a><\/p><\/p>\n<\/div><div class=\"kc-elm kc-css-451585 kc_text_block\"><p><span style=\"color: #002060; font-family: Arial, sans-serif; font-size: 21.3333px;\">Edital de bolsas 2024<\/span><\/p>\n<\/div><div class=\"kc-elm kc-css-134686 kc_text_block\"><p><strong><span style=\"color: #000080;\">Processo seletivo de concess\u00e3o de Bolsa de Estudo por cotas socioecon\u00f4micas &#8211; TURMA 2024<\/span><\/strong><\/p>\n<p style=\"padding-left: 40px;\"><a href=\"http:\/\/www.posgraduacao.unimontes.br\/uploads\/sites\/2\/2024\/04\/Resultado_Final_1-20241.pdf\" target=\"_blank\" rel=\"noopener noreferrer\">Resultado final<\/a><\/p>\n<p style=\"padding-left: 40px;\"><a href=\"http:\/\/www.posgraduacao.unimontes.br\/uploads\/sites\/2\/2024\/04\/Edital-de-bolsas-1-2024_1\u00aa-retifica\u00e7\u00e3o1.pdf\" target=\"_blank\" rel=\"noopener noreferrer\">Edital de bolsas 2024-1 &#8211; 1\u00aa retifica\u00e7\u00e3o<\/a>\u00a0<\/p>\n<p style=\"padding-left: 40px;\"><a href=\"http:\/\/www.posgraduacao.unimontes.br\/uploads\/sites\/2\/2024\/03\/Resultado-Preliminar-1-2024.pdf\" target=\"_blank\" rel=\"noopener noreferrer\">Resultado preliminar<\/a>\u00a0<\/p>\n<p style=\"padding-left: 40px;\"><a href=\"http:\/\/www.posgraduacao.unimontes.br\/uploads\/sites\/2\/2024\/03\/Edital-de-bolsas-1-2024.pdf\" target=\"_blank\" rel=\"noopener noreferrer\">Edital de bolsas 2024-1<\/a><\/p>\n<p style=\"padding-left: 40px;\"><a href=\"http:\/\/www.posgraduacao.unimontes.br\/uploads\/sites\/2\/2024\/03\/Anexo-1-Formul\u00e1rio-de-inscri\u00e7\u00e3o_2024.pdf\" target=\"_blank\" rel=\"noopener noreferrer\">Anexo 1 &#8211; Formul\u00e1rio de inscri\u00e7\u00e3o_2024<\/a><\/p>\n<p style=\"padding-left: 40px;\"><a href=\"http:\/\/www.posgraduacao.unimontes.br\/uploads\/sites\/2\/2024\/03\/Anexo-2-Formul\u00e1rio-de-comprova\u00e7\u00e3o-de-renda-familiar-PPGH_2024.pdf\" target=\"_blank\" rel=\"noopener noreferrer\">Anexo 2 &#8211; Formul\u00e1rio de comprova\u00e7\u00e3o de renda familiar PPGH_2024<\/a><\/p><\/p>\n<\/div><div class=\"kc-elm kc-css-425180 kc_text_block\"><p><span style=\"color: #002060; font-family: Arial, sans-serif; font-size: 21.3333px;\">Edital de bolsas 2023<\/span><\/p>\n<\/div><div class=\"kc-elm kc-css-495520 kc_text_block\"><p><strong><span style=\"color: #000080;\">Processo seletivo de concess\u00e3o de Bolsa de Estudo por cotas socioecon\u00f4micas &#8211; TURMA 2023<\/span><\/strong><\/p>\n<p style=\"padding-left: 40px;\"><a href=\"http:\/\/www.posgraduacao.unimontes.br\/uploads\/sites\/2\/2023\/03\/Resultado-Final-1-2023-dia-30.pdf\" target=\"_blank\" rel=\"noopener noreferrer\">Resultado final &#8211; Edital de Bolsas 2023<\/a><\/p>\n<p style=\"padding-left: 40px;\"><a href=\"http:\/\/www.posgraduacao.unimontes.br\/uploads\/sites\/2\/2023\/03\/Resultado-Preliminar-1-2023.pdf\" target=\"_blank\" rel=\"noopener noreferrer\">Resultado preliminar &#8211; Edital de Bolsas 2023<\/a><\/p>\n<p style=\"padding-left: 40px;\"><a href=\"http:\/\/www.posgraduacao.unimontes.br\/uploads\/sites\/2\/2023\/03\/Edital-de-bolsas-1-2023.pdf\" target=\"_blank\" rel=\"noopener noreferrer\">Edital de bolsas 2023-1<\/a><\/p>\n<p style=\"padding-left: 40px;\"><a href=\"http:\/\/www.posgraduacao.unimontes.br\/uploads\/sites\/2\/2023\/03\/Anexo-1-Formul\u00e1rio-de-inscri\u00e7\u00e3o_2023.pdf\" target=\"_blank\" rel=\"noopener noreferrer\">Anexo 1 &#8211; Formul\u00e1rio de inscri\u00e7\u00e3o_2023<\/a><\/p>\n<p style=\"padding-left: 40px;\"><a href=\"http:\/\/www.posgraduacao.unimontes.br\/uploads\/sites\/2\/2023\/03\/Anexo-2-Formul\u00e1rio-de-comprova\u00e7\u00e3o-de-renda-familiar-PPGH_2023.pdf\" target=\"_blank\" rel=\"noopener noreferrer\">Anexo 2 &#8211; Formul\u00e1rio de comprova\u00e7\u00e3o de renda familiar PPGH_2023<\/a><\/p><\/p>\n<\/div><div class=\"kc-elm kc-css-335485 kc_text_block\"><p><span style=\"color: #002060; font-family: Arial, sans-serif; font-size: 21.3333px;\">Editais de bolsas anteriores<\/span><\/p>\n<\/div><div class=\"kc-elm kc-css-255565 kc_text_block\"><p><span style=\"color: #002060; font-family: Arial, sans-serif; font-size: 21.3333px;\">Edital de bolsas 2022<\/span><\/p>\n<\/div><div class=\"kc-elm kc-css-798318 kc_text_block\"><p><strong><span style=\"color: #000080;\">Processo seletivo de concess\u00e3o de Bolsa de Estudo por cotas socioecon\u00f4micas &#8211; TURMA 2022<\/span><\/strong><\/p>\n<p style=\"padding-left: 40px;\"><a href=\"http:\/\/www.posgraduacao.unimontes.br\/uploads\/sites\/2\/2022\/07\/Resultado-final.pdf\" target=\"_blank\" rel=\"noopener noreferrer\">Resultado final &#8211; Edital de Bolsas 2022<\/a><\/p>\n<p style=\"padding-left: 40px;\"><a href=\"http:\/\/www.posgraduacao.unimontes.br\/uploads\/sites\/2\/2022\/06\/Resultado-preliminar-Edital-de-Bolsas-2022.pdf\" target=\"_blank\" rel=\"noopener noreferrer\">Resultado preliminar &#8211; Edital de Bolsas 2022<\/a><\/p>\n<p style=\"padding-left: 40px;\"><a style=\"font-style: inherit;\" href=\"http:\/\/www.posgraduacao.unimontes.br\/uploads\/sites\/2\/2022\/06\/Edital-de-bolsas-1-2022.pdf\" target=\"_blank\" rel=\"noopener noreferrer\">Edital de bolsas 2022-1<\/a><\/p>\n<p style=\"padding-left: 40px;\"><a href=\"http:\/\/www.posgraduacao.unimontes.br\/uploads\/sites\/2\/2022\/06\/Anexo-1-Formul\u00e1rio-de-inscri\u00e7\u00e3o_2022.pdf\" target=\"_blank\" rel=\"noopener noreferrer\">Anexo 1 &#8211; Formul\u00e1rio de inscri\u00e7\u00e3o_2022<\/a><\/p>\n<p style=\"padding-left: 40px;\"><a href=\"http:\/\/www.posgraduacao.unimontes.br\/uploads\/sites\/2\/2022\/06\/Anexo-2-Formul\u00e1rio-de-comprova\u00e7\u00e3o-de-renda-familiar-PPGH_2022.pdf\" target=\"_blank\" rel=\"noopener noreferrer\">Anexo 2 &#8211; Formul\u00e1rio de comprova\u00e7\u00e3o de renda familiar PPGH_2022<\/a><\/p><\/p>\n<\/div><div class=\"kc-elm kc-css-696985 kc_text_block\"><p><strong><span style=\"color: #000080;\">Processo seletivo de concess\u00e3o de Bolsa de Estudo por cotas socioecon\u00f4micas &#8211; TURMA 2021<\/span><\/strong><\/p>\n<p style=\"padding-left: 40px;\"><a href=\"https:\/\/www.posgraduacao.unimontes.br\/ppgh\/edital-de-bolsas\/resultado-final-2021\/\" target=\"_blank\" rel=\"attachment noopener wp-att-1277 noreferrer\">Resultado Final &#8211; Edital de bolsas 2021<\/a><\/p>\n<p style=\"padding-left: 40px;\"><a href=\"https:\/\/www.posgraduacao.unimontes.br\/ppgh\/edital-de-bolsas\/resultado-preliminar-2021\/\" target=\"_blank\" rel=\"attachment noopener wp-att-1258 noreferrer\">Resultado preliminar &#8211; Edital de bolsas 2021<\/a><\/p>\n<p style=\"padding-left: 40px;\"><a href=\"http:\/\/www.posgraduacao.unimontes.br\/uploads\/sites\/2\/2021\/04\/Edital-de-bolsas-2021-1.pdf\" target=\"_blank\" rel=\"noopener noreferrer\">Edital de bolsas 2021-1<\/a><\/p>\n<p style=\"padding-left: 40px;\"><a href=\"http:\/\/www.posgraduacao.unimontes.br\/uploads\/sites\/2\/2021\/04\/Anexo-1-Formul\u00e1rio-de-inscri\u00e7\u00e3o_2021.pdf\" target=\"_blank\" rel=\"noopener noreferrer\">Anexo 1 &#8211; Formul\u00e1rio de inscri\u00e7\u00e3o_2021<\/a><\/p>\n<p style=\"padding-left: 40px;\"><a href=\"http:\/\/www.posgraduacao.unimontes.br\/uploads\/sites\/2\/2021\/04\/Anexo-2-Formul\u00e1rio-de-comprova\u00e7\u00e3o-de-renda-familiar-PPGH_2021.pdf\" target=\"_blank\" rel=\"noopener noreferrer\">Anexo 2 &#8211; Formul\u00e1rio de comprova\u00e7\u00e3o de renda familiar PPGH_2021<\/a><\/p>\n<p><strong><span style=\"color: #000080;\">Processo seletivo de concess\u00e3o de Bolsa de Estudo por cotas socioecon\u00f4micas &#8211; TURMA 2020<\/span><\/strong><\/p>\n<p style=\"padding-left: 40px;\"><a href=\"http:\/\/www.posgraduacao.unimontes.br\/uploads\/sites\/2\/2020\/03\/Edital-de-bolsas-1-2020-1.pdf\">Edital-de-bolsas-1-2020-1<\/a><\/p>\n<p style=\"padding-left: 40px;\"><a href=\"http:\/\/www.posgraduacao.unimontes.br\/uploads\/sites\/2\/2020\/03\/Anexo-2-Formul\u00e1rio-de-comprova\u00e7\u00e3o-de-renda-familiar-PPGH_2020-1.pdf\">Formul\u00e1rio de comprova\u00e7\u00e3o de renda familiar PPGH_2020<\/a><\/p>\n<p style=\"padding-left: 40px;\"><a href=\"http:\/\/www.posgraduacao.unimontes.br\/uploads\/sites\/2\/2020\/03\/Anexo-1-Formul\u00e1rio-de-inscri\u00e7\u00e3o_2020-1.pdf\"> Formul\u00e1rio de inscri\u00e7\u00e3o_2020<\/a><\/p>\n<p style=\"text-align: left; padding-left: 40px;\"><a href=\"http:\/\/www.posgraduacao.unimontes.br\/uploads\/sites\/2\/2020\/03\/Resultado-edital-1-2020.pdf\">Resultado edital 1-2020<\/a><\/p><\/p>\n<\/div><\/div><\/div><\/div><\/div><\/section>","protected":false},"excerpt":{"rendered":"","protected":false},"author":2,"featured_media":0,"parent":1631,"menu_order":4,"comment_status":"closed","ping_status":"closed","template":"","meta":[],"yoast_head":"<!-- This site is optimized with the Yoast SEO plugin v14.7 - https:\/\/yoast.com\/wordpress\/plugins\/seo\/ -->\n<title>Edital de Bolsas - PPGH - P\u00f3s Gradua\u00e7\u00e3o em Hist\u00f3ria Unimontes<\/title>\n<meta name=\"robots\" content=\"index, follow\" \/>\n<meta name=\"googlebot\" content=\"index, follow, max-snippet:-1, max-image-preview:large, max-video-preview:-1\" \/>\n<meta name=\"bingbot\" content=\"index, follow, max-snippet:-1, max-image-preview:large, max-video-preview:-1\" \/>\n<link rel=\"canonical\" href=\"https:\/\/www.posgraduacao.unimontes.br\/ppgh\/processos_seletivos\/edital-de-bolsas\/\" \/>\n<meta property=\"og:locale\" content=\"pt_BR\" \/>\n<meta property=\"og:type\" content=\"article\" \/>\n<meta property=\"og:title\" content=\"Edital de Bolsas - PPGH - P\u00f3s Gradua\u00e7\u00e3o em Hist\u00f3ria Unimontes\" \/>\n<meta property=\"og:description\" content=\"Edital de bolsas 2026 Processo seletivo de concess\u00e3o de Bolsa de Estudo Mestrado e Doutorado \u2013 TURMAS 2026 Resultado Mestrado e Doutorado &#8211; 2026-1 Edital\u00a0 Edital de bolsas 2025 Processo seletivo EMERGENCIAL de concess\u00e3o de Bolsa de Estudo &#8211; Doutorado \u2013 TURMA 2025 Resultado de an\u00e1lise de solicita\u00e7\u00e3o Resultado de recurso\u00a0 Resultado Doutorado \u2013 2025-2\u00a0 [&hellip;]\" \/>\n<meta property=\"og:url\" content=\"https:\/\/www.posgraduacao.unimontes.br\/ppgh\/processos_seletivos\/edital-de-bolsas\/\" \/>\n<meta property=\"og:site_name\" content=\"PPGH - P\u00f3s Gradua\u00e7\u00e3o em Hist\u00f3ria Unimontes\" \/>\n<meta property=\"article:modified_time\" content=\"2026-03-19T16:19:27+00:00\" \/>\n<meta name=\"twitter:card\" content=\"summary_large_image\" \/>\n<script type=\"application\/ld+json\" class=\"yoast-schema-graph\">{\"@context\":\"https:\/\/schema.org\",\"@graph\":[{\"@type\":\"WebSite\",\"@id\":\"https:\/\/www.posgraduacao.unimontes.br\/ppgh\/#website\",\"url\":\"https:\/\/www.posgraduacao.unimontes.br\/ppgh\/\",\"name\":\"PPGH - P\\u00f3s Gradua\\u00e7\\u00e3o em Hist\\u00f3ria Unimontes\",\"description\":\"Portal da P\\u00f3s Gradua\\u00e7\\u00e3o em Hist\\u00f3ria Unimontes\",\"potentialAction\":[{\"@type\":\"SearchAction\",\"target\":\"https:\/\/www.posgraduacao.unimontes.br\/ppgh\/?s={search_term_string}\",\"query-input\":\"required name=search_term_string\"}],\"inLanguage\":\"pt-BR\"},{\"@type\":\"WebPage\",\"@id\":\"https:\/\/www.posgraduacao.unimontes.br\/ppgh\/processos_seletivos\/edital-de-bolsas\/#webpage\",\"url\":\"https:\/\/www.posgraduacao.unimontes.br\/ppgh\/processos_seletivos\/edital-de-bolsas\/\",\"name\":\"Edital de Bolsas - PPGH - P\\u00f3s Gradua\\u00e7\\u00e3o em Hist\\u00f3ria Unimontes\",\"isPartOf\":{\"@id\":\"https:\/\/www.posgraduacao.unimontes.br\/ppgh\/#website\"},\"datePublished\":\"2020-03-05T14:51:27+00:00\",\"dateModified\":\"2026-03-19T16:19:27+00:00\",\"inLanguage\":\"pt-BR\",\"potentialAction\":[{\"@type\":\"ReadAction\",\"target\":[\"https:\/\/www.posgraduacao.unimontes.br\/ppgh\/processos_seletivos\/edital-de-bolsas\/\"]}]}]}<\/script>\n<!-- \/ Yoast SEO plugin. -->","_links":{"self":[{"href":"https:\/\/www.posgraduacao.unimontes.br\/ppgh\/wp-json\/wp\/v2\/pages\/735"}],"collection":[{"href":"https:\/\/www.posgraduacao.unimontes.br\/ppgh\/wp-json\/wp\/v2\/pages"}],"about":[{"href":"https:\/\/www.posgraduacao.unimontes.br\/ppgh\/wp-json\/wp\/v2\/types\/page"}],"author":[{"embeddable":true,"href":"https:\/\/www.posgraduacao.unimontes.br\/ppgh\/wp-json\/wp\/v2\/users\/2"}],"replies":[{"embeddable":true,"href":"https:\/\/www.posgraduacao.unimontes.br\/ppgh\/wp-json\/wp\/v2\/comments?post=735"}],"version-history":[{"count":37,"href":"https:\/\/www.posgraduacao.unimontes.br\/ppgh\/wp-json\/wp\/v2\/pages\/735\/revisions"}],"predecessor-version":[{"id":2595,"href":"https:\/\/www.posgraduacao.unimontes.br\/ppgh\/wp-json\/wp\/v2\/pages\/735\/revisions\/2595"}],"up":[{"embeddable":true,"href":"https:\/\/www.posgraduacao.unimontes.br\/ppgh\/wp-json\/wp\/v2\/pages\/1631"}],"wp:attachment":[{"href":"https:\/\/www.posgraduacao.unimontes.br\/ppgh\/wp-json\/wp\/v2\/media?parent=735"}],"curies":[{"name":"wp","href":"https:\/\/api.w.org\/{rel}","templated":true}]}}