{"id":514,"date":"2019-03-17T23:46:01","date_gmt":"2019-03-18T02:46:01","guid":{"rendered":"http:\/\/www.posgraduacao.unimontes.br\/ppgh\/?page_id=514"},"modified":"2024-08-22T14:20:11","modified_gmt":"2024-08-22T17:20:11","slug":"formularios","status":"publish","type":"page","link":"https:\/\/www.posgraduacao.unimontes.br\/ppgh\/equipe\/formularios\/","title":{"rendered":"Formul\u00e1rios"},"content":{"rendered":"<section class=\"kc-elm kc_row\"><div class=\"kc-row-container  kc-container\"><div class=\"kc-wrap-columns\"><div class=\"kc-elm kc_column kc_col-sm-12\"><div class=\"kc-col-container\"><div class=\"kc-elm\" style=\"height: 20px; clear: both; width:100%;\"><\/div><\/div><\/div><\/div><\/div><\/section><section class=\"kc-elm kc_row\"><div class=\"kc-row-container  kc-container\"><div class=\"kc-wrap-columns\"><div class=\"kc-elm kc_column kc_col-sm-12\"><div class=\"kc-col-container\"><div class=\"kc-elm kc_text_block\"><h2 style=\\\"margin: 2.4pt 0cm 6pt;font-size: 18pt;, serif;color: #000000;line-height: 41.25pt;background-image: initial;background-position: initial;background-size: initial;background-attachment: initial\\\"><strong><span style=\\\"font-size: 16pt;, sans-serif;color: navy\\\">Lista de Formul\u00e1rios:<\/span><\/strong><\/h2>\n<\/div><\/div><\/div><\/div><\/div><\/section><section class=\"kc-elm kc_row\"><div class=\"kc-row-container  kc-container\"><div class=\"kc-wrap-columns\"><div class=\"kc-elm kc_column kc_col-sm-12\"><div class=\"kc-col-container\"><div class=\"kc-elm kc_text_block\"><h2><\/h2>\n<h2><\/h2>\n<p style=\\\"padding-left: 40px\\\"><a href=\\\"http:\/\/www.posgraduacao.unimontes.br\/uploads\/sites\/2\/2025\/03\/Formulario-01-Deposito-de-Dissertacao-ou-qualificacao-1.pdf\\\" target=\\\"_blank\\\" rel=\\\"noopener noreferrer\\\">Formul\u00e1rio 01 &#8211; Dep\u00f3sito de Disserta\u00e7\u00e3o-Qualifica\u00e7\u00e3o<\/a><\/p>\n<p style=\\\"padding-left: 40px\\\"><a href=\\\"http:\/\/www.posgraduacao.unimontes.br\/uploads\/sites\/2\/2023\/05\/Formul\u00e1rio-02-dep\u00f3sito-da-disserta\u00e7\u00e3o-final.pdf\\\" target=\\\"_blank\\\" rel=\\\"noopener noreferrer\\\">Formul\u00e1rio 02 &#8211; Dep\u00f3sito da Disserta\u00e7\u00e3o Final<\/a><\/p>\n<p style=\\\"padding-left: 40px\\\"><a href=\\\"http:\/\/www.posgraduacao.unimontes.br\/uploads\/sites\/2\/2022\/02\/Formul\u00e1rio-03-informa\u00e7\u00f5es-para-plataforma-sucupira.pdf\\\" target=\\\"_blank\\\" rel=\\\"attachment noopener wp-att-518 noreferrer\\\">Formul\u00e1rio 03 &#8211; Informa\u00e7\u00f5es para Plataforma Sucupira<\/a><\/p>\n<p style=\\\"padding-left: 40px\\\"><a href=\\\"http:\/\/www.posgraduacao.unimontes.br\/uploads\/sites\/2\/2022\/02\/Formul\u00e1rio-04-termo-de-autoriza\u00e7\u00e3o.pdf\\\" target=\\\"_blank\\\" rel=\\\"attachment noopener wp-att-515 noreferrer\\\">Formul\u00e1rio 04 &#8211; Termo de autoriza\u00e7\u00e3o<\/a><\/p>\n<p style=\\\"padding-left: 40px\\\"><a href=\\\"http:\/\/www.posgraduacao.unimontes.br\/uploads\/sites\/2\/2024\/08\/Formul\u00e1rio-5-Relat\u00f3rio-de-produ\u00e7\u00e3o-discente-para-renova\u00e7\u00e3o-de-bolsas-e-atividades-programadas-1.pdf\\\" target=\\\"_blank\\\" rel=\\\"noopener noreferrer\\\">Formul\u00e1rio 05 &#8211; Relat\u00f3rio de produ\u00e7\u00e3o discente para renova\u00e7\u00e3o de bolsas e atividades programadas<\/a><\/p>\n<p style=\\\"padding-left: 40px\\\"><a href=\\\"http:\/\/www.posgraduacao.unimontes.br\/uploads\/sites\/2\/2023\/05\/Termo-de-compromisso-PL\u00c1GIO.pdf\\\" target=\\\"_blank\\\" rel=\\\"noopener noreferrer\\\">Formul\u00e1rio 06 &#8211;\u00a0Termo de responsabilidade contra pl\u00e1gios<\/a><\/p>\n<p style=\\\"padding-left: 40px\\\"><a href=\\\"http:\/\/www.posgraduacao.unimontes.br\/uploads\/sites\/2\/2025\/12\/Formulario-7-Aproveitamento-Disciplina-isolada.pdf\\\" target=\\\"_blank\\\" rel=\\\"noopener noreferrer\\\">Formul\u00e1rio 07 &#8211; Aproveitamento Disciplina isolada<\/a><\/p>\n<p style=\\\"padding-left: 40px\\\"><a href=\\\"http:\/\/www.posgraduacao.unimontes.br\/uploads\/sites\/2\/2025\/12\/Formulario-8-DR-Aproveitamento-Mestrado-Creditos-Discente-PPGH.pdf\\\" target=\\\"_blank\\\" rel=\\\"noopener noreferrer\\\">Formul\u00e1rio 08 &#8211; DR &#8211; Aproveitamento Mestrado Cr\u00e9ditos &#8211; Discente PPGH<\/a><\/p>\n<p style=\\\"padding-left: 40px\\\"><a href=\\\"http:\/\/www.posgraduacao.unimontes.br\/uploads\/sites\/2\/2025\/12\/Formulario-9-DR-Aproveitamento-Mestrado-Creditos-Discente-outros-PPGs.pdf\\\" target=\\\"_blank\\\" rel=\\\"noopener noreferrer\\\">Formul\u00e1rio 09 &#8211; DR &#8211; Aproveitamento Mestrado Cr\u00e9ditos &#8211; Discente outros PPGs<\/a><\/p>\n<p style=\\\"padding-left: 40px\\\"><a href=\\\"http:\/\/www.posgraduacao.unimontes.br\/uploads\/sites\/2\/2025\/12\/Formulario-10-DR-Aproveitamento-Mestrado-Lingua-Estrangeira.pdf\\\" target=\\\"_blank\\\" rel=\\\"noopener noreferrer\\\">Formul\u00e1rio 10 &#8211; DR &#8211; Aproveitamento Mestrado &#8211; L\u00edngua Estrangeira<\/a><\/p>\n<p style=\\\"padding-left: 40px\\\"><a href=\\\"http:\/\/www.posgraduacao.unimontes.br\/uploads\/sites\/2\/2025\/12\/Formulario-11-DR-Aproveitamento-de-estudos-Estagio-Docente.pdf\\\" target=\\\"_blank\\\" rel=\\\"noopener noreferrer\\\">Formul\u00e1rio 11 &#8211; DR &#8211; Aproveitamento de estudos &#8211; Est\u00e1gio Docente<\/a><\/p>\n<\/div><\/div><\/div><\/div><\/div><\/section>\n","protected":false},"excerpt":{"rendered":"","protected":false},"author":2,"featured_media":0,"parent":1469,"menu_order":0,"comment_status":"closed","ping_status":"closed","template":"","meta":[],"yoast_head":"<!-- This site is optimized with the Yoast SEO plugin v14.7 - https:\/\/yoast.com\/wordpress\/plugins\/seo\/ -->\n<title>Formul\u00e1rios - PPGH - P\u00f3s Gradua\u00e7\u00e3o em Hist\u00f3ria Unimontes<\/title>\n<meta name=\"robots\" content=\"index, follow\" \/>\n<meta name=\"googlebot\" content=\"index, follow, max-snippet:-1, max-image-preview:large, max-video-preview:-1\" \/>\n<meta name=\"bingbot\" content=\"index, follow, max-snippet:-1, max-image-preview:large, max-video-preview:-1\" \/>\n<link rel=\"canonical\" href=\"https:\/\/www.posgraduacao.unimontes.br\/ppgh\/equipe\/formularios\/\" \/>\n<meta property=\"og:locale\" content=\"pt_BR\" \/>\n<meta property=\"og:type\" content=\"article\" \/>\n<meta property=\"og:title\" content=\"Formul\u00e1rios - PPGH - P\u00f3s Gradua\u00e7\u00e3o em Hist\u00f3ria Unimontes\" \/>\n<meta property=\"og:description\" content=\"Lista de Formul\u00e1rios: Formul\u00e1rio 01 &#8211; Dep\u00f3sito de Disserta\u00e7\u00e3o-Qualifica\u00e7\u00e3o Formul\u00e1rio 02 &#8211; Dep\u00f3sito da Disserta\u00e7\u00e3o Final Formul\u00e1rio 03 &#8211; Informa\u00e7\u00f5es para Plataforma Sucupira Formul\u00e1rio 04 &#8211; Termo de autoriza\u00e7\u00e3o Formul\u00e1rio 05 &#8211; Relat\u00f3rio de produ\u00e7\u00e3o discente para renova\u00e7\u00e3o de bolsas e atividades programadas Formul\u00e1rio 06 &#8211;\u00a0Termo de responsabilidade contra pl\u00e1gios Formul\u00e1rio 07 &#8211; Aproveitamento Disciplina [&hellip;]\" \/>\n<meta property=\"og:url\" content=\"https:\/\/www.posgraduacao.unimontes.br\/ppgh\/equipe\/formularios\/\" \/>\n<meta property=\"og:site_name\" content=\"PPGH - P\u00f3s Gradua\u00e7\u00e3o em Hist\u00f3ria Unimontes\" \/>\n<meta property=\"article:modified_time\" content=\"2024-08-22T17:20:11+00:00\" \/>\n<meta name=\"twitter:card\" content=\"summary_large_image\" \/>\n<script type=\"application\/ld+json\" class=\"yoast-schema-graph\">{\"@context\":\"https:\/\/schema.org\",\"@graph\":[{\"@type\":\"WebSite\",\"@id\":\"https:\/\/www.posgraduacao.unimontes.br\/ppgh\/#website\",\"url\":\"https:\/\/www.posgraduacao.unimontes.br\/ppgh\/\",\"name\":\"PPGH - P\\u00f3s Gradua\\u00e7\\u00e3o em Hist\\u00f3ria Unimontes\",\"description\":\"Portal da P\\u00f3s Gradua\\u00e7\\u00e3o em Hist\\u00f3ria Unimontes\",\"potentialAction\":[{\"@type\":\"SearchAction\",\"target\":\"https:\/\/www.posgraduacao.unimontes.br\/ppgh\/?s={search_term_string}\",\"query-input\":\"required name=search_term_string\"}],\"inLanguage\":\"pt-BR\"},{\"@type\":\"WebPage\",\"@id\":\"https:\/\/www.posgraduacao.unimontes.br\/ppgh\/equipe\/formularios\/#webpage\",\"url\":\"https:\/\/www.posgraduacao.unimontes.br\/ppgh\/equipe\/formularios\/\",\"name\":\"Formul\\u00e1rios - PPGH - P\\u00f3s Gradua\\u00e7\\u00e3o em Hist\\u00f3ria Unimontes\",\"isPartOf\":{\"@id\":\"https:\/\/www.posgraduacao.unimontes.br\/ppgh\/#website\"},\"datePublished\":\"2019-03-18T02:46:01+00:00\",\"dateModified\":\"2024-08-22T17:20:11+00:00\",\"inLanguage\":\"pt-BR\",\"potentialAction\":[{\"@type\":\"ReadAction\",\"target\":[\"https:\/\/www.posgraduacao.unimontes.br\/ppgh\/equipe\/formularios\/\"]}]}]}<\/script>\n<!-- \/ Yoast SEO plugin. -->","_links":{"self":[{"href":"https:\/\/www.posgraduacao.unimontes.br\/ppgh\/wp-json\/wp\/v2\/pages\/514"}],"collection":[{"href":"https:\/\/www.posgraduacao.unimontes.br\/ppgh\/wp-json\/wp\/v2\/pages"}],"about":[{"href":"https:\/\/www.posgraduacao.unimontes.br\/ppgh\/wp-json\/wp\/v2\/types\/page"}],"author":[{"embeddable":true,"href":"https:\/\/www.posgraduacao.unimontes.br\/ppgh\/wp-json\/wp\/v2\/users\/2"}],"replies":[{"embeddable":true,"href":"https:\/\/www.posgraduacao.unimontes.br\/ppgh\/wp-json\/wp\/v2\/comments?post=514"}],"version-history":[{"count":20,"href":"https:\/\/www.posgraduacao.unimontes.br\/ppgh\/wp-json\/wp\/v2\/pages\/514\/revisions"}],"predecessor-version":[{"id":1543,"href":"https:\/\/www.posgraduacao.unimontes.br\/ppgh\/wp-json\/wp\/v2\/pages\/514\/revisions\/1543"}],"up":[{"embeddable":true,"href":"https:\/\/www.posgraduacao.unimontes.br\/ppgh\/wp-json\/wp\/v2\/pages\/1469"}],"wp:attachment":[{"href":"https:\/\/www.posgraduacao.unimontes.br\/ppgh\/wp-json\/wp\/v2\/media?parent=514"}],"curies":[{"name":"wp","href":"https:\/\/api.w.org\/{rel}","templated":true}]}}