{"id":509,"date":"2019-03-17T23:40:04","date_gmt":"2019-03-18T02:40:04","guid":{"rendered":"http:\/\/www.posgraduacao.unimontes.br\/ppgh\/?page_id=509"},"modified":"2025-10-06T17:34:34","modified_gmt":"2025-10-06T20:34:34","slug":"instrucoes-normativas","status":"publish","type":"page","link":"https:\/\/www.posgraduacao.unimontes.br\/ppgh\/normas-e-resolucoes-2\/instrucoes-normativas\/","title":{"rendered":"Instru\u00e7\u00f5es Normativas"},"content":{"rendered":"<section class=\"kc-elm kc-css-518651 kc_row\"><div class=\"kc-row-container  kc-container\"><div class=\"kc-wrap-columns\"><div class=\"kc-elm kc-css-509144 kc_col-sm-12 kc_column kc_col-sm-12\"><div class=\"kc-col-container\"><div class=\"kc-elm kc-css-379576 kc_text_block\"><p class=\"MsoNormal\" style=\"margin: 0cm 0cm 8pt; line-height: 15.6933px; font-size: 11pt; font-family: Calibri, sans-serif; color: #000000;\"><span style=\"font-size: 16pt; line-height: 22.8267px; font-family: Arial, sans-serif; color: #002060;\">\u00a0<\/span><\/p>\n<p class=\"MsoNormal\" style=\"margin: 0cm 0cm 8pt; line-height: 15.6933px; font-size: 11pt; font-family: Calibri, sans-serif; color: #000000;\"><span style=\"font-size: 16pt; line-height: 22.8267px; font-family: Arial, sans-serif; color: #002060;\">Instru\u00e7\u00f5es normativas<\/span><\/p>\n<p class=\"MsoNormal\" style=\"margin: 0cm 0cm 8pt; line-height: 15.6933px; font-size: 11pt; font-family: Calibri, sans-serif; color: #000000;\"><span style=\"font-size: 16pt; line-height: 22.8267px; font-family: Arial, sans-serif; color: #002060;\">\u00a0<\/span><\/p>\n<p class=\"MsoNormal\" style=\"margin: 0cm 0cm 8pt; font-size: 11pt; font-family: Calibri, sans-serif; line-height: 16.8667px; color: #000000;\"><a href=\"http:\/\/www.posgraduacao.unimontes.br\/uploads\/sites\/2\/2023\/05\/Instru\u00e7\u00e3o-normativa-Defesa-de-Disserta\u00e7\u00f5es.pdf\" target=\"_blank\" rel=\"noopener\"><span style=\"font-size: 14pt;\"><span style=\"color: windowtext;\">Instru\u00e7\u00e3o Normativa 01-2023 &#8211; Sobre a Defesa de Disserta\u00e7\u00f5es<\/span><\/span><\/a><\/p>\n<p style=\"margin: 12pt 0cm; font-size: medium; font-family: 'Times New Roman', serif; color: #000000;\"><a href=\"http:\/\/www.posgraduacao.unimontes.br\/uploads\/sites\/2\/2023\/05\/Instru\u00e7\u00e3o-normativa-Qualifica\u00e7\u00e3o.pdf\" target=\"_blank\" rel=\"noopener\"><span style=\"font-size: 14pt; font-family: Calibri, sans-serif;\"><span style=\"color: windowtext;\">Instru\u00e7\u00e3o Normativa 02-2023 &#8211; Sobre Exame Geral de Qualifica\u00e7\u00e3o<\/span><\/span><\/a><\/p>\n<p><a href=\"http:\/\/www.posgraduacao.unimontes.br\/uploads\/sites\/2\/2025\/10\/Instrucao-normativa-1-2025.pdf\" target=\"_blank\" rel=\"noopener\"><span style=\"font-family: arial, sans-serif;\">Instru\u00e7\u00e3o Normativa 01-2025 \u2013S<\/span><span style=\"font-family: arial, sans-serif;\">obre\u00a0Concess\u00e3o e o ac\u00famulo de bolsas e normatiza\u00e7\u00f5es<\/span><\/a><\/p>\n<p><a href=\"http:\/\/www.posgraduacao.unimontes.br\/uploads\/sites\/2\/2025\/10\/Instrucao-normativa-2-2025.pdf\" target=\"_blank\" rel=\"noopener\">Instru\u00e7\u00e3o Normativa 02-2025 \u2013 Sobre\u00a0a participa\u00e7\u00e3o de bolsistas em frentes de tarefas coletivas<\/a><\/p>\n<\/div><\/div><\/div><\/div><\/div><\/section><section class=\"kc-elm kc-css-110711 kc_row\"><div class=\"kc-row-container  kc-container\"><div class=\"kc-wrap-columns\"><div class=\"kc-elm kc-css-890071 kc_col-sm-12 kc_column kc_col-sm-12\"><div class=\"kc-col-container\"><div class=\"kc-elm kc-css-427112 kc_text_block\"><p class=\"MsoNormal\" style=\"margin: 0cm 0cm 10pt; font-size: 11pt; font-family: Calibri, sans-serif; line-height: 16.8667px; color: #000000;\">\n<\/div><\/div><\/div><\/div><\/div><\/section><section class=\"kc-elm kc-css-366446 kc_row\"><div class=\"kc-row-container  kc-container\"><div class=\"kc-wrap-columns\"><div class=\"kc-elm kc-css-21427 kc_col-sm-12 kc_column kc_col-sm-12\"><div class=\"kc-col-container\"><div class=\"kc-elm kc-css-953179 kc_text_block\"><\/div><\/div><\/div><\/div><\/div><\/section>\n","protected":false},"excerpt":{"rendered":"","protected":false},"author":2,"featured_media":0,"parent":1499,"menu_order":0,"comment_status":"closed","ping_status":"closed","template":"","meta":[],"yoast_head":"<!-- This site is optimized with the Yoast SEO plugin v14.7 - https:\/\/yoast.com\/wordpress\/plugins\/seo\/ -->\n<title>Instru\u00e7\u00f5es Normativas - PPGH - P\u00f3s Gradua\u00e7\u00e3o em Hist\u00f3ria Unimontes<\/title>\n<meta name=\"robots\" content=\"index, follow\" \/>\n<meta name=\"googlebot\" content=\"index, follow, max-snippet:-1, max-image-preview:large, max-video-preview:-1\" \/>\n<meta name=\"bingbot\" content=\"index, follow, max-snippet:-1, max-image-preview:large, max-video-preview:-1\" \/>\n<link rel=\"canonical\" href=\"https:\/\/www.posgraduacao.unimontes.br\/ppgh\/normas-e-resolucoes-2\/instrucoes-normativas\/\" \/>\n<meta property=\"og:locale\" content=\"pt_BR\" \/>\n<meta property=\"og:type\" content=\"article\" \/>\n<meta property=\"og:title\" content=\"Instru\u00e7\u00f5es Normativas - PPGH - P\u00f3s Gradua\u00e7\u00e3o em Hist\u00f3ria Unimontes\" \/>\n<meta property=\"og:description\" content=\"\u00a0 Instru\u00e7\u00f5es normativas \u00a0 Instru\u00e7\u00e3o Normativa 01-2023 &#8211; Sobre a Defesa de Disserta\u00e7\u00f5es Instru\u00e7\u00e3o Normativa 02-2023 &#8211; Sobre Exame Geral de Qualifica\u00e7\u00e3o Instru\u00e7\u00e3o Normativa 01-2025 \u2013Sobre\u00a0Concess\u00e3o e o ac\u00famulo de bolsas e normatiza\u00e7\u00f5es Instru\u00e7\u00e3o Normativa 02-2025 \u2013 Sobre\u00a0a participa\u00e7\u00e3o de bolsistas em frentes de tarefas coletivas\" \/>\n<meta property=\"og:url\" content=\"https:\/\/www.posgraduacao.unimontes.br\/ppgh\/normas-e-resolucoes-2\/instrucoes-normativas\/\" \/>\n<meta property=\"og:site_name\" content=\"PPGH - P\u00f3s Gradua\u00e7\u00e3o em Hist\u00f3ria Unimontes\" \/>\n<meta property=\"article:modified_time\" content=\"2025-10-06T20:34:34+00:00\" \/>\n<meta name=\"twitter:card\" content=\"summary_large_image\" \/>\n<script type=\"application\/ld+json\" class=\"yoast-schema-graph\">{\"@context\":\"https:\/\/schema.org\",\"@graph\":[{\"@type\":\"WebSite\",\"@id\":\"https:\/\/www.posgraduacao.unimontes.br\/ppgh\/#website\",\"url\":\"https:\/\/www.posgraduacao.unimontes.br\/ppgh\/\",\"name\":\"PPGH - P\\u00f3s Gradua\\u00e7\\u00e3o em Hist\\u00f3ria Unimontes\",\"description\":\"Portal da P\\u00f3s Gradua\\u00e7\\u00e3o em Hist\\u00f3ria Unimontes\",\"potentialAction\":[{\"@type\":\"SearchAction\",\"target\":\"https:\/\/www.posgraduacao.unimontes.br\/ppgh\/?s={search_term_string}\",\"query-input\":\"required name=search_term_string\"}],\"inLanguage\":\"pt-BR\"},{\"@type\":\"WebPage\",\"@id\":\"https:\/\/www.posgraduacao.unimontes.br\/ppgh\/normas-e-resolucoes-2\/instrucoes-normativas\/#webpage\",\"url\":\"https:\/\/www.posgraduacao.unimontes.br\/ppgh\/normas-e-resolucoes-2\/instrucoes-normativas\/\",\"name\":\"Instru\\u00e7\\u00f5es Normativas - PPGH - P\\u00f3s Gradua\\u00e7\\u00e3o em Hist\\u00f3ria Unimontes\",\"isPartOf\":{\"@id\":\"https:\/\/www.posgraduacao.unimontes.br\/ppgh\/#website\"},\"datePublished\":\"2019-03-18T02:40:04+00:00\",\"dateModified\":\"2025-10-06T20:34:34+00:00\",\"inLanguage\":\"pt-BR\",\"potentialAction\":[{\"@type\":\"ReadAction\",\"target\":[\"https:\/\/www.posgraduacao.unimontes.br\/ppgh\/normas-e-resolucoes-2\/instrucoes-normativas\/\"]}]}]}<\/script>\n<!-- \/ Yoast SEO plugin. -->","_links":{"self":[{"href":"https:\/\/www.posgraduacao.unimontes.br\/ppgh\/wp-json\/wp\/v2\/pages\/509"}],"collection":[{"href":"https:\/\/www.posgraduacao.unimontes.br\/ppgh\/wp-json\/wp\/v2\/pages"}],"about":[{"href":"https:\/\/www.posgraduacao.unimontes.br\/ppgh\/wp-json\/wp\/v2\/types\/page"}],"author":[{"embeddable":true,"href":"https:\/\/www.posgraduacao.unimontes.br\/ppgh\/wp-json\/wp\/v2\/users\/2"}],"replies":[{"embeddable":true,"href":"https:\/\/www.posgraduacao.unimontes.br\/ppgh\/wp-json\/wp\/v2\/comments?post=509"}],"version-history":[{"count":10,"href":"https:\/\/www.posgraduacao.unimontes.br\/ppgh\/wp-json\/wp\/v2\/pages\/509\/revisions"}],"predecessor-version":[{"id":2531,"href":"https:\/\/www.posgraduacao.unimontes.br\/ppgh\/wp-json\/wp\/v2\/pages\/509\/revisions\/2531"}],"up":[{"embeddable":true,"href":"https:\/\/www.posgraduacao.unimontes.br\/ppgh\/wp-json\/wp\/v2\/pages\/1499"}],"wp:attachment":[{"href":"https:\/\/www.posgraduacao.unimontes.br\/ppgh\/wp-json\/wp\/v2\/media?parent=509"}],"curies":[{"name":"wp","href":"https:\/\/api.w.org\/{rel}","templated":true}]}}