{"id":494,"date":"2019-03-17T23:15:34","date_gmt":"2019-03-18T02:15:34","guid":{"rendered":"http:\/\/www.posgraduacao.unimontes.br\/ppgh\/?page_id=494"},"modified":"2022-09-20T21:32:56","modified_gmt":"2022-09-21T00:32:56","slug":"estagio-em-docencia","status":"publish","type":"page","link":"https:\/\/www.posgraduacao.unimontes.br\/ppgh\/normas-e-resolucoes-2\/estagio-em-docencia\/","title":{"rendered":"Normas para Est\u00e1gio"},"content":{"rendered":"<section class=\"kc-elm kc_row\"><div class=\"kc-row-container  kc-container\"><div class=\"kc-wrap-columns\"><div class=\"kc-elm kc_column kc_col-sm-12\"><div class=\"kc-col-container\"><div class=\"kc-elm\" style=\"height: 20px; clear: both; width:100%;\"><\/div><\/div><\/div><\/div><\/div><\/section><section class=\"kc-elm kc_row\"><div class=\"kc-row-container  kc-container\"><div class=\"kc-wrap-columns\"><div class=\"kc-elm kc_column kc_col-sm-12\"><div class=\"kc-col-container\"><div class=\"kc-elm kc_text_block\"><p class=\\\"MsoNormal\\\" style=\\\"margin: 0cm 0cm 8pt;line-height: 15.6933px;font-size: 11pt;font-family: Calibri, sans-serif;color: #000000\\\"><span style=\\\"font-size: 16pt;line-height: 22.8267px;font-family: Arial, sans-serif;color: #002060\\\">Normas para Est\u00e1gio<\/span><\/p>\n<\/div><\/div><\/div><\/div><\/div><\/section><section class=\"kc-elm kc_row\"><div class=\"kc-row-container  kc-container\"><div class=\"kc-wrap-columns\"><div class=\"kc-elm kc_column kc_col-sm-12\"><div class=\"kc-col-container\"><div class=\"kc-elm kc_text_block\"><p style=\\\"font-weight: 400\\\">O EST\u00c1GIO DOCENTE \u00e9 obrigat\u00f3rio para todo(a) discente bolsista de qualquer ag\u00eancia de fomento, mas pode ser realizado tamb\u00e9m opcionalmente pelos n\u00e3o-bolsistas. O Estagio \u00e9 desenvolvimento em disciplina de no m\u00ednimo 60 h\/a da gradua\u00e7\u00e3o, preferencialmente do curso de Hist\u00f3ria. Ao final o\/a discente deve apresentar o relat\u00f3rio de atividades conforme o modelo abaixo. A realiza\u00e7\u00e3o do est\u00e1gio equivale \u00e0 02 (dois) cr\u00e9ditos.<\/p>\n<p style=\\\"font-weight: 400\\\"><strong style=\\\"font-weight: 600\\\">Coordenadora do Est\u00e1gio Docente:<\/strong>\u00a0Profa. Dra. Andr\u00e9a Helena Puydinger de Fazio.<\/p>\n<p style=\\\"font-weight: 400\\\"><strong style=\\\"font-weight: 600\\\">Email<\/strong><strong style=\\\"font-weight: 600\\\">:<\/strong>\u00a0andrea.fazio@unimontes.br<\/p>\n<\/div><\/div><\/div><\/div><\/div><\/section><section class=\"kc-elm kc_row\"><div class=\"kc-row-container  kc-container\"><div class=\"kc-wrap-columns\"><div class=\"kc-elm kc_column kc_col-sm-12\"><div class=\"kc-col-container\"><div class=\"kc-elm\" style=\"height: 20px; clear: both; width:100%;\"><\/div><\/div><\/div><\/div><\/div><\/section><section class=\"kc-elm kc_row\"><div class=\"kc-row-container  kc-container\"><div class=\"kc-wrap-columns\"><div class=\"kc-elm kc_column kc_col-sm-12\"><div class=\"kc-col-container\"><div class=\"kc-elm kc-icon-wrapper\">\n\t\t<i class=\"fa-leaf\"><\/i>\n\t<\/div>\n<div class=\"kc-elm kc_text_block\"><p>\nNormas para o Est\u00e1gio em Doc\u00eancia do PPGH<\/p>\n<p class=\\\"MsoNormal\\\" style=\\\"margin: 0cm 0cm 8pt;font-size: 11pt;font-family: Calibri, sans-serif;line-height: 15.6933px;color: #000000\\\">\n<\/div><\/div><\/div><div class=\"kc-elm kc_column kc_col-sm-12\"><div class=\"kc-col-container\"><div class=\"kc-elm kc-icon-wrapper\">\n\t\t<i class=\"fa-leaf\"><\/i>\n\t<\/div>\n<div class=\"kc-elm kc_text_block\"><p>Correspond\u00eancia Matr\u00edcula Est\u00e1gio Docente<\/p>\n<p class=\\\"MsoNormal\\\" style=\\\"margin: 0cm 0cm 8pt;font-size: 11pt;font-family: Calibri, sans-serif;line-height: 15.6933px;color: #000000\\\">\n<\/div><\/div><\/div><div class=\"kc-elm kc_column kc_col-sm-12\"><div class=\"kc-col-container\"><div class=\"kc-elm kc-icon-wrapper\">\n\t\t<i class=\"fa-leaf\"><\/i>\n\t<\/div>\n<div class=\"kc-elm kc_text_block\"><p>Modelo Plano de Trabalho Est\u00e1gio Docente<\/p>\n<p class=\\\"MsoNormal\\\" style=\\\"margin: 0cm 0cm 8pt;font-size: 11pt;font-family: Calibri, sans-serif;line-height: 15.6933px;color: #000000\\\">\n<\/div><\/div><\/div><div class=\"kc-elm kc_column kc_col-sm-12\"><div class=\"kc-col-container\"><div class=\"kc-elm kc-icon-wrapper\">\n\t\t<i class=\"fa-leaf\"><\/i>\n\t<\/div>\n<div class=\"kc-elm kc_text_block\"><p>Modelo_Relat\u00f3rio Est\u00e1gio Docente<\/p>\n<p class=\\\"MsoNormal\\\" style=\\\"margin: 0cm 0cm 8pt;font-size: 11pt;font-family: Calibri, sans-serif;line-height: 15.6933px;color: #000000\\\">\n<\/div><\/div><\/div><\/div><\/div><\/section><section class=\"kc-elm kc_row\"><div class=\"kc-row-container  kc-container\"><div class=\"kc-wrap-columns\"><div class=\"kc-elm kc_column kc_col-sm-12\"><div class=\"kc-col-container\"><div class=\"kc-elm kc_text_block\"><\/div><\/div><\/div><\/div><\/div><\/section>\n","protected":false},"excerpt":{"rendered":"","protected":false},"author":2,"featured_media":0,"parent":1499,"menu_order":0,"comment_status":"closed","ping_status":"closed","template":"","meta":[],"yoast_head":"<!-- This site is optimized with the Yoast SEO plugin v14.7 - https:\/\/yoast.com\/wordpress\/plugins\/seo\/ -->\n<title>Normas para Est\u00e1gio - PPGH - P\u00f3s Gradua\u00e7\u00e3o em Hist\u00f3ria Unimontes<\/title>\n<meta name=\"robots\" content=\"index, follow\" \/>\n<meta name=\"googlebot\" content=\"index, follow, max-snippet:-1, max-image-preview:large, max-video-preview:-1\" \/>\n<meta name=\"bingbot\" content=\"index, follow, max-snippet:-1, max-image-preview:large, max-video-preview:-1\" \/>\n<link rel=\"canonical\" href=\"https:\/\/www.posgraduacao.unimontes.br\/ppgh\/normas-e-resolucoes-2\/estagio-em-docencia\/\" \/>\n<meta property=\"og:locale\" content=\"pt_BR\" \/>\n<meta property=\"og:type\" content=\"article\" \/>\n<meta property=\"og:title\" content=\"Normas para Est\u00e1gio - PPGH - P\u00f3s Gradua\u00e7\u00e3o em Hist\u00f3ria Unimontes\" \/>\n<meta property=\"og:description\" content=\"Normas para Est\u00e1gio O EST\u00c1GIO DOCENTE \u00e9 obrigat\u00f3rio para todo(a) discente bolsista de qualquer ag\u00eancia de fomento, mas pode ser realizado tamb\u00e9m opcionalmente pelos n\u00e3o-bolsistas. O Estagio \u00e9 desenvolvimento em disciplina de no m\u00ednimo 60 h\/a da gradua\u00e7\u00e3o, preferencialmente do curso de Hist\u00f3ria. Ao final o\/a discente deve apresentar o relat\u00f3rio de atividades conforme o [&hellip;]\" \/>\n<meta property=\"og:url\" content=\"https:\/\/www.posgraduacao.unimontes.br\/ppgh\/normas-e-resolucoes-2\/estagio-em-docencia\/\" \/>\n<meta property=\"og:site_name\" content=\"PPGH - P\u00f3s Gradua\u00e7\u00e3o em Hist\u00f3ria Unimontes\" \/>\n<meta property=\"article:modified_time\" content=\"2022-09-21T00:32:56+00:00\" \/>\n<meta name=\"twitter:card\" content=\"summary_large_image\" \/>\n<script type=\"application\/ld+json\" class=\"yoast-schema-graph\">{\"@context\":\"https:\/\/schema.org\",\"@graph\":[{\"@type\":\"WebSite\",\"@id\":\"https:\/\/www.posgraduacao.unimontes.br\/ppgh\/#website\",\"url\":\"https:\/\/www.posgraduacao.unimontes.br\/ppgh\/\",\"name\":\"PPGH - P\\u00f3s Gradua\\u00e7\\u00e3o em Hist\\u00f3ria Unimontes\",\"description\":\"Portal da P\\u00f3s Gradua\\u00e7\\u00e3o em Hist\\u00f3ria Unimontes\",\"potentialAction\":[{\"@type\":\"SearchAction\",\"target\":\"https:\/\/www.posgraduacao.unimontes.br\/ppgh\/?s={search_term_string}\",\"query-input\":\"required name=search_term_string\"}],\"inLanguage\":\"pt-BR\"},{\"@type\":\"WebPage\",\"@id\":\"https:\/\/www.posgraduacao.unimontes.br\/ppgh\/normas-e-resolucoes-2\/estagio-em-docencia\/#webpage\",\"url\":\"https:\/\/www.posgraduacao.unimontes.br\/ppgh\/normas-e-resolucoes-2\/estagio-em-docencia\/\",\"name\":\"Normas para Est\\u00e1gio - PPGH - P\\u00f3s Gradua\\u00e7\\u00e3o em Hist\\u00f3ria Unimontes\",\"isPartOf\":{\"@id\":\"https:\/\/www.posgraduacao.unimontes.br\/ppgh\/#website\"},\"datePublished\":\"2019-03-18T02:15:34+00:00\",\"dateModified\":\"2022-09-21T00:32:56+00:00\",\"inLanguage\":\"pt-BR\",\"potentialAction\":[{\"@type\":\"ReadAction\",\"target\":[\"https:\/\/www.posgraduacao.unimontes.br\/ppgh\/normas-e-resolucoes-2\/estagio-em-docencia\/\"]}]}]}<\/script>\n<!-- \/ Yoast SEO plugin. -->","_links":{"self":[{"href":"https:\/\/www.posgraduacao.unimontes.br\/ppgh\/wp-json\/wp\/v2\/pages\/494"}],"collection":[{"href":"https:\/\/www.posgraduacao.unimontes.br\/ppgh\/wp-json\/wp\/v2\/pages"}],"about":[{"href":"https:\/\/www.posgraduacao.unimontes.br\/ppgh\/wp-json\/wp\/v2\/types\/page"}],"author":[{"embeddable":true,"href":"https:\/\/www.posgraduacao.unimontes.br\/ppgh\/wp-json\/wp\/v2\/users\/2"}],"replies":[{"embeddable":true,"href":"https:\/\/www.posgraduacao.unimontes.br\/ppgh\/wp-json\/wp\/v2\/comments?post=494"}],"version-history":[{"count":22,"href":"https:\/\/www.posgraduacao.unimontes.br\/ppgh\/wp-json\/wp\/v2\/pages\/494\/revisions"}],"predecessor-version":[{"id":1535,"href":"https:\/\/www.posgraduacao.unimontes.br\/ppgh\/wp-json\/wp\/v2\/pages\/494\/revisions\/1535"}],"up":[{"embeddable":true,"href":"https:\/\/www.posgraduacao.unimontes.br\/ppgh\/wp-json\/wp\/v2\/pages\/1499"}],"wp:attachment":[{"href":"https:\/\/www.posgraduacao.unimontes.br\/ppgh\/wp-json\/wp\/v2\/media?parent=494"}],"curies":[{"name":"wp","href":"https:\/\/api.w.org\/{rel}","templated":true}]}}