{"id":292,"date":"2017-07-11T23:51:29","date_gmt":"2017-07-12T02:51:29","guid":{"rendered":"http:\/\/www.posgraduacao.unimontes.br\/ppgh\/?page_id=292"},"modified":"2023-12-11T14:27:44","modified_gmt":"2023-12-11T17:27:44","slug":"publicacoes-do-programa","status":"publish","type":"page","link":"https:\/\/www.posgraduacao.unimontes.br\/ppgh\/publicacoes-do-programa\/","title":{"rendered":"Publica\u00e7\u00f5es do Programa"},"content":{"rendered":"<section class=\"kc-elm kc_row\"><div class=\"kc-row-container  kc-container\"><div class=\"kc-wrap-columns\"><div class=\"kc-elm kc_column kc_col-sm-12\"><div class=\"kc-col-container\"><div class=\"kc-elm\" style=\"height: 20px; clear: both; width:100%;\"><\/div><\/div><\/div><\/div><\/div><\/section><section class=\"kc-elm kc_row\"><div class=\"kc-row-container  kc-container\"><div class=\"kc-wrap-columns\"><div class=\"kc-elm kc_column kc_col-sm-12\"><div class=\"kc-col-container\"><div class=\"kc-elm kc_text_block\"><p>\n<span style=\\\"color: #002060;font-family: Arial, sans-serif;font-size: 16pt;font-style: inherit\\\">Revista Caminhos da Hist\u00f3ria (ISSN 2317-0875)<\/span><\/p>\n<div><span style=\\\"color: #002060;font-family: Arial, sans-serif;font-size: 16pt;font-style: inherit\\\">\u00a0<\/span><\/div>\n<\/div><div class=\"kc-elm kc_shortcode kc_single_image\">\n\n        <img src=\"https:\/\/www.posgraduacao.unimontes.br\/ppgh\/wp-content\/plugins\/kingcomposer\/assets\/images\/get_start.jpg\" class=\"kc_image_empty\" alt=\"\" \/>    <\/div>\n<\/div><\/div><\/div><\/div><\/section><section class=\"kc-elm kc_row\"><div class=\"kc-row-container  kc-container\"><div class=\"kc-wrap-columns\"><div class=\"kc-elm kc_column kc_col-sm-12\"><div class=\"kc-col-container\"><div class=\"kc-elm kc_text_block\"><p>\n<span style=\\\"color: #002060;font-family: Arial, sans-serif\\\"><span style=\\\"font-size: 21.3333px\\\">\u00a0<\/span><\/span><\/p>\n<p><span style=\\\"color: #002060;font-family: Arial, sans-serif\\\"><span style=\\\"font-size: 21.3333px\\\">Publica\u00e7\u00f5es do Programa:<\/span><\/span><\/p>\n<\/div><\/div><\/div><\/div><\/div><\/section><section class=\"kc-elm kc_row\"><div class=\"kc-row-container  kc-container\"><div class=\"kc-wrap-columns\"><div class=\"kc-elm kc_column kc_col-sm-12\"><div class=\"kc-col-container\"><div class=\"kc-elm kc_shortcode kc_single_image\">\n\n        <img src=\"https:\/\/www.posgraduacao.unimontes.br\/ppgh\/wp-content\/plugins\/kingcomposer\/assets\/images\/get_start.jpg\" class=\"kc_image_empty\" alt=\"\" \/>    <\/div>\n<\/div><\/div><div class=\"kc-elm kc_column kc_col-sm-12\"><div class=\"kc-col-container\"><div class=\"kc-elm kc_shortcode kc_single_image\">\n\n        <img src=\"https:\/\/www.posgraduacao.unimontes.br\/ppgh\/wp-content\/plugins\/kingcomposer\/assets\/images\/get_start.jpg\" class=\"kc_image_empty\" alt=\"\" \/>    <\/div>\n<\/div><\/div><div class=\"kc-elm kc_column kc_col-sm-12\"><div class=\"kc-col-container\"><div class=\"kc-elm kc_shortcode kc_single_image\">\n\n        <img src=\"https:\/\/www.posgraduacao.unimontes.br\/ppgh\/wp-content\/plugins\/kingcomposer\/assets\/images\/get_start.jpg\" class=\"kc_image_empty\" alt=\"\" \/>    <\/div>\n<\/div><\/div><div class=\"kc-elm kc_column kc_col-sm-12\"><div class=\"kc-col-container\"><div class=\"kc-elm kc_shortcode kc_single_image\">\n\n        <img src=\"https:\/\/www.posgraduacao.unimontes.br\/ppgh\/wp-content\/plugins\/kingcomposer\/assets\/images\/get_start.jpg\" class=\"kc_image_empty\" alt=\"\" \/>    <\/div>\n<\/div><\/div><\/div><\/div><\/section><section class=\"kc-elm kc_row\"><div class=\"kc-row-container  kc-container\"><div class=\"kc-wrap-columns\"><div class=\"kc-elm kc_column kc_col-sm-12\"><div class=\"kc-col-container\"><div class=\"kc-elm\" style=\"height: 20px; clear: both; width:100%;\"><\/div><\/div><\/div><\/div><\/div><\/section><section class=\"kc-elm kc_row\"><div class=\"kc-row-container  kc-container\"><div class=\"kc-wrap-columns\"><div class=\"kc-elm kc_column kc_col-sm-12\"><div class=\"kc-col-container\"><div class=\"kc-elm kc_shortcode kc_single_image\">\n\n        <img src=\"https:\/\/www.posgraduacao.unimontes.br\/ppgh\/wp-content\/plugins\/kingcomposer\/assets\/images\/get_start.jpg\" class=\"kc_image_empty\" alt=\"\" \/>    <\/div>\n<\/div><\/div><div class=\"kc-elm kc_column kc_col-sm-12\"><div class=\"kc-col-container\"><div class=\"kc-elm kc_shortcode kc_single_image\">\n\n        <img src=\"https:\/\/www.posgraduacao.unimontes.br\/ppgh\/wp-content\/plugins\/kingcomposer\/assets\/images\/get_start.jpg\" class=\"kc_image_empty\" alt=\"\" \/>    <\/div>\n<\/div><\/div><div class=\"kc-elm kc_column kc_col-sm-12\"><div class=\"kc-col-container\"><div class=\"kc-elm kc_shortcode kc_single_image\">\n\n        <img src=\"https:\/\/www.posgraduacao.unimontes.br\/ppgh\/wp-content\/plugins\/kingcomposer\/assets\/images\/get_start.jpg\" class=\"kc_image_empty\" alt=\"\" \/>    <\/div>\n<\/div><\/div><div class=\"kc-elm kc_column kc_col-sm-12\"><div class=\"kc-col-container\"><div class=\"kc-elm kc_shortcode kc_single_image\">\n\n        <img src=\"https:\/\/www.posgraduacao.unimontes.br\/ppgh\/wp-content\/plugins\/kingcomposer\/assets\/images\/get_start.jpg\" class=\"kc_image_empty\" alt=\"\" \/>    <\/div>\n<\/div><\/div><\/div><\/div><\/section><section class=\"kc-elm kc_row\"><div class=\"kc-row-container  kc-container\"><div class=\"kc-wrap-columns\"><div class=\"kc-elm kc_column kc_col-sm-12\"><div class=\"kc-col-container\"><div class=\"kc-elm\" style=\"height: 20px; clear: both; width:100%;\"><\/div><\/div><\/div><\/div><\/div><\/section><section class=\"kc-elm kc_row\"><div class=\"kc-row-container  kc-container\"><div class=\"kc-wrap-columns\"><div class=\"kc-elm kc_column kc_col-sm-12\"><div class=\"kc-col-container\"><div class=\"kc-elm kc_shortcode kc_single_image\">\n\n        <img src=\"https:\/\/www.posgraduacao.unimontes.br\/ppgh\/wp-content\/plugins\/kingcomposer\/assets\/images\/get_start.jpg\" class=\"kc_image_empty\" alt=\"\" \/>    <\/div>\n<\/div><\/div><div class=\"kc-elm kc_column kc_col-sm-12\"><div class=\"kc-col-container\"><div class=\"kc-elm kc_shortcode kc_single_image\">\n\n        <img src=\"https:\/\/www.posgraduacao.unimontes.br\/ppgh\/wp-content\/plugins\/kingcomposer\/assets\/images\/get_start.jpg\" class=\"kc_image_empty\" alt=\"\" \/>    <\/div>\n<\/div><\/div><div class=\"kc-elm kc_column kc_col-sm-12\"><div class=\"kc-col-container\"><div class=\"kc-elm kc_shortcode kc_single_image\">\n\n        <img src=\"https:\/\/www.posgraduacao.unimontes.br\/ppgh\/wp-content\/plugins\/kingcomposer\/assets\/images\/get_start.jpg\" class=\"kc_image_empty\" alt=\"\" \/>    <\/div>\n<\/div><\/div><div class=\"kc-elm kc_column kc_col-sm-12\"><div class=\"kc-col-container\"><div class=\"kc-elm kc_shortcode kc_single_image\">\n\n        <img src=\"https:\/\/www.posgraduacao.unimontes.br\/ppgh\/wp-content\/plugins\/kingcomposer\/assets\/images\/get_start.jpg\" class=\"kc_image_empty\" alt=\"\" \/>    <\/div>\n<\/div><\/div><div class=\"kc-elm kc_column kc_col-sm-12\"><div class=\"kc-col-container\"><div class=\"kc-elm kc_shortcode kc_single_image\">\n\n        <img src=\"https:\/\/www.posgraduacao.unimontes.br\/ppgh\/wp-content\/plugins\/kingcomposer\/assets\/images\/get_start.jpg\" class=\"kc_image_empty\" alt=\"\" \/>    <\/div>\n<\/div><\/div><\/div><\/div><\/section><section class=\"kc-elm kc_row\"><div class=\"kc-row-container  kc-container\"><div class=\"kc-wrap-columns\"><div class=\"kc-elm kc_column kc_col-sm-12\"><div class=\"kc-col-container\"><div class=\"kc-elm\" style=\"height: 20px; clear: both; width:100%;\"><\/div><\/div><\/div><\/div><\/div><\/section><section class=\"kc-elm kc_row\"><div class=\"kc-row-container  kc-container\"><div class=\"kc-wrap-columns\"><div class=\"kc-elm kc_column kc_col-sm-12\"><div class=\"kc-col-container\"><div class=\"kc-elm kc_text_block\"><h2 style=\\\"margin: 0cm;font-size: 18pt;, serif;color: #000000;line-height: 41.25pt;background-image: initial;background-position: initial;background-size: initial;background-attachment: initial\\\"><span style=\\\"color: #000000\\\"><a style=\\\"color: #000000\\\" href=\\\"https:\/\/www.posgraduacao.unimontes.br\/ppgh\/mulheres-violencia-e-justica-no-norte-de-minas\/\\\"><span style=\\\"font-size: 18.6667px;font-weight: 400\\\">Livro: Mulheres, viol\u00eancia e Justi\u00e7a no norte de Minas &#8211; Cl\u00e1udia Maia e Regina Caleiro (org.)<\/span><\/a><\/span><\/h2>\n<h2 style=\\\"margin: 0cm;font-size: 18pt;, serif;color: #000000;line-height: 41.25pt;background-image: initial;background-position: initial;background-size: initial;background-attachment: initial\\\"><span style=\\\"font-size: 14pt;, sans-serif;font-weight: normal\\\"><a style=\\\"color: blue\\\" href=\\\"https:\/\/www.posgraduacao.unimontes.br\/ppgh\/anais-do-iii-seminario-de-pesquisa-em-historia-social-historia-margens-e-poder-outubro-2019\/\\\" target=\\\"_blank\\\" rel=\\\"noopener noreferrer\\\"><span style=\\\"color: black;border: 1pt none windowtext;padding: 0cm\\\">Anais do III Semin\u00e1rio Nacional de Pesquisa em Hist\u00f3ria Social \u201cHist\u00f3ria, Margens e Poder\\\" \u2013\u00a0<span class=\\\"GramE\\\">Outubro<\/span>\/2019<\/span><\/a><\/span><\/h2>\n<h2 style=\\\"margin: 0cm;font-size: 18pt;, serif;color: #000000;line-height: 41.25pt;background-image: initial;background-position: initial;background-size: initial;background-attachment: initial\\\"><span style=\\\"font-size: 14pt;, sans-serif;font-weight: normal\\\"><a style=\\\"color: blue;font-style: inherit\\\" href=\\\"https:\/\/www.posgraduacao.unimontes.br\/ppgh\/anais-do-ii-seminario-nacional-de-pesquisa-em-historia-social-leituras-do-poder-outubro-2016\/\\\" target=\\\"_blank\\\" rel=\\\"noopener noreferrer\\\"><span style=\\\"color: black;border: 1pt none windowtext;padding: 0cm\\\">Anais do II Semin\u00e1rio Nacional de Pesquisa em Hist\u00f3ria Social \u201cLeituras do Poder\\\" \u2013\u00a0<span class=\\\"GramE\\\">Outubro<\/span>\/2016<\/span><\/a><\/span><\/h2>\n<h2 style=\\\"margin: 0cm;font-size: 18pt;, serif;color: #000000;line-height: 41.25pt;background-image: initial;background-position: initial;background-size: initial;background-attachment: initial\\\"><a href=\\\"https:\/\/51513ec9-e8b2-4f88-9765-2721f11d3d7c.usrfiles.com\/ugd\/51513e_b12217616e6d4f0d9d073c73c163f520.pdf\\\" target=\\\"_blank\\\" rel=\\\"noopener noreferrer\\\"><span style=\\\"font-size: 14pt;, sans-serif;font-weight: normal\\\"><span style=\\\"color: black;border: 1pt none windowtext;padding: 0cm\\\">Caderno de Resumos e Programa\u00e7\u00e3o do V Semin\u00e1rio Nacional de Pesquisa em Hist\u00f3ria Social &#8211; 2023\u00a0<\/span><\/span><\/a><\/h2>\n<h2 style=\\\"margin: 0cm;font-size: 18pt;, serif;color: #000000;line-height: 41.25pt;background-image: initial;background-position: initial;background-size: initial;background-attachment: initial\\\"><a href=\\\"https:\/\/www.posgraduacao.unimontes.br\/ppgh\/v_anais_2023\/\\\" target=\\\"_blank\\\" rel=\\\"noopener noreferrer\\\"><span style=\\\"font-size: 14pt;, sans-serif;font-weight: normal\\\"><span style=\\\"color: black;border: 1pt none windowtext;padding: 0cm\\\">Anais do V Semin\u00e1rio Nacional de Pesquisa em Hist\u00f3ria Social \u2013 2023\u00a0<\/span><\/span><\/a><\/h2>\n<h2 style=\\\"margin: 0cm;font-size: 18pt;, serif;color: #000000;line-height: 41.25pt;background-image: initial;background-position: initial;background-size: initial;background-attachment: initial\\\"><a href=\\\"https:\/\/2d4604e8-a88c-4bd0-bd7a-4ef70f5ef856.filesusr.com\/ugd\/51513e_791614f71b774f449b235dade75398c7.pdf\\\" target=\\\"_blank\\\" rel=\\\"noopener noreferrer\\\"><span style=\\\"font-size: 14pt;, sans-serif;font-weight: normal\\\"><span style=\\\"color: black;border: 1pt none windowtext;padding: 0cm\\\">Caderno de Resumos e Programa\u00e7\u00e3o do VI Semin\u00e1rio Nacional de Pesquisa em Hist\u00f3ria Social &#8211; 2025<\/span><\/span><\/a><\/h2>\n<h2 style=\\\"margin: 0cm;font-size: 18pt;, serif;color: #000000;line-height: 41.25pt;background-image: initial;background-position: initial;background-size: initial;background-attachment: initial\\\"><a href=\\\"https:\/\/2d4604e8-a88c-4bd0-bd7a-4ef70f5ef856.filesusr.com\/ugd\/51513e_337c2a2f12434bb980af143361e0bab2.pdf\\\" target=\\\"_blank\\\" rel=\\\"noopener noreferrer\\\"><span style=\\\"font-size: 14pt;, sans-serif;font-weight: normal\\\"><span style=\\\"color: black;border: 1pt none windowtext;padding: 0cm\\\">Anais do VI Semin\u00e1rio Nacional de Pesquisa em Hist\u00f3ria Social &#8211; 2025<\/span><\/span><\/a><\/h2>\n<\/div><\/div><\/div><\/div><\/div><\/section>\n","protected":false},"excerpt":{"rendered":"","protected":false},"author":2,"featured_media":0,"parent":0,"menu_order":0,"comment_status":"closed","ping_status":"closed","template":"","meta":[],"yoast_head":"<!-- This site is optimized with the Yoast SEO plugin v14.7 - https:\/\/yoast.com\/wordpress\/plugins\/seo\/ -->\n<title>Publica\u00e7\u00f5es do Programa - PPGH - P\u00f3s Gradua\u00e7\u00e3o em Hist\u00f3ria Unimontes<\/title>\n<meta name=\"robots\" content=\"index, follow\" \/>\n<meta name=\"googlebot\" content=\"index, follow, max-snippet:-1, max-image-preview:large, max-video-preview:-1\" \/>\n<meta name=\"bingbot\" content=\"index, follow, max-snippet:-1, max-image-preview:large, max-video-preview:-1\" \/>\n<link rel=\"canonical\" href=\"https:\/\/www.posgraduacao.unimontes.br\/ppgh\/publicacoes-do-programa\/\" \/>\n<meta property=\"og:locale\" content=\"pt_BR\" \/>\n<meta property=\"og:type\" content=\"article\" \/>\n<meta property=\"og:title\" content=\"Publica\u00e7\u00f5es do Programa - PPGH - P\u00f3s Gradua\u00e7\u00e3o em Hist\u00f3ria Unimontes\" \/>\n<meta property=\"og:description\" content=\"Revista Caminhos da Hist\u00f3ria (ISSN 2317-0875) \u00a0 \u00a0 Publica\u00e7\u00f5es do Programa: Livro: Mulheres, viol\u00eancia e Justi\u00e7a no norte de Minas &#8211; Cl\u00e1udia Maia e Regina Caleiro (org.) Anais do III Semin\u00e1rio Nacional de Pesquisa em Hist\u00f3ria Social \u201cHist\u00f3ria, Margens e Poder\\&#8221; \u2013\u00a0Outubro\/2019 Anais do II Semin\u00e1rio Nacional de Pesquisa em Hist\u00f3ria Social \u201cLeituras do Poder\\&#8221; [&hellip;]\" \/>\n<meta property=\"og:url\" content=\"https:\/\/www.posgraduacao.unimontes.br\/ppgh\/publicacoes-do-programa\/\" \/>\n<meta property=\"og:site_name\" content=\"PPGH - P\u00f3s Gradua\u00e7\u00e3o em Hist\u00f3ria Unimontes\" \/>\n<meta property=\"article:modified_time\" content=\"2023-12-11T17:27:44+00:00\" \/>\n<meta property=\"og:image\" content=\"http:\/\/www.posgraduacao.unimontes.br\/uploads\/sites\/2\/2021\/08\/Logo_Cam_Hist_02sem_fundo.png\" \/>\n<meta name=\"twitter:card\" content=\"summary_large_image\" \/>\n<script type=\"application\/ld+json\" class=\"yoast-schema-graph\">{\"@context\":\"https:\/\/schema.org\",\"@graph\":[{\"@type\":\"WebSite\",\"@id\":\"https:\/\/www.posgraduacao.unimontes.br\/ppgh\/#website\",\"url\":\"https:\/\/www.posgraduacao.unimontes.br\/ppgh\/\",\"name\":\"PPGH - P\\u00f3s Gradua\\u00e7\\u00e3o em Hist\\u00f3ria Unimontes\",\"description\":\"Portal da P\\u00f3s Gradua\\u00e7\\u00e3o em Hist\\u00f3ria Unimontes\",\"potentialAction\":[{\"@type\":\"SearchAction\",\"target\":\"https:\/\/www.posgraduacao.unimontes.br\/ppgh\/?s={search_term_string}\",\"query-input\":\"required name=search_term_string\"}],\"inLanguage\":\"pt-BR\"},{\"@type\":\"ImageObject\",\"@id\":\"https:\/\/www.posgraduacao.unimontes.br\/ppgh\/publicacoes-do-programa\/#primaryimage\",\"inLanguage\":\"pt-BR\",\"url\":\"https:\/\/www.posgraduacao.unimontes.br\/ppgh\/wp-content\/plugins\/kingcomposer\/assets\/images\/get_start.jpg\"},{\"@type\":\"WebPage\",\"@id\":\"https:\/\/www.posgraduacao.unimontes.br\/ppgh\/publicacoes-do-programa\/#webpage\",\"url\":\"https:\/\/www.posgraduacao.unimontes.br\/ppgh\/publicacoes-do-programa\/\",\"name\":\"Publica\\u00e7\\u00f5es do Programa - PPGH - P\\u00f3s Gradua\\u00e7\\u00e3o em Hist\\u00f3ria Unimontes\",\"isPartOf\":{\"@id\":\"https:\/\/www.posgraduacao.unimontes.br\/ppgh\/#website\"},\"primaryImageOfPage\":{\"@id\":\"https:\/\/www.posgraduacao.unimontes.br\/ppgh\/publicacoes-do-programa\/#primaryimage\"},\"datePublished\":\"2017-07-12T02:51:29+00:00\",\"dateModified\":\"2023-12-11T17:27:44+00:00\",\"inLanguage\":\"pt-BR\",\"potentialAction\":[{\"@type\":\"ReadAction\",\"target\":[\"https:\/\/www.posgraduacao.unimontes.br\/ppgh\/publicacoes-do-programa\/\"]}]}]}<\/script>\n<!-- \/ Yoast SEO plugin. -->","_links":{"self":[{"href":"https:\/\/www.posgraduacao.unimontes.br\/ppgh\/wp-json\/wp\/v2\/pages\/292"}],"collection":[{"href":"https:\/\/www.posgraduacao.unimontes.br\/ppgh\/wp-json\/wp\/v2\/pages"}],"about":[{"href":"https:\/\/www.posgraduacao.unimontes.br\/ppgh\/wp-json\/wp\/v2\/types\/page"}],"author":[{"embeddable":true,"href":"https:\/\/www.posgraduacao.unimontes.br\/ppgh\/wp-json\/wp\/v2\/users\/2"}],"replies":[{"embeddable":true,"href":"https:\/\/www.posgraduacao.unimontes.br\/ppgh\/wp-json\/wp\/v2\/comments?post=292"}],"version-history":[{"count":37,"href":"https:\/\/www.posgraduacao.unimontes.br\/ppgh\/wp-json\/wp\/v2\/pages\/292\/revisions"}],"predecessor-version":[{"id":1033,"href":"https:\/\/www.posgraduacao.unimontes.br\/ppgh\/wp-json\/wp\/v2\/pages\/292\/revisions\/1033"}],"wp:attachment":[{"href":"https:\/\/www.posgraduacao.unimontes.br\/ppgh\/wp-json\/wp\/v2\/media?parent=292"}],"curies":[{"name":"wp","href":"https:\/\/api.w.org\/{rel}","templated":true}]}}