{"id":29,"date":"2017-03-24T18:48:09","date_gmt":"2017-03-24T21:48:09","guid":{"rendered":"http:\/\/www.posgraduacao.unimontes.br\/ppgh\/?page_id=29"},"modified":"2021-09-01T10:35:56","modified_gmt":"2021-09-01T13:35:56","slug":"agenda","status":"publish","type":"page","link":"https:\/\/www.posgraduacao.unimontes.br\/ppgh\/agenda\/","title":{"rendered":"Agenda"},"content":{"rendered":"<section class=\"kc-elm kc-css-251011 kc_row\"><div class=\"kc-row-container  kc-container\"><div class=\"kc-wrap-columns\"><div class=\"kc-elm kc-css-190613 kc_col-sm-12 kc_column kc_col-sm-12\"><div class=\"kc-col-container\"><div class=\"kc-elm kc_text_block\"><h2 class=\"contentheading\"><span style=\"color: #002060; font-family: Arial, sans-serif; font-size: 21.3333px; font-weight: 400; font-style: inherit;\">Agenda<\/span><\/h2>\n<\/div><\/div><\/div><\/div><\/div><\/section>\n","protected":false},"excerpt":{"rendered":"","protected":false},"author":1,"featured_media":0,"parent":0,"menu_order":0,"comment_status":"closed","ping_status":"closed","template":"templates\/blog-type-6.php","meta":[],"yoast_head":"<!-- This site is optimized with the Yoast SEO plugin v14.7 - https:\/\/yoast.com\/wordpress\/plugins\/seo\/ -->\n<title>Agenda - PPGH - P\u00f3s Gradua\u00e7\u00e3o em Hist\u00f3ria Unimontes<\/title>\n<meta name=\"robots\" content=\"index, follow\" \/>\n<meta name=\"googlebot\" content=\"index, follow, max-snippet:-1, max-image-preview:large, max-video-preview:-1\" \/>\n<meta name=\"bingbot\" content=\"index, follow, max-snippet:-1, max-image-preview:large, max-video-preview:-1\" \/>\n<link rel=\"canonical\" href=\"https:\/\/www.posgraduacao.unimontes.br\/ppgh\/agenda\/\" \/>\n<meta property=\"og:locale\" content=\"pt_BR\" \/>\n<meta property=\"og:type\" content=\"article\" \/>\n<meta property=\"og:title\" content=\"Agenda - PPGH - P\u00f3s Gradua\u00e7\u00e3o em Hist\u00f3ria Unimontes\" \/>\n<meta property=\"og:description\" content=\"Agenda\" \/>\n<meta property=\"og:url\" content=\"https:\/\/www.posgraduacao.unimontes.br\/ppgh\/agenda\/\" \/>\n<meta property=\"og:site_name\" content=\"PPGH - P\u00f3s Gradua\u00e7\u00e3o em Hist\u00f3ria Unimontes\" \/>\n<meta property=\"article:modified_time\" content=\"2021-09-01T13:35:56+00:00\" \/>\n<meta name=\"twitter:card\" content=\"summary_large_image\" \/>\n<script type=\"application\/ld+json\" class=\"yoast-schema-graph\">{\"@context\":\"https:\/\/schema.org\",\"@graph\":[{\"@type\":\"WebSite\",\"@id\":\"https:\/\/www.posgraduacao.unimontes.br\/ppgh\/#website\",\"url\":\"https:\/\/www.posgraduacao.unimontes.br\/ppgh\/\",\"name\":\"PPGH - P\\u00f3s Gradua\\u00e7\\u00e3o em Hist\\u00f3ria Unimontes\",\"description\":\"Portal da P\\u00f3s Gradua\\u00e7\\u00e3o em Hist\\u00f3ria Unimontes\",\"potentialAction\":[{\"@type\":\"SearchAction\",\"target\":\"https:\/\/www.posgraduacao.unimontes.br\/ppgh\/?s={search_term_string}\",\"query-input\":\"required name=search_term_string\"}],\"inLanguage\":\"pt-BR\"},{\"@type\":\"WebPage\",\"@id\":\"https:\/\/www.posgraduacao.unimontes.br\/ppgh\/agenda\/#webpage\",\"url\":\"https:\/\/www.posgraduacao.unimontes.br\/ppgh\/agenda\/\",\"name\":\"Agenda - PPGH - P\\u00f3s Gradua\\u00e7\\u00e3o em Hist\\u00f3ria Unimontes\",\"isPartOf\":{\"@id\":\"https:\/\/www.posgraduacao.unimontes.br\/ppgh\/#website\"},\"datePublished\":\"2017-03-24T21:48:09+00:00\",\"dateModified\":\"2021-09-01T13:35:56+00:00\",\"inLanguage\":\"pt-BR\",\"potentialAction\":[{\"@type\":\"ReadAction\",\"target\":[\"https:\/\/www.posgraduacao.unimontes.br\/ppgh\/agenda\/\"]}]}]}<\/script>\n<!-- \/ Yoast SEO plugin. -->","_links":{"self":[{"href":"https:\/\/www.posgraduacao.unimontes.br\/ppgh\/wp-json\/wp\/v2\/pages\/29"}],"collection":[{"href":"https:\/\/www.posgraduacao.unimontes.br\/ppgh\/wp-json\/wp\/v2\/pages"}],"about":[{"href":"https:\/\/www.posgraduacao.unimontes.br\/ppgh\/wp-json\/wp\/v2\/types\/page"}],"author":[{"embeddable":true,"href":"https:\/\/www.posgraduacao.unimontes.br\/ppgh\/wp-json\/wp\/v2\/users\/1"}],"replies":[{"embeddable":true,"href":"https:\/\/www.posgraduacao.unimontes.br\/ppgh\/wp-json\/wp\/v2\/comments?post=29"}],"version-history":[{"count":5,"href":"https:\/\/www.posgraduacao.unimontes.br\/ppgh\/wp-json\/wp\/v2\/pages\/29\/revisions"}],"predecessor-version":[{"id":1776,"href":"https:\/\/www.posgraduacao.unimontes.br\/ppgh\/wp-json\/wp\/v2\/pages\/29\/revisions\/1776"}],"wp:attachment":[{"href":"https:\/\/www.posgraduacao.unimontes.br\/ppgh\/wp-json\/wp\/v2\/media?parent=29"}],"curies":[{"name":"wp","href":"https:\/\/api.w.org\/{rel}","templated":true}]}}