{"id":259,"date":"2017-07-11T22:35:01","date_gmt":"2017-07-12T01:35:01","guid":{"rendered":"http:\/\/www.posgraduacao.unimontes.br\/ppgh\/?page_id=259"},"modified":"2026-02-03T17:14:06","modified_gmt":"2026-02-03T20:14:06","slug":"edital-disciplinas-isoladas","status":"publish","type":"page","link":"https:\/\/www.posgraduacao.unimontes.br\/ppgh\/processos_seletivos\/edital-disciplinas-isoladas\/","title":{"rendered":"Alunos Especiais"},"content":{"rendered":"<section class=\"kc-elm kc-css-883542 kc_row\"><div class=\"kc-row-container  kc-container\"><div class=\"kc-wrap-columns\"><div class=\"kc-elm kc-css-602713 kc_col-sm-12 kc_column kc_col-sm-12\"><div class=\"kc-col-container\"><div class=\"kc-elm kc-css-18889\" style=\"height: 40px; clear: both; width:100%;\"><\/div><\/div><\/div><\/div><\/div><\/section><section class=\"kc-elm kc-css-331339 kc_row\"><div class=\"kc-row-container  kc-container\"><div class=\"kc-wrap-columns\"><div class=\"kc-elm kc-css-609765 kc_col-sm-12 kc_column kc_col-sm-12\"><div class=\"kc-col-container\"><div class=\"kc-elm kc-css-717997 kc_text_block\"><h2 class=\"contentheading\"><span style=\"color: #002060; font-family: Arial, sans-serif; font-size: 21.3333px; font-weight: 400;\">Alunos Especiais\u00a0<\/span><\/h2>\n<h2 class=\"contentheading\"><span style=\"color: #002060; font-family: Arial, sans-serif; font-size: 21.3333px; font-weight: 400; font-style: inherit;\">Sele\u00e7\u00e3o para Disciplinas Isoladas &#8211; Mestrado em Hist\u00f3ria<\/span><\/h2>\n<h2 class=\"contentheading\"><\/h2>\n<\/div><\/div><\/div><\/div><\/div><\/section><section class=\"kc-elm kc-css-985955 kc_row\"><div class=\"kc-row-container  kc-container\"><div class=\"kc-wrap-columns\"><div class=\"kc-elm kc-css-116746 kc_col-sm-12 kc_column kc_col-sm-12\"><div class=\"kc-col-container\"><div data-closeall=\"true\" class=\"kc-elm kc-css-662386 kc_accordion_wrapper\">\n<div class=\"kc-elm kc-css-508454 kc_accordion_section group \"><h3 class=\"kc_accordion_header ui-accordion-header\"><span class=\"ui-accordion-header-icon ui-icon\"><\/span><a href=\"#1o-semestre-2026\" data-prevent=\"scroll\"><i class=\"sl-arrow-down\"><\/i> 1\u00ba Semestre 2026<\/a><\/h3><div class=\"kc_accordion_content ui-accordion-content kc_clearfix\"><div class=\"kc-panel-body\"><div class=\"kc-elm kc-css-518943 kc_text_block\"><p>\n<a href=\"http:\/\/www.posgraduacao.unimontes.br\/uploads\/sites\/2\/2026\/02\/Edital-Isolada-1-2026-Resultado2.pdf\" target=\"_blank\" rel=\"noopener\">Resultado<\/a><\/p>\n<p><a href=\"http:\/\/www.posgraduacao.unimontes.br\/uploads\/sites\/2\/2026\/01\/Edital-Isolada-1-2026.pdf\" target=\"_blank\" rel=\"noopener\">Edital disciplinas isoladas 2026 &#8211; 1\u00ba semestre<\/a><\/p>\n<\/div><div class=\"kc-elm kc-css-551388 kc_text_block\"><p>\n<a href=\"http:\/\/www.posgraduacao.unimontes.br\/uploads\/sites\/2\/2023\/12\/Anexo-para-isolada-.pdf\" target=\"_blank\" rel=\"noopener\">Anexo 1<\/a><\/p>\n<\/div><\/div><\/div><\/div><div class=\"kc-elm kc-css-876245 kc_accordion_section group \"><h3 class=\"kc_accordion_header ui-accordion-header\"><span class=\"ui-accordion-header-icon ui-icon\"><\/span><a href=\"#2o-semestre-2025\" data-prevent=\"scroll\"><i class=\"sl-arrow-down\"><\/i> 2\u00ba Semestre 2025<\/a><\/h3><div class=\"kc_accordion_content ui-accordion-content kc_clearfix\"><div class=\"kc-panel-body\"><div class=\"kc-elm kc-css-92334 kc_text_block\"><p>\n<a href=\"http:\/\/www.posgraduacao.unimontes.br\/uploads\/sites\/2\/2025\/07\/Resultado_das_Disciplinas_isoladas-22025.docx1_.pdf\" target=\"_blank\" rel=\"noopener\">Resultado\u00a0<\/a><\/p>\n<p><a href=\"http:\/\/www.posgraduacao.unimontes.br\/uploads\/sites\/2\/2025\/06\/Edital-Isolada-2-2025-1.pdf\" target=\"_blank\" rel=\"noopener\">Edital disciplinas isoladas 2025 &#8211; 2\u00ba semestre<\/a><\/p>\n<\/div><div class=\"kc-elm kc-css-913651 kc_text_block\"><p>\n<a href=\"http:\/\/www.posgraduacao.unimontes.br\/uploads\/sites\/2\/2023\/12\/Anexo-para-isolada-.pdf\" target=\"_blank\" rel=\"noopener\">Anexo 1<\/a><\/p>\n<\/div><\/div><\/div><\/div><div class=\"kc-elm kc-css-214350 kc_accordion_section group \"><h3 class=\"kc_accordion_header ui-accordion-header\"><span class=\"ui-accordion-header-icon ui-icon\"><\/span><a href=\"#1o-semestre-2025\" data-prevent=\"scroll\"><i class=\"sl-arrow-down\"><\/i> 1\u00ba Semestre 2025<\/a><\/h3><div class=\"kc_accordion_content ui-accordion-content kc_clearfix\"><div class=\"kc-panel-body\"><div class=\"kc-elm kc-css-134661 kc_text_block\"><p>\n<a href=\"http:\/\/www.posgraduacao.unimontes.br\/uploads\/sites\/2\/2025\/02\/Resultado_das_Disciplinas_isoladas_2025-11.pdf\" target=\"_blank\" rel=\"noopener\">Resultado<\/a><\/p>\n<p><a href=\"http:\/\/www.posgraduacao.unimontes.br\/uploads\/sites\/2\/2025\/01\/Edital-Isolada-1-2025.pdf\" target=\"_blank\" rel=\"noopener\">Edital disciplinas isoladas 2025 &#8211; 1\u00ba semestre<\/a><\/p>\n<\/div><div class=\"kc-elm kc-css-246511 kc_text_block\"><p>\n<a href=\"http:\/\/www.posgraduacao.unimontes.br\/uploads\/sites\/2\/2023\/12\/Anexo-para-isolada-.pdf\" target=\"_blank\" rel=\"noopener\">Anexo 1<\/a><\/p>\n<\/div><\/div><\/div><\/div><div class=\"kc-elm kc-css-654185 kc_accordion_section group \"><h3 class=\"kc_accordion_header ui-accordion-header\"><span class=\"ui-accordion-header-icon ui-icon\"><\/span><a href=\"#2o-semestre-2024\" data-prevent=\"scroll\"><i class=\"sl-arrow-down\"><\/i> 2\u00ba Semestre 2024<\/a><\/h3><div class=\"kc_accordion_content ui-accordion-content kc_clearfix\"><div class=\"kc-panel-body\"><div class=\"kc-elm kc-css-33948 kc_text_block\"><p>\n<a href=\"https:\/\/www.posgraduacao.unimontes.br\/ppgh\/resultado_dos_candidatos_das_disciplinas_isoladas_2-20241\/\" target=\"_blank\" rel=\"noopener\">Resultado &#8211; 2024-2<\/a><\/p>\n<p><a href=\"http:\/\/www.posgraduacao.unimontes.br\/uploads\/sites\/2\/2024\/06\/Edital-Isolada-2-2024.pdf\" target=\"_blank\" rel=\"noopener\">Edital disciplinas isoladas 2024 &#8211; 2\u00ba semestre<\/a><\/p>\n<\/div><div class=\"kc-elm kc-css-855706 kc_text_block\"><p>\n<a href=\"http:\/\/www.posgraduacao.unimontes.br\/uploads\/sites\/2\/2023\/12\/Anexo-para-isolada-.pdf\" target=\"_blank\" rel=\"noopener\">Anexo 1<\/a><\/p>\n<\/div><\/div><\/div><\/div><div class=\"kc-elm kc-css-27793 kc_accordion_section group \"><h3 class=\"kc_accordion_header ui-accordion-header\"><span class=\"ui-accordion-header-icon ui-icon\"><\/span><a href=\"#1o-semestre-2024\" data-prevent=\"scroll\"><i class=\"sl-arrow-down\"><\/i> 1\u00ba Semestre 2024<\/a><\/h3><div class=\"kc_accordion_content ui-accordion-content kc_clearfix\"><div class=\"kc-panel-body\"><div class=\"kc-elm kc-css-592297 kc_text_block\"><p>\n<a href=\"http:\/\/www.posgraduacao.unimontes.br\/uploads\/sites\/2\/2024\/02\/Resultado-isolada-2024-1.pdf\" target=\"_blank\" rel=\"noopener\">Resultado &#8211; Disciplinas isoladas &#8211; 2024-1<\/a><\/p>\n<p><a href=\"http:\/\/www.posgraduacao.unimontes.br\/uploads\/sites\/2\/2023\/12\/Edital-Isolada-1-2024.pdf\" target=\"_blank\" rel=\"noopener\">Edital disciplinas isoladas 2024 &#8211; 1\u00ba semestre<\/a><\/p>\n<\/div><div class=\"kc-elm kc-css-11432 kc_text_block\"><p>\n<a href=\"http:\/\/www.posgraduacao.unimontes.br\/uploads\/sites\/2\/2023\/12\/Anexo-para-isolada-.pdf\" target=\"_blank\" rel=\"noopener\">Anexo 1<\/a><\/p>\n<\/div><\/div><\/div><\/div><div class=\"kc-elm kc-css-920155 kc_accordion_section group \"><h3 class=\"kc_accordion_header ui-accordion-header\"><span class=\"ui-accordion-header-icon ui-icon\"><\/span><a href=\"#2o-semestre-2023\" data-prevent=\"scroll\"><i class=\"sl-arrow-down\"><\/i> 2\u00ba Semestre 2023<\/a><\/h3><div class=\"kc_accordion_content ui-accordion-content kc_clearfix\"><div class=\"kc-panel-body\"><div class=\"kc-elm kc-css-166480 kc_text_block\"><p>\n<a href=\"http:\/\/www.posgraduacao.unimontes.br\/uploads\/sites\/2\/2023\/07\/Resultado-Disciplinas-isoladas-2023-2.pdf\" target=\"_blank\" rel=\"noopener\">Resultado &#8211; Disciplinas isoladas 2023 &#8211; 2\u00ba semestre<\/a><\/p>\n<p><a href=\"http:\/\/www.posgraduacao.unimontes.br\/uploads\/sites\/2\/2023\/06\/Edital-Isolada-2-2023.pdf\" target=\"_blank\" rel=\"noopener\">Edital disciplinas isoladas 2023 &#8211; 2\u00ba semestre<\/a><\/p>\n<\/div><div class=\"kc-elm kc-css-639968 kc_text_block\"><p>\n<a style=\"color: #00a0d2; font-style: inherit;\" href=\"http:\/\/www.posgraduacao.unimontes.br\/uploads\/sites\/2\/2021\/06\/Anexo-para-isolada-.pdf\" target=\"_blank\" rel=\"noopener noreferrer\">Anexo 1<\/a><\/p>\n<\/div><\/div><\/div><\/div><div class=\"kc-elm kc-css-628819 kc_accordion_section group \"><h3 class=\"kc_accordion_header ui-accordion-header\"><span class=\"ui-accordion-header-icon ui-icon\"><\/span><a href=\"#1o-semestre-2023\" data-prevent=\"scroll\"><i class=\"sl-arrow-down\"><\/i> 1\u00ba Semestre 2023<\/a><\/h3><div class=\"kc_accordion_content ui-accordion-content kc_clearfix\"><div class=\"kc-panel-body\"><div class=\"kc-elm kc-css-985783 kc_text_block\"><p>\n<a href=\"http:\/\/www.posgraduacao.unimontes.br\/uploads\/sites\/2\/2023\/02\/Resultado-Disciplinas-isoladas-2023-1.pdf\" target=\"_blank\" rel=\"noopener\">Resultado &#8211; Disciplinas isoladas 2023-1<\/a><\/p>\n<p><a style=\"font-style: inherit;\" href=\"http:\/\/www.posgraduacao.unimontes.br\/uploads\/sites\/2\/2022\/12\/Edital-Isolada-1-2023.pdf\" rel=\"noopener\">Edital disciplinas isoladas 2023 &#8211; 1\u00ba semestre<\/a><\/p>\n<\/div><div class=\"kc-elm kc-css-628079 kc_text_block\"><p>\n<a style=\"color: #00a0d2; font-style: inherit;\" href=\"http:\/\/www.posgraduacao.unimontes.br\/uploads\/sites\/2\/2021\/06\/Anexo-para-isolada-.pdf\" rel=\"noopener noreferrer\">Anexo 1<\/a><\/p>\n<\/div><\/div><\/div><\/div><\/div>\n<div data-closeall=\"true\" class=\"kc-elm kc-css-698333 kc_accordion_wrapper\">\n<\/div>\n<\/div><\/div><\/div><\/div><\/section><section class=\"kc-elm kc-css-883419 kc_row\"><div class=\"kc-row-container  kc-container\"><div class=\"kc-wrap-columns\"><div class=\"kc-elm kc-css-11877 kc_column kc_col-sm-12\"><div class=\"kc-col-container\"><div class=\"kc-elm kc-css-417174 kc_text_block\"><p>\n<span style=\"color: #002060; font-family: Arial, sans-serif; font-size: 21.3333px;\">Editais anteriores<\/span><\/p>\n<\/div><\/div><\/div><\/div><\/div><\/section><section class=\"kc-elm kc-css-90746 kc_row\"><div class=\"kc-row-container  kc-container\"><div class=\"kc-wrap-columns\"><div class=\"kc-elm kc-css-104692 kc_col-sm-12 kc_column kc_col-sm-12\"><div class=\"kc-col-container\"><div data-closeall=\"true\" class=\"kc-elm kc-css-247344 kc_accordion_wrapper\">\n<div class=\"kc-elm kc-css-757970 kc_accordion_section group \"><h3 class=\"kc_accordion_header ui-accordion-header\"><span class=\"ui-accordion-header-icon ui-icon\"><\/span><a href=\"#2o-semestre-2022\" data-prevent=\"scroll\"><i class=\"sl-arrow-down\"><\/i> 2\u00ba Semestre 2022<\/a><\/h3><div class=\"kc_accordion_content ui-accordion-content kc_clearfix\"><div class=\"kc-panel-body\"><div class=\"kc-elm kc-css-871141 kc_text_block\"><p>\n<a href=\"http:\/\/www.posgraduacao.unimontes.br\/uploads\/sites\/2\/2022\/07\/Resultado-Isoladas-2-2022.pdf\" target=\"_blank\" rel=\"noopener\">Resultado &#8211; Disciplina Isolada 2022-2<\/a><\/p>\n<p><a href=\"http:\/\/www.posgraduacao.unimontes.br\/uploads\/sites\/2\/2022\/06\/Edital-Isolada-2-2022.pdf\" target=\"_blank\" rel=\"noopener\">Edital disciplinas isoladas 2022 &#8211; 2\u00ba semestre<\/a><\/p>\n<p><a style=\"color: #00a0d2;\" href=\"http:\/\/www.posgraduacao.unimontes.br\/uploads\/sites\/2\/2021\/06\/Anexo-para-isolada-.pdf\" target=\"_blank\" rel=\"noopener noreferrer\">Anexo 1<\/a><\/p>\n<\/div><\/div><\/div><\/div><div class=\"kc-elm kc-css-723660 kc_accordion_section group \"><h3 class=\"kc_accordion_header ui-accordion-header\"><span class=\"ui-accordion-header-icon ui-icon\"><\/span><a href=\"#1o-semestre-2022\" data-prevent=\"scroll\"><i class=\"sl-arrow-down\"><\/i> 1\u00ba Semestre 2022<\/a><\/h3><div class=\"kc_accordion_content ui-accordion-content kc_clearfix\"><div class=\"kc-panel-body\"><div class=\"kc-elm kc-css-139781 kc_text_block\"><p>\n<a href=\"http:\/\/www.posgraduacao.unimontes.br\/uploads\/sites\/2\/2022\/02\/Resultado-Disciplinas-isoladas-2022-1.pdf\" target=\"_blank\" rel=\"noopener\">Resultado Final Disciplinas Isoladas 2022 &#8211; 1\u00ba Semestre<\/a><\/p>\n<p><a href=\"http:\/\/www.posgraduacao.unimontes.br\/uploads\/sites\/2\/2021\/12\/Edital-isoladas-2022.pdf\" target=\"_blank\" rel=\"noopener\">Edital disciplinas isoladas 2022 &#8211; 1\u00ba semestre<\/a><\/p>\n<p><a href=\"http:\/\/www.posgraduacao.unimontes.br\/uploads\/sites\/2\/2022\/02\/Retifica\u00e7\u00e3o.pdf\" target=\"_blank\" rel=\"noopener\">1\u00aa Retifica\u00e7\u00e3o ao Edital para disciplinas isoladas 2022 &#8211; 1\u00ba semestre<\/a><\/p>\n<p><a style=\"color: #00a0d2;\" href=\"http:\/\/www.posgraduacao.unimontes.br\/uploads\/sites\/2\/2021\/06\/Anexo-para-isolada-.pdf\" target=\"_blank\" rel=\"noopener noreferrer\">Anexo 1<\/a><\/p>\n<\/div><\/div><\/div><\/div><\/div>\n<div data-closeall=\"true\" class=\"kc-elm kc-css-948554 kc_accordion_wrapper\">\n<div class=\"kc-elm kc-css-668374 kc_accordion_section group \"><h3 class=\"kc_accordion_header ui-accordion-header\"><span class=\"ui-accordion-header-icon ui-icon\"><\/span><a href=\"#2o-semestre-2021\" data-prevent=\"scroll\"><i class=\"sl-arrow-down\"><\/i> 2\u00ba Semestre 2021<\/a><\/h3><div class=\"kc_accordion_content ui-accordion-content kc_clearfix\"><div class=\"kc-panel-body\"><div class=\"kc-elm kc-css-764876 kc_text_block\"><p>\n<a href=\"http:\/\/www.posgraduacao.unimontes.br\/uploads\/sites\/2\/2021\/07\/Resultado-Disciplinas-isoladas-2021-2.pdf\" target=\"_blank\" rel=\"noopener noreferrer\">Resultado Final Disciplinas Isoladas 2021 &#8211; 2\u00ba Semestre<\/a><\/p>\n<p><a href=\"http:\/\/www.posgraduacao.unimontes.br\/uploads\/sites\/2\/2021\/06\/Edital-Isolada-2-2021.pdf\" target=\"_blank\" rel=\"noopener noreferrer\">Edital disciplinas isoladas 2021 &#8211; 2\u00ba semestre<\/a><\/p>\n<p><a style=\"color: #00a0d2;\" href=\"http:\/\/www.posgraduacao.unimontes.br\/uploads\/sites\/2\/2021\/06\/Anexo-para-isolada-.pdf\" target=\"_blank\" rel=\"noopener noreferrer\">Anexo 1<\/a><\/p>\n<\/div><\/div><\/div><\/div><div class=\"kc-elm kc-css-608797 kc_accordion_section group \"><h3 class=\"kc_accordion_header ui-accordion-header\"><span class=\"ui-accordion-header-icon ui-icon\"><\/span><a href=\"#1o-semestre-2021\" data-prevent=\"scroll\"><i class=\"sl-arrow-down\"><\/i> 1\u00ba Semestre 2021<\/a><\/h3><div class=\"kc_accordion_content ui-accordion-content kc_clearfix\"><div class=\"kc-panel-body\"><div class=\"kc-elm kc-css-58187 kc_text_block\"><p>\n<a href=\"http:\/\/www.posgraduacao.unimontes.br\/uploads\/sites\/2\/2021\/02\/Resultado-Disciplinas-isoladas-2021-1.pdf\">Resultado Final Disciplinas Isoladas 2021 &#8211; 1\u00ba Semestre<\/a><\/p>\n<p><a href=\"http:\/\/www.posgraduacao.unimontes.br\/uploads\/sites\/2\/2021\/01\/Edital-Isolada-2021-1.pdf\">Edital disciplinas Isoladas 2021 &#8211; 1\u00ba Semestre<\/a><\/p>\n<p><a href=\"http:\/\/www.posgraduacao.unimontes.br\/uploads\/sites\/2\/2021\/01\/ANEXO-1.docx\">ANEXO 1<\/a><\/p>\n<\/div><\/div><\/div><\/div><div class=\"kc-elm kc-css-186727 kc_accordion_section group \"><h3 class=\"kc_accordion_header ui-accordion-header\"><span class=\"ui-accordion-header-icon ui-icon\"><\/span><a href=\"#1o-semestre-2020\" data-prevent=\"scroll\"><i class=\"sl-arrow-down\"><\/i> 1\u00ba Semestre 2020<\/a><\/h3><div class=\"kc_accordion_content ui-accordion-content kc_clearfix\"><div class=\"kc-panel-body\"><div class=\"kc-elm kc-css-783509 kc_text_block\"><p>\n<a href=\"http:\/\/www.posgraduacao.unimontes.br\/uploads\/sites\/2\/2020\/05\/resultadodisciplinasisoladas.pdf\" target=\"_blank\" rel=\"noopener noreferrer\">resultado disciplinas isoladas<\/a><\/p>\n<p><a href=\"http:\/\/www.posgraduacao.unimontes.br\/uploads\/sites\/2\/2020\/05\/Matriculas-%E2%80%93-PPGH.pdf\" target=\"_blank\" rel=\"noopener noreferrer\">Matriculas-\u2013-PPGH<\/a><\/p>\n<p><a href=\"http:\/\/www.posgraduacao.unimontes.br\/uploads\/sites\/2\/2020\/05\/Edital-01-2020-optativas.pdf\" target=\"_blank\" rel=\"noopener noreferrer\">Edital-01-2020-optativas<\/a><\/p>\n<p><a href=\"http:\/\/www.posgraduacao.unimontes.br\/uploads\/sites\/2\/2020\/05\/ANEXO-1.docx\" target=\"_blank\" rel=\"noopener noreferrer\">ANEXO-1<\/a><span style=\"color: #ffffff;\">..<\/span><\/p>\n<\/div><\/div><\/div><\/div><div class=\"kc-elm kc-css-594896 kc_accordion_section group \"><h3 class=\"kc_accordion_header ui-accordion-header\"><span class=\"ui-accordion-header-icon ui-icon\"><\/span><a href=\"#2o-semestre-2019\" data-prevent=\"scroll\"><i class=\"sl-arrow-down\"><\/i> 2\u00ba Semestre 2019<\/a><\/h3><div class=\"kc_accordion_content ui-accordion-content kc_clearfix\"><div class=\"kc-panel-body\"><div class=\"kc-elm kc-css-896230 kc_text_block\"><p>\n<a href=\"http:\/\/www.posgraduacao.unimontes.br\/uploads\/sites\/2\/2019\/07\/EDITAL-02-2019-Isoladas-2-1.pdf\" target=\"_blank\" rel=\"noopener noreferrer\">Edital Para Disciplinas Isoladas 2\u00ba Semestre 2019<\/a><\/p>\n<p><a href=\"http:\/\/www.posgraduacao.unimontes.br\/uploads\/sites\/2\/2019\/07\/ANEXO-1.docx\" target=\"_blank\" rel=\"noopener noreferrer\">ANEXO I &#8211; Ficha De Inscri\u00e7\u00e3o Para Disciplina Isolada<\/a><\/p>\n<p><a href=\"http:\/\/www.posgraduacao.unimontes.br\/uploads\/sites\/2\/2019\/08\/Resultado-Final.Disciplinas-Isoladas.PPGH_.pdf\">Resultado Final Para Disciplinas Isoladas 2\u00ba Semestre 2019<\/a><\/p>\n<\/div><\/div><\/div><\/div><div class=\"kc-elm kc-css-616947 kc_accordion_section group \"><h3 class=\"kc_accordion_header ui-accordion-header\"><span class=\"ui-accordion-header-icon ui-icon\"><\/span><a href=\"#2o-semestre-2018\" data-prevent=\"scroll\"><i class=\"sl-arrow-down\"><\/i> 2\u00ba Semestre 2018<\/a><\/h3><div class=\"kc_accordion_content ui-accordion-content kc_clearfix\"><div class=\"kc-panel-body\"><div class=\"kc-elm kc-css-207908 kc_text_block\"><p>\n<a href=\"http:\/\/www.posgraduacao.unimontes.br\/uploads\/sites\/2\/2018\/09\/Resultado-2-Disciplinas-Isoladas-2018-2.pdf\">Resultado 2 Disciplinas Isoladas 2018-2<\/a><\/p>\n<p><a href=\"http:\/\/www.posgraduacao.unimontes.br\/uploads\/sites\/2\/2018\/08\/resultado-edital-2-2018.pdf\">Resultado Disciplinas Isoladas 2018-2<\/a><\/p>\n<p><a href=\"http:\/\/www.posgraduacao.unimontes.br\/uploads\/sites\/2\/2018\/08\/Retifica%C3%A7%C3%A3o-do-edital-2-2018.pdf\">Edital Retificado 02\/2018 \u2013 PPGH<\/a><\/p>\n<p><a href=\"http:\/\/www.posgraduacao.unimontes.br\/uploads\/sites\/2\/2018\/07\/Edital-2-2018-revisado.pdf\">Edital 02\/2018 \u2013 PPGH\u00a0\u00a0<\/a><\/p>\n<\/div><\/div><\/div><\/div><div class=\"kc-elm kc-css-519443 kc_accordion_section group \"><h3 class=\"kc_accordion_header ui-accordion-header\"><span class=\"ui-accordion-header-icon ui-icon\"><\/span><a href=\"#1o-semestre-2018\" data-prevent=\"scroll\"><i class=\"sl-arrow-down\"><\/i> 1\u00ba Semestre 2018<\/a><\/h3><div class=\"kc_accordion_content ui-accordion-content kc_clearfix\"><div class=\"kc-panel-body\"><div class=\"kc-elm kc-css-941536 kc_text_block\"><p>\n<a style=\"color: #00a0d2;\" href=\"http:\/\/www.posgraduacao.unimontes.br\/uploads\/sites\/2\/2018\/02\/PPGH-Resultado-Disciplinas-Isoladas-1-2018.pdf\">Resultado Disciplinas Isoladas 2018-1<\/a><\/p>\n<p><a href=\"http:\/\/www.posgraduacao.unimontes.br\/uploads\/sites\/2\/2017\/07\/PPGH-Edital-Disciplinas-Isoladas-1-2018.pdf\">Edital 01\/2018 &#8211; PPGH<\/a><\/p>\n<p><a href=\"http:\/\/unimontes.br\/images\/PPGH_-_Ficha_Inscricao_Disciplina_Isoladas.doc\" target=\"_blank\" rel=\"noopener noreferrer\">Anexo I &#8211; Ficha de Inscri\u00e7\u00e3o<\/a><\/p>\n<\/div><\/div><\/div><\/div><div class=\"kc-elm kc-css-334914 kc_accordion_section group \"><h3 class=\"kc_accordion_header ui-accordion-header\"><span class=\"ui-accordion-header-icon ui-icon\"><\/span><a href=\"#2o-semestre-2017\" data-prevent=\"scroll\"><i class=\"sl-arrow-down\"><\/i> 2\u00ba Semestre 2017<\/a><\/h3><div class=\"kc_accordion_content ui-accordion-content kc_clearfix\"><div class=\"kc-panel-body\"><div class=\"kc-elm kc-css-932634 kc_text_block\"><p>\n<a href=\"http:\/\/unimontes.br\/images\/PPGH_-_Edital_Retificado_Disciplinas_Isoladas_2-2017.pdf\" target=\"_blank\" rel=\"noopener noreferrer\">Edital Retificado 02\/2017 &#8211; PPGH<\/a><\/p>\n<p><a href=\"http:\/\/unimontes.br\/images\/PPGH_-_Edital_Disciplinas_Isoladas_2-2017.pdf\" target=\"_blank\" rel=\"noopener noreferrer\">Edital 02\/2017 &#8211; PPGH<\/a><\/p>\n<p><a href=\"http:\/\/unimontes.br\/images\/PPGH_-_Ficha_Inscricao_Disciplina_Isoladas.doc\" target=\"_blank\" rel=\"noopener noreferrer\">Anexo I &#8211; Ficha de Inscri\u00e7\u00e3o<\/a><\/p>\n<\/div><\/div><\/div><\/div><div class=\"kc-elm kc-css-773719 kc_accordion_section group \"><h3 class=\"kc_accordion_header ui-accordion-header\"><span class=\"ui-accordion-header-icon ui-icon\"><\/span><a href=\"#1o-semestre-2017\" data-prevent=\"scroll\"><i class=\"sl-arrow-down\"><\/i> 1\u00ba Semestre 2017<\/a><\/h3><div class=\"kc_accordion_content ui-accordion-content kc_clearfix\"><div class=\"kc-panel-body\"><div class=\"kc-elm kc-css-157264 kc_text_block\"><p>\n<a href=\"http:\/\/unimontes.br\/images\/Resultado_Disciplinas_Isoladas_-_PPGH_-_1-2017.pdf\" target=\"_blank\" rel=\"noopener noreferrer\">Resultado Preliminar<\/a><\/p>\n<p><a href=\"http:\/\/unimontes.br\/images\/PPGH_-_Resultado_Disciplinas_Isoladas_1-2017.pdf\" target=\"_blank\" rel=\"noopener noreferrer\">Edital 01\/2017\u00a0<\/a><\/p>\n<p><a href=\"http:\/\/unimontes.br\/images\/PPGH_-_Ficha_Inscricao_Disciplina_Isoladas.pdf\" target=\"_blank\" rel=\"noopener noreferrer\">Ficha de Inscri\u00e7\u00e3o<\/a><\/p>\n<\/div><\/div><\/div><\/div><\/div>\n<\/div><\/div><\/div><\/div><\/section>\n","protected":false},"excerpt":{"rendered":"","protected":false},"author":2,"featured_media":0,"parent":1631,"menu_order":0,"comment_status":"closed","ping_status":"closed","template":"","meta":[],"yoast_head":"<!-- This site is optimized with the Yoast SEO plugin v14.7 - https:\/\/yoast.com\/wordpress\/plugins\/seo\/ -->\n<title>Alunos Especiais - PPGH - P\u00f3s Gradua\u00e7\u00e3o em Hist\u00f3ria Unimontes<\/title>\n<meta name=\"robots\" content=\"index, follow\" \/>\n<meta name=\"googlebot\" content=\"index, follow, max-snippet:-1, max-image-preview:large, max-video-preview:-1\" \/>\n<meta name=\"bingbot\" content=\"index, follow, max-snippet:-1, max-image-preview:large, max-video-preview:-1\" \/>\n<link rel=\"canonical\" href=\"https:\/\/www.posgraduacao.unimontes.br\/ppgh\/processos_seletivos\/edital-disciplinas-isoladas\/\" \/>\n<meta property=\"og:locale\" content=\"pt_BR\" \/>\n<meta property=\"og:type\" content=\"article\" \/>\n<meta property=\"og:title\" content=\"Alunos Especiais - PPGH - P\u00f3s Gradua\u00e7\u00e3o em Hist\u00f3ria Unimontes\" \/>\n<meta property=\"og:description\" content=\"Alunos Especiais\u00a0 Sele\u00e7\u00e3o para Disciplinas Isoladas &#8211; Mestrado em Hist\u00f3ria 1\u00ba Semestre 2026 Resultado Edital disciplinas isoladas 2026 &#8211; 1\u00ba semestre Anexo 1 2\u00ba Semestre 2025 Resultado\u00a0 Edital disciplinas isoladas 2025 &#8211; 2\u00ba semestre Anexo 1 1\u00ba Semestre 2025 Resultado Edital disciplinas isoladas 2025 &#8211; 1\u00ba semestre Anexo 1 2\u00ba Semestre 2024 Resultado &#8211; 2024-2 [&hellip;]\" \/>\n<meta property=\"og:url\" content=\"https:\/\/www.posgraduacao.unimontes.br\/ppgh\/processos_seletivos\/edital-disciplinas-isoladas\/\" \/>\n<meta property=\"og:site_name\" content=\"PPGH - P\u00f3s Gradua\u00e7\u00e3o em Hist\u00f3ria Unimontes\" \/>\n<meta property=\"article:modified_time\" content=\"2026-02-03T20:14:06+00:00\" \/>\n<meta name=\"twitter:card\" content=\"summary_large_image\" \/>\n<script type=\"application\/ld+json\" class=\"yoast-schema-graph\">{\"@context\":\"https:\/\/schema.org\",\"@graph\":[{\"@type\":\"WebSite\",\"@id\":\"https:\/\/www.posgraduacao.unimontes.br\/ppgh\/#website\",\"url\":\"https:\/\/www.posgraduacao.unimontes.br\/ppgh\/\",\"name\":\"PPGH - P\\u00f3s Gradua\\u00e7\\u00e3o em Hist\\u00f3ria Unimontes\",\"description\":\"Portal da P\\u00f3s Gradua\\u00e7\\u00e3o em Hist\\u00f3ria Unimontes\",\"potentialAction\":[{\"@type\":\"SearchAction\",\"target\":\"https:\/\/www.posgraduacao.unimontes.br\/ppgh\/?s={search_term_string}\",\"query-input\":\"required name=search_term_string\"}],\"inLanguage\":\"pt-BR\"},{\"@type\":\"WebPage\",\"@id\":\"https:\/\/www.posgraduacao.unimontes.br\/ppgh\/processos_seletivos\/edital-disciplinas-isoladas\/#webpage\",\"url\":\"https:\/\/www.posgraduacao.unimontes.br\/ppgh\/processos_seletivos\/edital-disciplinas-isoladas\/\",\"name\":\"Alunos Especiais - PPGH - P\\u00f3s Gradua\\u00e7\\u00e3o em Hist\\u00f3ria Unimontes\",\"isPartOf\":{\"@id\":\"https:\/\/www.posgraduacao.unimontes.br\/ppgh\/#website\"},\"datePublished\":\"2017-07-12T01:35:01+00:00\",\"dateModified\":\"2026-02-03T20:14:06+00:00\",\"inLanguage\":\"pt-BR\",\"potentialAction\":[{\"@type\":\"ReadAction\",\"target\":[\"https:\/\/www.posgraduacao.unimontes.br\/ppgh\/processos_seletivos\/edital-disciplinas-isoladas\/\"]}]}]}<\/script>\n<!-- \/ Yoast SEO plugin. -->","_links":{"self":[{"href":"https:\/\/www.posgraduacao.unimontes.br\/ppgh\/wp-json\/wp\/v2\/pages\/259"}],"collection":[{"href":"https:\/\/www.posgraduacao.unimontes.br\/ppgh\/wp-json\/wp\/v2\/pages"}],"about":[{"href":"https:\/\/www.posgraduacao.unimontes.br\/ppgh\/wp-json\/wp\/v2\/types\/page"}],"author":[{"embeddable":true,"href":"https:\/\/www.posgraduacao.unimontes.br\/ppgh\/wp-json\/wp\/v2\/users\/2"}],"replies":[{"embeddable":true,"href":"https:\/\/www.posgraduacao.unimontes.br\/ppgh\/wp-json\/wp\/v2\/comments?post=259"}],"version-history":[{"count":63,"href":"https:\/\/www.posgraduacao.unimontes.br\/ppgh\/wp-json\/wp\/v2\/pages\/259\/revisions"}],"predecessor-version":[{"id":1626,"href":"https:\/\/www.posgraduacao.unimontes.br\/ppgh\/wp-json\/wp\/v2\/pages\/259\/revisions\/1626"}],"up":[{"embeddable":true,"href":"https:\/\/www.posgraduacao.unimontes.br\/ppgh\/wp-json\/wp\/v2\/pages\/1631"}],"wp:attachment":[{"href":"https:\/\/www.posgraduacao.unimontes.br\/ppgh\/wp-json\/wp\/v2\/media?parent=259"}],"curies":[{"name":"wp","href":"https:\/\/api.w.org\/{rel}","templated":true}]}}