{"id":2138,"date":"2022-10-13T15:17:33","date_gmt":"2022-10-13T18:17:33","guid":{"rendered":"https:\/\/www.posgraduacao.unimontes.br\/ppgh\/?page_id=2138"},"modified":"2022-10-13T15:17:33","modified_gmt":"2022-10-13T18:17:33","slug":"encontros-com-a-historia","status":"publish","type":"page","link":"https:\/\/www.posgraduacao.unimontes.br\/ppgh\/encontros-com-a-historia\/","title":{"rendered":"Encontros com a Hist\u00f3ria"},"content":{"rendered":"<section class=\"kc-elm kc_row\"><div class=\"kc-row-container  kc-container\"><div class=\"kc-wrap-columns\"><div class=\"kc-elm kc_column kc_col-sm-12\"><div class=\"kc-col-container\"><div class=\"kc-elm\" style=\"height: 20px; clear: both; width:100%;\"><\/div><\/div><\/div><\/div><\/div><\/section><section class=\"kc-elm kc_row\"><div class=\"kc-row-container  kc-container\"><div class=\"kc-wrap-columns\"><div class=\"kc-elm kc_column kc_col-sm-12\"><div class=\"kc-col-container\"><div class=\"kc-elm kc_text_block\"><p class=\\\"MsoNormal\\\" style=\\\"margin: 0cm 0cm 18pt;line-height: 15.6933px;font-size: 11pt;font-family: Calibri, sans-serif;color: #000000\\\"><span style=\\\"font-size: 20pt;line-height: 28.5333px;color: #002060\\\">Encontros com a Hist\u00f3ria<\/span><\/p>\n<p class=\\\"MsoNormal\\\" style=\\\"margin: 0cm 0cm 8pt;line-height: 16.8667px;font-size: 11pt;font-family: Calibri, sans-serif;color: #000000;text-align: justify\\\"><span style=\\\"font-size: 14pt;line-height: 21.4667px\\\">Projeto de extens\u00e3o do PPGH criado em 2013. Consiste na realiza\u00e7\u00e3o, de forma peri\u00f3dica, de palestras, mesas redondas, debates, dentre outras atividades, destinadas aos alunos da gradua\u00e7\u00e3o, \u00e0 professores(as) da educa\u00e7\u00e3o b\u00e1sica e \u00e0 comunidade em geral. Objetiva comunicar e divulgar resultados de pesquisas desenvolvidas no \u00e2mbito do Programa por docentes e discentes, bem como tornar p\u00fablico temas importantes da historiografia, especialmente do campo da Hist\u00f3ria Social.<\/span><\/p>\n<p class=\\\"MsoNormal\\\" style=\\\"margin: 24pt 0cm 0cm;line-height: 16.8667px;font-size: 11pt;font-family: Calibri, sans-serif;color: #000000\\\"><span style=\\\"font-size: 14pt;line-height: 21.4667px\\\">Comiss\u00e3o 2024:<\/span><\/p>\n<p class=\\\"MsoNormal\\\" style=\\\"margin: 0cm;line-height: 16.8667px;font-size: 11pt;font-family: Calibri, sans-serif;color: #000000\\\"><span style=\\\"font-size: 14pt;line-height: 21.4667px\\\">Prof. Dr. Felipe Azevedo Cazetta<\/span><\/p>\n<p class=\\\"MsoNormal\\\" style=\\\"margin: 0cm;line-height: 16.8667px;font-size: 11pt;font-family: Calibri, sans-serif;color: #000000\\\"><span style=\\\"font-size: 14pt;line-height: 21.4667px\\\">Prof. Dr. Francisco Teixeira<\/span><\/p>\n<\/div><\/div><\/div><\/div><\/div><\/section>\n","protected":false},"excerpt":{"rendered":"","protected":false},"author":2,"featured_media":0,"parent":0,"menu_order":0,"comment_status":"closed","ping_status":"closed","template":"","meta":[],"yoast_head":"<!-- This site is optimized with the Yoast SEO plugin v14.7 - https:\/\/yoast.com\/wordpress\/plugins\/seo\/ -->\n<title>Encontros com a Hist\u00f3ria - PPGH - P\u00f3s Gradua\u00e7\u00e3o em Hist\u00f3ria Unimontes<\/title>\n<meta name=\"robots\" content=\"index, follow\" \/>\n<meta name=\"googlebot\" content=\"index, follow, max-snippet:-1, max-image-preview:large, max-video-preview:-1\" \/>\n<meta name=\"bingbot\" content=\"index, follow, max-snippet:-1, max-image-preview:large, max-video-preview:-1\" \/>\n<link rel=\"canonical\" href=\"https:\/\/www.posgraduacao.unimontes.br\/ppgh\/encontros-com-a-historia\/\" \/>\n<meta property=\"og:locale\" content=\"pt_BR\" \/>\n<meta property=\"og:type\" content=\"article\" \/>\n<meta property=\"og:title\" content=\"Encontros com a Hist\u00f3ria - PPGH - P\u00f3s Gradua\u00e7\u00e3o em Hist\u00f3ria Unimontes\" \/>\n<meta property=\"og:description\" content=\"Encontros com a Hist\u00f3ria Projeto de extens\u00e3o do PPGH criado em 2013. Consiste na realiza\u00e7\u00e3o, de forma peri\u00f3dica, de palestras, mesas redondas, debates, dentre outras atividades, destinadas aos alunos da gradua\u00e7\u00e3o, \u00e0 professores(as) da educa\u00e7\u00e3o b\u00e1sica e \u00e0 comunidade em geral. Objetiva comunicar e divulgar resultados de pesquisas desenvolvidas no \u00e2mbito do Programa por docentes [&hellip;]\" \/>\n<meta property=\"og:url\" content=\"https:\/\/www.posgraduacao.unimontes.br\/ppgh\/encontros-com-a-historia\/\" \/>\n<meta property=\"og:site_name\" content=\"PPGH - P\u00f3s Gradua\u00e7\u00e3o em Hist\u00f3ria Unimontes\" \/>\n<meta name=\"twitter:card\" content=\"summary_large_image\" \/>\n<script type=\"application\/ld+json\" class=\"yoast-schema-graph\">{\"@context\":\"https:\/\/schema.org\",\"@graph\":[{\"@type\":\"WebSite\",\"@id\":\"https:\/\/www.posgraduacao.unimontes.br\/ppgh\/#website\",\"url\":\"https:\/\/www.posgraduacao.unimontes.br\/ppgh\/\",\"name\":\"PPGH - P\\u00f3s Gradua\\u00e7\\u00e3o em Hist\\u00f3ria Unimontes\",\"description\":\"Portal da P\\u00f3s Gradua\\u00e7\\u00e3o em Hist\\u00f3ria Unimontes\",\"potentialAction\":[{\"@type\":\"SearchAction\",\"target\":\"https:\/\/www.posgraduacao.unimontes.br\/ppgh\/?s={search_term_string}\",\"query-input\":\"required name=search_term_string\"}],\"inLanguage\":\"pt-BR\"},{\"@type\":\"WebPage\",\"@id\":\"https:\/\/www.posgraduacao.unimontes.br\/ppgh\/encontros-com-a-historia\/#webpage\",\"url\":\"https:\/\/www.posgraduacao.unimontes.br\/ppgh\/encontros-com-a-historia\/\",\"name\":\"Encontros com a Hist\\u00f3ria - PPGH - P\\u00f3s Gradua\\u00e7\\u00e3o em Hist\\u00f3ria Unimontes\",\"isPartOf\":{\"@id\":\"https:\/\/www.posgraduacao.unimontes.br\/ppgh\/#website\"},\"datePublished\":\"2022-10-13T18:17:33+00:00\",\"dateModified\":\"2022-10-13T18:17:33+00:00\",\"inLanguage\":\"pt-BR\",\"potentialAction\":[{\"@type\":\"ReadAction\",\"target\":[\"https:\/\/www.posgraduacao.unimontes.br\/ppgh\/encontros-com-a-historia\/\"]}]}]}<\/script>\n<!-- \/ Yoast SEO plugin. -->","_links":{"self":[{"href":"https:\/\/www.posgraduacao.unimontes.br\/ppgh\/wp-json\/wp\/v2\/pages\/2138"}],"collection":[{"href":"https:\/\/www.posgraduacao.unimontes.br\/ppgh\/wp-json\/wp\/v2\/pages"}],"about":[{"href":"https:\/\/www.posgraduacao.unimontes.br\/ppgh\/wp-json\/wp\/v2\/types\/page"}],"author":[{"embeddable":true,"href":"https:\/\/www.posgraduacao.unimontes.br\/ppgh\/wp-json\/wp\/v2\/users\/2"}],"replies":[{"embeddable":true,"href":"https:\/\/www.posgraduacao.unimontes.br\/ppgh\/wp-json\/wp\/v2\/comments?post=2138"}],"version-history":[{"count":2,"href":"https:\/\/www.posgraduacao.unimontes.br\/ppgh\/wp-json\/wp\/v2\/pages\/2138\/revisions"}],"predecessor-version":[{"id":2140,"href":"https:\/\/www.posgraduacao.unimontes.br\/ppgh\/wp-json\/wp\/v2\/pages\/2138\/revisions\/2140"}],"wp:attachment":[{"href":"https:\/\/www.posgraduacao.unimontes.br\/ppgh\/wp-json\/wp\/v2\/media?parent=2138"}],"curies":[{"name":"wp","href":"https:\/\/api.w.org\/{rel}","templated":true}]}}