{"id":2109,"date":"2022-10-04T12:44:07","date_gmt":"2022-10-04T15:44:07","guid":{"rendered":"https:\/\/www.posgraduacao.unimontes.br\/ppgh\/?page_id=2109"},"modified":"2022-10-04T12:57:10","modified_gmt":"2022-10-04T15:57:10","slug":"clio-no-museu","status":"publish","type":"page","link":"https:\/\/www.posgraduacao.unimontes.br\/ppgh\/projetos\/clio-no-museu\/","title":{"rendered":"Clio no Museu"},"content":{"rendered":"<section class=\"kc-elm kc-css-654680 kc_row\"><div class=\"kc-row-container  kc-container\"><div class=\"kc-wrap-columns\"><div class=\"kc-elm kc-css-246607 kc_col-sm-12 kc_column kc_col-sm-12\"><div class=\"kc-col-container\"><div class=\"kc-elm kc-css-258867\" style=\"height: 30px; clear: both; width:100%;\"><\/div><div class=\"kc-elm kc-css-698191 kc_text_block\"><p><span style=\"box-sizing: border-box; font-size: 16pt; line-height: 22.8267px; font-family: Arial, sans-serif; color: #002060;\">Clio no Museu<\/span><\/p>\n<h3 class=\"kc_accordion_header ui-accordion-header\" style=\"box-sizing: border-box; font-style: normal;\"><\/h3>\n<\/div><div class=\"kc-elm kc-css-599798\" style=\"height: 10px; clear: both; width:100%;\"><\/div><div class=\"kc-elm kc-css-342297 kc_text_block\"><p style=\"margin: 12pt 0cm 0cm; font-size: medium; font-family: 'Times New Roman', serif; color: #000000; text-align: justify; line-height: 18.4px;\"><strong><span style=\"font-family: 'Segoe UI', sans-serif; color: #444444;\">Clio no Museu:<\/span><\/strong><span style=\"font-family: 'Segoe UI', sans-serif; color: #444444;\">\u00a0Projeto desenvolvido no Museu Regional do Norte de Minas<\/span><\/p>\n<p style=\"margin: 12pt 0cm 0cm; font-size: medium; font-family: 'Times New Roman', serif; color: #000000; text-align: justify; line-height: 18.4px;\"><strong><span style=\"font-family: 'Segoe UI', sans-serif; color: #444444;\">Objetivos:<\/span><\/strong><\/p>\n<p style=\"margin: 0cm 0cm 0cm 36pt; font-size: medium; font-family: 'Times New Roman', serif; color: #000000; text-align: justify; text-indent: -18pt; line-height: 18.4px;\"><span style=\"font-family: Symbol; color: #444444;\">\u00b7<span style=\"font-variant-numeric: normal; font-variant-east-asian: normal; font-stretch: normal; font-size: 7pt; font-family: 'Times New Roman';\">\u00a0\u00a0\u00a0\u00a0\u00a0\u00a0\u00a0\u00a0\u00a0<\/span><\/span><span style=\"font-family: 'Segoe UI', sans-serif; color: #444444;\">Realizar palestras para a comunidade em geral com temas hist\u00f3ricos;<\/span><\/p>\n<p style=\"margin: 0cm 0cm 0cm 36pt; font-size: medium; font-family: 'Times New Roman', serif; color: #000000; text-indent: -18pt; line-height: 18.4px;\"><span style=\"font-family: Symbol; color: #444444;\">\u00b7<span style=\"font-variant-numeric: normal; font-variant-east-asian: normal; font-stretch: normal; font-size: 7pt; font-family: 'Times New Roman';\">\u00a0\u00a0\u00a0\u00a0\u00a0\u00a0\u00a0\u00a0\u00a0<\/span><\/span><span style=\"font-family: 'Segoe UI', sans-serif; color: #444444;\">Despertar a aten\u00e7\u00e3o de alunos, professores e comunidade em geral para temas hist\u00f3ricos em geral;<\/span><\/p>\n<p style=\"margin: 0cm 0cm 0cm 36pt; font-size: medium; font-family: 'Times New Roman', serif; color: #000000; text-indent: -18pt; line-height: 18.4px;\"><span style=\"font-family: Symbol; color: #444444;\">\u00b7<span style=\"font-variant-numeric: normal; font-variant-east-asian: normal; font-stretch: normal; font-size: 7pt; font-family: 'Times New Roman';\">\u00a0\u00a0\u00a0\u00a0\u00a0\u00a0\u00a0\u00a0\u00a0<\/span><\/span><span style=\"font-family: 'Segoe UI', sans-serif; color: #444444;\">Possibilitar a professores e acad\u00eamicos do curso de Hist\u00f3ria um espa\u00e7o de fala junto\u00a0<span class=\"SpellE\">a<\/span>\u00a0comunidade via Museu Regional do Norte de Minas.<\/span><\/p>\n<p style=\"margin: 12pt 0cm 0cm; font-size: medium; font-family: 'Times New Roman', serif; color: #000000; line-height: 18.4px;\"><strong><span style=\"font-family: 'Segoe UI', sans-serif; color: #444444;\">Metodologia:<\/span><\/strong><\/p>\n<p style=\"margin: 0cm; font-size: medium; font-family: 'Times New Roman', serif; color: #000000; line-height: 18.4px;\"><span style=\"font-family: 'Segoe UI', sans-serif; color: #444444;\">Eventos presenciais ou online (de acordo a necessidade do momento), no qual teremos palestras, com temas variados acompanhado de debate entre palestrante e plateia.<\/span><\/p>\n<p style=\"margin: 12pt 0cm 0cm; font-size: medium; font-family: 'Times New Roman', serif; color: #000000; line-height: 18.4px;\"><strong><span style=\"font-family: 'Segoe UI', sans-serif; color: #444444;\">E-mail:<\/span><\/strong><span style=\"font-family: 'Segoe UI', sans-serif; color: #444444;\">\u00a0<a style=\"color: blue;\" href=\"mailto:clio.no.museu@gmail.com\"><span style=\"color: #0073aa;\">clio.no.museu@gmail.com<\/span><\/a><\/span><\/p>\n<p style=\"margin: 12pt 0cm 0cm; font-size: medium; font-family: 'Times New Roman', serif; color: #000000; line-height: 18.4px;\"><strong><span style=\"font-family: 'Segoe UI', sans-serif; color: #444444;\">Instagram:<\/span><\/strong><span style=\"font-family: 'Segoe UI', sans-serif; color: #444444;\">\u00a0<a style=\"color: blue;\" href=\"https:\/\/www.instagram.com\/clio.museu\"><span style=\"color: #0073aa;\">@<span class=\"GramE\">clio.museu<\/span><\/span><\/a><\/span><\/p>\n<p class=\"MsoNormal\" style=\"margin: 0cm 0cm 8pt; font-size: 11pt; font-family: Calibri, sans-serif; line-height: 15.4px; color: #000000;\"><span style=\"font-size: 12pt; line-height: 16.8px;\">\u00a0<\/span><\/p>\n<p class=\"MsoNormal\" style=\"margin: 0cm 0cm 8pt; font-size: 11pt; font-family: Calibri, sans-serif; line-height: 15.5467px; color: #000000;\">\n<\/div><\/div><\/div><\/div><\/div><\/section><section class=\"kc-elm kc-css-138215 kc_row\"><div class=\"kc-row-container  kc-container\"><div class=\"kc-wrap-columns\"><div class=\"kc-elm kc-css-152918 kc_col-sm-12 kc_column kc_col-sm-12\"><div class=\"kc-col-container\"><\/div><\/div><\/div><\/div><\/section><section class=\"kc-elm kc-css-887451 kc_row\"><div class=\"kc-row-container  kc-container\"><div class=\"kc-wrap-columns\"><div class=\"kc-elm kc-css-442895 kc_col-sm-12 kc_column kc_col-sm-12\"><div class=\"kc-col-container\"><div class=\"kc-elm kc-css-44007 kc_text_block\"><p class=\"MsoNormal\" style=\"margin: 0cm 0cm 8pt; font-size: 11pt; font-family: Calibri, sans-serif; line-height: 15.5467px; color: #000000;\">\n<\/div><\/div><\/div><\/div><\/div><\/section><section class=\"kc-elm kc_row\"><div class=\"kc-row-container  kc-container\"><div class=\"kc-wrap-columns\"><div class=\"kc-elm kc-css-407107 kc_col-sm-12 kc_column kc_col-sm-12\"><div class=\"kc-col-container\"><div class=\"kc-elm kc_text_block\"><\/div><\/div><\/div><\/div><\/div><\/section>\n","protected":false},"excerpt":{"rendered":"","protected":false},"author":2,"featured_media":0,"parent":2056,"menu_order":0,"comment_status":"closed","ping_status":"closed","template":"","meta":[],"yoast_head":"<!-- This site is optimized with the Yoast SEO plugin v14.7 - https:\/\/yoast.com\/wordpress\/plugins\/seo\/ -->\n<title>Clio no Museu - PPGH - P\u00f3s Gradua\u00e7\u00e3o em Hist\u00f3ria Unimontes<\/title>\n<meta name=\"robots\" content=\"index, follow\" \/>\n<meta name=\"googlebot\" content=\"index, follow, max-snippet:-1, max-image-preview:large, max-video-preview:-1\" \/>\n<meta name=\"bingbot\" content=\"index, follow, max-snippet:-1, max-image-preview:large, max-video-preview:-1\" \/>\n<link rel=\"canonical\" href=\"https:\/\/www.posgraduacao.unimontes.br\/ppgh\/projetos\/clio-no-museu\/\" \/>\n<meta property=\"og:locale\" content=\"pt_BR\" \/>\n<meta property=\"og:type\" content=\"article\" \/>\n<meta property=\"og:title\" content=\"Clio no Museu - PPGH - P\u00f3s Gradua\u00e7\u00e3o em Hist\u00f3ria Unimontes\" \/>\n<meta property=\"og:description\" content=\"Clio no Museu Clio no Museu:\u00a0Projeto desenvolvido no Museu Regional do Norte de Minas Objetivos: \u00b7\u00a0\u00a0\u00a0\u00a0\u00a0\u00a0\u00a0\u00a0\u00a0Realizar palestras para a comunidade em geral com temas hist\u00f3ricos; \u00b7\u00a0\u00a0\u00a0\u00a0\u00a0\u00a0\u00a0\u00a0\u00a0Despertar a aten\u00e7\u00e3o de alunos, professores e comunidade em geral para temas hist\u00f3ricos em geral; \u00b7\u00a0\u00a0\u00a0\u00a0\u00a0\u00a0\u00a0\u00a0\u00a0Possibilitar a professores e acad\u00eamicos do curso de Hist\u00f3ria um espa\u00e7o de fala junto\u00a0a\u00a0comunidade via [&hellip;]\" \/>\n<meta property=\"og:url\" content=\"https:\/\/www.posgraduacao.unimontes.br\/ppgh\/projetos\/clio-no-museu\/\" \/>\n<meta property=\"og:site_name\" content=\"PPGH - P\u00f3s Gradua\u00e7\u00e3o em Hist\u00f3ria Unimontes\" \/>\n<meta property=\"article:modified_time\" content=\"2022-10-04T15:57:10+00:00\" \/>\n<meta name=\"twitter:card\" content=\"summary_large_image\" \/>\n<script type=\"application\/ld+json\" class=\"yoast-schema-graph\">{\"@context\":\"https:\/\/schema.org\",\"@graph\":[{\"@type\":\"WebSite\",\"@id\":\"https:\/\/www.posgraduacao.unimontes.br\/ppgh\/#website\",\"url\":\"https:\/\/www.posgraduacao.unimontes.br\/ppgh\/\",\"name\":\"PPGH - P\\u00f3s Gradua\\u00e7\\u00e3o em Hist\\u00f3ria Unimontes\",\"description\":\"Portal da P\\u00f3s Gradua\\u00e7\\u00e3o em Hist\\u00f3ria Unimontes\",\"potentialAction\":[{\"@type\":\"SearchAction\",\"target\":\"https:\/\/www.posgraduacao.unimontes.br\/ppgh\/?s={search_term_string}\",\"query-input\":\"required name=search_term_string\"}],\"inLanguage\":\"pt-BR\"},{\"@type\":\"WebPage\",\"@id\":\"https:\/\/www.posgraduacao.unimontes.br\/ppgh\/projetos\/clio-no-museu\/#webpage\",\"url\":\"https:\/\/www.posgraduacao.unimontes.br\/ppgh\/projetos\/clio-no-museu\/\",\"name\":\"Clio no Museu - PPGH - P\\u00f3s Gradua\\u00e7\\u00e3o em Hist\\u00f3ria Unimontes\",\"isPartOf\":{\"@id\":\"https:\/\/www.posgraduacao.unimontes.br\/ppgh\/#website\"},\"datePublished\":\"2022-10-04T15:44:07+00:00\",\"dateModified\":\"2022-10-04T15:57:10+00:00\",\"inLanguage\":\"pt-BR\",\"potentialAction\":[{\"@type\":\"ReadAction\",\"target\":[\"https:\/\/www.posgraduacao.unimontes.br\/ppgh\/projetos\/clio-no-museu\/\"]}]}]}<\/script>\n<!-- \/ Yoast SEO plugin. -->","_links":{"self":[{"href":"https:\/\/www.posgraduacao.unimontes.br\/ppgh\/wp-json\/wp\/v2\/pages\/2109"}],"collection":[{"href":"https:\/\/www.posgraduacao.unimontes.br\/ppgh\/wp-json\/wp\/v2\/pages"}],"about":[{"href":"https:\/\/www.posgraduacao.unimontes.br\/ppgh\/wp-json\/wp\/v2\/types\/page"}],"author":[{"embeddable":true,"href":"https:\/\/www.posgraduacao.unimontes.br\/ppgh\/wp-json\/wp\/v2\/users\/2"}],"replies":[{"embeddable":true,"href":"https:\/\/www.posgraduacao.unimontes.br\/ppgh\/wp-json\/wp\/v2\/comments?post=2109"}],"version-history":[{"count":14,"href":"https:\/\/www.posgraduacao.unimontes.br\/ppgh\/wp-json\/wp\/v2\/pages\/2109\/revisions"}],"predecessor-version":[{"id":2113,"href":"https:\/\/www.posgraduacao.unimontes.br\/ppgh\/wp-json\/wp\/v2\/pages\/2109\/revisions\/2113"}],"up":[{"embeddable":true,"href":"https:\/\/www.posgraduacao.unimontes.br\/ppgh\/wp-json\/wp\/v2\/pages\/2056"}],"wp:attachment":[{"href":"https:\/\/www.posgraduacao.unimontes.br\/ppgh\/wp-json\/wp\/v2\/media?parent=2109"}],"curies":[{"name":"wp","href":"https:\/\/api.w.org\/{rel}","templated":true}]}}