{"id":206,"date":"2017-04-04T14:18:09","date_gmt":"2017-04-04T17:18:09","guid":{"rendered":"http:\/\/www.posgraduacao.unimontes.br\/ppgh\/?page_id=206"},"modified":"2021-08-31T17:58:29","modified_gmt":"2021-08-31T20:58:29","slug":"bolsas-e-auxilios","status":"publish","type":"page","link":"https:\/\/www.posgraduacao.unimontes.br\/ppgh\/normas-e-resolucoes-2\/bolsas-e-auxilios\/","title":{"rendered":"Bolsas e aux\u00edlios"},"content":{"rendered":"<section class=\"kc-elm kc-css-183470 kc_row\"><div class=\"kc-row-container  kc-container\"><div class=\"kc-wrap-columns\"><div class=\"kc-elm kc-css-659751 kc_column kc_col-sm-12\"><div class=\"kc-col-container\"><div class=\"kc-elm kc-css-563414\" style=\"height: 40px; clear: both; width:100%;\"><\/div><\/div><\/div><\/div><\/div><\/section><section class=\"kc-elm kc-css-72939 kc_row\"><div class=\"kc-row-container  kc-container\"><div class=\"kc-wrap-columns\"><div class=\"kc-elm kc-css-532950 kc_column kc_col-sm-12\"><div class=\"kc-col-container\"><div class=\"kc-elm kc-css-17604 kc_text_block\"><p class=\"MsoNormal\" style=\"margin: 0cm 0cm 8pt; line-height: 15.6933px; font-size: 11pt; font-family: Calibri, sans-serif; color: #000000;\"><span style=\"font-size: 16pt; line-height: 22.8267px; font-family: Arial, sans-serif; color: #002060;\">Bolsas e aux\u00edlios<\/span><\/p>\n<\/div><\/div><\/div><\/div><\/div><\/section><section class=\"kc-elm kc-css-870800 kc_row\"><div class=\"kc-row-container  kc-container\"><div class=\"kc-wrap-columns\"><div class=\"kc-elm kc-css-957824 kc_col-sm-12 kc_column kc_col-sm-12\"><div class=\"kc-col-container\"><div class=\"kc-elm kc-css-342632\" style=\"height: 40px; clear: both; width:100%;\"><\/div><\/div><\/div><\/div><\/div><\/section><section class=\"kc-elm kc-css-564335 kc_row\"><div class=\"kc-row-container  kc-container\"><div class=\"kc-wrap-columns\"><div class=\"kc-elm kc-css-717178 kc_col-sm-3 kc_column kc_col-sm-3\"><div class=\"kc-col-container\"><\/div><\/div><div class=\"kc-elm kc-css-732141 kc_col-sm-3 kc_column kc_col-sm-3\"><div class=\"kc-col-container\"><div class=\"kc-elm kc-css-731430 kc-icon-wrapper\">\n\t\t<a href=\"http:\/\/www.posgraduacao.unimontes.br\/uploads\/sites\/2\/2019\/03\/Modelo-de-RELAT\u00d3RIO-DE-PRODU\u00c7\u00c3O-PARA-RENOVA\u00c7\u00c3O-DE-BOLSAS.pdf\" target=\"_self\" title=\"\">\n\t\t<i class=\"et-document\"><\/i>\n\t\t<\/a>\n\t<\/div>\n<div class=\"kc-elm kc-css-557274 kc_text_block\"><p>MODELO Relat\u00f3rio de Produ\u00e7\u00e3o para Solicita\u00e7\u00e3o de Renova\u00e7\u00e3o de Bolsas<\/p>\n<\/div><\/div><\/div><div class=\"kc-elm kc-css-224752 kc_col-sm-3 kc_column kc_col-sm-3\"><div class=\"kc-col-container\"><div class=\"kc-elm kc-css-829908 kc-icon-wrapper\">\n\t\t<a href=\"http:\/\/www.posgraduacao.unimontes.br\/uploads\/sites\/2\/2020\/02\/Regulamento-de-concess\u00e3o-de-bolsas-PPGH-2019-2.pdf\" target=\"_self\" title=\"\">\n\t\t<i class=\"et-document\"><\/i>\n\t\t<\/a>\n\t<\/div>\n<div class=\"kc-elm kc-css-954986 kc_text_block\"><p>Regulamento de concess\u00e3o de bolsas PPGH 2019<\/p>\n<\/div><\/div><\/div><div class=\"kc-elm kc-css-676055 kc_col-sm-3 kc_column kc_col-sm-3\"><div class=\"kc-col-container\"><\/div><\/div><\/div><\/div><\/section>\n","protected":false},"excerpt":{"rendered":"","protected":false},"author":1,"featured_media":0,"parent":1499,"menu_order":0,"comment_status":"closed","ping_status":"closed","template":"","meta":[],"yoast_head":"<!-- This site is optimized with the Yoast SEO plugin v14.7 - https:\/\/yoast.com\/wordpress\/plugins\/seo\/ -->\n<title>Bolsas e aux\u00edlios - PPGH - P\u00f3s Gradua\u00e7\u00e3o em Hist\u00f3ria Unimontes<\/title>\n<meta name=\"robots\" content=\"index, follow\" \/>\n<meta name=\"googlebot\" content=\"index, follow, max-snippet:-1, max-image-preview:large, max-video-preview:-1\" \/>\n<meta name=\"bingbot\" content=\"index, follow, max-snippet:-1, max-image-preview:large, max-video-preview:-1\" \/>\n<link rel=\"canonical\" href=\"https:\/\/www.posgraduacao.unimontes.br\/ppgh\/normas-e-resolucoes-2\/bolsas-e-auxilios\/\" \/>\n<meta property=\"og:locale\" content=\"pt_BR\" \/>\n<meta property=\"og:type\" content=\"article\" \/>\n<meta property=\"og:title\" content=\"Bolsas e aux\u00edlios - PPGH - P\u00f3s Gradua\u00e7\u00e3o em Hist\u00f3ria Unimontes\" \/>\n<meta property=\"og:description\" content=\"Bolsas e aux\u00edlios MODELO Relat\u00f3rio de Produ\u00e7\u00e3o para Solicita\u00e7\u00e3o de Renova\u00e7\u00e3o de Bolsas Regulamento de concess\u00e3o de bolsas PPGH 2019\" \/>\n<meta property=\"og:url\" content=\"https:\/\/www.posgraduacao.unimontes.br\/ppgh\/normas-e-resolucoes-2\/bolsas-e-auxilios\/\" \/>\n<meta property=\"og:site_name\" content=\"PPGH - P\u00f3s Gradua\u00e7\u00e3o em Hist\u00f3ria Unimontes\" \/>\n<meta property=\"article:modified_time\" content=\"2021-08-31T20:58:29+00:00\" \/>\n<meta name=\"twitter:card\" content=\"summary_large_image\" \/>\n<script type=\"application\/ld+json\" class=\"yoast-schema-graph\">{\"@context\":\"https:\/\/schema.org\",\"@graph\":[{\"@type\":\"WebSite\",\"@id\":\"https:\/\/www.posgraduacao.unimontes.br\/ppgh\/#website\",\"url\":\"https:\/\/www.posgraduacao.unimontes.br\/ppgh\/\",\"name\":\"PPGH - P\\u00f3s Gradua\\u00e7\\u00e3o em Hist\\u00f3ria Unimontes\",\"description\":\"Portal da P\\u00f3s Gradua\\u00e7\\u00e3o em Hist\\u00f3ria Unimontes\",\"potentialAction\":[{\"@type\":\"SearchAction\",\"target\":\"https:\/\/www.posgraduacao.unimontes.br\/ppgh\/?s={search_term_string}\",\"query-input\":\"required name=search_term_string\"}],\"inLanguage\":\"pt-BR\"},{\"@type\":\"WebPage\",\"@id\":\"https:\/\/www.posgraduacao.unimontes.br\/ppgh\/normas-e-resolucoes-2\/bolsas-e-auxilios\/#webpage\",\"url\":\"https:\/\/www.posgraduacao.unimontes.br\/ppgh\/normas-e-resolucoes-2\/bolsas-e-auxilios\/\",\"name\":\"Bolsas e aux\\u00edlios - PPGH - P\\u00f3s Gradua\\u00e7\\u00e3o em Hist\\u00f3ria Unimontes\",\"isPartOf\":{\"@id\":\"https:\/\/www.posgraduacao.unimontes.br\/ppgh\/#website\"},\"datePublished\":\"2017-04-04T17:18:09+00:00\",\"dateModified\":\"2021-08-31T20:58:29+00:00\",\"inLanguage\":\"pt-BR\",\"potentialAction\":[{\"@type\":\"ReadAction\",\"target\":[\"https:\/\/www.posgraduacao.unimontes.br\/ppgh\/normas-e-resolucoes-2\/bolsas-e-auxilios\/\"]}]}]}<\/script>\n<!-- \/ Yoast SEO plugin. -->","_links":{"self":[{"href":"https:\/\/www.posgraduacao.unimontes.br\/ppgh\/wp-json\/wp\/v2\/pages\/206"}],"collection":[{"href":"https:\/\/www.posgraduacao.unimontes.br\/ppgh\/wp-json\/wp\/v2\/pages"}],"about":[{"href":"https:\/\/www.posgraduacao.unimontes.br\/ppgh\/wp-json\/wp\/v2\/types\/page"}],"author":[{"embeddable":true,"href":"https:\/\/www.posgraduacao.unimontes.br\/ppgh\/wp-json\/wp\/v2\/users\/1"}],"replies":[{"embeddable":true,"href":"https:\/\/www.posgraduacao.unimontes.br\/ppgh\/wp-json\/wp\/v2\/comments?post=206"}],"version-history":[{"count":15,"href":"https:\/\/www.posgraduacao.unimontes.br\/ppgh\/wp-json\/wp\/v2\/pages\/206\/revisions"}],"predecessor-version":[{"id":1748,"href":"https:\/\/www.posgraduacao.unimontes.br\/ppgh\/wp-json\/wp\/v2\/pages\/206\/revisions\/1748"}],"up":[{"embeddable":true,"href":"https:\/\/www.posgraduacao.unimontes.br\/ppgh\/wp-json\/wp\/v2\/pages\/1499"}],"wp:attachment":[{"href":"https:\/\/www.posgraduacao.unimontes.br\/ppgh\/wp-json\/wp\/v2\/media?parent=206"}],"curies":[{"name":"wp","href":"https:\/\/api.w.org\/{rel}","templated":true}]}}