{"id":2056,"date":"2022-09-18T22:34:12","date_gmt":"2022-09-19T01:34:12","guid":{"rendered":"https:\/\/www.posgraduacao.unimontes.br\/ppgh\/?page_id=2056"},"modified":"2022-09-20T17:17:48","modified_gmt":"2022-09-20T20:17:48","slug":"projetos","status":"publish","type":"page","link":"https:\/\/www.posgraduacao.unimontes.br\/ppgh\/projetos\/","title":{"rendered":"PROJETOS"},"content":{"rendered":"<section class=\"kc-elm kc_row\"><div class=\"kc-row-container  kc-container\"><div class=\"kc-wrap-columns\"><div class=\"kc-elm kc_column kc_col-sm-12\"><div class=\"kc-col-container\"><div class=\"kc-elm\" style=\"height: 20px; clear: both; width:100%;\"><\/div><div class=\"kc-elm kc_text_block\"><p><strong><a href=\\\"https:\/\/www.posgraduacao.unimontes.br\/ppgh\/encontros-com-a-historia\/\\\">Encontros com a Hist\u00f3ria<\/a><\/strong><br \/>\n<strong><a href=\\\"https:\/\/www.posgraduacao.unimontes.br\/ppgh\/o-programa\/grupos-de-pesquisas\/\\\">Grupo de Pesquisa<\/a><\/strong><br \/>\n<strong><a href=\\\"https:\/\/www.posgraduacao.unimontes.br\/ppgh\/o-programa\/grupos-de-pesquisas\/\\\">Laborat\u00f3rios<\/a><\/strong><br \/>\n<strong><a href=\\\"https:\/\/www.posgraduacao.unimontes.br\/ppgh\/cursinho\/\\\">Cursinho Popular Darcy Ribeiro<\/a><\/strong><br \/>\n<strong><a href=\\\"https:\/\/www.posgraduacao.unimontes.br\/ppgh\/centro-de-memoria-do-esporte-cemesp\/\\\">CEMESP<\/a><\/strong><br \/>\n<strong><a href=\\\"https:\/\/www.posgraduacao.unimontes.br\/ppgh\/projetos\/clio-no-museu\/\\\">Clio no Museu<\/a><\/strong><br \/>\n<strong><a href=\\\"https:\/\/www.posgraduacao.unimontes.br\/ppgh\/projetos\/xire\/\\\">Xir\u00ea da Consci\u00eancia Negra<\/a><\/strong><\/p>\n<\/div><\/div><\/div><\/div><\/div><\/section>\n","protected":false},"excerpt":{"rendered":"","protected":false},"author":2,"featured_media":0,"parent":0,"menu_order":0,"comment_status":"closed","ping_status":"closed","template":"","meta":[],"yoast_head":"<!-- This site is optimized with the Yoast SEO plugin v14.7 - https:\/\/yoast.com\/wordpress\/plugins\/seo\/ -->\n<title>PROJETOS - PPGH - P\u00f3s Gradua\u00e7\u00e3o em Hist\u00f3ria Unimontes<\/title>\n<meta name=\"robots\" content=\"index, follow\" \/>\n<meta name=\"googlebot\" content=\"index, follow, max-snippet:-1, max-image-preview:large, max-video-preview:-1\" \/>\n<meta name=\"bingbot\" content=\"index, follow, max-snippet:-1, max-image-preview:large, max-video-preview:-1\" \/>\n<link rel=\"canonical\" href=\"https:\/\/www.posgraduacao.unimontes.br\/ppgh\/projetos\/\" \/>\n<meta property=\"og:locale\" content=\"pt_BR\" \/>\n<meta property=\"og:type\" content=\"article\" \/>\n<meta property=\"og:title\" content=\"PROJETOS - PPGH - P\u00f3s Gradua\u00e7\u00e3o em Hist\u00f3ria Unimontes\" \/>\n<meta property=\"og:description\" content=\"Encontros com a Hist\u00f3riaGrupo de PesquisaLaborat\u00f3riosCursinho Popular Darcy RibeiroCEMESPClio no MuseuXir\u00ea da Consci\u00eancia Negra\" \/>\n<meta property=\"og:url\" content=\"https:\/\/www.posgraduacao.unimontes.br\/ppgh\/projetos\/\" \/>\n<meta property=\"og:site_name\" content=\"PPGH - P\u00f3s Gradua\u00e7\u00e3o em Hist\u00f3ria Unimontes\" \/>\n<meta property=\"article:modified_time\" content=\"2022-09-20T20:17:48+00:00\" \/>\n<meta name=\"twitter:card\" content=\"summary_large_image\" \/>\n<script type=\"application\/ld+json\" class=\"yoast-schema-graph\">{\"@context\":\"https:\/\/schema.org\",\"@graph\":[{\"@type\":\"WebSite\",\"@id\":\"https:\/\/www.posgraduacao.unimontes.br\/ppgh\/#website\",\"url\":\"https:\/\/www.posgraduacao.unimontes.br\/ppgh\/\",\"name\":\"PPGH - P\\u00f3s Gradua\\u00e7\\u00e3o em Hist\\u00f3ria Unimontes\",\"description\":\"Portal da P\\u00f3s Gradua\\u00e7\\u00e3o em Hist\\u00f3ria Unimontes\",\"potentialAction\":[{\"@type\":\"SearchAction\",\"target\":\"https:\/\/www.posgraduacao.unimontes.br\/ppgh\/?s={search_term_string}\",\"query-input\":\"required name=search_term_string\"}],\"inLanguage\":\"pt-BR\"},{\"@type\":\"WebPage\",\"@id\":\"https:\/\/www.posgraduacao.unimontes.br\/ppgh\/projetos\/#webpage\",\"url\":\"https:\/\/www.posgraduacao.unimontes.br\/ppgh\/projetos\/\",\"name\":\"PROJETOS - PPGH - P\\u00f3s Gradua\\u00e7\\u00e3o em Hist\\u00f3ria Unimontes\",\"isPartOf\":{\"@id\":\"https:\/\/www.posgraduacao.unimontes.br\/ppgh\/#website\"},\"datePublished\":\"2022-09-19T01:34:12+00:00\",\"dateModified\":\"2022-09-20T20:17:48+00:00\",\"inLanguage\":\"pt-BR\",\"potentialAction\":[{\"@type\":\"ReadAction\",\"target\":[\"https:\/\/www.posgraduacao.unimontes.br\/ppgh\/projetos\/\"]}]}]}<\/script>\n<!-- \/ Yoast SEO plugin. -->","_links":{"self":[{"href":"https:\/\/www.posgraduacao.unimontes.br\/ppgh\/wp-json\/wp\/v2\/pages\/2056"}],"collection":[{"href":"https:\/\/www.posgraduacao.unimontes.br\/ppgh\/wp-json\/wp\/v2\/pages"}],"about":[{"href":"https:\/\/www.posgraduacao.unimontes.br\/ppgh\/wp-json\/wp\/v2\/types\/page"}],"author":[{"embeddable":true,"href":"https:\/\/www.posgraduacao.unimontes.br\/ppgh\/wp-json\/wp\/v2\/users\/2"}],"replies":[{"embeddable":true,"href":"https:\/\/www.posgraduacao.unimontes.br\/ppgh\/wp-json\/wp\/v2\/comments?post=2056"}],"version-history":[{"count":6,"href":"https:\/\/www.posgraduacao.unimontes.br\/ppgh\/wp-json\/wp\/v2\/pages\/2056\/revisions"}],"predecessor-version":[{"id":2089,"href":"https:\/\/www.posgraduacao.unimontes.br\/ppgh\/wp-json\/wp\/v2\/pages\/2056\/revisions\/2089"}],"wp:attachment":[{"href":"https:\/\/www.posgraduacao.unimontes.br\/ppgh\/wp-json\/wp\/v2\/media?parent=2056"}],"curies":[{"name":"wp","href":"https:\/\/api.w.org\/{rel}","templated":true}]}}