{"id":2048,"date":"2022-09-15T00:37:36","date_gmt":"2022-09-15T03:37:36","guid":{"rendered":"https:\/\/www.posgraduacao.unimontes.br\/ppgh\/?page_id=2048"},"modified":"2022-10-31T07:39:58","modified_gmt":"2022-10-31T10:39:58","slug":"pos-doutorado","status":"publish","type":"page","link":"https:\/\/www.posgraduacao.unimontes.br\/ppgh\/processos_seletivos\/pos-doutorado\/","title":{"rendered":"P\u00f3s-doutorado"},"content":{"rendered":"<section class=\"kc-elm kc-css-317551 kc_row\"><div class=\"kc-row-container  kc-container\"><div class=\"kc-wrap-columns\"><div class=\"kc-elm kc-css-918500 kc_col-sm-12 kc_column kc_col-sm-12\"><div class=\"kc-col-container\"><div class=\"kc-elm kc-css-361588\" style=\"height: 40px; clear: both; width:100%;\"><\/div><div class=\"kc-elm kc-css-466841 kc_text_block\"><h2 class=\"contentheading\"><span style=\"color: #002060; font-family: Arial, sans-serif;\"><span style=\"font-size: 21.3333px; font-weight: 400;\">P\u00f3s-doutorado<\/span><\/span><\/h2>\n<\/div><\/div><\/div><\/div><\/div><\/section><section class=\"kc-elm kc-css-423116 kc_row\"><div class=\"kc-row-container  kc-container\"><div class=\"kc-wrap-columns\"><div class=\"kc-elm kc-css-962811 kc_col-sm-12 kc_column kc_col-sm-12\"><div class=\"kc-col-container\"><div data-closeall=\"true\" class=\"kc-elm kc-css-525091 kc_accordion_wrapper\">\n<div class=\"kc-elm kc-css-420836 kc_accordion_section group \"><h3 class=\"kc_accordion_header ui-accordion-header\"><span class=\"ui-accordion-header-icon ui-icon\"><\/span><a href=\"#processo-de-selecao-2022\" data-prevent=\"scroll\"><i class=\"sl-arrow-down\"><\/i> Processo de Sele\u00e7\u00e3o 2022<\/a><\/h3><div class=\"kc_accordion_content ui-accordion-content kc_clearfix\"><div class=\"kc-panel-body\"><div class=\"kc-elm kc-css-231461 kc_text_block\"><p><a href=\"http:\/\/www.posgraduacao.unimontes.br\/uploads\/sites\/2\/2022\/11\/Resultado-final.pdf\" target=\"_blank\" rel=\"noopener\">Resultado final<\/a><\/p>\n<p><a href=\"http:\/\/www.posgraduacao.unimontes.br\/uploads\/sites\/2\/2022\/10\/Resultado-preliminar.pdf\" target=\"_blank\" rel=\"noopener\">Resultado preliminar<\/a><\/p>\n<p><a href=\"http:\/\/www.posgraduacao.unimontes.br\/uploads\/sites\/2\/2022\/10\/Inscri\u00e7\u00f5es-deferidas.pdf\" target=\"_blank\" rel=\"noopener\">Homologa\u00e7\u00e3o das inscri\u00e7\u00f5es<\/a><\/p>\n<p><a href=\"http:\/\/www.posgraduacao.unimontes.br\/uploads\/sites\/2\/2022\/10\/Edital-P\u00f3s-Doutorado-Estrat\u00e9gico-2022.pdf\" target=\"_blank\" rel=\"noopener\">Edital P\u00f3s-Doutorado Estrat\u00e9gico CAPES\/Unimontes\u00a0<\/a><\/p>\n<\/div><\/div><\/div><\/div><\/div>\n<\/div><\/div><\/div><\/div><\/section><section class=\"kc-elm kc-css-149971 kc_row\"><div class=\"kc-row-container  kc-container\"><div class=\"kc-wrap-columns\"><div class=\"kc-elm kc-css-39269 kc_col-sm-12 kc_column kc_col-sm-12\"><div class=\"kc-col-container\"><div data-closeall=\"true\" class=\"kc-elm kc-css-203219 kc_accordion_wrapper\">\n<div class=\"kc-elm kc-css-97068 kc_accordion_section group \"><h3 class=\"kc_accordion_header ui-accordion-header\"><span class=\"ui-accordion-header-icon ui-icon\"><\/span><a href=\"#processo-2022-2023\" data-prevent=\"scroll\"><i class=\"sl-arrow-down\"><\/i> Processo 2022-2023<\/a><\/h3><div class=\"kc_accordion_content ui-accordion-content kc_clearfix\"><div class=\"kc-panel-body\"><div class=\"kc-elm kc-css-889482 kc_text_block\"><p><a href=\"http:\/\/www.posgraduacao.unimontes.br\/uploads\/sites\/2\/2022\/08\/2023-sele\u00e7\u00e3o.pdf\">Edital 2022-2023<\/a><\/p>\n<\/div><\/div><\/div><\/div><div class=\"kc-elm kc-css-803900 kc_accordion_section group \"><h3 class=\"kc_accordion_header ui-accordion-header\"><span class=\"ui-accordion-header-icon ui-icon\"><\/span><a href=\"#processo-2021-2022\" data-prevent=\"scroll\"><i class=\"sl-arrow-down\"><\/i> Processo 2021-2022<\/a><\/h3><div class=\"kc_accordion_content ui-accordion-content kc_clearfix\"><div class=\"kc-panel-body\"><div class=\"kc-elm kc-css-965897 kc_text_block\"><p><a href=\"http:\/\/www.posgraduacao.unimontes.br\/uploads\/sites\/2\/2021\/12\/Resultado-final.pdf\" target=\"_blank\" rel=\"noopener\">Resultado final<\/a><\/p>\n<p><a href=\"http:\/\/www.posgraduacao.unimontes.br\/uploads\/sites\/2\/2021\/12\/Resultado-preliminar.pdf\" target=\"_blank\" rel=\"noopener\">Resultado preliminar<\/a><\/p>\n<p><a href=\"http:\/\/www.posgraduacao.unimontes.br\/uploads\/sites\/2\/2021\/12\/Recurso-prova-oral.pdf\" target=\"_blank\" rel=\"noopener\">Resultado de recurso &#8211; Prova te\u00f3rica oral e argui\u00e7\u00e3o de projetos<\/a><\/p>\n<p><a href=\"http:\/\/www.posgraduacao.unimontes.br\/uploads\/sites\/2\/2021\/12\/Resultado-curr\u00edculo.pdf\" target=\"_blank\" rel=\"noopener\">Resultado &#8211; Avalia\u00e7\u00e3o de curr\u00edculo<\/a><\/p>\n<p><a href=\"http:\/\/www.posgraduacao.unimontes.br\/uploads\/sites\/2\/2021\/12\/Resultado-prova-e-projeto.pdf\" target=\"_blank\" rel=\"noopener\">Resultado &#8211; Prova te\u00f3rica oral e argui\u00e7\u00e3o de projetos<\/a><\/p>\n<p><a href=\"http:\/\/www.posgraduacao.unimontes.br\/uploads\/sites\/2\/2021\/11\/Retifica\u00e7\u00e3o-prova-te\u00f3rica.pdf\" target=\"_blank\" rel=\"noopener\">Retifica\u00e7\u00e3o &#8211; Prova te\u00f3rica e argui\u00e7\u00e3o de projetos<\/a><\/p>\n<p><a href=\"http:\/\/www.posgraduacao.unimontes.br\/uploads\/sites\/2\/2021\/11\/prova-te\u00f3rica-e-argui\u00e7\u00e3o-de-projetos.pdf\" target=\"_blank\" rel=\"noopener\">Data e hor\u00e1rio &#8211; Prova te\u00f3rica e argui\u00e7\u00e3o de projetos<\/a><\/p>\n<p><a href=\"http:\/\/www.posgraduacao.unimontes.br\/uploads\/sites\/2\/2021\/11\/Recursos-projeto.pdf\" target=\"_blank\" rel=\"noopener\">Resultado de recursos &#8211; Avalia\u00e7\u00e3o de projetos<\/a><\/p>\n<p><a href=\"http:\/\/www.posgraduacao.unimontes.br\/uploads\/sites\/2\/2021\/11\/avalia\u00e7\u00e3o-projetos.pdf\" target=\"_blank\" rel=\"noopener\">Resultado &#8211; Avalia\u00e7\u00e3o de Projetos<\/a><\/p>\n<p><a href=\"http:\/\/www.posgraduacao.unimontes.br\/uploads\/sites\/2\/2021\/11\/Retifica\u00e7\u00e3o-das-inscri\u00e7\u00f5es.pdf\" target=\"_blank\" rel=\"noopener\">Homologa\u00e7\u00e3o das inscri\u00e7\u00f5es &#8211; ap\u00f3s recursos<\/a><\/p>\n<p><a href=\"http:\/\/www.posgraduacao.unimontes.br\/uploads\/sites\/2\/2021\/11\/Resultado-de-recursos-inscri\u00e7\u00f5es.pdf\" target=\"_blank\" rel=\"noopener\">Resultado de recursos &#8211; Inscri\u00e7\u00f5es<\/a><\/p>\n<p><a href=\"http:\/\/www.posgraduacao.unimontes.br\/uploads\/sites\/2\/2021\/10\/Lista-inscri\u00e7\u00f5es.pdf\" target=\"_blank\" rel=\"noopener\">Homologa\u00e7\u00e3o das inscri\u00e7\u00f5es\u00a0<\/a><\/p>\n<p><a href=\"http:\/\/www.posgraduacao.unimontes.br\/uploads\/sites\/2\/2021\/10\/Resultado-de-recurso-Impugna\u00e7\u00e3o.pdf\" target=\"_blank\" rel=\"noopener\">Resultado de recurso de Impugna\u00e7\u00e3o do Edital 2021-2022<\/a><\/p>\n<p><a href=\"http:\/\/www.posgraduacao.unimontes.br\/uploads\/sites\/2\/2021\/11\/1\u00aa-retifica\u00e7\u00e3o-ao-Edital.pdf\" target=\"_blank\" rel=\"noopener\">1\u00aa retifica\u00e7\u00e3o ao Edital 2021-2022<\/a><\/p>\n<p><a href=\"http:\/\/www.posgraduacao.unimontes.br\/uploads\/sites\/2\/2021\/09\/Edital-2021.pdf\" target=\"_blank\" rel=\"noopener\">Edital 2021-2022<\/a><\/p>\n<p><a href=\"http:\/\/www.posgraduacao.unimontes.br\/uploads\/sites\/2\/2021\/09\/Edital-2021-pcd.pdf\" target=\"_blank\" rel=\"noopener\">Edital 2021-2022 (Cota &#8211; Pcd)<\/a><\/p>\n<p><a href=\"http:\/\/www.posgraduacao.unimontes.br\/uploads\/sites\/2\/2021\/09\/Edital-2021-ind\u00edgena.pdf\" target=\"_blank\" rel=\"noopener\">Edital 2021-2022 (Cota &#8211; Ind\u00edgena)<\/a><\/p>\n<\/div><\/div><\/div><\/div><div class=\"kc-elm kc-css-177719 kc_accordion_section group \"><h3 class=\"kc_accordion_header ui-accordion-header\"><span class=\"ui-accordion-header-icon ui-icon\"><\/span><a href=\"#processo-2020-2021\" data-prevent=\"scroll\"><i class=\"sl-arrow-down\"><\/i> Processo 2020-2021<\/a><\/h3><div class=\"kc_accordion_content ui-accordion-content kc_clearfix\"><div class=\"kc-panel-body\"><div class=\"kc-elm kc-css-534820 kc_text_block\"><p><a href=\"http:\/\/www.posgraduacao.unimontes.br\/uploads\/sites\/2\/2020\/12\/Resultado-FINAL-definitivo.pdf\">Resultado Final Definitivo<\/a><\/p>\n<p><a style=\"color: #00a0d2;\" href=\"http:\/\/www.posgraduacao.unimontes.br\/uploads\/sites\/2\/2020\/12\/Resultado-FINAL.pdf\">Resultado Final<\/a><\/p>\n<p><a href=\"http:\/\/www.posgraduacao.unimontes.br\/uploads\/sites\/2\/2020\/12\/Resultado-de-recursos-SABATINA.pdf\">Resultado De Recursos Contra o Resultado Da Sabatina Te\u00f3rica e Argui\u00e7\u00e3o de Projetos<\/a><\/p>\n<p><a href=\"http:\/\/www.posgraduacao.unimontes.br\/uploads\/sites\/2\/2020\/12\/Resultado-Sabatina-te%C3%B3rica-e-Argui%C3%A7%C3%A3o-de-Projeto.pdf\">Resultado Da Sabatina Te\u00f3rica e Argui\u00e7\u00e3o De Projetos<\/a><\/p>\n<p><a href=\"http:\/\/www.posgraduacao.unimontes.br\/uploads\/sites\/2\/2020\/11\/Hor%C3%A1rio-das-entrevistas.pdf\">Hor\u00e1rio das entrevistas<\/a><\/p>\n<p><a href=\"http:\/\/www.posgraduacao.unimontes.br\/uploads\/sites\/2\/2020\/11\/Resultado-de-recursos-Projeto.pdf\">Resultado de Recursos dos Projeto<\/a><\/p>\n<p><a href=\"http:\/\/www.posgraduacao.unimontes.br\/uploads\/sites\/2\/2020\/11\/Resultado-de-Projetos.pdf\">Resultado dos Projetos<\/a><\/p>\n<p><a href=\"http:\/\/www.posgraduacao.unimontes.br\/uploads\/sites\/2\/2020\/10\/Resultado-de-recursos-Homologa%C3%A7%C3%A3o-das-inscri%C3%A7%C3%B5es.pdf\">Resultado De Recursos Homologados<\/a><\/p>\n<p><a href=\"http:\/\/www.posgraduacao.unimontes.br\/uploads\/sites\/2\/2020\/10\/RELA%C3%87%C3%83O-INSCRI%C3%87%C3%95ES-2021-1.pdf\">Rela\u00e7\u00e3o de Inscri\u00e7\u00f5es 2020 &#8211; 2021<\/a><\/p>\n<p><a href=\"http:\/\/www.posgraduacao.unimontes.br\/uploads\/sites\/2\/2020\/09\/PPGH_Editalturma_2021-1.pdf\" target=\"_blank\" rel=\"noopener noreferrer\">Edital 2020-2021<\/a><\/p>\n<p><a href=\"http:\/\/www.posgraduacao.unimontes.br\/uploads\/sites\/2\/2020\/09\/1a.-retificacao-Edital-turma-2021.pdf\">Retifica\u00e7\u00e3o Edital 2020-2021<\/a><\/p>\n<p><a href=\"http:\/\/www.posgraduacao.unimontes.br\/uploads\/sites\/2\/2020\/09\/2a.-retifica%C3%A7%C3%A3o-Edital-turma-2021.pdf\">Segunda Retifica\u00e7\u00e3o Edital 2020-2021<\/a><\/p>\n<\/div><\/div><\/div><\/div><div class=\"kc-elm kc-css-389373 kc_accordion_section group \"><h3 class=\"kc_accordion_header ui-accordion-header\"><span class=\"ui-accordion-header-icon ui-icon\"><\/span><a href=\"#processo-2019-2020\" data-prevent=\"scroll\"><i class=\"sl-arrow-down\"><\/i> Processo 2019-2020<\/a><\/h3><div class=\"kc_accordion_content ui-accordion-content kc_clearfix\"><div class=\"kc-panel-body\"><div class=\"kc-elm kc-css-427865 kc_text_block\"><p><a href=\"http:\/\/www.posgraduacao.unimontes.br\/uploads\/sites\/2\/2020\/05\/Edital-2020-FINAL-07-10.pdf\" target=\"_blank\" rel=\"noopener noreferrer\">Edital-2020-FINAL-07-10<\/a><\/p>\n<p><a style=\"color: #00a0d2;\" href=\"http:\/\/www.posgraduacao.unimontes.br\/uploads\/sites\/2\/2020\/05\/InscricoesHomologadas.pdf\" target=\"_blank\" rel=\"noopener noreferrer\">Inscricoes-Homologadas<\/a><\/p>\n<p><a href=\"http:\/\/www.posgraduacao.unimontes.br\/uploads\/sites\/2\/2020\/05\/Rela%C3%A7%C3%A3o-Inscri%C3%A7%C3%B5es-Aprovadas-convertido.pdf\" target=\"_blank\" rel=\"noopener noreferrer\">Rela\u00e7\u00e3o-Inscri\u00e7\u00f5es-Aprovadas-convertido<\/a><\/p>\n<p><a href=\"http:\/\/www.posgraduacao.unimontes.br\/uploads\/sites\/2\/2020\/05\/RETIFICA%C3%87%C3%83O-LISTA-DE-HOMOLOGA%C3%87%C3%83O-convertido.pdf\" target=\"_blank\" rel=\"noopener noreferrer\">RETIFICA\u00c7\u00c3O-LISTA-DE-HOMOLOGA\u00c7\u00c3O-convertido<\/a><\/p>\n<p><a href=\"http:\/\/www.posgraduacao.unimontes.br\/uploads\/sites\/2\/2020\/05\/localprovadissertativa.pdf\" target=\"_blank\" rel=\"noopener noreferrer\">Local-Prova-Dissertativa<\/a><\/p>\n<p><a href=\"http:\/\/www.posgraduacao.unimontes.br\/uploads\/sites\/2\/2020\/05\/resultado-prova-dissertativa-convertido.pdf\" target=\"_blank\" rel=\"noopener noreferrer\">Resultado-prova-dissertativa-convertido<\/a><\/p>\n<p><a href=\"http:\/\/www.posgraduacao.unimontes.br\/uploads\/sites\/2\/2020\/05\/Resultado-final-prova-dissertativa.pdf\" target=\"_blank\" rel=\"noopener noreferrer\">Resultado-final-prova-dissertativa<\/a><\/p>\n<p><a href=\"http:\/\/www.posgraduacao.unimontes.br\/uploads\/sites\/2\/2020\/05\/Lista-de-Projetos-Aprovados.pdf\" target=\"_blank\" rel=\"noopener noreferrer\">Lista-de-Projetos-Aprovados<\/a><\/p>\n<p><a href=\"http:\/\/www.posgraduacao.unimontes.br\/uploads\/sites\/2\/2020\/05\/lista-definitiva-projetos.pdf\" target=\"_blank\" rel=\"noopener noreferrer\">Lista-definitiva-projetos<\/a><\/p>\n<p><a href=\"http:\/\/www.posgraduacao.unimontes.br\/uploads\/sites\/2\/2020\/05\/Resultado-Defesa-do-Projeto_PPGH.pdf\" target=\"_blank\" rel=\"noopener noreferrer\">Resultado-Defesa-do-Projeto_PPGH<\/a><\/p>\n<p><a href=\"http:\/\/www.posgraduacao.unimontes.br\/uploads\/sites\/2\/2020\/05\/Resultado-Final.pdf\" target=\"_blank\" rel=\"noopener noreferrer\">Resultado-Final<\/a><\/p>\n<p><a href=\"http:\/\/www.posgraduacao.unimontes.br\/uploads\/sites\/2\/2020\/05\/Processo-Seletivo-para-o-Mestrado-em-Hist%C3%B3ria-2020_entrevista-individual.pdf\" target=\"_blank\" rel=\"noopener noreferrer\">Processo-Seletivo-para-o-Mestrado-em-Hist\u00f3ria-2020_entrevista-individual<\/a><\/p>\n<\/div><\/div><\/div><\/div><div class=\"kc-elm kc-css-128236 kc_accordion_section group \"><h3 class=\"kc_accordion_header ui-accordion-header\"><span class=\"ui-accordion-header-icon ui-icon\"><\/span><a href=\"#processo-2018-2019\" data-prevent=\"scroll\"><i class=\"sl-arrow-down\"><\/i> Processo 2018-2019<\/a><\/h3><div class=\"kc_accordion_content ui-accordion-content kc_clearfix\"><div class=\"kc-panel-body\"><div class=\"kc-elm kc-css-114646 kc_text_block\"><p><a href=\"http:\/\/www.posgraduacao.unimontes.br\/uploads\/sites\/2\/2018\/10\/Edital-ingresso-2018-2019.pdf\" target=\"_blank\" rel=\"noopener noreferrer\">Edital do processo seletivo para ingresso em 2019<\/a><\/p>\n<p><a href=\"http:\/\/www.posgraduacao.unimontes.br\/uploads\/sites\/2\/2018\/10\/1%C2%AA_Retificacao.pdf\" target=\"_blank\" rel=\"noopener noreferrer\">1\u00aa Retifica\u00e7\u00e3o &#8211; Edital do processo seletivo para ingresso em 2019<\/a><\/p>\n<p><a style=\"color: #00a0d2;\" href=\"http:\/\/www.posgraduacao.unimontes.br\/uploads\/sites\/2\/2019\/03\/entrevistas-edital-1-2019.pdf\" target=\"_blank\" rel=\"noopener noreferrer\">Hor\u00e1rio das entrevistas &#8211; Edital de Bolsas PPGH 01-2019<\/a><\/p>\n<p><a href=\"http:\/\/www.posgraduacao.unimontes.br\/uploads\/sites\/2\/2019\/03\/Edital-de-bolstas-PPGH-1-2019-com-anexos.pdf\" target=\"_blank\" rel=\"noopener noreferrer\">Edital de bolsas PPGH 1-2019<\/a><\/p>\n<\/div><\/div><\/div><\/div><div class=\"kc-elm kc-css-731846 kc_accordion_section group \"><h3 class=\"kc_accordion_header ui-accordion-header\"><span class=\"ui-accordion-header-icon ui-icon\"><\/span><a href=\"#processo-2017-2018\" data-prevent=\"scroll\"><i class=\"sl-arrow-down\"><\/i> Processo 2017-2018<\/a><\/h3><div class=\"kc_accordion_content ui-accordion-content kc_clearfix\"><div class=\"kc-panel-body\"><div class=\"kc-elm kc-css-934491 kc_text_block\"><p><a href=\"https:\/\/drive.google.com\/file\/d\/0B6tkhs004DjWN05yckVuU18tXzg\/view?usp=sharing\" target=\"_blank\" rel=\"noopener noreferrer\">Edital do processo seletivo para ingresso em 2018<\/a><\/p>\n<p><a href=\"https:\/\/drive.google.com\/open?id=1vZC4pHwr2rCCpPj5ST5rnI8iRMHpI2KJ\" target=\"_blank\" rel=\"noopener noreferrer\">Nota de esclarecimento<\/a><\/p>\n<p><a href=\"https:\/\/drive.google.com\/open?id=1vgUvaJ_MJbcCxnr5DhjIIHa4MvCE7fWN\" target=\"_blank\" rel=\"noopener noreferrer\">Homologa\u00e7\u00e3o das Inscri\u00e7\u00f5es<\/a><\/p>\n<p><a href=\"https:\/\/drive.google.com\/open?id=0B6tkhs004DjWb0lSZDN1TVZuYUZ2TlIyX2pJVlhCa0NxU2VV\" target=\"_blank\" rel=\"noopener noreferrer\">Resultado da Avalia\u00e7\u00e3o dos Projetos<\/a><\/p>\n<p><a href=\"https:\/\/drive.google.com\/a\/unimontes.br\/file\/d\/0BxkQbyiPnHzAUW5QNTNubHlJSUNfZGlmeGZYOGNRZWw3UkdN\/view?usp=sharing\" target=\"_blank\" rel=\"noopener noreferrer\">Numero de Protocolo<\/a><\/p>\n<p><a href=\"https:\/\/drive.google.com\/a\/unimontes.br\/file\/d\/0BxkQbyiPnHzASHJQZ2pHVDN5NzVwYjRCb2c2M0ppRXF0cVo0\/view?usp=sharing\" target=\"_blank\" rel=\"noopener noreferrer\">Resultado da prova escrita<\/a><\/p>\n<p><a href=\"https:\/\/drive.google.com\/file\/d\/1waJg37oxjAIf95S5juaJZhbt5t8G1kmw\/view?usp=sharing\" target=\"_blank\" rel=\"noopener noreferrer\">HOR\u00c1RIOS DAS DEFESAS DOS PROJETOS<\/a><\/p>\n<p><a href=\"https:\/\/drive.google.com\/file\/d\/1P_Sssr2ARN6hf-B6KK2RSWm2aj3W5E9p\/view\" target=\"_blank\" rel=\"noopener noreferrer\">Resultado da avalia\u00e7\u00e3o dos Curr\u00edculos<\/a><\/p>\n<p><a href=\"https:\/\/drive.google.com\/file\/d\/1OCGhMZBgGrq_wwIycZSneGHSgRHMJj5-\/view?usp=sharing\" target=\"_blank\" rel=\"noopener noreferrer\">Resultado Final. Candidatos aprovados no Processo Seletivo<\/a><\/p>\n<\/div><\/div><\/div><\/div><div class=\"kc-elm kc-css-942080 kc_accordion_section group \"><h3 class=\"kc_accordion_header ui-accordion-header\"><span class=\"ui-accordion-header-icon ui-icon\"><\/span><a href=\"#processo-2016-2017\" data-prevent=\"scroll\"><i class=\"sl-arrow-down\"><\/i> Processo 2016-2017<\/a><\/h3><div class=\"kc_accordion_content ui-accordion-content kc_clearfix\"><div class=\"kc-panel-body\"><div class=\"kc-elm kc-css-936210 kc_text_block\"><p><a href=\"http:\/\/unimontes.br\/images\/PPGH_-_2017_-_Resultado_-_Resultado_Final.pdf\" target=\"_blank\" rel=\"noopener noreferrer\">Resultado final de sele\u00e7\u00e3o<\/a>\u00a0(PDF\/Tamanho: 137 KB)<\/p>\n<p><a style=\"color: #00a0d2;\" href=\"http:\/\/unimontes.br\/images\/PPGH_-_2017_-_Resultado_-_Entrevista.pdf\" target=\"_blank\" rel=\"noopener noreferrer\">Resultado &#8211; Entrevistas<\/a>\u00a0(PDF\/Tamanho: 135 KB)<\/p>\n<p><a href=\"http:\/\/unimontes.br\/images\/Lista_de_Entrevistas_13_e_14_de__fevereiro.pdf\" target=\"_blank\" rel=\"noopener noreferrer\">Lista de Entrevistas<\/a>\u00a0(PDF\/Tamanho: 95 KB)<\/p>\n<p><a href=\"http:\/\/unimontes.br\/images\/PPGH_-_2017_-_Resultado_-_Prova_te%C3%B3rica.pdf\" target=\"_blank\" rel=\"noopener noreferrer\">Resultado &#8211; Prova Te\u00f3rica<\/a>\u00a0(PDF\/Tamanho: 138 KB)<\/p>\n<p><a href=\"http:\/\/unimontes.br\/images\/Resultado-_Avalia%C3%A7%C3%A3o_de_Projetos_2017.pdf\" target=\"_blank\" rel=\"noopener noreferrer\">Resultado &#8211; An\u00e1lise Dos Projetos<\/a>\u00a0(PDF\/Tamanho: 102 KB)<\/p>\n<p><a href=\"http:\/\/unimontes.br\/images\/PPGH_-_2017_-_Resultado_das_inscri%C3%A7%C3%B5es_1.pdf\" target=\"_blank\" rel=\"noopener noreferrer\">Inscri\u00e7\u00f5es Homologadas<\/a>\u00a0(PDF\/Tamanho: 155 KB)<\/p>\n<p><a href=\"http:\/\/unimontes.br\/images\/2%C2%BA_RETIFICA%C3%87%C3%83O_DO_EDITAL.pdf\" target=\"_blank\" rel=\"noopener noreferrer\">2\u00aa Retifica\u00e7\u00e3o &#8211; Prorroga\u00e7\u00e3o de Prazos<\/a>\u00a0(PDF\/Tamanho: 110 KB)<\/p>\n<p><a href=\"http:\/\/unimontes.br\/images\/1%C2%BA_RETIFICA%C3%87%C3%83O_DO_EDITAL.pdf\" target=\"_blank\" rel=\"noopener noreferrer\">1\u00aa Retifica\u00e7\u00e3o &#8211; Inscri\u00e7\u00f5es Prorrogadas<\/a>\u00a0(PDF\/Tamanho: 95 KB)<\/p>\n<p><a href=\"http:\/\/unimontes.br\/images\/Edital_Regular_PPGH_2017_FINAL.pdf\" target=\"_blank\" rel=\"noopener noreferrer\">Edital &#8211; PPGH 2017<\/a>\u00a0(PDF\/Tamanho: 230 KB)<\/p>\n<\/div><\/div><\/div><\/div><\/div>\n<\/div><\/div><\/div><\/div><\/section>\n","protected":false},"excerpt":{"rendered":"","protected":false},"author":2,"featured_media":0,"parent":1631,"menu_order":3,"comment_status":"closed","ping_status":"closed","template":"","meta":[],"yoast_head":"<!-- This site is optimized with the Yoast SEO plugin v14.7 - https:\/\/yoast.com\/wordpress\/plugins\/seo\/ -->\n<title>P\u00f3s-doutorado - PPGH - P\u00f3s Gradua\u00e7\u00e3o em Hist\u00f3ria Unimontes<\/title>\n<meta name=\"robots\" content=\"index, follow\" \/>\n<meta name=\"googlebot\" content=\"index, follow, max-snippet:-1, max-image-preview:large, max-video-preview:-1\" \/>\n<meta name=\"bingbot\" content=\"index, follow, max-snippet:-1, max-image-preview:large, max-video-preview:-1\" \/>\n<link rel=\"canonical\" href=\"https:\/\/www.posgraduacao.unimontes.br\/ppgh\/processos_seletivos\/pos-doutorado\/\" \/>\n<meta property=\"og:locale\" content=\"pt_BR\" \/>\n<meta property=\"og:type\" content=\"article\" \/>\n<meta property=\"og:title\" content=\"P\u00f3s-doutorado - PPGH - P\u00f3s Gradua\u00e7\u00e3o em Hist\u00f3ria Unimontes\" \/>\n<meta property=\"og:description\" content=\"P\u00f3s-doutorado Processo de Sele\u00e7\u00e3o 2022 Resultado final Resultado preliminar Homologa\u00e7\u00e3o das inscri\u00e7\u00f5es Edital P\u00f3s-Doutorado Estrat\u00e9gico CAPES\/Unimontes\u00a0\" \/>\n<meta property=\"og:url\" content=\"https:\/\/www.posgraduacao.unimontes.br\/ppgh\/processos_seletivos\/pos-doutorado\/\" \/>\n<meta property=\"og:site_name\" content=\"PPGH - P\u00f3s Gradua\u00e7\u00e3o em Hist\u00f3ria Unimontes\" \/>\n<meta property=\"article:modified_time\" content=\"2022-10-31T10:39:58+00:00\" \/>\n<meta name=\"twitter:card\" content=\"summary_large_image\" \/>\n<script type=\"application\/ld+json\" class=\"yoast-schema-graph\">{\"@context\":\"https:\/\/schema.org\",\"@graph\":[{\"@type\":\"WebSite\",\"@id\":\"https:\/\/www.posgraduacao.unimontes.br\/ppgh\/#website\",\"url\":\"https:\/\/www.posgraduacao.unimontes.br\/ppgh\/\",\"name\":\"PPGH - P\\u00f3s Gradua\\u00e7\\u00e3o em Hist\\u00f3ria Unimontes\",\"description\":\"Portal da P\\u00f3s Gradua\\u00e7\\u00e3o em Hist\\u00f3ria Unimontes\",\"potentialAction\":[{\"@type\":\"SearchAction\",\"target\":\"https:\/\/www.posgraduacao.unimontes.br\/ppgh\/?s={search_term_string}\",\"query-input\":\"required name=search_term_string\"}],\"inLanguage\":\"pt-BR\"},{\"@type\":\"WebPage\",\"@id\":\"https:\/\/www.posgraduacao.unimontes.br\/ppgh\/processos_seletivos\/pos-doutorado\/#webpage\",\"url\":\"https:\/\/www.posgraduacao.unimontes.br\/ppgh\/processos_seletivos\/pos-doutorado\/\",\"name\":\"P\\u00f3s-doutorado - PPGH - P\\u00f3s Gradua\\u00e7\\u00e3o em Hist\\u00f3ria Unimontes\",\"isPartOf\":{\"@id\":\"https:\/\/www.posgraduacao.unimontes.br\/ppgh\/#website\"},\"datePublished\":\"2022-09-15T03:37:36+00:00\",\"dateModified\":\"2022-10-31T10:39:58+00:00\",\"inLanguage\":\"pt-BR\",\"potentialAction\":[{\"@type\":\"ReadAction\",\"target\":[\"https:\/\/www.posgraduacao.unimontes.br\/ppgh\/processos_seletivos\/pos-doutorado\/\"]}]}]}<\/script>\n<!-- \/ Yoast SEO plugin. -->","_links":{"self":[{"href":"https:\/\/www.posgraduacao.unimontes.br\/ppgh\/wp-json\/wp\/v2\/pages\/2048"}],"collection":[{"href":"https:\/\/www.posgraduacao.unimontes.br\/ppgh\/wp-json\/wp\/v2\/pages"}],"about":[{"href":"https:\/\/www.posgraduacao.unimontes.br\/ppgh\/wp-json\/wp\/v2\/types\/page"}],"author":[{"embeddable":true,"href":"https:\/\/www.posgraduacao.unimontes.br\/ppgh\/wp-json\/wp\/v2\/users\/2"}],"replies":[{"embeddable":true,"href":"https:\/\/www.posgraduacao.unimontes.br\/ppgh\/wp-json\/wp\/v2\/comments?post=2048"}],"version-history":[{"count":8,"href":"https:\/\/www.posgraduacao.unimontes.br\/ppgh\/wp-json\/wp\/v2\/pages\/2048\/revisions"}],"predecessor-version":[{"id":2135,"href":"https:\/\/www.posgraduacao.unimontes.br\/ppgh\/wp-json\/wp\/v2\/pages\/2048\/revisions\/2135"}],"up":[{"embeddable":true,"href":"https:\/\/www.posgraduacao.unimontes.br\/ppgh\/wp-json\/wp\/v2\/pages\/1631"}],"wp:attachment":[{"href":"https:\/\/www.posgraduacao.unimontes.br\/ppgh\/wp-json\/wp\/v2\/media?parent=2048"}],"curies":[{"name":"wp","href":"https:\/\/api.w.org\/{rel}","templated":true}]}}