{"id":182,"date":"2017-03-30T20:03:16","date_gmt":"2017-03-30T23:03:16","guid":{"rendered":"http:\/\/www.posgraduacao.unimontes.br\/ppgh\/eventos\/"},"modified":"2022-09-20T21:21:54","modified_gmt":"2022-09-21T00:21:54","slug":"podcast","status":"publish","type":"page","link":"https:\/\/www.posgraduacao.unimontes.br\/ppgh\/podcast\/","title":{"rendered":"M\u00eddias"},"content":{"rendered":"<section class=\"kc-elm kc-css-755795 kc_row\"><div class=\"kc-row-container  kc-container\"><div class=\"kc-wrap-columns\"><div class=\"kc-elm kc-css-264994 kc_col-sm-12 kc_column kc_col-sm-12\"><div class=\"kc-col-container\"><div class=\"kc-elm kc-css-974615\" style=\"height: 60px; clear: both; width:100%;\"><\/div><div class=\"kc-elm kc-css-559673 kc_text_block\"><h4>Redes Sociais<\/h4>\n<\/div><div class=\"kc-elm kc-css-404450\" style=\"height: 40px; clear: both; width:100%;\"><\/div><\/div><\/div><\/div><\/div><\/section><section class=\"kc-elm kc-css-983369 kc_row\"><div class=\"kc-row-container  kc-container\"><div class=\"kc-wrap-columns\"><div class=\"kc-elm kc-css-727203 kc_col-sm-4 kc_column kc_col-sm-4\"><div class=\"kc-col-container\"><div class=\"kc-elm kc-css-798802 kc_shortcode kc_single_image\">\n\n        <a  href=\"https:\/\/www.instagram.com\/ppgh.unimontes\/\" title=\"\" target=\"_self\">\n        <img src=\"https:\/\/www.posgraduacao.unimontes.br\/uploads\/sites\/2\/2022\/09\/Instagram-Icon.png\" class=\"\" alt=\"\" \/>    <\/a>\n    <\/div>\n<div class=\"kc-elm kc-css-185752 kc_text_block\"><h5 style=\"text-align: center;\"><a href=\"https:\/\/www.instagram.com\/ppgh.unimontes\/\">@ppgh.unimontes<\/a><\/h5>\n<\/div><\/div><\/div><div class=\"kc-elm kc-css-204623 kc_col-sm-4 kc_column kc_col-sm-4\"><div class=\"kc-col-container\"><div class=\"kc-elm kc-css-374373 kc_shortcode kc_single_image\">\n\n        <a  href=\"https:\/\/www.facebook.com\/profile.php?id=100066696558029\" title=\"\" target=\"_self\">\n        <img src=\"https:\/\/www.posgraduacao.unimontes.br\/uploads\/sites\/2\/2022\/09\/124010.png\" class=\"\" alt=\"\" \/>    <\/a>\n    <\/div>\n<div class=\"kc-elm kc-css-278635 kc_text_block\"><h5 style=\"text-align: center;\"><a href=\"https:\/\/www.facebook.com\/profile.php?id=100066696558029\">PPGH &#8211; Unimontes<\/a><\/h5>\n<\/div><\/div><\/div><div class=\"kc-elm kc-css-510806 kc_col-sm-4 kc_column kc_col-sm-4\"><div class=\"kc-col-container\"><div class=\"kc-elm kc-css-555767 kc_shortcode kc_single_image\">\n\n        <a  href=\"https:\/\/www.youtube.com\/c\/PPGHUNIMONTES\" title=\"\" target=\"_self\">\n        <img src=\"https:\/\/www.posgraduacao.unimontes.br\/uploads\/sites\/2\/2022\/09\/1384060.png\" class=\"\" alt=\"\" \/>    <\/a>\n    <\/div>\n<div class=\"kc-elm kc-css-123503 kc_text_block\"><h5 style=\"text-align: center;\"><a href=\"https:\/\/www.youtube.com\/c\/PPGHUNIMONTES\">@ppghunimontes<\/a><\/h5>\n<\/div><\/div><\/div><\/div><\/div><\/section><section class=\"kc-elm kc-css-963047 kc_row\"><div class=\"kc-row-container  kc-container\"><div class=\"kc-wrap-columns\"><div class=\"kc-elm kc-css-850623 kc_col-sm-12 kc_column kc_col-sm-12\"><div class=\"kc-col-container\"><div class=\"kc-elm kc-css-27439\" style=\"height: 60px; clear: both; width:100%;\"><\/div><div class=\"kc-elm kc-css-990131 kc_text_block\"><h4>Podcasts dos professores do PPGH\/Unimontes<\/h4>\n<\/div><div class=\"kc-elm kc-css-187428\" style=\"height: 40px; clear: both; width:100%;\"><\/div><\/div><\/div><\/div><\/div><\/section><section class=\"kc-elm kc-css-926474 kc_row\"><div class=\"kc-row-container  kc-container\"><div class=\"kc-wrap-columns\"><div class=\"kc-elm kc-css-990762 kc_col-sm-6 kc_column kc_col-sm-6\"><div class=\"kc-col-container\"><div class=\"kc-elm kc-css-693049 kc_shortcode kc_single_image\">\n\n        <a  href=\"https:\/\/open.spotify.com\/show\/1FNEP5Y4CiPAOVXa2pbfWQ\" title=\"\" target=\"_self\">\n        <img src=\"https:\/\/www.posgraduacao.unimontes.br\/uploads\/sites\/2\/2022\/02\/segundas-feministas.jpg\" class=\"\" alt=\"\" \/>    <\/a>\n    <\/div>\n<div class=\"kc-elm kc-css-890111\" style=\"height: 15px; clear: both; width:100%;\"><\/div><div class=\"kc-elm kc-css-746838 kc_text_block\"><h3 style=\"box-sizing: border-box; margin: 0px 0px 1em; line-height: 29px; font-weight: 300; font-size: 17px; color: #444444; font-family: verdana; font-style: normal; font-variant-ligatures: normal; font-variant-caps: normal; letter-spacing: normal; orphans: 2; text-indent: 0px; text-transform: none; white-space: normal; widows: 2; word-spacing: 0px; -webkit-text-stroke-width: 0px; background-color: #ffffff; text-decoration-thickness: initial; text-decoration-style: initial; text-decoration-color: initial; text-align: center;\"><strong><a href=\"https:\/\/open.spotify.com\/show\/1FNEP5Y4CiPAOVXa2pbfWQ\"><span style=\"color: #444444; font-family: verdana; font-size: 17px; background-color: #ffffff;\">SEGUNDAS FEMINISTAS<\/span><\/a><\/strong><\/h3>\n<h3 style=\"box-sizing: border-box; margin: 0px 0px 1em; line-height: 29px; font-weight: 300; font-size: 17px; color: #444444; font-family: verdana; font-style: normal; font-variant-ligatures: normal; font-variant-caps: normal; letter-spacing: normal; orphans: 2; text-indent: 0px; text-transform: none; white-space: normal; widows: 2; word-spacing: 0px; -webkit-text-stroke-width: 0px; background-color: #ffffff; text-decoration-thickness: initial; text-decoration-style: initial; text-decoration-color: initial; text-align: center;\"><span style=\"color: #444444; font-family: verdana; font-size: 17px; background-color: #ffffff;\">Profa. Dra. Cl\u00e1udia de Jesus Maia<br \/>\n<\/span><\/h3>\n<\/div><\/div><\/div><div class=\"kc-elm kc-css-828742 kc_col-sm-6 kc_column kc_col-sm-6\"><div class=\"kc-col-container\"><div class=\"kc-elm kc-css-297089 kc_shortcode kc_single_image\">\n\n        <a  href=\"https:\/\/www.tempuscombatespelahistoria.com\/\" title=\"\" target=\"_self\">\n        <img src=\"https:\/\/www.posgraduacao.unimontes.br\/uploads\/sites\/2\/2022\/02\/tempus.jpg\" class=\"\" alt=\"\" \/>    <\/a>\n    <\/div>\n<div class=\"kc-elm kc-css-230352\" style=\"height: 15px; clear: both; width:100%;\"><\/div><div class=\"kc-elm kc-css-707901 kc_text_block\"><p style=\"text-align: center;\"><strong><a href=\"https:\/\/www.tempuscombatespelahistoria.com\/\">TEMPUS<\/a><\/strong><\/p>\n<p style=\"text-align: center;\">Prof. Dr. Laurindo Mekie Pereira<\/p>\n<\/div><\/div><\/div><\/div><\/div><\/section><section class=\"kc-elm kc-css-839185 kc_row\"><div class=\"kc-row-container  kc-container\"><div class=\"kc-wrap-columns\"><div class=\"kc-elm kc-css-777959 kc_col-sm-12 kc_column kc_col-sm-12\"><div class=\"kc-col-container\"><div class=\"kc-elm kc-css-570333 kc_text_block\"><p style=\"text-align: center;\"><strong>\u00a0<\/strong><\/p>\n<p style=\"text-align: center;\"><strong>Podcasts dos professores do PPGH\/Unimontes<\/strong><\/p>\n<p style=\"text-align: center;\"><strong>\u00a0<\/strong><\/p>\n<p><a href=\"https:\/\/open.spotify.com\/show\/1FNEP5Y4CiPAOVXa2pbfWQ\"><img loading=\"lazy\" class=\"aligncenter \" src=\"http:\/\/www.posgraduacao.unimontes.br\/uploads\/sites\/2\/2022\/02\/segundas-feministas.jpg\" alt=\"\" width=\"198\" height=\"198\" \/><\/a><\/p>\n<p style=\"text-align: center;\">Profa. Dra. Cl\u00e1udia de Jesus Maia<\/p>\n<p><a href=\"https:\/\/www.tempuscombatespelahistoria.com\/\"><img loading=\"lazy\" class=\"aligncenter \" src=\"http:\/\/www.posgraduacao.unimontes.br\/uploads\/sites\/2\/2022\/02\/tempus.jpg\" alt=\"\" width=\"200\" height=\"200\" \/><\/a><\/p>\n<p style=\"text-align: center;\">Prof. Dr. Laurindo Mekie Pereira<\/p>\n<\/div><\/div><\/div><\/div><\/div><\/section>\n","protected":false},"excerpt":{"rendered":"<p>CONTENTS<\/p>\n","protected":false},"author":1,"featured_media":0,"parent":0,"menu_order":0,"comment_status":"closed","ping_status":"closed","template":"","meta":[],"yoast_head":"<!-- This site is optimized with the Yoast SEO plugin v14.7 - https:\/\/yoast.com\/wordpress\/plugins\/seo\/ -->\n<title>M\u00eddias - PPGH - P\u00f3s Gradua\u00e7\u00e3o em Hist\u00f3ria Unimontes<\/title>\n<meta name=\"robots\" content=\"index, follow\" \/>\n<meta name=\"googlebot\" content=\"index, follow, max-snippet:-1, max-image-preview:large, max-video-preview:-1\" \/>\n<meta name=\"bingbot\" content=\"index, follow, max-snippet:-1, max-image-preview:large, max-video-preview:-1\" \/>\n<link rel=\"canonical\" href=\"https:\/\/www.posgraduacao.unimontes.br\/ppgh\/podcast\/\" \/>\n<meta property=\"og:locale\" content=\"pt_BR\" \/>\n<meta property=\"og:type\" content=\"article\" \/>\n<meta property=\"og:title\" content=\"M\u00eddias - PPGH - P\u00f3s Gradua\u00e7\u00e3o em Hist\u00f3ria Unimontes\" \/>\n<meta property=\"og:description\" content=\"CONTENTS\" \/>\n<meta property=\"og:url\" content=\"https:\/\/www.posgraduacao.unimontes.br\/ppgh\/podcast\/\" \/>\n<meta property=\"og:site_name\" content=\"PPGH - P\u00f3s Gradua\u00e7\u00e3o em Hist\u00f3ria Unimontes\" \/>\n<meta property=\"article:modified_time\" content=\"2022-09-21T00:21:54+00:00\" \/>\n<meta property=\"og:image\" content=\"http:\/\/www.posgraduacao.unimontes.br\/uploads\/sites\/2\/2022\/09\/Instagram-Icon.png\" \/>\n<meta name=\"twitter:card\" content=\"summary_large_image\" \/>\n<script type=\"application\/ld+json\" class=\"yoast-schema-graph\">{\"@context\":\"https:\/\/schema.org\",\"@graph\":[{\"@type\":\"WebSite\",\"@id\":\"https:\/\/www.posgraduacao.unimontes.br\/ppgh\/#website\",\"url\":\"https:\/\/www.posgraduacao.unimontes.br\/ppgh\/\",\"name\":\"PPGH - P\\u00f3s Gradua\\u00e7\\u00e3o em Hist\\u00f3ria Unimontes\",\"description\":\"Portal da P\\u00f3s Gradua\\u00e7\\u00e3o em Hist\\u00f3ria Unimontes\",\"potentialAction\":[{\"@type\":\"SearchAction\",\"target\":\"https:\/\/www.posgraduacao.unimontes.br\/ppgh\/?s={search_term_string}\",\"query-input\":\"required name=search_term_string\"}],\"inLanguage\":\"pt-BR\"},{\"@type\":\"ImageObject\",\"@id\":\"https:\/\/www.posgraduacao.unimontes.br\/ppgh\/podcast\/#primaryimage\",\"inLanguage\":\"pt-BR\",\"url\":\"http:\/\/www.posgraduacao.unimontes.br\/uploads\/sites\/2\/2022\/09\/Instagram-Icon.png\"},{\"@type\":\"WebPage\",\"@id\":\"https:\/\/www.posgraduacao.unimontes.br\/ppgh\/podcast\/#webpage\",\"url\":\"https:\/\/www.posgraduacao.unimontes.br\/ppgh\/podcast\/\",\"name\":\"M\\u00eddias - PPGH - P\\u00f3s Gradua\\u00e7\\u00e3o em Hist\\u00f3ria Unimontes\",\"isPartOf\":{\"@id\":\"https:\/\/www.posgraduacao.unimontes.br\/ppgh\/#website\"},\"primaryImageOfPage\":{\"@id\":\"https:\/\/www.posgraduacao.unimontes.br\/ppgh\/podcast\/#primaryimage\"},\"datePublished\":\"2017-03-30T23:03:16+00:00\",\"dateModified\":\"2022-09-21T00:21:54+00:00\",\"inLanguage\":\"pt-BR\",\"potentialAction\":[{\"@type\":\"ReadAction\",\"target\":[\"https:\/\/www.posgraduacao.unimontes.br\/ppgh\/podcast\/\"]}]}]}<\/script>\n<!-- \/ Yoast SEO plugin. -->","_links":{"self":[{"href":"https:\/\/www.posgraduacao.unimontes.br\/ppgh\/wp-json\/wp\/v2\/pages\/182"}],"collection":[{"href":"https:\/\/www.posgraduacao.unimontes.br\/ppgh\/wp-json\/wp\/v2\/pages"}],"about":[{"href":"https:\/\/www.posgraduacao.unimontes.br\/ppgh\/wp-json\/wp\/v2\/types\/page"}],"author":[{"embeddable":true,"href":"https:\/\/www.posgraduacao.unimontes.br\/ppgh\/wp-json\/wp\/v2\/users\/1"}],"replies":[{"embeddable":true,"href":"https:\/\/www.posgraduacao.unimontes.br\/ppgh\/wp-json\/wp\/v2\/comments?post=182"}],"version-history":[{"count":34,"href":"https:\/\/www.posgraduacao.unimontes.br\/ppgh\/wp-json\/wp\/v2\/pages\/182\/revisions"}],"predecessor-version":[{"id":2091,"href":"https:\/\/www.posgraduacao.unimontes.br\/ppgh\/wp-json\/wp\/v2\/pages\/182\/revisions\/2091"}],"wp:attachment":[{"href":"https:\/\/www.posgraduacao.unimontes.br\/ppgh\/wp-json\/wp\/v2\/media?parent=182"}],"curies":[{"name":"wp","href":"https:\/\/api.w.org\/{rel}","templated":true}]}}