{"id":1591,"date":"2021-08-31T00:08:16","date_gmt":"2021-08-31T03:08:16","guid":{"rendered":"https:\/\/www.posgraduacao.unimontes.br\/ppgh\/?page_id=1591"},"modified":"2023-02-16T08:53:20","modified_gmt":"2023-02-16T11:53:20","slug":"inicio-2","status":"publish","type":"page","link":"https:\/\/www.posgraduacao.unimontes.br\/ppgh\/","title":{"rendered":"IN\u00cdCIO"},"content":{"rendered":"<section class=\"kc-elm kc-css-408189 kc_row\"><div class=\"kc-row-container  kc-container\"><div class=\"kc-wrap-columns\"><div class=\"kc-elm kc-css-514354 kc_col-sm-12 kc_column kc_col-sm-12\"><div class=\"kc-col-container\"><div class=\"kc-elm kc-css-521966\" style=\"height: 40px; clear: both; width:100%;\"><\/div><\/div><\/div><\/div><\/div><\/section><section class=\"kc-elm kc-css-941308 kc_row\"><div class=\"kc-row-container  kc-container\"><div class=\"kc-wrap-columns\"><div class=\"kc-elm kc-css-930545 kc_col-sm-7 kc_column kc_col-sm-7\"><div class=\"kc-col-container\"><div class=\"kc-elm kc-css-178205\">\n\t<div class=\"kc-carousel_images kc-elm kc-css-178205\">\n\t\n\t\t<div class=\"kc-carousel-images owl-carousel-images kc-sync1 \" data-owl-i-options='{\"items\":\"1\",\"tablet\":\"1\",\"mobile\":\"1\",\"speed\":\"500\",\"navigation\":\"\",\"pagination\":\"yes\",\"autoheight\":\"\",\"progressbar\":\"\",\"delay\":\"8\",\"autoplay\":\"yes\",\"showthumb\":\"\",\"num_thumb\":\"5\"}'>\n\t\n\t\t\t\t\t<div class=\"item\">\n\t\n\t\t\t\t\t\t\t<img src=\"https:\/\/www.posgraduacao.unimontes.br\/uploads\/sites\/2\/2021\/08\/172210487_100268472202292_6373505916821202500_n.jpg\"  alt=\"\"\/>\n\t\n\t\t\t\t\n\t\t\t<\/div>\n\t\n\t\t\t\t\t<div class=\"item\">\n\t\n\t\t\t\t\t\t\t<img src=\"https:\/\/www.posgraduacao.unimontes.br\/uploads\/sites\/2\/2021\/08\/CAM-HIST-scaled.jpg\"  alt=\"\"\/>\n\t\n\t\t\t\t\n\t\t\t<\/div>\n\t\n\t\t\t\t\t<div class=\"item\">\n\t\n\t\t\t\t\t\t\t<img src=\"https:\/\/www.posgraduacao.unimontes.br\/uploads\/sites\/2\/2021\/08\/INSTA-JPG-PPGH-scaled.jpg\"  alt=\"\"\/>\n\t\n\t\t\t\t\n\t\t\t<\/div>\n\t\n\t\t\t\t\t<div class=\"item\">\n\t\n\t\t\t\t\t\t\t<img src=\"https:\/\/www.posgraduacao.unimontes.br\/uploads\/sites\/2\/2022\/02\/canal-youtube.jpg\"  alt=\"\"\/>\n\t\n\t\t\t\t\n\t\t\t<\/div>\n\t\n\t\t\t\t\t<div class=\"item\">\n\t\n\t\t\t\t\t\t\t<img src=\"https:\/\/www.posgraduacao.unimontes.br\/uploads\/sites\/2\/2021\/08\/GPEG-scaled.jpg\"  alt=\"\"\/>\n\t\n\t\t\t\t\n\t\t\t<\/div>\n\t\n\t\t\t\t\t<div class=\"item\">\n\t\n\t\t\t\t\t\t\t<img src=\"https:\/\/www.posgraduacao.unimontes.br\/uploads\/sites\/2\/2021\/08\/02gino-1.jpg\"  alt=\"\"\/>\n\t\n\t\t\t\t\n\t\t\t<\/div>\n\t\n\t\t\t\n\t\t<\/div>\n\t\n\t\t\t<\/div>\n<\/div>\n<\/div><\/div><div class=\"kc-elm kc-css-395739 kc_col-sm-5 kc_column kc_col-sm-5\"><div class=\"kc-col-container\"><div class=\"kc-elm kc-css-181855 kc_text_block\"><p style=\"font-weight: 400; text-align: center;\"><strong>Avalia\u00e7\u00e3o Quadrienal CAPES (2017-2020): Nota 4<\/strong><\/p>\n<p style=\"font-weight: 400;\">O Programa tem como objetivo geral a forma\u00e7\u00e3o acad\u00eamica e t\u00e9cnica dos profissionais que se dedicam \u00e0 doc\u00eancia e a diversas institui\u00e7\u00f5es de pesquisa, conserva\u00e7\u00e3o e divulga\u00e7\u00e3o do passado hist\u00f3rico. Objetiva formar pesquisadores qualificados para o trabalho com as fontes hist\u00f3ricas, conceitos e m\u00e9todos no desenvolvimento de pesquisas, nas articula\u00e7\u00f5es entre educa\u00e7\u00e3o superior e educa\u00e7\u00e3o b\u00e1sica.<\/p>\n<\/div>\n<div class=\"kc-elm kc-css-65208\">\n\t<a class=\"kc_button\" href=\"https:\/\/www.posgraduacao.unimontes.br\/ppgh\/o-programa\/\" target=\"_self\" title=\"O PROGRAMA\" onclick=\"\">\n\t\tSaiba mais\t<\/a>\n<\/div>\n<\/div><\/div><\/div><\/div><\/section><section class=\"kc-elm kc-css-25474 kc_row\"><div class=\"kc-row-container  kc-container\"><div class=\"kc-wrap-columns\"><div class=\"kc-elm kc-css-489085 kc_col-sm-12 kc_column kc_col-sm-12\"><div class=\"kc-col-container\"><div class=\"kc-elm kc-css-344908\" style=\"height: 60px; clear: both; width:100%;\"><\/div><\/div><\/div><\/div><\/div><\/section><section class=\"kc-elm kc-css-956219 kc_row\"><div class=\"kc-row-container  kc-container\"><div class=\"kc-wrap-columns\"><div class=\"kc-elm kc-css-168949 kc_col-sm-3 kc_column kc_col-sm-3\"><div class=\"kc-col-container\"><div class=\"kc-elm kc-css-437940 kc-icon-wrapper\">\n\t\t<a href=\"https:\/\/www.posgraduacao.unimontes.br\/ppgh\/agenda\/\" target=\"_self\" title=\"Agenda\">\n\t\t<i class=\"et-notebook\"><\/i>\n\t\t<\/a>\n\t<\/div>\n<div class=\"kc-elm kc-css-331217 kc_text_block\"><p style=\"text-align: center;\">Agenda<\/p>\n<\/div><\/div><\/div><div class=\"kc-elm kc-css-808806 kc_col-sm-3 kc_column kc_col-sm-3\"><div class=\"kc-col-container\"><div class=\"kc-elm kc-css-208454 kc-icon-wrapper\">\n\t\t<a href=\"https:\/\/www.posgraduacao.unimontes.br\/ppgh\/publicacoes-do-programa\/\" target=\"_self\" title=\"Publica\u00e7\u00f5es do Programa\">\n\t\t<i class=\"et-documents\"><\/i>\n\t\t<\/a>\n\t<\/div>\n<div class=\"kc-elm kc-css-813139 kc_text_block\"><p style=\"text-align: center;\">Publica\u00e7\u00f5es<\/p>\n<\/div><\/div><\/div><div class=\"kc-elm kc-css-635704 kc_col-sm-3 kc_column kc_col-sm-3\"><div class=\"kc-col-container\"><div class=\"kc-elm kc-css-920880 kc-icon-wrapper\">\n\t\t<a href=\"https:\/\/www.periodicos.unimontes.br\/index.php\/caminhosdahistoria\" target=\"_self\" title=\"\">\n\t\t<i class=\"et-document\"><\/i>\n\t\t<\/a>\n\t<\/div>\n<div class=\"kc-elm kc-css-354297 kc_text_block\"><p style=\"text-align: center;\">Revista Caminhos da Hist\u00f3ria<\/p>\n<\/div><\/div><\/div><div class=\"kc-elm kc-css-798245 kc_col-sm-3 kc_column kc_col-sm-3\"><div class=\"kc-col-container\"><div class=\"kc-elm kc-css-255213 kc-icon-wrapper\">\n\t\t<a href=\"https:\/\/www.posgraduacao.unimontes.br\/ppgh\/podcast\/\" target=\"_self\" title=\"Podcast\">\n\t\t<i class=\"et-video\"><\/i>\n\t\t<\/a>\n\t<\/div>\n<div class=\"kc-elm kc-css-357434 kc_text_block\"><p style=\"text-align: center;\">M\u00eddias<\/p>\n<\/div><\/div><\/div><\/div><\/div><\/section><section class=\"kc-elm kc-css-773886 kc_row\"><div class=\"kc-row-container  kc-container\"><div class=\"kc-wrap-columns\"><div class=\"kc-elm kc-css-341197 kc_col-sm-12 kc_column kc_col-sm-12\"><div class=\"kc-col-container\"><div class=\"kc-elm kc-css-664481\" style=\"height: 60px; clear: both; width:100%;\"><\/div><\/div><\/div><\/div><\/div><\/section><section class=\"kc-elm kc-css-943699 kc_row\"><div class=\"kc-row-container  kc-container\"><div class=\"kc-wrap-columns\"><div class=\"kc-elm kc-css-380393 kc_col-of-5 kc_column kc_col-of-5\"><div class=\"kc-col-container\"><div class=\"kc-elm kc-css-612196 kc_shortcode kc_single_image\">\n\n        <a  href=\"https:\/\/www.gov.br\/capes\/\" title=\"\" target=\"_self\">\n        <img src=\"https:\/\/www.posgraduacao.unimontes.br\/uploads\/sites\/2\/2021\/08\/capes.png\" class=\"\" alt=\"\" \/>    <\/a>\n    <\/div>\n<\/div><\/div><div class=\"kc-elm kc-css-626923 kc_col-of-5 kc_column kc_col-of-5\"><div class=\"kc-col-container\"><div class=\"kc-elm kc-css-544327 kc_shortcode kc_single_image\">\n\n        <a  href=\"https:\/\/unimontes.br\/\" title=\"\" target=\"_self\">\n        <img src=\"https:\/\/www.posgraduacao.unimontes.br\/uploads\/sites\/2\/2021\/08\/unimontes.png\" class=\"\" alt=\"\" \/>    <\/a>\n    <\/div>\n<\/div><\/div><div class=\"kc-elm kc-css-512009 kc_col-of-5 kc_column kc_col-of-5\"><div class=\"kc-col-container\"><div class=\"kc-elm kc-css-578995 kc_shortcode kc_single_image\">\n\n        <a  href=\"https:\/\/fapemig.br\/\" title=\"\" target=\"_self\">\n        <img src=\"https:\/\/www.posgraduacao.unimontes.br\/uploads\/sites\/2\/2021\/08\/fapemig.png\" class=\"\" alt=\"\" \/>    <\/a>\n    <\/div>\n<\/div><\/div><div class=\"kc-elm kc-css-167697 kc_col-of-5 kc_column kc_col-of-5\"><div class=\"kc-col-container\"><div class=\"kc-elm kc-css-380566 kc_shortcode kc_single_image\">\n\n        <a  href=\"https:\/\/www.periodicos.unimontes.br\/\" title=\"\" target=\"_blank\">\n        <img src=\"https:\/\/www.posgraduacao.unimontes.br\/uploads\/sites\/2\/2021\/08\/periodicos.png\" class=\"\" alt=\"\" \/>    <\/a>\n    <\/div>\n<\/div><\/div><div class=\"kc-elm kc-css-540820 kc_col-of-5 kc_column kc_col-of-5\"><div class=\"kc-col-container\"><div class=\"kc-elm kc-css-758880 kc_shortcode kc_single_image\">\n\n        <a  href=\"https:\/\/fadenor.com.br\/\" title=\"\" target=\"_self\">\n        <img src=\"https:\/\/www.posgraduacao.unimontes.br\/uploads\/sites\/2\/2021\/08\/Fadenor.png\" class=\"\" alt=\"\" \/>    <\/a>\n    <\/div>\n<\/div><\/div><\/div><\/div><\/section>\n","protected":false},"excerpt":{"rendered":"","protected":false},"author":2,"featured_media":0,"parent":0,"menu_order":0,"comment_status":"closed","ping_status":"closed","template":"","meta":[],"yoast_head":"<!-- This site is optimized with the Yoast SEO plugin v14.7 - https:\/\/yoast.com\/wordpress\/plugins\/seo\/ -->\n<title>IN\u00cdCIO - PPGH - P\u00f3s Gradua\u00e7\u00e3o em Hist\u00f3ria Unimontes<\/title>\n<meta name=\"robots\" content=\"index, follow\" \/>\n<meta name=\"googlebot\" content=\"index, follow, max-snippet:-1, max-image-preview:large, max-video-preview:-1\" \/>\n<meta name=\"bingbot\" content=\"index, follow, max-snippet:-1, max-image-preview:large, max-video-preview:-1\" \/>\n<link rel=\"canonical\" href=\"https:\/\/www.posgraduacao.unimontes.br\/ppgh\/\" \/>\n<meta property=\"og:locale\" content=\"pt_BR\" \/>\n<meta property=\"og:type\" content=\"article\" \/>\n<meta property=\"og:title\" content=\"IN\u00cdCIO - PPGH - P\u00f3s Gradua\u00e7\u00e3o em Hist\u00f3ria Unimontes\" \/>\n<meta property=\"og:description\" content=\"Avalia\u00e7\u00e3o Quadrienal CAPES (2017-2020): Nota 4 O Programa tem como objetivo geral a forma\u00e7\u00e3o acad\u00eamica e t\u00e9cnica dos profissionais que se dedicam \u00e0 doc\u00eancia e a diversas institui\u00e7\u00f5es de pesquisa, conserva\u00e7\u00e3o e divulga\u00e7\u00e3o do passado hist\u00f3rico. Objetiva formar pesquisadores qualificados para o trabalho com as fontes hist\u00f3ricas, conceitos e m\u00e9todos no desenvolvimento de pesquisas, nas [&hellip;]\" \/>\n<meta property=\"og:url\" content=\"https:\/\/www.posgraduacao.unimontes.br\/ppgh\/\" \/>\n<meta property=\"og:site_name\" content=\"PPGH - P\u00f3s Gradua\u00e7\u00e3o em Hist\u00f3ria Unimontes\" \/>\n<meta property=\"article:modified_time\" content=\"2023-02-16T11:53:20+00:00\" \/>\n<meta property=\"og:image\" content=\"http:\/\/www.posgraduacao.unimontes.br\/uploads\/sites\/2\/2021\/08\/172210487_100268472202292_6373505916821202500_n.jpg\" \/>\n<meta name=\"twitter:card\" content=\"summary_large_image\" \/>\n<script type=\"application\/ld+json\" class=\"yoast-schema-graph\">{\"@context\":\"https:\/\/schema.org\",\"@graph\":[{\"@type\":\"WebSite\",\"@id\":\"https:\/\/www.posgraduacao.unimontes.br\/ppgh\/#website\",\"url\":\"https:\/\/www.posgraduacao.unimontes.br\/ppgh\/\",\"name\":\"PPGH - P\\u00f3s Gradua\\u00e7\\u00e3o em Hist\\u00f3ria Unimontes\",\"description\":\"Portal da P\\u00f3s Gradua\\u00e7\\u00e3o em Hist\\u00f3ria Unimontes\",\"potentialAction\":[{\"@type\":\"SearchAction\",\"target\":\"https:\/\/www.posgraduacao.unimontes.br\/ppgh\/?s={search_term_string}\",\"query-input\":\"required name=search_term_string\"}],\"inLanguage\":\"pt-BR\"},{\"@type\":\"ImageObject\",\"@id\":\"https:\/\/www.posgraduacao.unimontes.br\/ppgh\/#primaryimage\",\"inLanguage\":\"pt-BR\",\"url\":\"http:\/\/www.posgraduacao.unimontes.br\/uploads\/sites\/2\/2021\/08\/172210487_100268472202292_6373505916821202500_n.jpg\"},{\"@type\":\"WebPage\",\"@id\":\"https:\/\/www.posgraduacao.unimontes.br\/ppgh\/#webpage\",\"url\":\"https:\/\/www.posgraduacao.unimontes.br\/ppgh\/\",\"name\":\"IN\\u00cdCIO - PPGH - P\\u00f3s Gradua\\u00e7\\u00e3o em Hist\\u00f3ria Unimontes\",\"isPartOf\":{\"@id\":\"https:\/\/www.posgraduacao.unimontes.br\/ppgh\/#website\"},\"primaryImageOfPage\":{\"@id\":\"https:\/\/www.posgraduacao.unimontes.br\/ppgh\/#primaryimage\"},\"datePublished\":\"2021-08-31T03:08:16+00:00\",\"dateModified\":\"2023-02-16T11:53:20+00:00\",\"inLanguage\":\"pt-BR\",\"potentialAction\":[{\"@type\":\"ReadAction\",\"target\":[\"https:\/\/www.posgraduacao.unimontes.br\/ppgh\/\"]}]}]}<\/script>\n<!-- \/ Yoast SEO plugin. -->","_links":{"self":[{"href":"https:\/\/www.posgraduacao.unimontes.br\/ppgh\/wp-json\/wp\/v2\/pages\/1591"}],"collection":[{"href":"https:\/\/www.posgraduacao.unimontes.br\/ppgh\/wp-json\/wp\/v2\/pages"}],"about":[{"href":"https:\/\/www.posgraduacao.unimontes.br\/ppgh\/wp-json\/wp\/v2\/types\/page"}],"author":[{"embeddable":true,"href":"https:\/\/www.posgraduacao.unimontes.br\/ppgh\/wp-json\/wp\/v2\/users\/2"}],"replies":[{"embeddable":true,"href":"https:\/\/www.posgraduacao.unimontes.br\/ppgh\/wp-json\/wp\/v2\/comments?post=1591"}],"version-history":[{"count":56,"href":"https:\/\/www.posgraduacao.unimontes.br\/ppgh\/wp-json\/wp\/v2\/pages\/1591\/revisions"}],"predecessor-version":[{"id":1604,"href":"https:\/\/www.posgraduacao.unimontes.br\/ppgh\/wp-json\/wp\/v2\/pages\/1591\/revisions\/1604"}],"wp:attachment":[{"href":"https:\/\/www.posgraduacao.unimontes.br\/ppgh\/wp-json\/wp\/v2\/media?parent=1591"}],"curies":[{"name":"wp","href":"https:\/\/api.w.org\/{rel}","templated":true}]}}