{"id":1499,"date":"2021-08-30T19:39:26","date_gmt":"2021-08-30T22:39:26","guid":{"rendered":"https:\/\/www.posgraduacao.unimontes.br\/ppgh\/?page_id=1499"},"modified":"2021-08-31T20:11:32","modified_gmt":"2021-08-31T23:11:32","slug":"normas-e-resolucoes-2","status":"publish","type":"page","link":"https:\/\/www.posgraduacao.unimontes.br\/ppgh\/normas-e-resolucoes-2\/","title":{"rendered":"NORMAS E RESOLU\u00c7\u00d5ES"},"content":{"rendered":"<section class=\"kc-elm kc-css-589971 kc_row\"><div class=\"kc-row-container  kc-container\"><div class=\"kc-wrap-columns\"><div class=\"kc-elm kc-css-721722 kc_col-sm-12 kc_column kc_col-sm-12\"><div class=\"kc-col-container\"><div class=\"kc-elm kc-css-267090\" style=\"height: 40px; clear: both; width:100%;\"><\/div><\/div><\/div><\/div><\/div><\/section><section class=\"kc-elm kc-css-116049 kc_row\"><div class=\"kc-row-container  kc-container\"><div class=\"kc-wrap-columns\"><div class=\"kc-elm kc-css-815221 kc_column kc_col-sm-12\"><div class=\"kc-col-container\"><div class=\"kc-elm kc-css-151005 kc_text_block\"><p class=\"MsoNormal\" style=\"margin: 0cm; font-size: 11pt; font-family: Calibri, sans-serif; line-height: 22px; color: #000000; background-image: initial; background-position: initial; background-size: initial; background-repeat: initial; background-attachment: initial; background-origin: initial; background-clip: initial;\"><span style=\"font-size: 13pt; line-height: 26px; font-family: Verdana, sans-serif; color: #444444;\"><a style=\"color: blue;\" href=\"https:\/\/www.posgraduacao.unimontes.br\/ppgh\/normas-e-resolucoes-2\/regimento-geral\/\"><span style=\"color: #1bb0ce; border: 1pt none windowtext; padding: 0cm; text-decoration-line: none;\">Regimento Geral<\/span><\/a><\/span><\/p>\n<p class=\"MsoNormal\" style=\"margin: 0cm; font-size: 11pt; font-family: Calibri, sans-serif; line-height: 22px; color: #000000; background-image: initial; background-position: initial; background-size: initial; background-repeat: initial; background-attachment: initial; background-origin: initial; background-clip: initial;\"><span style=\"font-size: 13pt; line-height: 26px; font-family: Verdana, sans-serif; color: #444444;\"><a style=\"color: blue;\" href=\"https:\/\/www.posgraduacao.unimontes.br\/ppgh\/normas-e-resolucoes-2\/normas-de-credenciamento\/\"><span style=\"color: #1bb0ce; border: 1pt none windowtext; padding: 0cm; text-decoration-line: none;\">Normas de Credenciamento<\/span><\/a><\/span><\/p>\n<p class=\"MsoNormal\" style=\"margin: 0cm; font-size: 11pt; font-family: Calibri, sans-serif; line-height: 22px; color: #000000; background-image: initial; background-position: initial; background-size: initial; background-repeat: initial; background-attachment: initial; background-origin: initial; background-clip: initial;\"><span style=\"font-size: 13pt; line-height: 26px; font-family: Verdana, sans-serif; color: #444444;\"><a style=\"color: blue;\" href=\"https:\/\/www.posgraduacao.unimontes.br\/ppgh\/normas-e-resolucoes-2\/instrucoes-normativas\/\"><span style=\"color: #1bb0ce; border: 1pt none windowtext; padding: 0cm; text-decoration-line: none;\">Instru\u00e7\u00f5es normativas<\/span><\/a><\/span><\/p>\n<p class=\"MsoNormal\" style=\"margin: 0cm; font-size: 11pt; font-family: Calibri, sans-serif; line-height: 22px; color: #000000; background-image: initial; background-position: initial; background-size: initial; background-repeat: initial; background-attachment: initial; background-origin: initial; background-clip: initial;\"><span style=\"font-size: 13pt; line-height: 26px; font-family: Verdana, sans-serif; color: #444444;\"><a style=\"color: blue;\" href=\"https:\/\/www.posgraduacao.unimontes.br\/ppgh\/normas-e-resolucoes-2\/estagio-em-docencia\/\"><span style=\"color: #1bb0ce; border: 1pt none windowtext; padding: 0cm; text-decoration-line: none;\">Normas para Est\u00e1gio<\/span><\/a><\/span><\/p>\n<p class=\"MsoNormal\" style=\"margin: 0cm; font-size: 11pt; font-family: Calibri, sans-serif; line-height: 22px; color: #000000; background-image: initial; background-position: initial; background-size: initial; background-repeat: initial; background-attachment: initial; background-origin: initial; background-clip: initial;\"><span style=\"font-size: 13pt; line-height: 26px; font-family: Verdana, sans-serif; color: #444444;\"><a style=\"color: blue;\" href=\"https:\/\/www.posgraduacao.unimontes.br\/ppgh\/normas-e-resolucoes-2\/bolsas-e-auxilios\/\"><span style=\"color: #1bb0ce; border: 1pt none windowtext; padding: 0cm; text-decoration-line: none;\">Bolsa e aux\u00edlios<\/span><\/a><\/span><\/p>\n<p class=\"MsoNormal\" style=\"margin: 0cm; font-size: 11pt; font-family: Calibri, sans-serif; line-height: 22px; color: #000000; background-image: initial; background-position: initial; background-size: initial; background-repeat: initial; background-attachment: initial; background-origin: initial; background-clip: initial;\"><span style=\"font-size: 13pt; line-height: 26px; font-family: Verdana, sans-serif; color: #444444;\"><a style=\"color: blue;\" href=\"https:\/\/www.posgraduacao.unimontes.br\/ppgh\/equipe\/formularios\/\"><span style=\"color: #1bb0ce; border: 1pt none windowtext; padding: 0cm; text-decoration-line: none;\">Formul\u00e1rios<\/span><\/a><\/span><\/p>\n<\/div><\/div><\/div><\/div><\/div><\/section>\n","protected":false},"excerpt":{"rendered":"","protected":false},"author":2,"featured_media":0,"parent":0,"menu_order":0,"comment_status":"closed","ping_status":"closed","template":"","meta":[],"yoast_head":"<!-- This site is optimized with the Yoast SEO plugin v14.7 - https:\/\/yoast.com\/wordpress\/plugins\/seo\/ -->\n<title>NORMAS E RESOLU\u00c7\u00d5ES - PPGH - P\u00f3s Gradua\u00e7\u00e3o em Hist\u00f3ria Unimontes<\/title>\n<meta name=\"robots\" content=\"index, follow\" \/>\n<meta name=\"googlebot\" content=\"index, follow, max-snippet:-1, max-image-preview:large, max-video-preview:-1\" \/>\n<meta name=\"bingbot\" content=\"index, follow, max-snippet:-1, max-image-preview:large, max-video-preview:-1\" \/>\n<link rel=\"canonical\" href=\"https:\/\/www.posgraduacao.unimontes.br\/ppgh\/normas-e-resolucoes-2\/\" \/>\n<meta property=\"og:locale\" content=\"pt_BR\" \/>\n<meta property=\"og:type\" content=\"article\" \/>\n<meta property=\"og:title\" content=\"NORMAS E RESOLU\u00c7\u00d5ES - PPGH - P\u00f3s Gradua\u00e7\u00e3o em Hist\u00f3ria Unimontes\" \/>\n<meta property=\"og:description\" content=\"Regimento Geral Normas de Credenciamento Instru\u00e7\u00f5es normativas Normas para Est\u00e1gio Bolsa e aux\u00edlios Formul\u00e1rios\" \/>\n<meta property=\"og:url\" content=\"https:\/\/www.posgraduacao.unimontes.br\/ppgh\/normas-e-resolucoes-2\/\" \/>\n<meta property=\"og:site_name\" content=\"PPGH - P\u00f3s Gradua\u00e7\u00e3o em Hist\u00f3ria Unimontes\" \/>\n<meta property=\"article:modified_time\" content=\"2021-08-31T23:11:32+00:00\" \/>\n<meta name=\"twitter:card\" content=\"summary_large_image\" \/>\n<script type=\"application\/ld+json\" class=\"yoast-schema-graph\">{\"@context\":\"https:\/\/schema.org\",\"@graph\":[{\"@type\":\"WebSite\",\"@id\":\"https:\/\/www.posgraduacao.unimontes.br\/ppgh\/#website\",\"url\":\"https:\/\/www.posgraduacao.unimontes.br\/ppgh\/\",\"name\":\"PPGH - P\\u00f3s Gradua\\u00e7\\u00e3o em Hist\\u00f3ria Unimontes\",\"description\":\"Portal da P\\u00f3s Gradua\\u00e7\\u00e3o em Hist\\u00f3ria Unimontes\",\"potentialAction\":[{\"@type\":\"SearchAction\",\"target\":\"https:\/\/www.posgraduacao.unimontes.br\/ppgh\/?s={search_term_string}\",\"query-input\":\"required name=search_term_string\"}],\"inLanguage\":\"pt-BR\"},{\"@type\":\"WebPage\",\"@id\":\"https:\/\/www.posgraduacao.unimontes.br\/ppgh\/normas-e-resolucoes-2\/#webpage\",\"url\":\"https:\/\/www.posgraduacao.unimontes.br\/ppgh\/normas-e-resolucoes-2\/\",\"name\":\"NORMAS E RESOLU\\u00c7\\u00d5ES - PPGH - P\\u00f3s Gradua\\u00e7\\u00e3o em Hist\\u00f3ria Unimontes\",\"isPartOf\":{\"@id\":\"https:\/\/www.posgraduacao.unimontes.br\/ppgh\/#website\"},\"datePublished\":\"2021-08-30T22:39:26+00:00\",\"dateModified\":\"2021-08-31T23:11:32+00:00\",\"inLanguage\":\"pt-BR\",\"potentialAction\":[{\"@type\":\"ReadAction\",\"target\":[\"https:\/\/www.posgraduacao.unimontes.br\/ppgh\/normas-e-resolucoes-2\/\"]}]}]}<\/script>\n<!-- \/ Yoast SEO plugin. -->","_links":{"self":[{"href":"https:\/\/www.posgraduacao.unimontes.br\/ppgh\/wp-json\/wp\/v2\/pages\/1499"}],"collection":[{"href":"https:\/\/www.posgraduacao.unimontes.br\/ppgh\/wp-json\/wp\/v2\/pages"}],"about":[{"href":"https:\/\/www.posgraduacao.unimontes.br\/ppgh\/wp-json\/wp\/v2\/types\/page"}],"author":[{"embeddable":true,"href":"https:\/\/www.posgraduacao.unimontes.br\/ppgh\/wp-json\/wp\/v2\/users\/2"}],"replies":[{"embeddable":true,"href":"https:\/\/www.posgraduacao.unimontes.br\/ppgh\/wp-json\/wp\/v2\/comments?post=1499"}],"version-history":[{"count":5,"href":"https:\/\/www.posgraduacao.unimontes.br\/ppgh\/wp-json\/wp\/v2\/pages\/1499\/revisions"}],"predecessor-version":[{"id":1768,"href":"https:\/\/www.posgraduacao.unimontes.br\/ppgh\/wp-json\/wp\/v2\/pages\/1499\/revisions\/1768"}],"wp:attachment":[{"href":"https:\/\/www.posgraduacao.unimontes.br\/ppgh\/wp-json\/wp\/v2\/media?parent=1499"}],"curies":[{"name":"wp","href":"https:\/\/api.w.org\/{rel}","templated":true}]}}