{"id":1491,"date":"2021-08-30T19:23:04","date_gmt":"2021-08-30T22:23:04","guid":{"rendered":"https:\/\/www.posgraduacao.unimontes.br\/ppgh\/?page_id=1491"},"modified":"2024-09-23T08:36:06","modified_gmt":"2024-09-23T11:36:06","slug":"secretaria","status":"publish","type":"page","link":"https:\/\/www.posgraduacao.unimontes.br\/ppgh\/equipe\/secretaria\/","title":{"rendered":"Secretaria"},"content":{"rendered":"<section class=\"kc-elm kc_row\"><div class=\"kc-row-container  kc-container\"><div class=\"kc-wrap-columns\"><div class=\"kc-elm kc_column kc_col-sm-12\"><div class=\"kc-col-container\"><div class=\"kc-elm\" style=\"height: 20px; clear: both; width:100%;\"><\/div><\/div><\/div><\/div><\/div><\/section><section class=\"kc-elm kc_row\"><div class=\"kc-row-container  kc-container\"><div class=\"kc-wrap-columns\"><div class=\"kc-elm kc_column kc_col-sm-12\"><div class=\"kc-col-container\"><\/div><\/div><\/div><\/div><\/section><section class=\"kc-elm kc_row\"><div class=\"kc-row-container  kc-container\"><div class=\"kc-wrap-columns\"><div class=\"kc-elm kc_column kc_col-sm-12\"><div class=\"kc-col-container\"><div class=\"kc-elm kc_text_block\"><p>\n<span style=\\\"color: #002060;font-family: Arial, sans-serif;font-size: 21.3333px\\\">Secretaria<\/span><\/p>\n<\/div><div class=\"kc-elm kc_text_block\"><p style=\\\"font-weight: 400\\\"><span style=\\\"font-style: inherit\\\">Monique Biserra Rezende<\/span><\/p>\n<p style=\\\"font-weight: 400\\\"><span style=\\\"font-style: inherit\\\">Jonas Henrique Gomes Martins<\/span><\/p>\n<p style=\\\"font-weight: 400\\\">Telefone: (38) 3229-8153<\/p>\n<p style=\\\"font-weight: 400\\\">Endere\u00e7o: Campus Universit\u00e1rio Prof.<br \/>\nDarcy Ribeiro. Pr\u00e9dio da P\u00f3s-Gradua\u00e7\u00e3o do CCH \u2013 3\u00ba andar (pr\u00e9dio ao lado do<br \/>\nnovo audit\u00f3rio). Vila Mauric\u00e9ia. CEP 39401-089, Montes Claros \u2013 MG, Brasil.<\/p>\n<p style=\\\"font-weight: 400\\\">E-mail:\u00a0<a href=\\\"mailto:ppgh@unimontes.br\\\">ppgh@unimontes.br<\/a><\/p>\n<\/div><\/div><\/div><\/div><\/div><\/section>\n","protected":false},"excerpt":{"rendered":"","protected":false},"author":2,"featured_media":0,"parent":1469,"menu_order":0,"comment_status":"closed","ping_status":"closed","template":"","meta":[],"yoast_head":"<!-- This site is optimized with the Yoast SEO plugin v14.7 - https:\/\/yoast.com\/wordpress\/plugins\/seo\/ -->\n<title>Secretaria - PPGH - P\u00f3s Gradua\u00e7\u00e3o em Hist\u00f3ria Unimontes<\/title>\n<meta name=\"robots\" content=\"index, follow\" \/>\n<meta name=\"googlebot\" content=\"index, follow, max-snippet:-1, max-image-preview:large, max-video-preview:-1\" \/>\n<meta name=\"bingbot\" content=\"index, follow, max-snippet:-1, max-image-preview:large, max-video-preview:-1\" \/>\n<link rel=\"canonical\" href=\"https:\/\/www.posgraduacao.unimontes.br\/ppgh\/equipe\/secretaria\/\" \/>\n<meta property=\"og:locale\" content=\"pt_BR\" \/>\n<meta property=\"og:type\" content=\"article\" \/>\n<meta property=\"og:title\" content=\"Secretaria - PPGH - P\u00f3s Gradua\u00e7\u00e3o em Hist\u00f3ria Unimontes\" \/>\n<meta property=\"og:description\" content=\"Secretaria Monique Biserra Rezende Jonas Henrique Gomes Martins Telefone: (38) 3229-8153 Endere\u00e7o: Campus Universit\u00e1rio Prof.Darcy Ribeiro. Pr\u00e9dio da P\u00f3s-Gradua\u00e7\u00e3o do CCH \u2013 3\u00ba andar (pr\u00e9dio ao lado donovo audit\u00f3rio). Vila Mauric\u00e9ia. CEP 39401-089, Montes Claros \u2013 MG, Brasil. E-mail:\u00a0ppgh@unimontes.br\" \/>\n<meta property=\"og:url\" content=\"https:\/\/www.posgraduacao.unimontes.br\/ppgh\/equipe\/secretaria\/\" \/>\n<meta property=\"og:site_name\" content=\"PPGH - P\u00f3s Gradua\u00e7\u00e3o em Hist\u00f3ria Unimontes\" \/>\n<meta property=\"article:modified_time\" content=\"2024-09-23T11:36:06+00:00\" \/>\n<meta name=\"twitter:card\" content=\"summary_large_image\" \/>\n<script type=\"application\/ld+json\" class=\"yoast-schema-graph\">{\"@context\":\"https:\/\/schema.org\",\"@graph\":[{\"@type\":\"WebSite\",\"@id\":\"https:\/\/www.posgraduacao.unimontes.br\/ppgh\/#website\",\"url\":\"https:\/\/www.posgraduacao.unimontes.br\/ppgh\/\",\"name\":\"PPGH - P\\u00f3s Gradua\\u00e7\\u00e3o em Hist\\u00f3ria Unimontes\",\"description\":\"Portal da P\\u00f3s Gradua\\u00e7\\u00e3o em Hist\\u00f3ria Unimontes\",\"potentialAction\":[{\"@type\":\"SearchAction\",\"target\":\"https:\/\/www.posgraduacao.unimontes.br\/ppgh\/?s={search_term_string}\",\"query-input\":\"required name=search_term_string\"}],\"inLanguage\":\"pt-BR\"},{\"@type\":\"WebPage\",\"@id\":\"https:\/\/www.posgraduacao.unimontes.br\/ppgh\/equipe\/secretaria\/#webpage\",\"url\":\"https:\/\/www.posgraduacao.unimontes.br\/ppgh\/equipe\/secretaria\/\",\"name\":\"Secretaria - PPGH - P\\u00f3s Gradua\\u00e7\\u00e3o em Hist\\u00f3ria Unimontes\",\"isPartOf\":{\"@id\":\"https:\/\/www.posgraduacao.unimontes.br\/ppgh\/#website\"},\"datePublished\":\"2021-08-30T22:23:04+00:00\",\"dateModified\":\"2024-09-23T11:36:06+00:00\",\"inLanguage\":\"pt-BR\",\"potentialAction\":[{\"@type\":\"ReadAction\",\"target\":[\"https:\/\/www.posgraduacao.unimontes.br\/ppgh\/equipe\/secretaria\/\"]}]}]}<\/script>\n<!-- \/ Yoast SEO plugin. -->","_links":{"self":[{"href":"https:\/\/www.posgraduacao.unimontes.br\/ppgh\/wp-json\/wp\/v2\/pages\/1491"}],"collection":[{"href":"https:\/\/www.posgraduacao.unimontes.br\/ppgh\/wp-json\/wp\/v2\/pages"}],"about":[{"href":"https:\/\/www.posgraduacao.unimontes.br\/ppgh\/wp-json\/wp\/v2\/types\/page"}],"author":[{"embeddable":true,"href":"https:\/\/www.posgraduacao.unimontes.br\/ppgh\/wp-json\/wp\/v2\/users\/2"}],"replies":[{"embeddable":true,"href":"https:\/\/www.posgraduacao.unimontes.br\/ppgh\/wp-json\/wp\/v2\/comments?post=1491"}],"version-history":[{"count":10,"href":"https:\/\/www.posgraduacao.unimontes.br\/ppgh\/wp-json\/wp\/v2\/pages\/1491\/revisions"}],"predecessor-version":[{"id":2389,"href":"https:\/\/www.posgraduacao.unimontes.br\/ppgh\/wp-json\/wp\/v2\/pages\/1491\/revisions\/2389"}],"up":[{"embeddable":true,"href":"https:\/\/www.posgraduacao.unimontes.br\/ppgh\/wp-json\/wp\/v2\/pages\/1469"}],"wp:attachment":[{"href":"https:\/\/www.posgraduacao.unimontes.br\/ppgh\/wp-json\/wp\/v2\/media?parent=1491"}],"curies":[{"name":"wp","href":"https:\/\/api.w.org\/{rel}","templated":true}]}}