{"id":1469,"date":"2021-08-30T15:30:59","date_gmt":"2021-08-30T18:30:59","guid":{"rendered":"https:\/\/www.posgraduacao.unimontes.br\/ppgh\/?page_id=1469"},"modified":"2021-09-01T10:39:30","modified_gmt":"2021-09-01T13:39:30","slug":"equipe","status":"publish","type":"page","link":"https:\/\/www.posgraduacao.unimontes.br\/ppgh\/equipe\/","title":{"rendered":"EQUIPE"},"content":{"rendered":"<section class=\"kc-elm kc-css-211048 kc_row\"><div class=\"kc-row-container  kc-container\"><div class=\"kc-wrap-columns\"><div class=\"kc-elm kc-css-692154 kc_col-sm-12 kc_column kc_col-sm-12\"><div class=\"kc-col-container\"><div class=\"kc-elm kc-css-439206\" style=\"height: 40px; clear: both; width:100%;\"><\/div><\/div><\/div><\/div><\/div><\/section><section class=\"kc-elm kc-css-561202 kc_row\"><div class=\"kc-row-container  kc-container\"><div class=\"kc-wrap-columns\"><div class=\"kc-elm kc-css-357474 kc_column kc_col-sm-12\"><div class=\"kc-col-container\"><div class=\"kc-elm kc-css-593117 kc_text_block\"><p class=\"MsoNormal\" style=\"margin: 0cm; font-size: 11pt; font-family: Calibri, sans-serif; line-height: 22px; color: #000000; background-image: initial; background-position: initial; background-size: initial; background-repeat: initial; background-attachment: initial; background-origin: initial; background-clip: initial;\"><span style=\"font-size: 13pt; line-height: 26px; font-family: Verdana, sans-serif; color: #444444;\"><a style=\"color: blue;\" href=\"https:\/\/www.posgraduacao.unimontes.br\/ppgh\/equipe\/corpo-docente\/\"><span style=\"color: #1bb0ce; border: 1pt none windowtext; padding: 0cm; text-decoration-line: none;\">Corpo Docente<\/span><\/a><\/span><\/p>\n<p class=\"MsoNormal\" style=\"margin: 0cm; font-size: 11pt; font-family: Calibri, sans-serif; line-height: 22px; color: #000000; background-image: initial; background-position: initial; background-size: initial; background-repeat: initial; background-attachment: initial; background-origin: initial; background-clip: initial;\"><span style=\"font-size: 13pt; line-height: 26px; font-family: Verdana, sans-serif; color: #444444;\"><a style=\"color: blue;\" href=\"https:\/\/www.posgraduacao.unimontes.br\/ppgh\/equipe\/corpo-discente-2\/\"><span style=\"color: #1bb0ce; border: 1pt none windowtext; padding: 0cm; text-decoration-line: none;\">Corpo Discente<\/span><\/a><\/span><\/p>\n<p class=\"MsoNormal\" style=\"margin: 0cm; font-size: 11pt; font-family: Calibri, sans-serif; line-height: 22px; color: #000000; background-image: initial; background-position: initial; background-size: initial; background-repeat: initial; background-attachment: initial; background-origin: initial; background-clip: initial;\"><span style=\"font-size: 13pt; line-height: 26px; font-family: Verdana, sans-serif; color: #444444;\"><a style=\"color: blue;\" href=\"https:\/\/www.posgraduacao.unimontes.br\/ppgh\/pos-doutorado\/\"><span style=\"color: #1bb0ce; border: 1pt none windowtext; padding: 0cm; text-decoration-line: none;\">P\u00f3s-doutorado<\/span><\/a><\/span><\/p>\n<p class=\"MsoNormal\" style=\"margin: 0cm; font-size: 11pt; font-family: Calibri, sans-serif; line-height: 22px; color: #000000; background-image: initial; background-position: initial; background-size: initial; background-repeat: initial; background-attachment: initial; background-origin: initial; background-clip: initial;\"><span style=\"font-size: 13pt; line-height: 26px; font-family: Verdana, sans-serif; color: #444444;\"><a style=\"color: blue;\" href=\"https:\/\/www.posgraduacao.unimontes.br\/ppgh\/equipe\/coordenacao\/\"><span style=\"color: #1bb0ce; border: 1pt none windowtext; padding: 0cm; text-decoration-line: none;\">Coordena\u00e7\u00e3o<\/span><\/a><\/span><\/p>\n<p class=\"MsoNormal\" style=\"margin: 0cm; font-size: 11pt; font-family: Calibri, sans-serif; line-height: 22px; color: #000000; background-image: initial; background-position: initial; background-size: initial; background-repeat: initial; background-attachment: initial; background-origin: initial; background-clip: initial;\"><span style=\"font-size: 13pt; line-height: 26px; font-family: Verdana, sans-serif; color: #444444;\"><a style=\"color: blue;\" href=\"https:\/\/www.posgraduacao.unimontes.br\/ppgh\/equipe\/secretaria\/\"><span style=\"color: #1bb0ce; border: 1pt none windowtext; padding: 0cm; text-decoration-line: none;\">Secretaria<\/span><\/a><\/span><\/p>\n<p class=\"MsoNormal\" style=\"margin: 0cm; font-size: 11pt; font-family: Calibri, sans-serif; line-height: 22px; color: #000000; background-image: initial; background-position: initial; background-size: initial; background-repeat: initial; background-attachment: initial; background-origin: initial; background-clip: initial;\"><span style=\"font-size: 13pt; line-height: 26px; font-family: Verdana, sans-serif; color: #444444;\"><a style=\"color: blue;\" href=\"https:\/\/www.posgraduacao.unimontes.br\/ppgh\/equipe\/comissoes\/\"><span style=\"color: #1bb0ce; border: 1pt none windowtext; padding: 0cm; text-decoration-line: none;\">Comiss\u00f5es<\/span><\/a><\/span><\/p>\n<p class=\"MsoNormal\" style=\"margin: 0cm; font-size: 11pt; font-family: Calibri, sans-serif; line-height: 22px; color: #000000; background-image: initial; background-position: initial; background-size: initial; background-repeat: initial; background-attachment: initial; background-origin: initial; background-clip: initial;\"><span style=\"font-size: 13pt; line-height: 26px; font-family: Verdana, sans-serif; color: #444444;\"><a style=\"color: blue;\" href=\"https:\/\/www.posgraduacao.unimontes.br\/ppgh\/dissertacoes\/\"><span style=\"color: #1bb0ce; border: 1pt none windowtext; padding: 0cm; text-decoration-line: none;\">Egressos<\/span><\/a><\/span><\/p>\n<\/div><\/div><\/div><\/div><\/div><\/section>\n","protected":false},"excerpt":{"rendered":"","protected":false},"author":2,"featured_media":0,"parent":0,"menu_order":0,"comment_status":"closed","ping_status":"closed","template":"","meta":[],"yoast_head":"<!-- This site is optimized with the Yoast SEO plugin v14.7 - https:\/\/yoast.com\/wordpress\/plugins\/seo\/ -->\n<title>EQUIPE - PPGH - P\u00f3s Gradua\u00e7\u00e3o em Hist\u00f3ria Unimontes<\/title>\n<meta name=\"robots\" content=\"index, follow\" \/>\n<meta name=\"googlebot\" content=\"index, follow, max-snippet:-1, max-image-preview:large, max-video-preview:-1\" \/>\n<meta name=\"bingbot\" content=\"index, follow, max-snippet:-1, max-image-preview:large, max-video-preview:-1\" \/>\n<link rel=\"canonical\" href=\"https:\/\/www.posgraduacao.unimontes.br\/ppgh\/equipe\/\" \/>\n<meta property=\"og:locale\" content=\"pt_BR\" \/>\n<meta property=\"og:type\" content=\"article\" \/>\n<meta property=\"og:title\" content=\"EQUIPE - PPGH - P\u00f3s Gradua\u00e7\u00e3o em Hist\u00f3ria Unimontes\" \/>\n<meta property=\"og:description\" content=\"Corpo Docente Corpo Discente P\u00f3s-doutorado Coordena\u00e7\u00e3o Secretaria Comiss\u00f5es Egressos\" \/>\n<meta property=\"og:url\" content=\"https:\/\/www.posgraduacao.unimontes.br\/ppgh\/equipe\/\" \/>\n<meta property=\"og:site_name\" content=\"PPGH - P\u00f3s Gradua\u00e7\u00e3o em Hist\u00f3ria Unimontes\" \/>\n<meta property=\"article:modified_time\" content=\"2021-09-01T13:39:30+00:00\" \/>\n<meta name=\"twitter:card\" content=\"summary_large_image\" \/>\n<script type=\"application\/ld+json\" class=\"yoast-schema-graph\">{\"@context\":\"https:\/\/schema.org\",\"@graph\":[{\"@type\":\"WebSite\",\"@id\":\"https:\/\/www.posgraduacao.unimontes.br\/ppgh\/#website\",\"url\":\"https:\/\/www.posgraduacao.unimontes.br\/ppgh\/\",\"name\":\"PPGH - P\\u00f3s Gradua\\u00e7\\u00e3o em Hist\\u00f3ria Unimontes\",\"description\":\"Portal da P\\u00f3s Gradua\\u00e7\\u00e3o em Hist\\u00f3ria Unimontes\",\"potentialAction\":[{\"@type\":\"SearchAction\",\"target\":\"https:\/\/www.posgraduacao.unimontes.br\/ppgh\/?s={search_term_string}\",\"query-input\":\"required name=search_term_string\"}],\"inLanguage\":\"pt-BR\"},{\"@type\":\"WebPage\",\"@id\":\"https:\/\/www.posgraduacao.unimontes.br\/ppgh\/equipe\/#webpage\",\"url\":\"https:\/\/www.posgraduacao.unimontes.br\/ppgh\/equipe\/\",\"name\":\"EQUIPE - PPGH - P\\u00f3s Gradua\\u00e7\\u00e3o em Hist\\u00f3ria Unimontes\",\"isPartOf\":{\"@id\":\"https:\/\/www.posgraduacao.unimontes.br\/ppgh\/#website\"},\"datePublished\":\"2021-08-30T18:30:59+00:00\",\"dateModified\":\"2021-09-01T13:39:30+00:00\",\"inLanguage\":\"pt-BR\",\"potentialAction\":[{\"@type\":\"ReadAction\",\"target\":[\"https:\/\/www.posgraduacao.unimontes.br\/ppgh\/equipe\/\"]}]}]}<\/script>\n<!-- \/ Yoast SEO plugin. -->","_links":{"self":[{"href":"https:\/\/www.posgraduacao.unimontes.br\/ppgh\/wp-json\/wp\/v2\/pages\/1469"}],"collection":[{"href":"https:\/\/www.posgraduacao.unimontes.br\/ppgh\/wp-json\/wp\/v2\/pages"}],"about":[{"href":"https:\/\/www.posgraduacao.unimontes.br\/ppgh\/wp-json\/wp\/v2\/types\/page"}],"author":[{"embeddable":true,"href":"https:\/\/www.posgraduacao.unimontes.br\/ppgh\/wp-json\/wp\/v2\/users\/2"}],"replies":[{"embeddable":true,"href":"https:\/\/www.posgraduacao.unimontes.br\/ppgh\/wp-json\/wp\/v2\/comments?post=1469"}],"version-history":[{"count":6,"href":"https:\/\/www.posgraduacao.unimontes.br\/ppgh\/wp-json\/wp\/v2\/pages\/1469\/revisions"}],"predecessor-version":[{"id":1669,"href":"https:\/\/www.posgraduacao.unimontes.br\/ppgh\/wp-json\/wp\/v2\/pages\/1469\/revisions\/1669"}],"wp:attachment":[{"href":"https:\/\/www.posgraduacao.unimontes.br\/ppgh\/wp-json\/wp\/v2\/media?parent=1469"}],"curies":[{"name":"wp","href":"https:\/\/api.w.org\/{rel}","templated":true}]}}